{"id":37376,"date":"2021-01-04T00:17:00","date_gmt":"2021-01-03T23:17:00","guid":{"rendered":"https:\/\/lamaktaba.fr\/index.php\/produit\/la-voie-du-petit-musulman-2-nouvelle-edition-revue-et-augmentee\/"},"modified":"2025-04-01T12:44:41","modified_gmt":"2025-04-01T10:44:41","slug":"la-voie-du-petit-musulman-2-nouvelle-edition-revue-et-augmentee","status":"publish","type":"product","link":"https:\/\/lamaktaba.fr\/index.php\/produit\/la-voie-du-petit-musulman-2-nouvelle-edition-revue-et-augmentee","title":{"rendered":"La voie du petit Musulman (2), Nouvelle \u00e9dition revue et augment\u00e9e"},"content":{"rendered":"<p>La voie du petit Musulman (2);Nouvelle \u00e9dition revue et augment\u00e9e (\u00c0 partir de 5 ans);Voici la nouvelle \u00e9dition de la collection originale de LA VOIE DU PETIT MUSULMAN REVUE ET CORRIG\u00c9E.;Destin\u00e9s au petit musulman, ces livres pr\u00e9sentent, d\u2019une mani\u00e8re p\u00e9dagogique, simple, compl\u00e8te et \u00e9volutive, la connaissance de base de l\u2019islam que doit acqu\u00e9rir l\u2019enfant de mani\u00e8re progressive.;Ce programme d\u2019enseignement est con\u00e7u pour les enfants afin de leur transmettre les bases de leur pratique et du bon comportement. Celui-ci est conforme aux plus importantes r\u00e9f\u00e9rences religieuses.;R\u00e9f\u00e9rence 9782356335111;Fiche technique LANGUE: -.Fran\u00e7ais ANNEE: &#8211; 2019 SUPPORT: &#8211; Livre THEME: &#8211; Enfants, Islam, Apprentissage \u00c9DITIONS: &#8211; Sana Condition: &#8211; Neuf Nombre de Pages: &#8211; 48 FORMAT (CM): 22 x 25.5 cm Poids (kg): &#8211; 492 g EAN13: &#8211; 9782356335111 RELIURE: &#8211; Rigide;R\u00e9f\u00e9rences sp\u00e9cifiques;Donnez votre avis;Aucun commentaire pour le moment<\/p>\n","protected":false},"excerpt":{"rendered":"<p>La voie du petit Musulman (2);Nouvelle \u00e9dition revue et augment\u00e9e (\u00c0 partir de 5 ans);Voici la nouvelle \u00e9dition de la collection originale de LA VOIE DU PETIT MUSULMAN REVUE ET CORRIG\u00c9E.;Destin\u00e9s au petit musulman, ces livres pr\u00e9sentent, d\u2019une mani\u00e8re p\u00e9dagogique, simple, compl\u00e8te et \u00e9volutive, la connaissance de base de l\u2019islam que doit acqu\u00e9rir l\u2019enfant de mani\u00e8re progressive.;Ce programme d\u2019enseignement est con\u00e7u pour les enfants afin de leur transmettre les bases de leur pratique et du bon comportement. Celui-ci est conforme aux plus importantes r\u00e9f\u00e9rences religieuses.;R\u00e9f\u00e9rence 9782356335111;Fiche technique LANGUE: -.Fran\u00e7ais ANNEE: &#8211; 2019 SUPPORT: &#8211; Livre THEME: &#8211; Enfants, Islam, Apprentissage \u00c9DITIONS: &#8211; Sana Condition: &#8211; Neuf Nombre de Pages: &#8211; 48 FORMAT (CM): 22 x 25.5 cm Poids (kg): &#8211; 492 g EAN13: &#8211; 9782356335111 RELIURE: &#8211; Rigide;R\u00e9f\u00e9rences sp\u00e9cifiques;Donnez votre avis;Aucun commentaire pour le moment<\/p>\n","protected":false},"featured_media":37377,"comment_status":"open","ping_status":"closed","template":"","meta":[],"product_brand":[],"product_cat":[15],"product_tag":[],"class_list":{"0":"post-37376","1":"product","2":"type-product","3":"status-publish","4":"has-post-thumbnail","6":"product_cat-non-classe","7":"pa_annee-481","8":"pa_format-22-x-25-5-cm","9":"pa_langue-francais","10":"pa_nombre-de-pages-599","11":"pa_reliure-rigide","13":"first","14":"instock","15":"shipping-taxable","16":"purchasable","17":"product-type-simple"},"_links":{"self":[{"href":"https:\/\/lamaktaba.fr\/index.php\/wp-json\/wp\/v2\/product\/37376","targetHints":{"allow":["GET"]}}],"collection":[{"href":"https:\/\/lamaktaba.fr\/index.php\/wp-json\/wp\/v2\/product"}],"about":[{"href":"https:\/\/lamaktaba.fr\/index.php\/wp-json\/wp\/v2\/types\/product"}],"replies":[{"embeddable":true,"href":"https:\/\/lamaktaba.fr\/index.php\/wp-json\/wp\/v2\/comments?post=37376"}],"wp:featuredmedia":[{"embeddable":true,"href":"https:\/\/lamaktaba.fr\/index.php\/wp-json\/wp\/v2\/media\/37377"}],"wp:attachment":[{"href":"https:\/\/lamaktaba.fr\/index.php\/wp-json\/wp\/v2\/media?parent=37376"}],"wp:term":[{"taxonomy":"product_brand","embeddable":true,"href":"https:\/\/lamaktaba.fr\/index.php\/wp-json\/wp\/v2\/product_brand?post=37376"},{"taxonomy":"product_cat","embeddable":true,"href":"https:\/\/lamaktaba.fr\/index.php\/wp-json\/wp\/v2\/product_cat?post=37376"},{"taxonomy":"product_tag","embeddable":true,"href":"https:\/\/lamaktaba.fr\/index.php\/wp-json\/wp\/v2\/product_tag?post=37376"}],"curies":[{"name":"wp","href":"https:\/\/api.w.org\/{rel}","templated":true}]}}