{"id":37365,"date":"2021-04-01T00:17:37","date_gmt":"2021-03-31T22:17:37","guid":{"rendered":"https:\/\/lamaktaba.fr\/index.php\/produit\/femmes-dislam-anthologie-des-grandes-dames-de-la-civilisation-musulmane-de-issa-meyer\/"},"modified":"2025-04-01T12:44:58","modified_gmt":"2025-04-01T10:44:58","slug":"femmes-dislam-anthologie-des-grandes-dames-de-la-civilisation-musulmane-de-issa-meyer","status":"publish","type":"product","link":"https:\/\/lamaktaba.fr\/index.php\/produit\/femmes-dislam-anthologie-des-grandes-dames-de-la-civilisation-musulmane-de-issa-meyer","title":{"rendered":"Femmes d&rsquo;Islam &#8211; Anthologie des Grandes Dames de la Civilisation Musulmane, de &lsquo;Iss\u00e2 Meyer"},"content":{"rendered":"<p>Femmes d&rsquo;Islam;Femmes d&rsquo;Islam &#8211; Anthologie des Grandes Dames de la Civilisation Musulmane, de &lsquo;Iss\u00e2 Meyer;D\u00e8s les premiers jours de l\u2019 isl\u00e2m, M\u00e8res des croyants, filles du Proph\u00e8te ou parmi ses Compagnons, elles furent de toutes les \u00e9preuves et de tous les succ\u00e8s. L\u2019on chercherait en vain une tradition religieuse o\u00f9 les femmes furent si pr\u00e9sentes et actives d\u00e8s les g\u00e9n\u00e9rations fondatrices de son histoire: la premi\u00e8re \u00e0 porter foi en R\u00e9v\u00e9lation fut ainsi une femme, Khadijah, de m\u00eame que la premi\u00e8re martyre de l\u2019 isl\u00e2m \u2013 pour ne citer qu\u2019elles.;Apr\u00e8s la mort du Messager de Dieu, elles se firent savantes et prirent toute leur part dans la pr\u00e9servation et la transmission du savoir religieux, nombre d\u2019entre elles se d\u00e9vou\u00e8rent corps et \u00e2me \u00e0 l\u2019\u00e9ducation, s\u2019attirant ainsi la profonde estime de leurs pairs. Premi\u00e8res dames aussi influentes que g\u00e9n\u00e9reuses des plus grands califats, de Bagdad \u00e0 Cordoue, po\u00e9tesses, artistes et \u00e9rudites, elles peuplaient alors par milliers palais et institutions de l\u2019\u00e2ge d\u2019or de la civilisation islamique\u2026;Face aux Croisades, \u00e0 la Reconquista ou aux pr\u00e9mices de la colonisation, d\u2019 aucunes se firent aussi chefs de guerre lorsque les circonstances l\u2019exigeaient, durant l\u2019\u00e8re ottomane du \u00ab sultanat des femmes \u00bb, elles pr\u00e9sideront m\u00eame pr\u00e8s d\u2019un si\u00e8cle aux destin\u00e9es de ce qui est alors le plus puissant empire du monde musulman ! Et des Indes mogholes \u00e0 Istanbul en passant par l\u2019Afrique, elles se distingueront tout autant par leur immense \u0153uvre caritative, leur production intellectuelle remarqu\u00e9e et leur fi\u00e8vre b\u00e2tisseuse, marquant leur temps comme leurs soci\u00e9t\u00e9s et laissant une empreinte ind\u00e9l\u00e9bile sur le paysage\u2026;\u00c0 travers une s\u00e9rie de chroniques qui traversent les \u00e2ges et transporteront le lecteur aux quatre coins du monde, \u00ab Femmes d\u2019 isl\u00e2m \u00bb rend ainsi hommage \u00e0 ces grandes dames de la civilisation musulmane, loin des id\u00e9es re\u00e7ues sur la pr\u00e9tendue incompatibilit\u00e9 entre la pleine application de l\u2019 isl\u00e2m et l\u2019\u00e9panouissement de la femme. \u00bb;Marque RIB\u00c2T R\u00e9f\u00e9rence 9782956444053;Fiche technique AUTEUR: &#8211; &lsquo;Iss\u00e2 Meyer LANGUE: -.Fran\u00e7ais ANNEE: &#8211; 2019 SUPPORT: &#8211; Livre THEME: &#8211; Femmes d&rsquo;islam, Dames de la Civilisation Musulmane \u00c9DITIONS: &#8211; \u00c9ditions Rib\u00e2t Condition: &#8211; Neuf Nombre de Pages: &#8211; 416 FORMAT (CM): 16 x 24 cm EAN13: &#8211; 9782956444053 RELIURE: &#8211; Souple;R\u00e9f\u00e9rences sp\u00e9cifiques;Donnez votre avis;Aucun commentaire pour le moment<\/p>\n","protected":false},"excerpt":{"rendered":"<p>Femmes d&rsquo;Islam;Femmes d&rsquo;Islam &#8211; Anthologie des Grandes Dames de la Civilisation Musulmane, de &lsquo;Iss\u00e2 Meyer;D\u00e8s les premiers jours de l\u2019 isl\u00e2m, M\u00e8res des croyants, filles du Proph\u00e8te ou parmi ses Compagnons, elles furent de toutes les \u00e9preuves et de tous les succ\u00e8s. L\u2019on chercherait en vain une tradition religieuse o\u00f9 les femmes furent si pr\u00e9sentes et actives d\u00e8s les g\u00e9n\u00e9rations fondatrices de son histoire: la premi\u00e8re \u00e0 porter foi en R\u00e9v\u00e9lation fut ainsi une femme, Khadijah, de m\u00eame que la premi\u00e8re martyre de l\u2019 isl\u00e2m \u2013 pour ne citer qu\u2019elles.;Apr\u00e8s la mort du Messager de Dieu, elles se firent savantes et prirent toute leur part dans la pr\u00e9servation et la transmission du savoir religieux, nombre d\u2019entre elles se d\u00e9vou\u00e8rent corps et \u00e2me \u00e0 l\u2019\u00e9ducation, s\u2019attirant ainsi la profonde estime de leurs pairs. Premi\u00e8res dames aussi influentes que g\u00e9n\u00e9reuses des plus grands califats, de Bagdad \u00e0 Cordoue, po\u00e9tesses, artistes et \u00e9rudites, elles peuplaient alors par milliers palais et institutions de l\u2019\u00e2ge d\u2019or de la civilisation islamique\u2026;Face aux Croisades, \u00e0 la Reconquista ou aux pr\u00e9mices de la colonisation, d\u2019 aucunes se firent aussi chefs de guerre lorsque les circonstances l\u2019exigeaient, durant l\u2019\u00e8re ottomane du \u00ab sultanat des femmes \u00bb, elles pr\u00e9sideront m\u00eame pr\u00e8s d\u2019un si\u00e8cle aux destin\u00e9es de ce qui est alors le plus puissant empire du monde musulman ! Et des Indes mogholes \u00e0 Istanbul en passant par l\u2019Afrique, elles se distingueront tout autant par leur immense \u0153uvre caritative, leur production intellectuelle remarqu\u00e9e et leur fi\u00e8vre b\u00e2tisseuse, marquant leur temps comme leurs soci\u00e9t\u00e9s et laissant une empreinte ind\u00e9l\u00e9bile sur le paysage\u2026;\u00c0 travers une s\u00e9rie de chroniques qui traversent les \u00e2ges et transporteront le lecteur aux quatre coins du monde, \u00ab Femmes d\u2019 isl\u00e2m \u00bb rend ainsi hommage \u00e0 ces grandes dames de la civilisation musulmane, loin des id\u00e9es re\u00e7ues sur la pr\u00e9tendue incompatibilit\u00e9 entre la pleine application de l\u2019 isl\u00e2m et l\u2019\u00e9panouissement de la femme. \u00bb;Marque RIB\u00c2T R\u00e9f\u00e9rence 9782956444053;Fiche technique AUTEUR: &#8211; &lsquo;Iss\u00e2 Meyer LANGUE: -.Fran\u00e7ais ANNEE: &#8211; 2019 SUPPORT: &#8211; Livre THEME: &#8211; Femmes d&rsquo;islam, Dames de la Civilisation Musulmane \u00c9DITIONS: &#8211; \u00c9ditions Rib\u00e2t Condition: &#8211; Neuf Nombre de Pages: &#8211; 416 FORMAT (CM): 16 x 24 cm EAN13: &#8211; 9782956444053 RELIURE: &#8211; Souple;R\u00e9f\u00e9rences sp\u00e9cifiques;Donnez votre avis;Aucun commentaire pour le moment<\/p>\n","protected":false},"featured_media":37366,"comment_status":"open","ping_status":"closed","template":"","meta":[],"product_brand":[],"product_cat":[15],"product_tag":[],"class_list":{"0":"post-37365","1":"product","2":"type-product","3":"status-publish","4":"has-post-thumbnail","6":"product_cat-non-classe","8":"first","9":"outofstock","10":"shipping-taxable","11":"purchasable","12":"product-type-simple"},"_links":{"self":[{"href":"https:\/\/lamaktaba.fr\/index.php\/wp-json\/wp\/v2\/product\/37365","targetHints":{"allow":["GET"]}}],"collection":[{"href":"https:\/\/lamaktaba.fr\/index.php\/wp-json\/wp\/v2\/product"}],"about":[{"href":"https:\/\/lamaktaba.fr\/index.php\/wp-json\/wp\/v2\/types\/product"}],"replies":[{"embeddable":true,"href":"https:\/\/lamaktaba.fr\/index.php\/wp-json\/wp\/v2\/comments?post=37365"}],"wp:featuredmedia":[{"embeddable":true,"href":"https:\/\/lamaktaba.fr\/index.php\/wp-json\/wp\/v2\/media\/37366"}],"wp:attachment":[{"href":"https:\/\/lamaktaba.fr\/index.php\/wp-json\/wp\/v2\/media?parent=37365"}],"wp:term":[{"taxonomy":"product_brand","embeddable":true,"href":"https:\/\/lamaktaba.fr\/index.php\/wp-json\/wp\/v2\/product_brand?post=37365"},{"taxonomy":"product_cat","embeddable":true,"href":"https:\/\/lamaktaba.fr\/index.php\/wp-json\/wp\/v2\/product_cat?post=37365"},{"taxonomy":"product_tag","embeddable":true,"href":"https:\/\/lamaktaba.fr\/index.php\/wp-json\/wp\/v2\/product_tag?post=37365"}],"curies":[{"name":"wp","href":"https:\/\/api.w.org\/{rel}","templated":true}]}}