{"id":37353,"date":"2021-04-01T00:17:36","date_gmt":"2021-03-31T22:17:36","guid":{"rendered":"https:\/\/lamaktaba.fr\/index.php\/produit\/lamitie-avant-tout-roman-de-thami-kamil\/"},"modified":"2025-04-01T12:46:28","modified_gmt":"2025-04-01T10:46:28","slug":"lamitie-avant-tout-roman-de-thami-kamil","status":"publish","type":"product","link":"https:\/\/lamaktaba.fr\/index.php\/produit\/lamitie-avant-tout-roman-de-thami-kamil","title":{"rendered":"L\u2019amiti\u00e9 Avant Tout (Roman), de Thami Kamil"},"content":{"rendered":"<p>L\u2019Amiti\u00e9 Avant Tout (Roman), de Thami Kamil;L\u2019amiti\u00e9 avant tout est un roman qui vous plonge dans la nostalgie et vous emm\u00e8ne \u00e0 la d\u00e9couverte d\u2019un trio d\u2019adolescents captivant. Ces personnages diam\u00e9tralement oppos\u00e9s ont su cr\u00e9er une forte amiti\u00e9 malgr\u00e9 les pr\u00e9jug\u00e9s qu\u2019ils devront surmonter. Ce roman est avant tout une histoire aux multiples rebondissements qui se passe dans un milieu social compliqu\u00e9. Un roman familial qui a cette capacit\u00e9 d\u2019\u00eatre transg\u00e9n\u00e9rationnel. Un livre qui fait r\u00e9fl\u00e9chir pour un bon moment de d\u00e9tente. Marque AUTO EDITION R\u00e9f\u00e9rence 9782957239009;Fiche technique AUTEUR: &#8211; Thami Kamil LANGUE: -.Fran\u00e7ais ANNEE: &#8211; 2020 SUPPORT: &#8211; Livre THEME: &#8211; Roman, Amiti\u00e9 Condition: &#8211; Neuf Nombre de Pages: &#8211; 220 FORMAT (CM): 15 x 22.5 cm EAN13: &#8211; 9782957239009 RELIURE: &#8211; Souple;R\u00e9f\u00e9rences sp\u00e9cifiques;Donnez votre avis;Aucun commentaire pour le moment<\/p>\n","protected":false},"excerpt":{"rendered":"<p>L\u2019Amiti\u00e9 Avant Tout (Roman), de Thami Kamil;L\u2019amiti\u00e9 avant tout est un roman qui vous plonge dans la nostalgie et vous emm\u00e8ne \u00e0 la d\u00e9couverte d\u2019un trio d\u2019adolescents captivant. Ces personnages diam\u00e9tralement oppos\u00e9s ont su cr\u00e9er une forte amiti\u00e9 malgr\u00e9 les pr\u00e9jug\u00e9s qu\u2019ils devront surmonter. Ce roman est avant tout une histoire aux multiples rebondissements qui se passe dans un milieu social compliqu\u00e9. Un roman familial qui a cette capacit\u00e9 d\u2019\u00eatre transg\u00e9n\u00e9rationnel. Un livre qui fait r\u00e9fl\u00e9chir pour un bon moment de d\u00e9tente. Marque AUTO EDITION R\u00e9f\u00e9rence 9782957239009;Fiche technique AUTEUR: &#8211; Thami Kamil LANGUE: -.Fran\u00e7ais ANNEE: &#8211; 2020 SUPPORT: &#8211; Livre THEME: &#8211; Roman, Amiti\u00e9 Condition: &#8211; Neuf Nombre de Pages: &#8211; 220 FORMAT (CM): 15 x 22.5 cm EAN13: &#8211; 9782957239009 RELIURE: &#8211; Souple;R\u00e9f\u00e9rences sp\u00e9cifiques;Donnez votre avis;Aucun commentaire pour le moment<\/p>\n","protected":false},"featured_media":37354,"comment_status":"open","ping_status":"closed","template":"","meta":[],"product_brand":[],"product_cat":[15],"product_tag":[],"class_list":{"0":"post-37353","1":"product","2":"type-product","3":"status-publish","4":"has-post-thumbnail","6":"product_cat-non-classe","8":"first","9":"instock","10":"shipping-taxable","11":"purchasable","12":"product-type-simple"},"_links":{"self":[{"href":"https:\/\/lamaktaba.fr\/index.php\/wp-json\/wp\/v2\/product\/37353","targetHints":{"allow":["GET"]}}],"collection":[{"href":"https:\/\/lamaktaba.fr\/index.php\/wp-json\/wp\/v2\/product"}],"about":[{"href":"https:\/\/lamaktaba.fr\/index.php\/wp-json\/wp\/v2\/types\/product"}],"replies":[{"embeddable":true,"href":"https:\/\/lamaktaba.fr\/index.php\/wp-json\/wp\/v2\/comments?post=37353"}],"wp:featuredmedia":[{"embeddable":true,"href":"https:\/\/lamaktaba.fr\/index.php\/wp-json\/wp\/v2\/media\/37354"}],"wp:attachment":[{"href":"https:\/\/lamaktaba.fr\/index.php\/wp-json\/wp\/v2\/media?parent=37353"}],"wp:term":[{"taxonomy":"product_brand","embeddable":true,"href":"https:\/\/lamaktaba.fr\/index.php\/wp-json\/wp\/v2\/product_brand?post=37353"},{"taxonomy":"product_cat","embeddable":true,"href":"https:\/\/lamaktaba.fr\/index.php\/wp-json\/wp\/v2\/product_cat?post=37353"},{"taxonomy":"product_tag","embeddable":true,"href":"https:\/\/lamaktaba.fr\/index.php\/wp-json\/wp\/v2\/product_tag?post=37353"}],"curies":[{"name":"wp","href":"https:\/\/api.w.org\/{rel}","templated":true}]}}