{"id":37350,"date":"2021-04-01T00:17:35","date_gmt":"2021-03-31T22:17:35","guid":{"rendered":"https:\/\/lamaktaba.fr\/index.php\/produit\/les-femmes-des-prophetes-selon-le-coran-la-sunnah-version-integrale-de-ahmed-khalil-jumah\/"},"modified":"2025-04-01T12:43:44","modified_gmt":"2025-04-01T10:43:44","slug":"les-femmes-des-prophetes-selon-le-coran-la-sunnah-version-integrale-de-ahmed-khalil-jumah","status":"publish","type":"product","link":"https:\/\/lamaktaba.fr\/index.php\/produit\/les-femmes-des-prophetes-selon-le-coran-la-sunnah-version-integrale-de-ahmed-khalil-jumah","title":{"rendered":"Les Femmes des Proph\u00e8tes selon le Coran &#038; la Sunnah (Version int\u00e9grale), de Ahmed Khalil Jum&rsquo;ah"},"content":{"rendered":"<p>Les Femmes des Proph\u00e8tes;Les Femmes des Proph\u00e8tes selon le Coran &#038; la Sunnah (Version int\u00e9grale), de Ahmed Khalil Jum&rsquo;ah;L\u2019histoire des femmes des Proph\u00e8tes est probablement l\u2019un des sujets les plus b\u00e9n\u00e9fiques qui soient, particuli\u00e8rement \u00e0 notre \u00e9poque, tant pour les le\u00e7ons qui en ressortent que pour les valeurs que cela v\u00e9hicule. Ce livre, que nous avons le plaisir de vous proposer, est la version int\u00e9grale et annot\u00e9e de cette \u0153uvre qui narre les plus beaux et les plus poignants r\u00e9cits des femmes des Proph\u00e8tes. Ce p\u00e9riple d\u00e9bute par l\u2019histoire de Haww\u00e2\u2019 (\u00c8ve), \u00e9pouse d\u2019\u00c2dam, premi\u00e8re femme et m\u00e8re de l\u2019Humanit\u00e9, passe entre autres par la biographie de S\u00e2rah l\u2019\u00e9pouse d\u2019Ibr\u00e2h\u00eem (Abraham), sans oublier Saf\u00fbr\u00e2 (S\u00e9phora) l\u2019\u00e9pouse de M\u00fbs\u00e2 (Mo\u00efse). Des r\u00e9cits auxquels s\u2019ajoutent ceux des femmes des proph\u00e8tes L\u00fbt (Loth), Yacq\u00fbb (Jacob), Zakariyy\u00e2 (Zacharie) et Ayy\u00fbb (Job). Les enseignements simples et profonds tir\u00e9s de ces histoires contribuent \u00e0 l\u2019\u00e9veil des femmes musulmanes \u00e0 travers le monde et les \u00e2ges: par l\u2019enrichissement de leurs connaissances, mais \u00e9galement \u00e0 travers l\u2019aide \u00e0 la r\u00e9forme qu\u2019ils apportent \u00e0 la femme, la m\u00e8re, l\u2019\u00e9pouse et la fille qu\u2019elles sont d\u00e9j\u00e0 ou sont amen\u00e9es \u00e0 \u00eatre. La connaissance du pass\u00e9 permet ainsi de construire un meilleur avenir, \u00e0 l\u2019aune de ces r\u00e9cits qui ont un impact ind\u00e9niable sur le c\u0153ur et l\u2019\u00e2me.;Marque EDITIONS AL IMAM R\u00e9f\u00e9rence 9782956947936;Fiche technique AUTEUR: &#8211; Ahmed Khalil Jum&rsquo;ah LANGUE: -.Fran\u00e7ais ANNEE: &#8211; 2020 SUPPORT: &#8211; Livre THEME: &#8211; Femmes des proph\u00e8tes \u00c9DITIONS: &#8211; \u00c9ditions Al Imam Condition: &#8211; Neuf Nombre de Pages: &#8211; 352 FORMAT (CM): 15.5 x 22 cm EAN13: &#8211; 9782956947936 RELIURE: &#8211; Souple.Traduction: &#8211; Ab\u00fb Har\u00fbn Salim;R\u00e9f\u00e9rences sp\u00e9cifiques;Donnez votre avis;Aucun commentaire pour le moment<\/p>\n","protected":false},"excerpt":{"rendered":"<p>Les Femmes des Proph\u00e8tes;Les Femmes des Proph\u00e8tes selon le Coran &#038; la Sunnah (Version int\u00e9grale), de Ahmed Khalil Jum&rsquo;ah;L\u2019histoire des femmes des Proph\u00e8tes est probablement l\u2019un des sujets les plus b\u00e9n\u00e9fiques qui soient, particuli\u00e8rement \u00e0 notre \u00e9poque, tant pour les le\u00e7ons qui en ressortent que pour les valeurs que cela v\u00e9hicule. Ce livre, que nous avons le plaisir de vous proposer, est la version int\u00e9grale et annot\u00e9e de cette \u0153uvre qui narre les plus beaux et les plus poignants r\u00e9cits des femmes des Proph\u00e8tes. Ce p\u00e9riple d\u00e9bute par l\u2019histoire de Haww\u00e2\u2019 (\u00c8ve), \u00e9pouse d\u2019\u00c2dam, premi\u00e8re femme et m\u00e8re de l\u2019Humanit\u00e9, passe entre autres par la biographie de S\u00e2rah l\u2019\u00e9pouse d\u2019Ibr\u00e2h\u00eem (Abraham), sans oublier Saf\u00fbr\u00e2 (S\u00e9phora) l\u2019\u00e9pouse de M\u00fbs\u00e2 (Mo\u00efse). Des r\u00e9cits auxquels s\u2019ajoutent ceux des femmes des proph\u00e8tes L\u00fbt (Loth), Yacq\u00fbb (Jacob), Zakariyy\u00e2 (Zacharie) et Ayy\u00fbb (Job). Les enseignements simples et profonds tir\u00e9s de ces histoires contribuent \u00e0 l\u2019\u00e9veil des femmes musulmanes \u00e0 travers le monde et les \u00e2ges: par l\u2019enrichissement de leurs connaissances, mais \u00e9galement \u00e0 travers l\u2019aide \u00e0 la r\u00e9forme qu\u2019ils apportent \u00e0 la femme, la m\u00e8re, l\u2019\u00e9pouse et la fille qu\u2019elles sont d\u00e9j\u00e0 ou sont amen\u00e9es \u00e0 \u00eatre. La connaissance du pass\u00e9 permet ainsi de construire un meilleur avenir, \u00e0 l\u2019aune de ces r\u00e9cits qui ont un impact ind\u00e9niable sur le c\u0153ur et l\u2019\u00e2me.;Marque EDITIONS AL IMAM R\u00e9f\u00e9rence 9782956947936;Fiche technique AUTEUR: &#8211; Ahmed Khalil Jum&rsquo;ah LANGUE: -.Fran\u00e7ais ANNEE: &#8211; 2020 SUPPORT: &#8211; Livre THEME: &#8211; Femmes des proph\u00e8tes \u00c9DITIONS: &#8211; \u00c9ditions Al Imam Condition: &#8211; Neuf Nombre de Pages: &#8211; 352 FORMAT (CM): 15.5 x 22 cm EAN13: &#8211; 9782956947936 RELIURE: &#8211; Souple.Traduction: &#8211; Ab\u00fb Har\u00fbn Salim;R\u00e9f\u00e9rences sp\u00e9cifiques;Donnez votre avis;Aucun commentaire pour le moment<\/p>\n","protected":false},"featured_media":37351,"comment_status":"open","ping_status":"closed","template":"","meta":[],"product_brand":[],"product_cat":[1907,1906,1922],"product_tag":[],"class_list":{"0":"post-37350","1":"product","2":"type-product","3":"status-publish","4":"has-post-thumbnail","6":"product_cat-compagnons","7":"product_cat-femmes-livres","8":"product_cat-femmes-mariage-et-famille","10":"first","11":"outofstock","12":"shipping-taxable","13":"purchasable","14":"product-type-simple"},"_links":{"self":[{"href":"https:\/\/lamaktaba.fr\/index.php\/wp-json\/wp\/v2\/product\/37350","targetHints":{"allow":["GET"]}}],"collection":[{"href":"https:\/\/lamaktaba.fr\/index.php\/wp-json\/wp\/v2\/product"}],"about":[{"href":"https:\/\/lamaktaba.fr\/index.php\/wp-json\/wp\/v2\/types\/product"}],"replies":[{"embeddable":true,"href":"https:\/\/lamaktaba.fr\/index.php\/wp-json\/wp\/v2\/comments?post=37350"}],"wp:featuredmedia":[{"embeddable":true,"href":"https:\/\/lamaktaba.fr\/index.php\/wp-json\/wp\/v2\/media\/37351"}],"wp:attachment":[{"href":"https:\/\/lamaktaba.fr\/index.php\/wp-json\/wp\/v2\/media?parent=37350"}],"wp:term":[{"taxonomy":"product_brand","embeddable":true,"href":"https:\/\/lamaktaba.fr\/index.php\/wp-json\/wp\/v2\/product_brand?post=37350"},{"taxonomy":"product_cat","embeddable":true,"href":"https:\/\/lamaktaba.fr\/index.php\/wp-json\/wp\/v2\/product_cat?post=37350"},{"taxonomy":"product_tag","embeddable":true,"href":"https:\/\/lamaktaba.fr\/index.php\/wp-json\/wp\/v2\/product_tag?post=37350"}],"curies":[{"name":"wp","href":"https:\/\/api.w.org\/{rel}","templated":true}]}}