{"id":37342,"date":"2021-04-01T00:17:34","date_gmt":"2021-03-31T22:17:34","guid":{"rendered":"https:\/\/lamaktaba.fr\/index.php\/produit\/les-pratiques-funeraires-dapres-la-doctrine-malikite-rites-testament-de-mohamed-hendaz\/"},"modified":"2025-04-01T12:45:19","modified_gmt":"2025-04-01T10:45:19","slug":"les-pratiques-funeraires-dapres-la-doctrine-malikite-rites-testament-de-mohamed-hendaz","status":"publish","type":"product","link":"https:\/\/lamaktaba.fr\/index.php\/produit\/les-pratiques-funeraires-dapres-la-doctrine-malikite-rites-testament-de-mohamed-hendaz","title":{"rendered":"Les Pratiques Fun\u00e9raires d&rsquo;apr\u00e8s la doctrine Malikite (Rites &#8211; Testament), de Mohamed Hendaz"},"content":{"rendered":"<p>Les Pratiques Fun\u00e9raires d&rsquo;apr\u00e8s la doctrine Malikite;Les Pratiques Fun\u00e9raires d&rsquo;apr\u00e8s la doctrine Malikite (Rites: Traditions \u00e9volutives &#8211; Testament: guide et conseils), de Mohamed Hendaz, \u00c9dition El &lsquo;ysa;L\u2019homme a toujours connu la mort, et le rapport qu\u2019il entretient avec elle a engendr\u00e9 des comportements diff\u00e9rents. Tant\u00f4t il l\u2019affronte seul, tant\u00f4t avec son entourage. Il est vrai qu\u2019il est souvent pr\u00e9f\u00e9rable que le d\u00e9part se d\u00e9roule en bonne compagnie, mais m\u00eame si c&rsquo;est le cas, la mort reste une v\u00e9rit\u00e9 am\u00e8re. Face l\u2019in\u00e9luctabilit\u00e9 de la mort, l\u2019agonisant se sent d\u00e9sempar\u00e9 et envahi par le sentiment d\u2019impuissance. C&rsquo;est en donnant un sens \u00e0 cette r\u00e9alit\u00e9 que l\u2019islam, comme d\u2019autres religions et syst\u00e8mes de pens\u00e9e, accompagne les faits. Le pr\u00e9sent ouvrage a pour vocation premi\u00e8re de pr\u00e9senter une vision synth\u00e9tique et organis\u00e9e du droit fun\u00e9raire, vu \u00e0 travers le prisme des doctrines malikites. L\u2019exploitation de ces sources premi\u00e8res a conduit au classement des donn\u00e9es collect\u00e9es en quatre parties qui correspondent \u00e0 quatre \u00e9tapes distinctes. Cet ordre de pr\u00e9sentation co\u00efncide avec la r\u00e9alit\u00e9 chronologique des rites fun\u00e9raires en pr\u00e9sence de la d\u00e9pouille mortelle. L\u2019ouvrage d\u00e9bute ainsi par l\u2019accompagnement du mourant jusqu&rsquo;\u00e0 l\u2019inhumation en passant par le lavage mortuaire et la pri\u00e8re pour le d\u00e9funt.;Marque EL&rsquo;YSA R\u00e9f\u00e9rence 9791069933361;Fiche technique AUTEUR: &#8211; Mohamed Hendaz LANGUE: -.Fran\u00e7ais ANNEE: &#8211; 2019 SUPPORT: &#8211; Livre THEME: &#8211; Pratiques Fun\u00e9raires, Mort, Doctrine M\u00e2likite \u00c9DITIONS: &#8211; El &lsquo;ysa Condition: &#8211; Neuf Nombre de Pages: &#8211; 286 FORMAT (CM): 15 x 23 cm Poids (kg): &#8211; 420 g EAN13: &#8211; 9791069933361 RELIURE: &#8211; Souple;R\u00e9f\u00e9rences sp\u00e9cifiques;Donnez votre avis;Aucun commentaire pour le moment<\/p>\n","protected":false},"excerpt":{"rendered":"<p>Les Pratiques Fun\u00e9raires d&rsquo;apr\u00e8s la doctrine Malikite;Les Pratiques Fun\u00e9raires d&rsquo;apr\u00e8s la doctrine Malikite (Rites: Traditions \u00e9volutives &#8211; Testament: guide et conseils), de Mohamed Hendaz, \u00c9dition El &lsquo;ysa;L\u2019homme a toujours connu la mort, et le rapport qu\u2019il entretient avec elle a engendr\u00e9 des comportements diff\u00e9rents. Tant\u00f4t il l\u2019affronte seul, tant\u00f4t avec son entourage. Il est vrai qu\u2019il est souvent pr\u00e9f\u00e9rable que le d\u00e9part se d\u00e9roule en bonne compagnie, mais m\u00eame si c&rsquo;est le cas, la mort reste une v\u00e9rit\u00e9 am\u00e8re. Face l\u2019in\u00e9luctabilit\u00e9 de la mort, l\u2019agonisant se sent d\u00e9sempar\u00e9 et envahi par le sentiment d\u2019impuissance. C&rsquo;est en donnant un sens \u00e0 cette r\u00e9alit\u00e9 que l\u2019islam, comme d\u2019autres religions et syst\u00e8mes de pens\u00e9e, accompagne les faits. Le pr\u00e9sent ouvrage a pour vocation premi\u00e8re de pr\u00e9senter une vision synth\u00e9tique et organis\u00e9e du droit fun\u00e9raire, vu \u00e0 travers le prisme des doctrines malikites. L\u2019exploitation de ces sources premi\u00e8res a conduit au classement des donn\u00e9es collect\u00e9es en quatre parties qui correspondent \u00e0 quatre \u00e9tapes distinctes. Cet ordre de pr\u00e9sentation co\u00efncide avec la r\u00e9alit\u00e9 chronologique des rites fun\u00e9raires en pr\u00e9sence de la d\u00e9pouille mortelle. L\u2019ouvrage d\u00e9bute ainsi par l\u2019accompagnement du mourant jusqu&rsquo;\u00e0 l\u2019inhumation en passant par le lavage mortuaire et la pri\u00e8re pour le d\u00e9funt.;Marque EL&rsquo;YSA R\u00e9f\u00e9rence 9791069933361;Fiche technique AUTEUR: &#8211; Mohamed Hendaz LANGUE: -.Fran\u00e7ais ANNEE: &#8211; 2019 SUPPORT: &#8211; Livre THEME: &#8211; Pratiques Fun\u00e9raires, Mort, Doctrine M\u00e2likite \u00c9DITIONS: &#8211; El &lsquo;ysa Condition: &#8211; Neuf Nombre de Pages: &#8211; 286 FORMAT (CM): 15 x 23 cm Poids (kg): &#8211; 420 g EAN13: &#8211; 9791069933361 RELIURE: &#8211; Souple;R\u00e9f\u00e9rences sp\u00e9cifiques;Donnez votre avis;Aucun commentaire pour le moment<\/p>\n","protected":false},"featured_media":37343,"comment_status":"open","ping_status":"closed","template":"","meta":[],"product_brand":[],"product_cat":[15],"product_tag":[],"class_list":{"0":"post-37342","1":"product","2":"type-product","3":"status-publish","4":"has-post-thumbnail","6":"product_cat-non-classe","8":"first","9":"instock","10":"shipping-taxable","11":"purchasable","12":"product-type-simple"},"_links":{"self":[{"href":"https:\/\/lamaktaba.fr\/index.php\/wp-json\/wp\/v2\/product\/37342","targetHints":{"allow":["GET"]}}],"collection":[{"href":"https:\/\/lamaktaba.fr\/index.php\/wp-json\/wp\/v2\/product"}],"about":[{"href":"https:\/\/lamaktaba.fr\/index.php\/wp-json\/wp\/v2\/types\/product"}],"replies":[{"embeddable":true,"href":"https:\/\/lamaktaba.fr\/index.php\/wp-json\/wp\/v2\/comments?post=37342"}],"wp:featuredmedia":[{"embeddable":true,"href":"https:\/\/lamaktaba.fr\/index.php\/wp-json\/wp\/v2\/media\/37343"}],"wp:attachment":[{"href":"https:\/\/lamaktaba.fr\/index.php\/wp-json\/wp\/v2\/media?parent=37342"}],"wp:term":[{"taxonomy":"product_brand","embeddable":true,"href":"https:\/\/lamaktaba.fr\/index.php\/wp-json\/wp\/v2\/product_brand?post=37342"},{"taxonomy":"product_cat","embeddable":true,"href":"https:\/\/lamaktaba.fr\/index.php\/wp-json\/wp\/v2\/product_cat?post=37342"},{"taxonomy":"product_tag","embeddable":true,"href":"https:\/\/lamaktaba.fr\/index.php\/wp-json\/wp\/v2\/product_tag?post=37342"}],"curies":[{"name":"wp","href":"https:\/\/api.w.org\/{rel}","templated":true}]}}