{"id":37332,"date":"2021-04-01T00:17:32","date_gmt":"2021-03-31T22:17:32","guid":{"rendered":"https:\/\/lamaktaba.fr\/index.php\/produit\/les-miracles-du-prophete-ibn-kathir-livre\/"},"modified":"2025-04-01T12:43:38","modified_gmt":"2025-04-01T10:43:38","slug":"les-miracles-du-prophete-ibn-kathir-livre","status":"publish","type":"product","link":"https:\/\/lamaktaba.fr\/index.php\/produit\/les-miracles-du-prophete-ibn-kathir-livre","title":{"rendered":"Les miracles du Proph\u00e8te &#8211; Ibn Kathir &#8211; Livre"},"content":{"rendered":"<p>Livre Les miracles du Proph\u00e8te d&rsquo;Ibn Kathir.;Louange \u00e0 Allah qui a fait descendre le Coran, en tant que guidance et lumi\u00e8re, sur Son Proph\u00e8te et Son Envoy\u00e9, Muhammad (saw). Le Coran est le miracle ultime qui ne cesse de prouver la v\u00e9racit\u00e9 du caract\u00e8re proph\u00e9tique de sa mission. Mais Allah a privil\u00e9gi\u00e9 le Sceau des Proph\u00e8tes de bien d&rsquo;autres miracles, auxquels les biographes et les historiens ont consacr\u00e9 des chapitres entiers sous le titre de Signes de la Proph\u00e9tie. Dans ce livre, c&rsquo;est le grand savant et le c\u00e9l\u00e8bre traditionniste Ibn Kath\u00eer, qui nous fait d\u00e9couvrir ces passages marquants dans la vie de notre Bien-Aim\u00e9 (saw).;Les miracles et les pr\u00e9dictions de Muhammad (saw) sont des preuves \u00e9videntes de sa qualit\u00e9 de Proph\u00e8te. C&rsquo;est Allah qui l&rsquo;a \u00e9lu Proph\u00e8te ultime, Il a donc r\u00e9alis\u00e9 pour lui des signes prouvant qu&rsquo;Il l&rsquo;a charg\u00e9 de la mission proph\u00e9tique et qu&rsquo;il est le Sceau des Envoy\u00e9s.;Les signes de la proph\u00e9tie constituent un savoir important pour tout musulman, car ils expliquent beaucoup d&rsquo;\u00e9v\u00e9nements et leur r\u00f4le b\u00e9ni dans l&rsquo;appel et la conversion des gens \u00e0 l&rsquo;Islam.;Enfin, nous Te demandons O Allah, Ton amour, celui de Ton messager et l&rsquo;amour de ceux qui Vous aiment. Et que la pri\u00e8re et le salut d&rsquo;Allah soient sur Lui, sa famille et ses compagnons.<\/p>\n","protected":false},"excerpt":{"rendered":"<p>Livre Les miracles du Proph\u00e8te d&rsquo;Ibn Kathir.;Louange \u00e0 Allah qui a fait descendre le Coran, en tant que guidance et lumi\u00e8re, sur Son Proph\u00e8te et Son Envoy\u00e9, Muhammad (saw). Le Coran est le miracle ultime qui ne cesse de prouver la v\u00e9racit\u00e9 du caract\u00e8re proph\u00e9tique de sa mission. Mais Allah a privil\u00e9gi\u00e9 le Sceau des Proph\u00e8tes de bien d&rsquo;autres miracles, auxquels les biographes et les historiens ont consacr\u00e9 des chapitres entiers sous le titre de Signes de la Proph\u00e9tie. Dans ce livre, c&rsquo;est le grand savant et le c\u00e9l\u00e8bre traditionniste Ibn Kath\u00eer, qui nous fait d\u00e9couvrir ces passages marquants dans la vie de notre Bien-Aim\u00e9 (saw).;Les miracles et les pr\u00e9dictions de Muhammad (saw) sont des preuves \u00e9videntes de sa qualit\u00e9 de Proph\u00e8te. C&rsquo;est Allah qui l&rsquo;a \u00e9lu Proph\u00e8te ultime, Il a donc r\u00e9alis\u00e9 pour lui des signes prouvant qu&rsquo;Il l&rsquo;a charg\u00e9 de la mission proph\u00e9tique et qu&rsquo;il est le Sceau des Envoy\u00e9s.;Les signes de la proph\u00e9tie constituent un savoir important pour tout musulman, car ils expliquent beaucoup d&rsquo;\u00e9v\u00e9nements et leur r\u00f4le b\u00e9ni dans l&rsquo;appel et la conversion des gens \u00e0 l&rsquo;Islam.;Enfin, nous Te demandons O Allah, Ton amour, celui de Ton messager et l&rsquo;amour de ceux qui Vous aiment. Et que la pri\u00e8re et le salut d&rsquo;Allah soient sur Lui, sa famille et ses compagnons.<\/p>\n","protected":false},"featured_media":37333,"comment_status":"open","ping_status":"closed","template":"","meta":[],"product_brand":[],"product_cat":[1902,1895],"product_tag":[],"class_list":{"0":"post-37332","1":"product","2":"type-product","3":"status-publish","4":"has-post-thumbnail","6":"product_cat-hadiths","7":"product_cat-les-prophetes","9":"first","10":"outofstock","11":"shipping-taxable","12":"purchasable","13":"product-type-simple"},"_links":{"self":[{"href":"https:\/\/lamaktaba.fr\/index.php\/wp-json\/wp\/v2\/product\/37332","targetHints":{"allow":["GET"]}}],"collection":[{"href":"https:\/\/lamaktaba.fr\/index.php\/wp-json\/wp\/v2\/product"}],"about":[{"href":"https:\/\/lamaktaba.fr\/index.php\/wp-json\/wp\/v2\/types\/product"}],"replies":[{"embeddable":true,"href":"https:\/\/lamaktaba.fr\/index.php\/wp-json\/wp\/v2\/comments?post=37332"}],"wp:featuredmedia":[{"embeddable":true,"href":"https:\/\/lamaktaba.fr\/index.php\/wp-json\/wp\/v2\/media\/37333"}],"wp:attachment":[{"href":"https:\/\/lamaktaba.fr\/index.php\/wp-json\/wp\/v2\/media?parent=37332"}],"wp:term":[{"taxonomy":"product_brand","embeddable":true,"href":"https:\/\/lamaktaba.fr\/index.php\/wp-json\/wp\/v2\/product_brand?post=37332"},{"taxonomy":"product_cat","embeddable":true,"href":"https:\/\/lamaktaba.fr\/index.php\/wp-json\/wp\/v2\/product_cat?post=37332"},{"taxonomy":"product_tag","embeddable":true,"href":"https:\/\/lamaktaba.fr\/index.php\/wp-json\/wp\/v2\/product_tag?post=37332"}],"curies":[{"name":"wp","href":"https:\/\/api.w.org\/{rel}","templated":true}]}}