{"id":37308,"date":"2021-04-01T00:17:26","date_gmt":"2021-03-31T22:17:26","guid":{"rendered":"https:\/\/lamaktaba.fr\/index.php\/produit\/stylo-numerique-encyclopedique-16-gb-25-recitateurs-avec-grand-coran-multi-fonction-livrets-dapprentissage-de-larabe-nouraniyya-sahih-al-boukhari-mouslim-riad-salihine-dictionnaire\/"},"modified":"2025-04-01T12:43:47","modified_gmt":"2025-04-01T10:43:47","slug":"stylo-numerique-encyclopedique-16-gb-25-recitateurs-avec-grand-coran-multi-fonction-livrets-dapprentissage-de-larabe-nouraniyya-sahih-al-boukhari-mouslim-riad-salihine-dictionnaire","status":"publish","type":"product","link":"https:\/\/lamaktaba.fr\/index.php\/produit\/stylo-numerique-encyclopedique-16-gb-25-recitateurs-avec-grand-coran-multi-fonction-livrets-dapprentissage-de-larabe-nouraniyya-sahih-al-boukhari-mouslim-riad-salihine-dictionnaire","title":{"rendered":"Stylo num\u00e9rique encyclop\u00e9dique (16 Gb &#8211; 25 r\u00e9citateurs) avec Grand Coran multi-fonction + Livrets d&rsquo;apprentissage de l&rsquo;arabe (Nouraniyya) + Sahih Al-Boukhari &amp; Mouslim + Riad Salihine + Dictionnaire &#8211; Electronique"},"content":{"rendered":"<p>Nouvel arrivage 2021 &#8211; Derni\u00e8re g\u00e9n\u00e9ration de stylo avec 16 Gb de m\u00e9moire et beaucoup plus de contenu.;Dans ce mod\u00e8le M10 il s&rsquo;agit d&rsquo;un Coran de grande taille qui est fourni (format 17&#215;24 cm). Avec cette nouvelle version contenant plus de 16 Gb de m\u00e9moire interne, vous disposez d&rsquo;un tr\u00e8s grand nombre de r\u00e9citateurs de Coran pr\u00e9enregistr\u00e9s (25 r\u00e9citations compl\u00e8tes et un tr\u00e8s grand nombre de traductions audio) et la possibilit\u00e9 d&rsquo;utiliser le stylo avec de nombreux livres fournis.;Le coffret en bois (valisette) permet une bonne protection du stylo et des livres en arabe lors de leur transport et \u00e9galement utile pour leur rangement.;Le Saint Coran multifonction avec son stylo lecteur de Coran avec plusieurs r\u00e9citateurs et livret d&rsquo;apprentissage fourni dans sa boite cadeau (pratique pour l&#8217;emporter avec soi partout). Fourni \u00e9galement avec les livres Sah\u00eeh Al-Boukh\u00e2r\u00ee, Sahih Mouslim, Riad Salihine, livre du Hajj et Omra qu&rsquo;on peut lire (\u00e9couter) gr\u00e2ce au stylo. Ainsi qu&rsquo;un dictionnaire parlant multilingue (avec les m\u00eames phrases \u00e0 \u00e9couter dans plusieurs langues).;Description du produit;Peut lire chaque verset, sourate ou page simplement. Peut \u00e9galement lire les cartes de menu (des fonctions) et le livre de l\u2019apprenant (contenant les invocations en arabe et les cours de langue arabe) la qa&rsquo;ida nour\u00e2nia (\u0627\u0644\u0642\u0627\u0639\u062f\u0629 \u0627\u0644\u0646\u0648\u0631\u0627\u0646\u064a\u0629).;Vous pouvez ainsi le prendre avec vous comme un lecteur MP3 (avec ses \u00e9couteurs) et \u00e9couter le Coran, invocations etc. gr\u00e2ce au petit livret contenant les fonctions d&rsquo;\u00e9coute du Coran, invocations (toutes les situations m\u00eame pour le hadj et la &lsquo;omra), la roqya etc&#8230; (inutile donc de transporter les autres livres).;Peut lire tous les hadiths du livre Sahih Al-Boukhari fourni avec. Idem pour les autres livres (Sahih Muslim, Riyad as-Salihine, Tariqa Nourania, le dictionnaire multi-lingues pour voyageurs, les deux cartes de raccourcis);Lecture du Coran complet par les r\u00e9citateurs suivants: Cheikhs Al-Sudais, Al-Menshawi, Al-&lsquo;Ajamy, Al-Gh\u00e2mid\u00ee, &lsquo;Abdul-Bassit, Al-Hudhayf\u00ee, Al-&lsquo;Affass\u00ee, Al-Sh\u00e2ter\u00ee, Hussar\u00ee, Al-Matroud, Mahir Al-Mo&rsquo;eqali, Muhammad Ayyoub, Muhammad-Jibreel, Abdullah Basfar, Mohammad Al-Tablaway, Ibrahim Al-Akhdar, H\u00e2n\u00ee Al-Rif\u00e2&rsquo;\u00ee, Abdullah Al-Johany, Abou Kh\u00e2tir&#8230;;En effleurant le Coran avec le stylo vous pouvez entendre la lecture du verset ou la lecture de la traduction en fran\u00e7ais (et en anglais) ainsi que lecture des explications audio suivantes en langue arabe (en s\u00e9lectionnant un verset et l&rsquo;ic\u00f4ne correspondante sur le bord de pages du Saint Coran multi-fonctions);Al-Qiraat: les 10 lectures du verset.;Sabab Nuzul: les causes de la r\u00e9v\u00e9lation du verset.;Sharah Almufadat: explication des termes difficiles.;Hadith munasib: un hadith en relation avec le verset.;Les r\u00e8gles de Tajw\u00eed.;Tafs\u00eer Al-Jalalayn.;Lecture audio des livres suivants (5 livres fournis en arabe &#8211; voir photo);Le Saint Coran multifonctions (avec ic\u00f4nes sur les c\u00f4t\u00e9s permettant un acc\u00e8s rapide \u00e0 toutes les fonctions disponibles) &#8211; Livre grand format ! Possibilit\u00e9 de lecture mot par mot pour tout le Saint Coran et pour le livre de l&rsquo;apprentissage pour enfants fourni.;Sahih Al-Boukh\u00e2r\u00ee;Livre d&rsquo;apprentissage de l&rsquo;arabe (Qa&rsquo;ida Nourania);Sahih Mouslim et Riad as-Salihine;Dictionnaire parlant (multilingue).;Lecture du livre d\u2019apprentissage de l\u2019arabe (Qa&rsquo;ida Nourania) et du Coran avec la r\u00e9citation d\u2019apprentissage pour enfants, ainsi que Tafseer Al-Jalalain en audio.;Carte de menu facile \u00e0 transporter (peut \u00eatre utilis\u00e9e \u00e9galement avec le stylo afin de lire le Coran ou de changer de r\u00e9citateur).;Caract\u00e9ristiques;- M\u00e9moire interne 16 GB (afin de stocker d\u2019autres fichiers MP3) et peut supporter des cartes m\u00e9moires suppl\u00e9mentaires de 4 Go.;- Support du format MP3 et d\u2019extensions m\u00e9moires (TF card);- Enregistreur de voix: Vous pouvez l&rsquo;utiliser comme un magn\u00e9tophone.;- Pratique pour les enfants et les vielles personnes pour l\u2019apprentissage du Coran.;- Batterie interne rechargeable (aucune pile n\u00e9cessaire) peut se recharger gr\u00e2ce \u00e0 l&rsquo;ordinateur (c\u00e2ble USB fourni) ou la prise \u00e9lectrique (transfo fournie).;- Accessoires: \u00e9couteurs, c\u00e2ble USB, chargeur, \u00e9couteurs, Carte de menu, Livre du Saint Coran, Livre de l\u2019apprenant, Livre Sahih Al-Bukhari, et les autres livres&#8230;;Comment utiliser le stylo: il suffit d&rsquo;appuyer environ une seconde sur le bouton marche\/arr\u00eat situ\u00e9 en haut du stylo, il va s\u2019allumer en r\u00e9citant Bismillahi rahm\u00e2ni Rah\u00eem, ensuite pour utiliser le Coran il suffit de s\u00e9lectionner un r\u00e9citateur (exemple Abdulbassit) ensuite vous pointer le stylo sur le verset pour l&rsquo;\u00e9couter&#8230; pour \u00e9couter la sourate enti\u00e8re vous pouvez pointer le stylo sur le nom de la sourate&#8230; Pour \u00e9couter la traduction fran\u00e7aise, pointer le stylo sur l&rsquo;ic\u00f4ne traduction \u00ab\u00a0Fran\u00e7aise\u00a0\u00bb qui se trouve sur le c\u00f4t\u00e9 gauche des pages du Coran&#8230;;Vous pouvez \u00e9galement lire lentement ou rapidement les versets gr\u00e2ce aux ic\u00f4nes de vitesse en bas \u00e0 droite des pages&#8230; et en bas \u00e0 gauche vous pouvez r\u00e9gler le volume&#8230; sinon le stylo comporte d\u00e9j\u00e0 des boutons pour r\u00e9gler le volume&#8230;;Pour utiliser les autres livres, qui sont tous en arabe, vous devez d&rsquo;abord pointer le style sur la couverture de chaque livre, quand vous entendez le nom du livre vous pourrez ensuite ouvrir le livre et pointer le stylo sur n&rsquo;importe quelle page du livre pour \u00e9couter les textes.<\/p>\n","protected":false},"excerpt":{"rendered":"<p>Nouvel arrivage 2021 &#8211; Derni\u00e8re g\u00e9n\u00e9ration de stylo avec 16 Gb de m\u00e9moire et beaucoup plus de contenu.;Dans ce mod\u00e8le M10 il s&rsquo;agit d&rsquo;un Coran de grande taille qui est fourni (format 17&#215;24 cm). Avec cette nouvelle version contenant plus de 16 Gb de m\u00e9moire interne, vous disposez d&rsquo;un tr\u00e8s grand nombre de r\u00e9citateurs de Coran pr\u00e9enregistr\u00e9s (25 r\u00e9citations compl\u00e8tes et un tr\u00e8s grand nombre de traductions audio) et la possibilit\u00e9 d&rsquo;utiliser le stylo avec de nombreux livres fournis.;Le coffret en bois (valisette) permet une bonne protection du stylo et des livres en arabe lors de leur transport et \u00e9galement utile pour leur rangement.;Le Saint Coran multifonction avec son stylo lecteur de Coran avec plusieurs r\u00e9citateurs et livret d&rsquo;apprentissage fourni dans sa boite cadeau (pratique pour l&#8217;emporter avec soi partout). Fourni \u00e9galement avec les livres Sah\u00eeh Al-Boukh\u00e2r\u00ee, Sahih Mouslim, Riad Salihine, livre du Hajj et Omra qu&rsquo;on peut lire (\u00e9couter) gr\u00e2ce au stylo. Ainsi qu&rsquo;un dictionnaire parlant multilingue (avec les m\u00eames phrases \u00e0 \u00e9couter dans plusieurs langues).;Description du produit;Peut lire chaque verset, sourate ou page simplement. Peut \u00e9galement lire les cartes de menu (des fonctions) et le livre de l\u2019apprenant (contenant les invocations en arabe et les cours de langue arabe) la qa&rsquo;ida nour\u00e2nia (\u0627\u0644\u0642\u0627\u0639\u062f\u0629 \u0627\u0644\u0646\u0648\u0631\u0627\u0646\u064a\u0629).;Vous pouvez ainsi le prendre avec vous comme un lecteur MP3 (avec ses \u00e9couteurs) et \u00e9couter le Coran, invocations etc. gr\u00e2ce au petit livret contenant les fonctions d&rsquo;\u00e9coute du Coran, invocations (toutes les situations m\u00eame pour le hadj et la &lsquo;omra), la roqya etc&#8230; (inutile donc de transporter les autres livres).;Peut lire tous les hadiths du livre Sahih Al-Boukhari fourni avec. Idem pour les autres livres (Sahih Muslim, Riyad as-Salihine, Tariqa Nourania, le dictionnaire multi-lingues pour voyageurs, les deux cartes de raccourcis);Lecture du Coran complet par les r\u00e9citateurs suivants: Cheikhs Al-Sudais, Al-Menshawi, Al-&lsquo;Ajamy, Al-Gh\u00e2mid\u00ee, &lsquo;Abdul-Bassit, Al-Hudhayf\u00ee, Al-&lsquo;Affass\u00ee, Al-Sh\u00e2ter\u00ee, Hussar\u00ee, Al-Matroud, Mahir Al-Mo&rsquo;eqali, Muhammad Ayyoub, Muhammad-Jibreel, Abdullah Basfar, Mohammad Al-Tablaway, Ibrahim Al-Akhdar, H\u00e2n\u00ee Al-Rif\u00e2&rsquo;\u00ee, Abdullah Al-Johany, Abou Kh\u00e2tir&#8230;;En effleurant le Coran avec le stylo vous pouvez entendre la lecture du verset ou la lecture de la traduction en fran\u00e7ais (et en anglais) ainsi que lecture des explications audio suivantes en langue arabe (en s\u00e9lectionnant un verset et l&rsquo;ic\u00f4ne correspondante sur le bord de pages du Saint Coran multi-fonctions);Al-Qiraat: les 10 lectures du verset.;Sabab Nuzul: les causes de la r\u00e9v\u00e9lation du verset.;Sharah Almufadat: explication des termes difficiles.;Hadith munasib: un hadith en relation avec le verset.;Les r\u00e8gles de Tajw\u00eed.;Tafs\u00eer Al-Jalalayn.;Lecture audio des livres suivants (5 livres fournis en arabe &#8211; voir photo);Le Saint Coran multifonctions (avec ic\u00f4nes sur les c\u00f4t\u00e9s permettant un acc\u00e8s rapide \u00e0 toutes les fonctions disponibles) &#8211; Livre grand format ! Possibilit\u00e9 de lecture mot par mot pour tout le Saint Coran et pour le livre de l&rsquo;apprentissage pour enfants fourni.;Sahih Al-Boukh\u00e2r\u00ee;Livre d&rsquo;apprentissage de l&rsquo;arabe (Qa&rsquo;ida Nourania);Sahih Mouslim et Riad as-Salihine;Dictionnaire parlant (multilingue).;Lecture du livre d\u2019apprentissage de l\u2019arabe (Qa&rsquo;ida Nourania) et du Coran avec la r\u00e9citation d\u2019apprentissage pour enfants, ainsi que Tafseer Al-Jalalain en audio.;Carte de menu facile \u00e0 transporter (peut \u00eatre utilis\u00e9e \u00e9galement avec le stylo afin de lire le Coran ou de changer de r\u00e9citateur).;Caract\u00e9ristiques;- M\u00e9moire interne 16 GB (afin de stocker d\u2019autres fichiers MP3) et peut supporter des cartes m\u00e9moires suppl\u00e9mentaires de 4 Go.;- Support du format MP3 et d\u2019extensions m\u00e9moires (TF card);- Enregistreur de voix: Vous pouvez l&rsquo;utiliser comme un magn\u00e9tophone.;- Pratique pour les enfants et les vielles personnes pour l\u2019apprentissage du Coran.;- Batterie interne rechargeable (aucune pile n\u00e9cessaire) peut se recharger gr\u00e2ce \u00e0 l&rsquo;ordinateur (c\u00e2ble USB fourni) ou la prise \u00e9lectrique (transfo fournie).;- Accessoires: \u00e9couteurs, c\u00e2ble USB, chargeur, \u00e9couteurs, Carte de menu, Livre du Saint Coran, Livre de l\u2019apprenant, Livre Sahih Al-Bukhari, et les autres livres&#8230;;Comment utiliser le stylo: il suffit d&rsquo;appuyer environ une seconde sur le bouton marche\/arr\u00eat situ\u00e9 en haut du stylo, il va s\u2019allumer en r\u00e9citant Bismillahi rahm\u00e2ni Rah\u00eem, ensuite pour utiliser le Coran il suffit de s\u00e9lectionner un r\u00e9citateur (exemple Abdulbassit) ensuite vous pointer le stylo sur le verset pour l&rsquo;\u00e9couter&#8230; pour \u00e9couter la sourate enti\u00e8re vous pouvez pointer le stylo sur le nom de la sourate&#8230; Pour \u00e9couter la traduction fran\u00e7aise, pointer le stylo sur l&rsquo;ic\u00f4ne traduction \u00ab\u00a0Fran\u00e7aise\u00a0\u00bb qui se trouve sur le c\u00f4t\u00e9 gauche des pages du Coran&#8230;;Vous pouvez \u00e9galement lire lentement ou rapidement les versets gr\u00e2ce aux ic\u00f4nes de vitesse en bas \u00e0 droite des pages&#8230; et en bas \u00e0 gauche vous pouvez r\u00e9gler le volume&#8230; sinon le stylo comporte d\u00e9j\u00e0 des boutons pour r\u00e9gler le volume&#8230;;Pour utiliser les autres livres, qui sont tous en arabe, vous devez d&rsquo;abord pointer le style sur la couverture de chaque livre, quand vous entendez le nom du livre vous pourrez ensuite ouvrir le livre et pointer le stylo sur n&rsquo;importe quelle page du livre pour \u00e9couter les textes.<\/p>\n","protected":false},"featured_media":37309,"comment_status":"open","ping_status":"closed","template":"","meta":[],"product_brand":[],"product_cat":[56,680],"product_tag":[],"class_list":{"0":"post-37308","1":"product","2":"type-product","3":"status-publish","4":"has-post-thumbnail","6":"product_cat-electronique","7":"product_cat-saint-coran-electronique","9":"first","10":"outofstock","11":"shipping-taxable","12":"purchasable","13":"product-type-simple"},"_links":{"self":[{"href":"https:\/\/lamaktaba.fr\/index.php\/wp-json\/wp\/v2\/product\/37308","targetHints":{"allow":["GET"]}}],"collection":[{"href":"https:\/\/lamaktaba.fr\/index.php\/wp-json\/wp\/v2\/product"}],"about":[{"href":"https:\/\/lamaktaba.fr\/index.php\/wp-json\/wp\/v2\/types\/product"}],"replies":[{"embeddable":true,"href":"https:\/\/lamaktaba.fr\/index.php\/wp-json\/wp\/v2\/comments?post=37308"}],"wp:featuredmedia":[{"embeddable":true,"href":"https:\/\/lamaktaba.fr\/index.php\/wp-json\/wp\/v2\/media\/37309"}],"wp:attachment":[{"href":"https:\/\/lamaktaba.fr\/index.php\/wp-json\/wp\/v2\/media?parent=37308"}],"wp:term":[{"taxonomy":"product_brand","embeddable":true,"href":"https:\/\/lamaktaba.fr\/index.php\/wp-json\/wp\/v2\/product_brand?post=37308"},{"taxonomy":"product_cat","embeddable":true,"href":"https:\/\/lamaktaba.fr\/index.php\/wp-json\/wp\/v2\/product_cat?post=37308"},{"taxonomy":"product_tag","embeddable":true,"href":"https:\/\/lamaktaba.fr\/index.php\/wp-json\/wp\/v2\/product_tag?post=37308"}],"curies":[{"name":"wp","href":"https:\/\/api.w.org\/{rel}","templated":true}]}}