{"id":37294,"date":"2021-04-01T00:17:24","date_gmt":"2021-03-31T22:17:24","guid":{"rendered":"https:\/\/lamaktaba.fr\/index.php\/produit\/guide-de-la-femme-musulmane-dapres-fdal-haja\/"},"modified":"2025-04-01T12:47:28","modified_gmt":"2025-04-01T10:47:28","slug":"guide-de-la-femme-musulmane-dapres-fdal-haja","status":"publish","type":"product","link":"https:\/\/lamaktaba.fr\/index.php\/produit\/guide-de-la-femme-musulmane-dapres-fdal-haja","title":{"rendered":"Guide de la femme musulmane d&rsquo;apr\u00e8s Fdal Haja"},"content":{"rendered":"<p>Guide de la femme musulmane d&rsquo;apr\u00e8s Fdal Haja;Ce livre est destin\u00e9 \u00e0 la femme musulmane pour la guider dans le chemin qui m\u00e8ne \u00e0 la connaissance des r\u00e8gles de base indispensables \u00e0 l\u2019accomplissement de la pri\u00e8re, du je\u00fbne, de la zakat et du p\u00e8lerinage.;Ce livre \u00e9crit \u00e0 la lumi\u00e8re du Coran et de la Sunna, r\u00e9pond de mani\u00e8re claire aux muliples questions relatives \u00e0 la pratique du culte.;Un outil indispensable pour se rapprocher de Dieu.<\/p>\n","protected":false},"excerpt":{"rendered":"<p>Guide de la femme musulmane d&rsquo;apr\u00e8s Fdal Haja;Ce livre est destin\u00e9 \u00e0 la femme musulmane pour la guider dans le chemin qui m\u00e8ne \u00e0 la connaissance des r\u00e8gles de base indispensables \u00e0 l\u2019accomplissement de la pri\u00e8re, du je\u00fbne, de la zakat et du p\u00e8lerinage.;Ce livre \u00e9crit \u00e0 la lumi\u00e8re du Coran et de la Sunna, r\u00e9pond de mani\u00e8re claire aux muliples questions relatives \u00e0 la pratique du culte.;Un outil indispensable pour se rapprocher de Dieu.<\/p>\n","protected":false},"featured_media":37295,"comment_status":"open","ping_status":"closed","template":"","meta":[],"product_brand":[],"product_cat":[15],"product_tag":[],"class_list":{"0":"post-37294","1":"product","2":"type-product","3":"status-publish","4":"has-post-thumbnail","6":"product_cat-non-classe","8":"first","9":"outofstock","10":"shipping-taxable","11":"purchasable","12":"product-type-simple"},"_links":{"self":[{"href":"https:\/\/lamaktaba.fr\/index.php\/wp-json\/wp\/v2\/product\/37294","targetHints":{"allow":["GET"]}}],"collection":[{"href":"https:\/\/lamaktaba.fr\/index.php\/wp-json\/wp\/v2\/product"}],"about":[{"href":"https:\/\/lamaktaba.fr\/index.php\/wp-json\/wp\/v2\/types\/product"}],"replies":[{"embeddable":true,"href":"https:\/\/lamaktaba.fr\/index.php\/wp-json\/wp\/v2\/comments?post=37294"}],"wp:featuredmedia":[{"embeddable":true,"href":"https:\/\/lamaktaba.fr\/index.php\/wp-json\/wp\/v2\/media\/37295"}],"wp:attachment":[{"href":"https:\/\/lamaktaba.fr\/index.php\/wp-json\/wp\/v2\/media?parent=37294"}],"wp:term":[{"taxonomy":"product_brand","embeddable":true,"href":"https:\/\/lamaktaba.fr\/index.php\/wp-json\/wp\/v2\/product_brand?post=37294"},{"taxonomy":"product_cat","embeddable":true,"href":"https:\/\/lamaktaba.fr\/index.php\/wp-json\/wp\/v2\/product_cat?post=37294"},{"taxonomy":"product_tag","embeddable":true,"href":"https:\/\/lamaktaba.fr\/index.php\/wp-json\/wp\/v2\/product_tag?post=37294"}],"curies":[{"name":"wp","href":"https:\/\/api.w.org\/{rel}","templated":true}]}}