{"id":37289,"date":"2021-01-04T00:17:00","date_gmt":"2021-01-03T23:17:00","guid":{"rendered":"https:\/\/lamaktaba.fr\/index.php\/produit\/le-coran-explique-a-mon-enfant-t1\/"},"modified":"2025-04-01T12:44:58","modified_gmt":"2025-04-01T10:44:58","slug":"le-coran-explique-a-mon-enfant-t1","status":"publish","type":"product","link":"https:\/\/lamaktaba.fr\/index.php\/produit\/le-coran-explique-a-mon-enfant-t1","title":{"rendered":"Le Coran expliqu\u00e9 \u00e0 mon enfant -T1"},"content":{"rendered":"<p>Le Coran expliqu\u00e9 \u00e0 mon enfant destin\u00e9 aux enfants de plus de 7 ans.;Ce livre aborde la sourate 1 \u00ab\u00a0Al-Fatiha\u00a0\u00bb (L&rsquo;ouverture) et les neufs derni\u00e8res sourates du Coran: \u00ab\u00a0An-nas\u00a0\u00bb, \u00ab\u00a0Al-Falaq\u00a0\u00bb, \u00ab\u00a0Al-ikhlas\u00a0\u00bb, \u00ab\u00a0Al-massad\u00a0\u00bb, \u00ab\u00a0An-nasr\u00a0\u00bb, \u00ab\u00a0Al-kafiroune\u00a0\u00bb, \u00ab\u00a0Al-kawthar\u00a0\u00bb, \u00ab\u00a0Al-ma&rsquo;oun\u00a0\u00bb et \u00ab\u00a0Quoreich;Cet ouvrage a \u00e9t\u00e9 r\u00e9alis\u00e9 selon les r\u00e9f\u00e9rences suivantes;Le Saint Coran arabe \/ francais du professeur Mohammed Hamidoullah.;Tafsir Ibn Kathir Joz\u2019 Amma.;Safwat At Tafasir d Mohammed Ali Sabouni.;Dans cet ouvrage vous pourrez y d\u00e9couvrir de multitudes de questions que se pose chaque enfant sur le Coran.;Vous y trouverez le sommaire de cet ouvrage ayant pour objectif de vous facilit\u00e9 la recherche de vos questions. Ce sommaire contient 9 sourates et quelques conseils sur l\u2019apprentissage du coran.;Ces sourates vous permettrons de r\u00e9pondre aux questions de vos enfants tout en leur faisant d\u00e9couvrir la religion. Vous y trouverez un mini-dictionnaire pour expliquer \u00e0 vos enfants les mots qu\u2019ils ne comprennent pas.;1\u00b0 La sourate Al Fatiha est le commencement du livre saint.;Elle r\u00e9sume enti\u00e8rement l\u2019islam dans ses sept versets.;Elle vous r\u00e9pondra sur diff\u00e9rents th\u00e8mes comme par exemple, qu\u2019est-ce que l\u2019islam?, que signifie le mot \u00ab Basmala \u00bb? Pourquoi louer Dieu? etc\u2026;Puis vous avez la Sourate An-Nas qui vous explique qui est Dieu avec pour th\u00e8me \u00ab Pourquoi Dieu n\u2019emp\u00eache-t-il pas Satan de faire le mal? \u00bb.;Ou encore la Sourate Al-Kafiroune qui vous dis que nous ne somme pas tous des musulmans, qu\u2019ils y a les croyants et les m\u00e9cr\u00e9ants\u2026Elle vous dira qu\u2019est-ce que la tol\u00e9rance? C\u2019est se souvenir que nous sommes tous les enfants d\u2019Adam, donc, tous des fr\u00e8res et s\u0153urs.etc\u2026;Pour ainsi conclure que l\u2019apprentissage se fait par \u00e9tapes et qu\u2019ils existent plusieurs m\u00e9thodes pour apprendre le Coran et l\u2019Islam.;Les conseils qui vous auront \u00e9t\u00e9 donn\u00e9 dans ce livre servira \u00e0 faire apprendre \u00e0 votre enfant le livre saint et en essayant de personnaliser sa r\u00e9citation du coran. Il pourra ainsi respecter les r\u00e8gles de r\u00e9citation, apprendre lentement, prier, r\u00e9viser et \u00eatre r\u00e9gulier dans son apprentissage.;Qu\u2019Allah facilite l\u2019apprentissage de votre enfants.<\/p>\n","protected":false},"excerpt":{"rendered":"<p>Le Coran expliqu\u00e9 \u00e0 mon enfant destin\u00e9 aux enfants de plus de 7 ans.;Ce livre aborde la sourate 1 \u00ab\u00a0Al-Fatiha\u00a0\u00bb (L&rsquo;ouverture) et les neufs derni\u00e8res sourates du Coran: \u00ab\u00a0An-nas\u00a0\u00bb, \u00ab\u00a0Al-Falaq\u00a0\u00bb, \u00ab\u00a0Al-ikhlas\u00a0\u00bb, \u00ab\u00a0Al-massad\u00a0\u00bb, \u00ab\u00a0An-nasr\u00a0\u00bb, \u00ab\u00a0Al-kafiroune\u00a0\u00bb, \u00ab\u00a0Al-kawthar\u00a0\u00bb, \u00ab\u00a0Al-ma&rsquo;oun\u00a0\u00bb et \u00ab\u00a0Quoreich;Cet ouvrage a \u00e9t\u00e9 r\u00e9alis\u00e9 selon les r\u00e9f\u00e9rences suivantes;Le Saint Coran arabe \/ francais du professeur Mohammed Hamidoullah.;Tafsir Ibn Kathir Joz\u2019 Amma.;Safwat At Tafasir d Mohammed Ali Sabouni.;Dans cet ouvrage vous pourrez y d\u00e9couvrir de multitudes de questions que se pose chaque enfant sur le Coran.;Vous y trouverez le sommaire de cet ouvrage ayant pour objectif de vous facilit\u00e9 la recherche de vos questions. Ce sommaire contient 9 sourates et quelques conseils sur l\u2019apprentissage du coran.;Ces sourates vous permettrons de r\u00e9pondre aux questions de vos enfants tout en leur faisant d\u00e9couvrir la religion. Vous y trouverez un mini-dictionnaire pour expliquer \u00e0 vos enfants les mots qu\u2019ils ne comprennent pas.;1\u00b0 La sourate Al Fatiha est le commencement du livre saint.;Elle r\u00e9sume enti\u00e8rement l\u2019islam dans ses sept versets.;Elle vous r\u00e9pondra sur diff\u00e9rents th\u00e8mes comme par exemple, qu\u2019est-ce que l\u2019islam?, que signifie le mot \u00ab Basmala \u00bb? Pourquoi louer Dieu? etc\u2026;Puis vous avez la Sourate An-Nas qui vous explique qui est Dieu avec pour th\u00e8me \u00ab Pourquoi Dieu n\u2019emp\u00eache-t-il pas Satan de faire le mal? \u00bb.;Ou encore la Sourate Al-Kafiroune qui vous dis que nous ne somme pas tous des musulmans, qu\u2019ils y a les croyants et les m\u00e9cr\u00e9ants\u2026Elle vous dira qu\u2019est-ce que la tol\u00e9rance? C\u2019est se souvenir que nous sommes tous les enfants d\u2019Adam, donc, tous des fr\u00e8res et s\u0153urs.etc\u2026;Pour ainsi conclure que l\u2019apprentissage se fait par \u00e9tapes et qu\u2019ils existent plusieurs m\u00e9thodes pour apprendre le Coran et l\u2019Islam.;Les conseils qui vous auront \u00e9t\u00e9 donn\u00e9 dans ce livre servira \u00e0 faire apprendre \u00e0 votre enfant le livre saint et en essayant de personnaliser sa r\u00e9citation du coran. Il pourra ainsi respecter les r\u00e8gles de r\u00e9citation, apprendre lentement, prier, r\u00e9viser et \u00eatre r\u00e9gulier dans son apprentissage.;Qu\u2019Allah facilite l\u2019apprentissage de votre enfants.<\/p>\n","protected":false},"featured_media":37290,"comment_status":"open","ping_status":"closed","template":"","meta":[],"product_brand":[],"product_cat":[15],"product_tag":[],"class_list":{"0":"post-37289","1":"product","2":"type-product","3":"status-publish","4":"has-post-thumbnail","6":"product_cat-non-classe","7":"pa_annee-564","8":"pa_editeur-pixelgraf-editions-2","9":"pa_format-23x24-5","10":"pa_nombre-de-pages-859","12":"first","13":"outofstock","14":"shipping-taxable","15":"purchasable","16":"product-type-simple"},"_links":{"self":[{"href":"https:\/\/lamaktaba.fr\/index.php\/wp-json\/wp\/v2\/product\/37289","targetHints":{"allow":["GET"]}}],"collection":[{"href":"https:\/\/lamaktaba.fr\/index.php\/wp-json\/wp\/v2\/product"}],"about":[{"href":"https:\/\/lamaktaba.fr\/index.php\/wp-json\/wp\/v2\/types\/product"}],"replies":[{"embeddable":true,"href":"https:\/\/lamaktaba.fr\/index.php\/wp-json\/wp\/v2\/comments?post=37289"}],"wp:featuredmedia":[{"embeddable":true,"href":"https:\/\/lamaktaba.fr\/index.php\/wp-json\/wp\/v2\/media\/37290"}],"wp:attachment":[{"href":"https:\/\/lamaktaba.fr\/index.php\/wp-json\/wp\/v2\/media?parent=37289"}],"wp:term":[{"taxonomy":"product_brand","embeddable":true,"href":"https:\/\/lamaktaba.fr\/index.php\/wp-json\/wp\/v2\/product_brand?post=37289"},{"taxonomy":"product_cat","embeddable":true,"href":"https:\/\/lamaktaba.fr\/index.php\/wp-json\/wp\/v2\/product_cat?post=37289"},{"taxonomy":"product_tag","embeddable":true,"href":"https:\/\/lamaktaba.fr\/index.php\/wp-json\/wp\/v2\/product_tag?post=37289"}],"curies":[{"name":"wp","href":"https:\/\/api.w.org\/{rel}","templated":true}]}}