{"id":37277,"date":"2021-04-01T00:17:21","date_gmt":"2021-03-31T22:17:21","guid":{"rendered":"https:\/\/lamaktaba.fr\/index.php\/produit\/les-quarante-hadiths-de-limam-an-nawawi-1233-1277-arabes-et-traduit-en-francais\/"},"modified":"2025-04-01T12:46:10","modified_gmt":"2025-04-01T10:46:10","slug":"les-quarante-hadiths-de-limam-an-nawawi-1233-1277-arabes-et-traduit-en-francais","status":"publish","type":"product","link":"https:\/\/lamaktaba.fr\/index.php\/produit\/les-quarante-hadiths-de-limam-an-nawawi-1233-1277-arabes-et-traduit-en-francais","title":{"rendered":"Les quarante hadiths de L&rsquo;Imam An-Nawawi 1233-1277 (arabes et traduit en fran\u00e7ais)"},"content":{"rendered":"<p>Sana en arabe signifie briller, luire ou sintiller mais aussi faciliter ou aplanir quelque chose. C&rsquo;est un peu notre souhait: \u00e9clairer votre regard et faciliter votre t\u00e2che dans vos efforts de d\u00e9couverte et de compr\u00e9hension de la culture et de la civilisation arabo-musulmane. Voici une nouvelle traduction de ce recueil de r\u00e9f\u00e9rence des Hadiths. (les hadiths sont en arabes et traduit en fran\u00e7ais);L&rsquo;Imam An-Nawawi (1233-1277), auteur de ce recueil de Hadiths (paroles du proh\u00e8te Muhammad) a laiss\u00e9 plusieurs ouvrages dans plusieurs disciplines: jurisprudence, sciences du hadith, sciences du Coran, langue arabe&#8230;etc Parmi ses ouvrages, nous pouvons citer;\u2022 Commentaire du Sahih Muslim;\u2022 Les jardins des Vertueux;\u2022 Les Invocations;Et bien sur, les Quarante Hadiths, ouvrage qui fait l&rsquo;objet de cette tentative de traduction. Ce recueil constitue la r\u00e9f\u00e9rence quant \u00e0 l&rsquo;\u00e9tude des bases de la Guidance proph\u00e9tique pour expliquer les bases de l&rsquo;Islam, car la source d&rsquo;inspiration de ces Hadiths est le Coran et la Sunna.<\/p>\n","protected":false},"excerpt":{"rendered":"<p>Sana en arabe signifie briller, luire ou sintiller mais aussi faciliter ou aplanir quelque chose. C&rsquo;est un peu notre souhait: \u00e9clairer votre regard et faciliter votre t\u00e2che dans vos efforts de d\u00e9couverte et de compr\u00e9hension de la culture et de la civilisation arabo-musulmane. Voici une nouvelle traduction de ce recueil de r\u00e9f\u00e9rence des Hadiths. (les hadiths sont en arabes et traduit en fran\u00e7ais);L&rsquo;Imam An-Nawawi (1233-1277), auteur de ce recueil de Hadiths (paroles du proh\u00e8te Muhammad) a laiss\u00e9 plusieurs ouvrages dans plusieurs disciplines: jurisprudence, sciences du hadith, sciences du Coran, langue arabe&#8230;etc Parmi ses ouvrages, nous pouvons citer;\u2022 Commentaire du Sahih Muslim;\u2022 Les jardins des Vertueux;\u2022 Les Invocations;Et bien sur, les Quarante Hadiths, ouvrage qui fait l&rsquo;objet de cette tentative de traduction. Ce recueil constitue la r\u00e9f\u00e9rence quant \u00e0 l&rsquo;\u00e9tude des bases de la Guidance proph\u00e9tique pour expliquer les bases de l&rsquo;Islam, car la source d&rsquo;inspiration de ces Hadiths est le Coran et la Sunna.<\/p>\n","protected":false},"featured_media":37278,"comment_status":"open","ping_status":"closed","template":"","meta":[],"product_brand":[],"product_cat":[15],"product_tag":[],"class_list":{"0":"post-37277","1":"product","2":"type-product","3":"status-publish","4":"has-post-thumbnail","6":"product_cat-non-classe","8":"first","9":"instock","10":"shipping-taxable","11":"purchasable","12":"product-type-simple"},"_links":{"self":[{"href":"https:\/\/lamaktaba.fr\/index.php\/wp-json\/wp\/v2\/product\/37277","targetHints":{"allow":["GET"]}}],"collection":[{"href":"https:\/\/lamaktaba.fr\/index.php\/wp-json\/wp\/v2\/product"}],"about":[{"href":"https:\/\/lamaktaba.fr\/index.php\/wp-json\/wp\/v2\/types\/product"}],"replies":[{"embeddable":true,"href":"https:\/\/lamaktaba.fr\/index.php\/wp-json\/wp\/v2\/comments?post=37277"}],"wp:featuredmedia":[{"embeddable":true,"href":"https:\/\/lamaktaba.fr\/index.php\/wp-json\/wp\/v2\/media\/37278"}],"wp:attachment":[{"href":"https:\/\/lamaktaba.fr\/index.php\/wp-json\/wp\/v2\/media?parent=37277"}],"wp:term":[{"taxonomy":"product_brand","embeddable":true,"href":"https:\/\/lamaktaba.fr\/index.php\/wp-json\/wp\/v2\/product_brand?post=37277"},{"taxonomy":"product_cat","embeddable":true,"href":"https:\/\/lamaktaba.fr\/index.php\/wp-json\/wp\/v2\/product_cat?post=37277"},{"taxonomy":"product_tag","embeddable":true,"href":"https:\/\/lamaktaba.fr\/index.php\/wp-json\/wp\/v2\/product_tag?post=37277"}],"curies":[{"name":"wp","href":"https:\/\/api.w.org\/{rel}","templated":true}]}}