{"id":37266,"date":"2021-04-01T00:17:18","date_gmt":"2021-03-31T22:17:18","guid":{"rendered":"https:\/\/lamaktaba.fr\/index.php\/produit\/comment-memoriser-le-coran\/"},"modified":"2025-04-01T12:46:39","modified_gmt":"2025-04-01T10:46:39","slug":"comment-memoriser-le-coran","status":"publish","type":"product","link":"https:\/\/lamaktaba.fr\/index.php\/produit\/comment-memoriser-le-coran","title":{"rendered":"Comment m\u00e9moriser le Coran?"},"content":{"rendered":"<p>Titre: Comment m\u00e9moriser le Coran?;Auteur: Tawbah;Edition: TAWBAH;Support: Livre;Theme: Le saint CORAN;Description: Comment m\u00e9moriser le Coran? M\u00e9thode Conseils Programmes R\u00e9citer d&rsquo;une voix m\u00e9lodieuse, sans erreur ou h\u00e9sitation l&rsquo;int\u00e9gralit\u00e9 du Coran, un r\u00eave pour les uns, une r\u00e9alit\u00e9 pour d&rsquo;autres. Pourtant, la Parole d&rsquo;Allah est v\u00e9ridique: \u00ab\u00a0Et Nous avons facilit\u00e9 la m\u00e9ditation et la m\u00e9morisation du Coran. Y a-t-il quelqu&rsquo;un pour r\u00e9fl\u00e9chir?\u00a0\u00bb Mais quelles sont les conditions et les voies pour r\u00e9aliser la promesse d&rsquo;Allah? Qui peut m\u00e9moriser la plus grande partie, voire l&rsquo;int\u00e9gralit\u00e9 du Coran? Faut-il avoir un don sp\u00e9cifique? \u00catre arabe? Avoir fait de hautes \u00e9tudes? Il n&rsquo;en est rien: \u00ab\u00a0Telle est la gr\u00e2ce d&rsquo;Allah qu&rsquo;Il accorde \u00e0 qui Il veut, et Allah est Immense et Il sait tout.\u00a0\u00bb Ce livre se veut le point de d\u00e9part et la feuille de route de tous ceux qui d\u00e9sirent sinc\u00e8rement m\u00e9moriser le Coran mais ne savent pas comment faire. Chacun d&rsquo;entre nous peut apprendre le Coran int\u00e9gralement ou en partie. Il faut uniquement conna\u00eetre les conditions et r\u00e8gles qui r\u00e9gissent cette science, choisir une m\u00e9thode efficace et \u00eatre patient et constant dans l&rsquo;effort. \u00ab\u00a0Pour celui qui craint son Seigneur et patiente, Allah ne fait pas perdre la r\u00e9compense des bienfaisants.<\/p>\n","protected":false},"excerpt":{"rendered":"<p>Titre: Comment m\u00e9moriser le Coran?;Auteur: Tawbah;Edition: TAWBAH;Support: Livre;Theme: Le saint CORAN;Description: Comment m\u00e9moriser le Coran? M\u00e9thode Conseils Programmes R\u00e9citer d&rsquo;une voix m\u00e9lodieuse, sans erreur ou h\u00e9sitation l&rsquo;int\u00e9gralit\u00e9 du Coran, un r\u00eave pour les uns, une r\u00e9alit\u00e9 pour d&rsquo;autres. Pourtant, la Parole d&rsquo;Allah est v\u00e9ridique: \u00ab\u00a0Et Nous avons facilit\u00e9 la m\u00e9ditation et la m\u00e9morisation du Coran. Y a-t-il quelqu&rsquo;un pour r\u00e9fl\u00e9chir?\u00a0\u00bb Mais quelles sont les conditions et les voies pour r\u00e9aliser la promesse d&rsquo;Allah? Qui peut m\u00e9moriser la plus grande partie, voire l&rsquo;int\u00e9gralit\u00e9 du Coran? Faut-il avoir un don sp\u00e9cifique? \u00catre arabe? Avoir fait de hautes \u00e9tudes? Il n&rsquo;en est rien: \u00ab\u00a0Telle est la gr\u00e2ce d&rsquo;Allah qu&rsquo;Il accorde \u00e0 qui Il veut, et Allah est Immense et Il sait tout.\u00a0\u00bb Ce livre se veut le point de d\u00e9part et la feuille de route de tous ceux qui d\u00e9sirent sinc\u00e8rement m\u00e9moriser le Coran mais ne savent pas comment faire. Chacun d&rsquo;entre nous peut apprendre le Coran int\u00e9gralement ou en partie. Il faut uniquement conna\u00eetre les conditions et r\u00e8gles qui r\u00e9gissent cette science, choisir une m\u00e9thode efficace et \u00eatre patient et constant dans l&rsquo;effort. \u00ab\u00a0Pour celui qui craint son Seigneur et patiente, Allah ne fait pas perdre la r\u00e9compense des bienfaisants.<\/p>\n","protected":false},"featured_media":37267,"comment_status":"open","ping_status":"closed","template":"","meta":[],"product_brand":[],"product_cat":[15],"product_tag":[],"class_list":{"0":"post-37266","1":"product","2":"type-product","3":"status-publish","4":"has-post-thumbnail","6":"product_cat-non-classe","8":"first","9":"instock","10":"shipping-taxable","11":"purchasable","12":"product-type-simple"},"_links":{"self":[{"href":"https:\/\/lamaktaba.fr\/index.php\/wp-json\/wp\/v2\/product\/37266","targetHints":{"allow":["GET"]}}],"collection":[{"href":"https:\/\/lamaktaba.fr\/index.php\/wp-json\/wp\/v2\/product"}],"about":[{"href":"https:\/\/lamaktaba.fr\/index.php\/wp-json\/wp\/v2\/types\/product"}],"replies":[{"embeddable":true,"href":"https:\/\/lamaktaba.fr\/index.php\/wp-json\/wp\/v2\/comments?post=37266"}],"wp:featuredmedia":[{"embeddable":true,"href":"https:\/\/lamaktaba.fr\/index.php\/wp-json\/wp\/v2\/media\/37267"}],"wp:attachment":[{"href":"https:\/\/lamaktaba.fr\/index.php\/wp-json\/wp\/v2\/media?parent=37266"}],"wp:term":[{"taxonomy":"product_brand","embeddable":true,"href":"https:\/\/lamaktaba.fr\/index.php\/wp-json\/wp\/v2\/product_brand?post=37266"},{"taxonomy":"product_cat","embeddable":true,"href":"https:\/\/lamaktaba.fr\/index.php\/wp-json\/wp\/v2\/product_cat?post=37266"},{"taxonomy":"product_tag","embeddable":true,"href":"https:\/\/lamaktaba.fr\/index.php\/wp-json\/wp\/v2\/product_tag?post=37266"}],"curies":[{"name":"wp","href":"https:\/\/api.w.org\/{rel}","templated":true}]}}