{"id":37186,"date":"2021-04-01T00:17:00","date_gmt":"2021-03-31T22:17:00","guid":{"rendered":"https:\/\/lamaktaba.fr\/index.php\/produit\/questions-embarrassantes-de-nos-enfants-reponses-et-solutions-de-dr-abd-allah-abd-al-muti\/"},"modified":"2025-04-01T12:44:12","modified_gmt":"2025-04-01T10:44:12","slug":"questions-embarrassantes-de-nos-enfants-reponses-et-solutions-de-dr-abd-allah-abd-al-muti","status":"publish","type":"product","link":"https:\/\/lamaktaba.fr\/index.php\/produit\/questions-embarrassantes-de-nos-enfants-reponses-et-solutions-de-dr-abd-allah-abd-al-muti","title":{"rendered":"Questions embarrassantes de nos enfants: R\u00e9ponses et Solutions, de Dr &lsquo;Abd Allah &lsquo;Abd Al-Mu&rsquo;ti"},"content":{"rendered":"<p>Questions embarrassantes de nos enfants;Questions embarrassantes de nos enfants: R\u00e9ponses et Solutions, de Dr &lsquo;Abd Allah &lsquo;Abd Al-Mu&rsquo;ti (Expert en Education);O\u00f9 est Allah? Allah a -t-il des amis comme moi? Pouquoi Allah a -t-il cr\u00e9e les moustiques et les insectes qui nous font mal? Qui a construit la Kaaba? Pourquoi les habitants de la Mecque ont fait du mal \u00e0 notre proph\u00e8te Muhammad et \u00e0 ses compagnons? O\u00f9 se trouve le Paradis? O\u00f9 est-ce que j&rsquo;\u00e9tais avant de na\u00eetre? Comment suis-je venu au monde? Qu&rsquo;est-ce que j&rsquo;\u00e9tais avant de na\u00eetre? Comment suis-je venu au monde? Qu&rsquo;est-ce qu&rsquo;un pr\u00e9sident? Pourquoi y-a-t-il des filles et des gar\u00e7ons? D&rsquo;o\u00f9 vient la voix? Pourquoi on dort? Pourquoi on meurt?;Ce sont ce genre de questions religieuses, existentielles, sociales, \u00e9conomiques, historiques, sexuelles, scientifiques qui sortent de la bouche de nos enfants et nous mettent, pour certaines, nettement dans l&#8217;embarras.;D&rsquo;ailleurs, tout parent soucieux d&rsquo;inculquer une bonne \u00e9ducation \u00e0 son enfant ne peut que se poser les questions suivantes;- Pourquoi mon enfant me pose-t-il des questions?;- R\u00e9pondre aux questions embrassantes de mon enfant lui est-il b\u00e9n\u00e9fique ou nuisible?;- Comment dois-je agir vis-\u00e0-vis des questions embarrassantes de mon enfant?;- Comment le Proph\u00e8te a t-il agi vis-\u00e0-vis de ce genre de questions?;- Existe-t-il \u00e0 ce sujet un manuel \u00e0 l&rsquo;usage des parents?;- Comment les questions embarrassantes de mon enfant peuvent-elles faire de lui un enfant cr\u00e9atif?;Tel est le th\u00e8me de ce livre in\u00e9dit, rarement trait\u00e9 par un docteur musulman, expert et sp\u00e9cialite en \u00e9ducation des enfants, son auteur l&rsquo;a \u00e9maill\u00e9 de conseils et d&rsquo;orientation qui s&rsquo;inspirent du Livre d&rsquo;Allah et de la Sunna de Son Proph\u00e8te et l&rsquo;a couronn\u00e9 par un guide comportant des r\u00e9ponses \u00e0 des questions fr\u00e9quemment pos\u00e9es par nos enfants.<\/p>\n","protected":false},"excerpt":{"rendered":"<p>Questions embarrassantes de nos enfants;Questions embarrassantes de nos enfants: R\u00e9ponses et Solutions, de Dr &lsquo;Abd Allah &lsquo;Abd Al-Mu&rsquo;ti (Expert en Education);O\u00f9 est Allah? Allah a -t-il des amis comme moi? Pouquoi Allah a -t-il cr\u00e9e les moustiques et les insectes qui nous font mal? Qui a construit la Kaaba? Pourquoi les habitants de la Mecque ont fait du mal \u00e0 notre proph\u00e8te Muhammad et \u00e0 ses compagnons? O\u00f9 se trouve le Paradis? O\u00f9 est-ce que j&rsquo;\u00e9tais avant de na\u00eetre? Comment suis-je venu au monde? Qu&rsquo;est-ce que j&rsquo;\u00e9tais avant de na\u00eetre? Comment suis-je venu au monde? Qu&rsquo;est-ce qu&rsquo;un pr\u00e9sident? Pourquoi y-a-t-il des filles et des gar\u00e7ons? D&rsquo;o\u00f9 vient la voix? Pourquoi on dort? Pourquoi on meurt?;Ce sont ce genre de questions religieuses, existentielles, sociales, \u00e9conomiques, historiques, sexuelles, scientifiques qui sortent de la bouche de nos enfants et nous mettent, pour certaines, nettement dans l&#8217;embarras.;D&rsquo;ailleurs, tout parent soucieux d&rsquo;inculquer une bonne \u00e9ducation \u00e0 son enfant ne peut que se poser les questions suivantes;- Pourquoi mon enfant me pose-t-il des questions?;- R\u00e9pondre aux questions embrassantes de mon enfant lui est-il b\u00e9n\u00e9fique ou nuisible?;- Comment dois-je agir vis-\u00e0-vis des questions embarrassantes de mon enfant?;- Comment le Proph\u00e8te a t-il agi vis-\u00e0-vis de ce genre de questions?;- Existe-t-il \u00e0 ce sujet un manuel \u00e0 l&rsquo;usage des parents?;- Comment les questions embarrassantes de mon enfant peuvent-elles faire de lui un enfant cr\u00e9atif?;Tel est le th\u00e8me de ce livre in\u00e9dit, rarement trait\u00e9 par un docteur musulman, expert et sp\u00e9cialite en \u00e9ducation des enfants, son auteur l&rsquo;a \u00e9maill\u00e9 de conseils et d&rsquo;orientation qui s&rsquo;inspirent du Livre d&rsquo;Allah et de la Sunna de Son Proph\u00e8te et l&rsquo;a couronn\u00e9 par un guide comportant des r\u00e9ponses \u00e0 des questions fr\u00e9quemment pos\u00e9es par nos enfants.<\/p>\n","protected":false},"featured_media":37187,"comment_status":"open","ping_status":"closed","template":"","meta":[],"product_brand":[],"product_cat":[1910],"product_tag":[],"class_list":{"0":"post-37186","1":"product","2":"type-product","3":"status-publish","4":"has-post-thumbnail","6":"product_cat-education","8":"first","9":"instock","10":"shipping-taxable","11":"purchasable","12":"product-type-simple"},"_links":{"self":[{"href":"https:\/\/lamaktaba.fr\/index.php\/wp-json\/wp\/v2\/product\/37186","targetHints":{"allow":["GET"]}}],"collection":[{"href":"https:\/\/lamaktaba.fr\/index.php\/wp-json\/wp\/v2\/product"}],"about":[{"href":"https:\/\/lamaktaba.fr\/index.php\/wp-json\/wp\/v2\/types\/product"}],"replies":[{"embeddable":true,"href":"https:\/\/lamaktaba.fr\/index.php\/wp-json\/wp\/v2\/comments?post=37186"}],"wp:featuredmedia":[{"embeddable":true,"href":"https:\/\/lamaktaba.fr\/index.php\/wp-json\/wp\/v2\/media\/37187"}],"wp:attachment":[{"href":"https:\/\/lamaktaba.fr\/index.php\/wp-json\/wp\/v2\/media?parent=37186"}],"wp:term":[{"taxonomy":"product_brand","embeddable":true,"href":"https:\/\/lamaktaba.fr\/index.php\/wp-json\/wp\/v2\/product_brand?post=37186"},{"taxonomy":"product_cat","embeddable":true,"href":"https:\/\/lamaktaba.fr\/index.php\/wp-json\/wp\/v2\/product_cat?post=37186"},{"taxonomy":"product_tag","embeddable":true,"href":"https:\/\/lamaktaba.fr\/index.php\/wp-json\/wp\/v2\/product_tag?post=37186"}],"curies":[{"name":"wp","href":"https:\/\/api.w.org\/{rel}","templated":true}]}}