{"id":37183,"date":"2021-01-04T00:16:00","date_gmt":"2021-01-03T23:16:00","guid":{"rendered":"https:\/\/lamaktaba.fr\/index.php\/produit\/labrege-de-lexegese-des-40-hadith-nawawi\/"},"modified":"2025-04-01T12:45:08","modified_gmt":"2025-04-01T10:45:08","slug":"labrege-de-lexegese-des-40-hadith-nawawi","status":"publish","type":"product","link":"https:\/\/lamaktaba.fr\/index.php\/produit\/labrege-de-lexegese-des-40-hadith-nawawi","title":{"rendered":"L&rsquo;abr\u00e9g\u00e9 de l&rsquo;ex\u00e9g\u00e8se des 40 Had\u00eeth Nawawi"},"content":{"rendered":"<p>L&rsquo;abr\u00e9g\u00e9 de l&rsquo;ex\u00e9g\u00e8se des 40 Had\u00eeths Nawawi;L&rsquo;abr\u00e9g\u00e9 de l&rsquo;ex\u00e9g\u00e8se des 40 Had\u00eeths Nawawi, Commentaire: Mustaf\u00e2 al-Bugh\u00e2 et Muhy\u00ee ad-D\u00een Mist\u00fb, Maison d&rsquo;Ennour;Conna\u00eetre par c\u0153ur les Quarante Had\u00eeth ou d\u2019autres had\u00eeth du Proph\u00e8te (SBDL) constitue sans aucun doute une \u0153uvre pie qui rapproche de Dieu, mais cela ne suffit pas. Il faut aussi les comprendre et saisir leur sens sans trahir l\u2019esprit de l\u2019Islam tel qu\u2019il est contenu dans les r\u00e8gles fondamentales et g\u00e9n\u00e9rales issues du Coran et de la Sunna du Proph\u00e8te (SBDL). D\u2019o\u00f9 la n\u00e9cessit\u00e9 de se tourner vers les savants et les jurisconsultes (fuqah\u00e2\u2019) qui sont plus que d\u2019autres, notamment les traditionnistes (muhaddith\u00een), habilit\u00e9s \u00e0 comprendre le sens des had\u00eeth, \u00e0 en saisir la port\u00e9e, \u00e0 en d\u00e9duire les r\u00e8gles juridiques et en d\u00e9terminer l\u2019incidence.;Le pr\u00e9sent livre est un abr\u00e9g\u00e9 du commentaire des Quarante Had\u00eeth, \u00e9crit par Mustaf\u00e2 al-Bugh\u00e2 et Muhy\u00ee ad-D\u00een Mist\u00fb. Ces deux auteurs ont suivi la m\u00e9thode suivante: ils expliquent le had\u00eeth, d\u00e9duisent les r\u00e8gles juridiques qu\u2019il renferme et en extraient les enseignements essentiels, en veillant \u00e0 \u00e9tablir des connexions avec la r\u00e9alit\u00e9 sociale des musulmans. Ce livre entend, notamment, exposer l\u2019essentiel de l\u2019Islam puis\u00e9 dans les sources m\u00eames de l\u2019Islam, \u00e0 savoir le Coran et la Sunna du Proph\u00e8te (SBDL).<\/p>\n","protected":false},"excerpt":{"rendered":"<p>L&rsquo;abr\u00e9g\u00e9 de l&rsquo;ex\u00e9g\u00e8se des 40 Had\u00eeths Nawawi;L&rsquo;abr\u00e9g\u00e9 de l&rsquo;ex\u00e9g\u00e8se des 40 Had\u00eeths Nawawi, Commentaire: Mustaf\u00e2 al-Bugh\u00e2 et Muhy\u00ee ad-D\u00een Mist\u00fb, Maison d&rsquo;Ennour;Conna\u00eetre par c\u0153ur les Quarante Had\u00eeth ou d\u2019autres had\u00eeth du Proph\u00e8te (SBDL) constitue sans aucun doute une \u0153uvre pie qui rapproche de Dieu, mais cela ne suffit pas. Il faut aussi les comprendre et saisir leur sens sans trahir l\u2019esprit de l\u2019Islam tel qu\u2019il est contenu dans les r\u00e8gles fondamentales et g\u00e9n\u00e9rales issues du Coran et de la Sunna du Proph\u00e8te (SBDL). D\u2019o\u00f9 la n\u00e9cessit\u00e9 de se tourner vers les savants et les jurisconsultes (fuqah\u00e2\u2019) qui sont plus que d\u2019autres, notamment les traditionnistes (muhaddith\u00een), habilit\u00e9s \u00e0 comprendre le sens des had\u00eeth, \u00e0 en saisir la port\u00e9e, \u00e0 en d\u00e9duire les r\u00e8gles juridiques et en d\u00e9terminer l\u2019incidence.;Le pr\u00e9sent livre est un abr\u00e9g\u00e9 du commentaire des Quarante Had\u00eeth, \u00e9crit par Mustaf\u00e2 al-Bugh\u00e2 et Muhy\u00ee ad-D\u00een Mist\u00fb. Ces deux auteurs ont suivi la m\u00e9thode suivante: ils expliquent le had\u00eeth, d\u00e9duisent les r\u00e8gles juridiques qu\u2019il renferme et en extraient les enseignements essentiels, en veillant \u00e0 \u00e9tablir des connexions avec la r\u00e9alit\u00e9 sociale des musulmans. Ce livre entend, notamment, exposer l\u2019essentiel de l\u2019Islam puis\u00e9 dans les sources m\u00eames de l\u2019Islam, \u00e0 savoir le Coran et la Sunna du Proph\u00e8te (SBDL).<\/p>\n","protected":false},"featured_media":37184,"comment_status":"open","ping_status":"closed","template":"","meta":[],"product_brand":[],"product_cat":[1926],"product_tag":[],"class_list":{"0":"post-37183","1":"product","2":"type-product","3":"status-publish","4":"has-post-thumbnail","6":"product_cat-sciences-du-hadith","7":"pa_annee-481","8":"pa_auteur-auteur-an-nawawi-commentaire-mustafa-al-bugha-muhyi-ad-din-mistu","9":"pa_editeur-maison-dennour-editions-2","10":"pa_format-17-x-24-cm","11":"pa_langue-francais","12":"pa_nombre-de-pages-764","13":"pa_reliure-souple","15":"first","16":"instock","17":"shipping-taxable","18":"purchasable","19":"product-type-simple"},"_links":{"self":[{"href":"https:\/\/lamaktaba.fr\/index.php\/wp-json\/wp\/v2\/product\/37183","targetHints":{"allow":["GET"]}}],"collection":[{"href":"https:\/\/lamaktaba.fr\/index.php\/wp-json\/wp\/v2\/product"}],"about":[{"href":"https:\/\/lamaktaba.fr\/index.php\/wp-json\/wp\/v2\/types\/product"}],"replies":[{"embeddable":true,"href":"https:\/\/lamaktaba.fr\/index.php\/wp-json\/wp\/v2\/comments?post=37183"}],"wp:featuredmedia":[{"embeddable":true,"href":"https:\/\/lamaktaba.fr\/index.php\/wp-json\/wp\/v2\/media\/37184"}],"wp:attachment":[{"href":"https:\/\/lamaktaba.fr\/index.php\/wp-json\/wp\/v2\/media?parent=37183"}],"wp:term":[{"taxonomy":"product_brand","embeddable":true,"href":"https:\/\/lamaktaba.fr\/index.php\/wp-json\/wp\/v2\/product_brand?post=37183"},{"taxonomy":"product_cat","embeddable":true,"href":"https:\/\/lamaktaba.fr\/index.php\/wp-json\/wp\/v2\/product_cat?post=37183"},{"taxonomy":"product_tag","embeddable":true,"href":"https:\/\/lamaktaba.fr\/index.php\/wp-json\/wp\/v2\/product_tag?post=37183"}],"curies":[{"name":"wp","href":"https:\/\/api.w.org\/{rel}","templated":true}]}}