{"id":37167,"date":"2021-04-01T00:16:55","date_gmt":"2021-03-31T22:16:55","guid":{"rendered":"https:\/\/lamaktaba.fr\/index.php\/produit\/ma-soeur-voila-comment-allah-et-son-messager-veulent-que-tu-sois-shaykh-amr-al-munim-salim-livre\/"},"modified":"2025-04-01T12:44:10","modified_gmt":"2025-04-01T10:44:10","slug":"ma-soeur-voila-comment-allah-et-son-messager-veulent-que-tu-sois-shaykh-amr-al-munim-salim-livre","status":"publish","type":"product","link":"https:\/\/lamaktaba.fr\/index.php\/produit\/ma-soeur-voila-comment-allah-et-son-messager-veulent-que-tu-sois-shaykh-amr-al-munim-salim-livre","title":{"rendered":"Ma soeur, voil\u00e0 comment Allah et Son Messager veulent que tu sois ! &#8211; Shaykh &lsquo;Amr al-Mun&rsquo;im Salim &#8211; Livre"},"content":{"rendered":"<p>Cet ouvrage est un rappel non sans int\u00e9r\u00eat pour les musulmanes vertueuses et les croyantes pieuses quand \u00e0 l&rsquo;attitude g\u00e9n\u00e9rale qu&rsquo;elle doivent adopter. Il se distinguent de la plupart des \u00e9crits publi\u00e9s \u00e0 ce sujet par son c\u00f4t\u00e9 pratique et ses nombreux conseils qui ne manqueront pas d&rsquo;\u00e9clairer celles qui d\u00e9sirent am\u00e9liorer leur vie quotidienne dans l&rsquo;ob\u00e9issance de leur Seigneur.;La femme musulmane es certes le pilier sur lequel la famille musulmane est construite, elle est le champ de protection pour ce foyer et l&rsquo;\u00e9cole pour les g\u00e9n\u00e9rations futures.<\/p>\n","protected":false},"excerpt":{"rendered":"<p>Cet ouvrage est un rappel non sans int\u00e9r\u00eat pour les musulmanes vertueuses et les croyantes pieuses quand \u00e0 l&rsquo;attitude g\u00e9n\u00e9rale qu&rsquo;elle doivent adopter. Il se distinguent de la plupart des \u00e9crits publi\u00e9s \u00e0 ce sujet par son c\u00f4t\u00e9 pratique et ses nombreux conseils qui ne manqueront pas d&rsquo;\u00e9clairer celles qui d\u00e9sirent am\u00e9liorer leur vie quotidienne dans l&rsquo;ob\u00e9issance de leur Seigneur.;La femme musulmane es certes le pilier sur lequel la famille musulmane est construite, elle est le champ de protection pour ce foyer et l&rsquo;\u00e9cole pour les g\u00e9n\u00e9rations futures.<\/p>\n","protected":false},"featured_media":37168,"comment_status":"open","ping_status":"closed","template":"","meta":[],"product_brand":[],"product_cat":[1921,1906,1922],"product_tag":[],"class_list":{"0":"post-37167","1":"product","2":"type-product","3":"status-publish","4":"has-post-thumbnail","6":"product_cat-exhortation","7":"product_cat-femmes-livres","8":"product_cat-femmes-mariage-et-famille","10":"first","11":"outofstock","12":"shipping-taxable","13":"purchasable","14":"product-type-simple"},"_links":{"self":[{"href":"https:\/\/lamaktaba.fr\/index.php\/wp-json\/wp\/v2\/product\/37167","targetHints":{"allow":["GET"]}}],"collection":[{"href":"https:\/\/lamaktaba.fr\/index.php\/wp-json\/wp\/v2\/product"}],"about":[{"href":"https:\/\/lamaktaba.fr\/index.php\/wp-json\/wp\/v2\/types\/product"}],"replies":[{"embeddable":true,"href":"https:\/\/lamaktaba.fr\/index.php\/wp-json\/wp\/v2\/comments?post=37167"}],"wp:featuredmedia":[{"embeddable":true,"href":"https:\/\/lamaktaba.fr\/index.php\/wp-json\/wp\/v2\/media\/37168"}],"wp:attachment":[{"href":"https:\/\/lamaktaba.fr\/index.php\/wp-json\/wp\/v2\/media?parent=37167"}],"wp:term":[{"taxonomy":"product_brand","embeddable":true,"href":"https:\/\/lamaktaba.fr\/index.php\/wp-json\/wp\/v2\/product_brand?post=37167"},{"taxonomy":"product_cat","embeddable":true,"href":"https:\/\/lamaktaba.fr\/index.php\/wp-json\/wp\/v2\/product_cat?post=37167"},{"taxonomy":"product_tag","embeddable":true,"href":"https:\/\/lamaktaba.fr\/index.php\/wp-json\/wp\/v2\/product_tag?post=37167"}],"curies":[{"name":"wp","href":"https:\/\/api.w.org\/{rel}","templated":true}]}}