{"id":37112,"date":"2021-04-01T00:16:45","date_gmt":"2021-03-31T22:16:45","guid":{"rendered":"https:\/\/lamaktaba.fr\/index.php\/produit\/arc-en-ciel-volume-1-manuel-denseignement-pedagogique-des-bases-de-lislam-nouvelle-version-revue-et-corrigee\/"},"modified":"2025-04-01T12:44:57","modified_gmt":"2025-04-01T10:44:57","slug":"arc-en-ciel-volume-1-manuel-denseignement-pedagogique-des-bases-de-lislam-nouvelle-version-revue-et-corrigee","status":"publish","type":"product","link":"https:\/\/lamaktaba.fr\/index.php\/produit\/arc-en-ciel-volume-1-manuel-denseignement-pedagogique-des-bases-de-lislam-nouvelle-version-revue-et-corrigee","title":{"rendered":"Arc-En-Ciel Volume 1: Manuel d&rsquo;Enseignement P\u00e9dagogique des Bases de l&rsquo;Islam (Nouvelle version revue et corrig\u00e9e)"},"content":{"rendered":"<p>Manuel d&rsquo;Enseignement P\u00e9dagogique des Bases de l&rsquo; Islam, S\u00e9rie Arc en Ciel, Volume 1, Nouvelle version revue et corrig\u00e9e;La croyance &#8211; L&rsquo;adoration &#8211; Sourates &#8211; Hadiths &#8211; La vie du proph\u00e8te &#8211; Les bonnes mani\u00e8res;C&rsquo;est avec plaisir que nous vous pr\u00e9sentons la nouvelle \u00e9dition de la s\u00e9rie ARC-en-ciel, mais qu&rsquo;y a-t-il-de nouveau?;Neuf ann\u00e9es se sont \u00e9coul\u00e9es depuis sa premi\u00e8re \u00e9dition et nous avons estim\u00e9 que le moment \u00e9tait venu de donner \u00e0 cette s\u00e9rie didactique une seconde vie et de lui permettre de faire peau neuve.;Le nouveau se situe au niveau du design int\u00e9rieur que nous avons voulu plus agr\u00e9able et plus a\u00e9r\u00e9, du contenu retravaill\u00e9 de mani\u00e8re \u00e0 ce qu&rsquo;il corresponde davantage avec notre contexte occidental et \u00e0 ce qu&rsquo;il ne se pr\u00eate pas \u00e0 l&rsquo;ambigu\u00eft\u00e9, des exercices qui ont \u00e9t\u00e9 repens\u00e9s afin de les rendre plus adapt\u00e9s aux besoins de l&rsquo;enseignement et au niveau des \u00e9l\u00e8ves.;Ceci dit, rappelons que l&rsquo;\u00e9ducation des enfants est primordiale, c&rsquo;est un fait ind\u00e9niable. Or, l&rsquo;ordre divin \u00e0 ce propos rend l&rsquo;affaire encore plus essentielle. Chaque parent doit se soucier de cette \u00e9ducation, de m\u00eame que tout instituteur. Mais le probl\u00e8me est de trouver une m\u00e9thode adapt\u00e9e aux enfants afin de leur faire comprendre simplement ce qui peut s&rsquo;av\u00e9rer \u00eatre parfois tr\u00e8s complexe \u00e0 expliquer, que se soit au niveau des r\u00e8gles fondamentales de la vie ou des principes premiers de la religion.;Il peut en r\u00e9sulter soit une incompr\u00e9hension totale des sujets abord\u00e9s par les parents ou les instituteurs, soit une compr\u00e9hension partielle mais accompagn\u00e9e d&rsquo;une autre erron\u00e9e due \u00e0 une explication inadapt\u00e9e, voire m\u00eame l&rsquo;abandon pur et simple de sujets essentiels trop complexes \u00e0 d\u00e9velopper, ce qui est un \u00e9chec dans l&rsquo;effort didactique. Ainsi, la r\u00e9ussite d&rsquo;un programme \u00e9ducatif ne d\u00e9pend pas seulement de sa valeur scientifique mais bien de la p\u00e9dagogie appliqu\u00e9e, des efforts de l&rsquo;enseignant et du travail de l&rsquo;\u00e9l\u00e8ve.;Voil\u00e0 pourquoi les \u00e9ditions al-hadith vous pr\u00e9sentent leur humble contribution dans ce domaine en esp\u00e9rant voir ses couleurs s&rsquo;\u00e9panouir tel un \u00a0\u00bb Arc-en-Ciel \u00ab\u00a0. Il s&rsquo;agit donc de manuels d&rsquo;enseignement p\u00e9dagogique des bases de la religion islamique.;Marque ALHADITH Editions R\u00e9f\u00e9rence 9782875451224;Fiche technique AUTEUR: &#8211; Collectif LANGUE: &#8211; Fran\u00e7ais (Les sourates et les hadiths sont en Arabe et en Fran\u00e7ais) ANNEE: &#8211; 2016 SUPPORT: &#8211; Livre THEME: &#8211; Bases islam, Enfants \u00c9DITIONS: &#8211; Al-Had\u00eeth Condition: &#8211; Neuf Nombre de Pages: &#8211; 80 FORMAT (CM): 21 x 29.5 cm Poids (kg): &#8211; 0.241 kg EAN13: &#8211; 9782875451224 RELIURE: &#8211; Souple;R\u00e9f\u00e9rences sp\u00e9cifiques;Donnez votre avis;Aucun commentaire pour le moment<\/p>\n","protected":false},"excerpt":{"rendered":"<p>Manuel d&rsquo;Enseignement P\u00e9dagogique des Bases de l&rsquo; Islam, S\u00e9rie Arc en Ciel, Volume 1, Nouvelle version revue et corrig\u00e9e;La croyance &#8211; L&rsquo;adoration &#8211; Sourates &#8211; Hadiths &#8211; La vie du proph\u00e8te &#8211; Les bonnes mani\u00e8res;C&rsquo;est avec plaisir que nous vous pr\u00e9sentons la nouvelle \u00e9dition de la s\u00e9rie ARC-en-ciel, mais qu&rsquo;y a-t-il-de nouveau?;Neuf ann\u00e9es se sont \u00e9coul\u00e9es depuis sa premi\u00e8re \u00e9dition et nous avons estim\u00e9 que le moment \u00e9tait venu de donner \u00e0 cette s\u00e9rie didactique une seconde vie et de lui permettre de faire peau neuve.;Le nouveau se situe au niveau du design int\u00e9rieur que nous avons voulu plus agr\u00e9able et plus a\u00e9r\u00e9, du contenu retravaill\u00e9 de mani\u00e8re \u00e0 ce qu&rsquo;il corresponde davantage avec notre contexte occidental et \u00e0 ce qu&rsquo;il ne se pr\u00eate pas \u00e0 l&rsquo;ambigu\u00eft\u00e9, des exercices qui ont \u00e9t\u00e9 repens\u00e9s afin de les rendre plus adapt\u00e9s aux besoins de l&rsquo;enseignement et au niveau des \u00e9l\u00e8ves.;Ceci dit, rappelons que l&rsquo;\u00e9ducation des enfants est primordiale, c&rsquo;est un fait ind\u00e9niable. Or, l&rsquo;ordre divin \u00e0 ce propos rend l&rsquo;affaire encore plus essentielle. Chaque parent doit se soucier de cette \u00e9ducation, de m\u00eame que tout instituteur. Mais le probl\u00e8me est de trouver une m\u00e9thode adapt\u00e9e aux enfants afin de leur faire comprendre simplement ce qui peut s&rsquo;av\u00e9rer \u00eatre parfois tr\u00e8s complexe \u00e0 expliquer, que se soit au niveau des r\u00e8gles fondamentales de la vie ou des principes premiers de la religion.;Il peut en r\u00e9sulter soit une incompr\u00e9hension totale des sujets abord\u00e9s par les parents ou les instituteurs, soit une compr\u00e9hension partielle mais accompagn\u00e9e d&rsquo;une autre erron\u00e9e due \u00e0 une explication inadapt\u00e9e, voire m\u00eame l&rsquo;abandon pur et simple de sujets essentiels trop complexes \u00e0 d\u00e9velopper, ce qui est un \u00e9chec dans l&rsquo;effort didactique. Ainsi, la r\u00e9ussite d&rsquo;un programme \u00e9ducatif ne d\u00e9pend pas seulement de sa valeur scientifique mais bien de la p\u00e9dagogie appliqu\u00e9e, des efforts de l&rsquo;enseignant et du travail de l&rsquo;\u00e9l\u00e8ve.;Voil\u00e0 pourquoi les \u00e9ditions al-hadith vous pr\u00e9sentent leur humble contribution dans ce domaine en esp\u00e9rant voir ses couleurs s&rsquo;\u00e9panouir tel un \u00a0\u00bb Arc-en-Ciel \u00ab\u00a0. Il s&rsquo;agit donc de manuels d&rsquo;enseignement p\u00e9dagogique des bases de la religion islamique.;Marque ALHADITH Editions R\u00e9f\u00e9rence 9782875451224;Fiche technique AUTEUR: &#8211; Collectif LANGUE: &#8211; Fran\u00e7ais (Les sourates et les hadiths sont en Arabe et en Fran\u00e7ais) ANNEE: &#8211; 2016 SUPPORT: &#8211; Livre THEME: &#8211; Bases islam, Enfants \u00c9DITIONS: &#8211; Al-Had\u00eeth Condition: &#8211; Neuf Nombre de Pages: &#8211; 80 FORMAT (CM): 21 x 29.5 cm Poids (kg): &#8211; 0.241 kg EAN13: &#8211; 9782875451224 RELIURE: &#8211; Souple;R\u00e9f\u00e9rences sp\u00e9cifiques;Donnez votre avis;Aucun commentaire pour le moment<\/p>\n","protected":false},"featured_media":37113,"comment_status":"open","ping_status":"closed","template":"","meta":[],"product_brand":[],"product_cat":[15],"product_tag":[],"class_list":{"0":"post-37112","1":"product","2":"type-product","3":"status-publish","4":"has-post-thumbnail","6":"product_cat-non-classe","8":"first","9":"outofstock","10":"shipping-taxable","11":"purchasable","12":"product-type-simple"},"_links":{"self":[{"href":"https:\/\/lamaktaba.fr\/index.php\/wp-json\/wp\/v2\/product\/37112","targetHints":{"allow":["GET"]}}],"collection":[{"href":"https:\/\/lamaktaba.fr\/index.php\/wp-json\/wp\/v2\/product"}],"about":[{"href":"https:\/\/lamaktaba.fr\/index.php\/wp-json\/wp\/v2\/types\/product"}],"replies":[{"embeddable":true,"href":"https:\/\/lamaktaba.fr\/index.php\/wp-json\/wp\/v2\/comments?post=37112"}],"wp:featuredmedia":[{"embeddable":true,"href":"https:\/\/lamaktaba.fr\/index.php\/wp-json\/wp\/v2\/media\/37113"}],"wp:attachment":[{"href":"https:\/\/lamaktaba.fr\/index.php\/wp-json\/wp\/v2\/media?parent=37112"}],"wp:term":[{"taxonomy":"product_brand","embeddable":true,"href":"https:\/\/lamaktaba.fr\/index.php\/wp-json\/wp\/v2\/product_brand?post=37112"},{"taxonomy":"product_cat","embeddable":true,"href":"https:\/\/lamaktaba.fr\/index.php\/wp-json\/wp\/v2\/product_cat?post=37112"},{"taxonomy":"product_tag","embeddable":true,"href":"https:\/\/lamaktaba.fr\/index.php\/wp-json\/wp\/v2\/product_tag?post=37112"}],"curies":[{"name":"wp","href":"https:\/\/api.w.org\/{rel}","templated":true}]}}