{"id":37056,"date":"2021-04-01T00:16:31","date_gmt":"2021-03-31T22:16:31","guid":{"rendered":"https:\/\/lamaktaba.fr\/index.php\/produit\/methode-medine-t2-__-ed-elkiteb-2015-arabe-francais-apprentissage-de-la-langue-arabe\/"},"modified":"2025-04-01T12:47:26","modified_gmt":"2025-04-01T10:47:26","slug":"methode-medine-t2-__-ed-elkiteb-2015-arabe-francais-apprentissage-de-la-langue-arabe","status":"publish","type":"product","link":"https:\/\/lamaktaba.fr\/index.php\/produit\/methode-medine-t2-__-ed-elkiteb-2015-arabe-francais-apprentissage-de-la-langue-arabe","title":{"rendered":"M\u00e9thode M\u00e9dine T2\/__ Ed ELKITEB 2015 (Arabe\/Fran\u00e7ais) -Apprentissage de la langue Arabe."},"content":{"rendered":"<p>M\u00e9thode M\u00e9dine d&rsquo;apprentissage de la langue Arabe, tome 2 &#8211; Editions 2015 EL KITEB, (Arabe-Fran\u00e7ais);Titre: M\u00e9thode d&rsquo;apprentissage de la langue Arabe (T2);Auteur: Fahd Abdourrahim;Edition: EL KITEB;Support: Livre;Theme: La langue Arabe;Description: Il s&rsquo;agit du second volume de grammaire utilis\u00e9 \u00e0 l&rsquo;universit\u00e9 islamique de M\u00e9dine pour enseigner la langue arabe \u00e0 ceux qui ne la parlent pas. Toutes les caract\u00e9ristiques du premier volume, avec lesquelles le d\u00e9butant s&rsquo;est d\u00e9j\u00e0 familiaris\u00e9, ont \u00e9t\u00e9 conserv\u00e9es dans ce second volume.<\/p>\n","protected":false},"excerpt":{"rendered":"<p>M\u00e9thode M\u00e9dine d&rsquo;apprentissage de la langue Arabe, tome 2 &#8211; Editions 2015 EL KITEB, (Arabe-Fran\u00e7ais);Titre: M\u00e9thode d&rsquo;apprentissage de la langue Arabe (T2);Auteur: Fahd Abdourrahim;Edition: EL KITEB;Support: Livre;Theme: La langue Arabe;Description: Il s&rsquo;agit du second volume de grammaire utilis\u00e9 \u00e0 l&rsquo;universit\u00e9 islamique de M\u00e9dine pour enseigner la langue arabe \u00e0 ceux qui ne la parlent pas. Toutes les caract\u00e9ristiques du premier volume, avec lesquelles le d\u00e9butant s&rsquo;est d\u00e9j\u00e0 familiaris\u00e9, ont \u00e9t\u00e9 conserv\u00e9es dans ce second volume.<\/p>\n","protected":false},"featured_media":37057,"comment_status":"open","ping_status":"closed","template":"","meta":[],"product_brand":[],"product_cat":[15],"product_tag":[],"class_list":{"0":"post-37056","1":"product","2":"type-product","3":"status-publish","4":"has-post-thumbnail","6":"product_cat-non-classe","8":"first","9":"outofstock","10":"shipping-taxable","11":"purchasable","12":"product-type-simple"},"_links":{"self":[{"href":"https:\/\/lamaktaba.fr\/index.php\/wp-json\/wp\/v2\/product\/37056","targetHints":{"allow":["GET"]}}],"collection":[{"href":"https:\/\/lamaktaba.fr\/index.php\/wp-json\/wp\/v2\/product"}],"about":[{"href":"https:\/\/lamaktaba.fr\/index.php\/wp-json\/wp\/v2\/types\/product"}],"replies":[{"embeddable":true,"href":"https:\/\/lamaktaba.fr\/index.php\/wp-json\/wp\/v2\/comments?post=37056"}],"wp:featuredmedia":[{"embeddable":true,"href":"https:\/\/lamaktaba.fr\/index.php\/wp-json\/wp\/v2\/media\/37057"}],"wp:attachment":[{"href":"https:\/\/lamaktaba.fr\/index.php\/wp-json\/wp\/v2\/media?parent=37056"}],"wp:term":[{"taxonomy":"product_brand","embeddable":true,"href":"https:\/\/lamaktaba.fr\/index.php\/wp-json\/wp\/v2\/product_brand?post=37056"},{"taxonomy":"product_cat","embeddable":true,"href":"https:\/\/lamaktaba.fr\/index.php\/wp-json\/wp\/v2\/product_cat?post=37056"},{"taxonomy":"product_tag","embeddable":true,"href":"https:\/\/lamaktaba.fr\/index.php\/wp-json\/wp\/v2\/product_tag?post=37056"}],"curies":[{"name":"wp","href":"https:\/\/api.w.org\/{rel}","templated":true}]}}