{"id":37037,"date":"2021-04-01T00:16:27","date_gmt":"2021-03-31T22:16:27","guid":{"rendered":"https:\/\/lamaktaba.fr\/index.php\/produit\/les-secrets-de-la-priere-de-ibn-al-qayyim-2eme-edition\/"},"modified":"2025-04-01T12:44:57","modified_gmt":"2025-04-01T10:44:57","slug":"les-secrets-de-la-priere-de-ibn-al-qayyim-2eme-edition","status":"publish","type":"product","link":"https:\/\/lamaktaba.fr\/index.php\/produit\/les-secrets-de-la-priere-de-ibn-al-qayyim-2eme-edition","title":{"rendered":"Les secrets de la pri\u00e8re, de Ibn Al-Qayyim (2\u00e8me \u00e9dition)"},"content":{"rendered":"<p>Les secrets de la pri\u00e8re, de Ibn Al-Qayyim Al-Jawziyyah (2\u00e8me \u00e9dition);Nul doute que la pri\u00e8re est une source de r\u00e9jouissance pour ceux qui aiment Allah et un plaisir pour l&rsquo;\u00e2me des monoth\u00e9istes. C&rsquo;est aussi le jardin des adorateurs et une d\u00e9lectation pour l&rsquo;esprit de ceux qui se recueillent. C&rsquo;est par la pri\u00e8re que les \u00eatres sinc\u00e8res \u00e9valuent leur foi et c&rsquo;est elle qui permet \u00e0 ceux qui cheminent vers Allah d&rsquo;appr\u00e9cier le chemin parcouru. Enfin, la pri\u00e8re est une mis\u00e9ricorde qu&rsquo;Allah a offerte \u00e0 Ses serviteurs croyants.;Dans cet ouvrage, Ibn Al-Qayyim, \u00ab le m\u00e9decin des c\u0153urs \u00bb, nous pr\u00e9sente en d\u00e9tail ce que le coeur doit \u00e9prouver et comment il doit se comporter lors de l\u2019accomplissement de chacun des gestes constituant la pri\u00e8re. En mettant en pratique ses propos, le musulman go\u00fbtera alors, par la permission d\u2019Allah, au plaisir de l\u2019adoration et aux douceurs de la pri\u00e8re.;R\u00e9f\u00e9rence 9782916457130;Fiche technique AUTEUR: &#8211; Ibn Al-Qayyim Al-Jawziyyah LANGUE: -.Fran\u00e7ais ANNEE: &#8211; 2017 SUPPORT: &#8211; Livre THEME: &#8211; Pri\u00e8re \u00c9DITIONS: &#8211; Tawbah Condition: &#8211; Neuf Nombre de Pages: &#8211; 76 FORMAT (CM): 14 x 20 cm Poids (kg): &#8211; 0.126 kg EAN13: &#8211; 9782916457130 RELIURE: &#8211; Souple;R\u00e9f\u00e9rences sp\u00e9cifiques;Donnez votre avis;Aucun commentaire pour le moment<\/p>\n","protected":false},"excerpt":{"rendered":"<p>Les secrets de la pri\u00e8re, de Ibn Al-Qayyim Al-Jawziyyah (2\u00e8me \u00e9dition);Nul doute que la pri\u00e8re est une source de r\u00e9jouissance pour ceux qui aiment Allah et un plaisir pour l&rsquo;\u00e2me des monoth\u00e9istes. C&rsquo;est aussi le jardin des adorateurs et une d\u00e9lectation pour l&rsquo;esprit de ceux qui se recueillent. C&rsquo;est par la pri\u00e8re que les \u00eatres sinc\u00e8res \u00e9valuent leur foi et c&rsquo;est elle qui permet \u00e0 ceux qui cheminent vers Allah d&rsquo;appr\u00e9cier le chemin parcouru. Enfin, la pri\u00e8re est une mis\u00e9ricorde qu&rsquo;Allah a offerte \u00e0 Ses serviteurs croyants.;Dans cet ouvrage, Ibn Al-Qayyim, \u00ab le m\u00e9decin des c\u0153urs \u00bb, nous pr\u00e9sente en d\u00e9tail ce que le coeur doit \u00e9prouver et comment il doit se comporter lors de l\u2019accomplissement de chacun des gestes constituant la pri\u00e8re. En mettant en pratique ses propos, le musulman go\u00fbtera alors, par la permission d\u2019Allah, au plaisir de l\u2019adoration et aux douceurs de la pri\u00e8re.;R\u00e9f\u00e9rence 9782916457130;Fiche technique AUTEUR: &#8211; Ibn Al-Qayyim Al-Jawziyyah LANGUE: -.Fran\u00e7ais ANNEE: &#8211; 2017 SUPPORT: &#8211; Livre THEME: &#8211; Pri\u00e8re \u00c9DITIONS: &#8211; Tawbah Condition: &#8211; Neuf Nombre de Pages: &#8211; 76 FORMAT (CM): 14 x 20 cm Poids (kg): &#8211; 0.126 kg EAN13: &#8211; 9782916457130 RELIURE: &#8211; Souple;R\u00e9f\u00e9rences sp\u00e9cifiques;Donnez votre avis;Aucun commentaire pour le moment<\/p>\n","protected":false},"featured_media":37038,"comment_status":"open","ping_status":"closed","template":"","meta":[],"product_brand":[],"product_cat":[15],"product_tag":[],"class_list":{"0":"post-37037","1":"product","2":"type-product","3":"status-publish","4":"has-post-thumbnail","6":"product_cat-non-classe","8":"first","9":"outofstock","10":"shipping-taxable","11":"purchasable","12":"product-type-simple"},"_links":{"self":[{"href":"https:\/\/lamaktaba.fr\/index.php\/wp-json\/wp\/v2\/product\/37037","targetHints":{"allow":["GET"]}}],"collection":[{"href":"https:\/\/lamaktaba.fr\/index.php\/wp-json\/wp\/v2\/product"}],"about":[{"href":"https:\/\/lamaktaba.fr\/index.php\/wp-json\/wp\/v2\/types\/product"}],"replies":[{"embeddable":true,"href":"https:\/\/lamaktaba.fr\/index.php\/wp-json\/wp\/v2\/comments?post=37037"}],"wp:featuredmedia":[{"embeddable":true,"href":"https:\/\/lamaktaba.fr\/index.php\/wp-json\/wp\/v2\/media\/37038"}],"wp:attachment":[{"href":"https:\/\/lamaktaba.fr\/index.php\/wp-json\/wp\/v2\/media?parent=37037"}],"wp:term":[{"taxonomy":"product_brand","embeddable":true,"href":"https:\/\/lamaktaba.fr\/index.php\/wp-json\/wp\/v2\/product_brand?post=37037"},{"taxonomy":"product_cat","embeddable":true,"href":"https:\/\/lamaktaba.fr\/index.php\/wp-json\/wp\/v2\/product_cat?post=37037"},{"taxonomy":"product_tag","embeddable":true,"href":"https:\/\/lamaktaba.fr\/index.php\/wp-json\/wp\/v2\/product_tag?post=37037"}],"curies":[{"name":"wp","href":"https:\/\/api.w.org\/{rel}","templated":true}]}}