{"id":37030,"date":"2021-04-01T00:16:25","date_gmt":"2021-03-31T22:16:25","guid":{"rendered":"https:\/\/lamaktaba.fr\/index.php\/produit\/il-ressemble-a-quoi-allah\/"},"modified":"2025-04-01T12:45:51","modified_gmt":"2025-04-01T10:45:51","slug":"il-ressemble-a-quoi-allah","status":"publish","type":"product","link":"https:\/\/lamaktaba.fr\/index.php\/produit\/il-ressemble-a-quoi-allah","title":{"rendered":"Il ressemble \u00e0 quoi Allah?"},"content":{"rendered":"<p>Il ressemble \u00e0 quoi Allah?;Des mots simples pour les petits.;AVEC GUIDE P\u00c9DAGOGIQUE pour accompagner parents et enseignant.e.s;Ce livre, tout simplement g\u00e9nial et d\u2019un genre nouveau, va ravir vos enfants et leur permettre de comprendre, gr\u00e2ce \u00e0 des rep\u00e8res \u00e0 leur port\u00e9e, que rien ne ressemble \u00e0 Allah ! Il ne s\u2019agit pas seulement de le penser, il faut \u00e9galement sentir au plus profond de soi qu\u2019Allah est v\u00e9ritablement Unique ! Un guide bienveillant vous accompagne tout au long des pages pour proposer diverses activit\u00e9s attrayantes\u2026;Dans la m\u00eame s\u00e9rie: EST GRAND COMMENT ALLAH? \u00bb;Un livre super chouette pour comprendre qu\u2019Allah Tout-Puissant est plus Grand que tout<\/p>\n","protected":false},"excerpt":{"rendered":"<p>Il ressemble \u00e0 quoi Allah?;Des mots simples pour les petits.;AVEC GUIDE P\u00c9DAGOGIQUE pour accompagner parents et enseignant.e.s;Ce livre, tout simplement g\u00e9nial et d\u2019un genre nouveau, va ravir vos enfants et leur permettre de comprendre, gr\u00e2ce \u00e0 des rep\u00e8res \u00e0 leur port\u00e9e, que rien ne ressemble \u00e0 Allah ! Il ne s\u2019agit pas seulement de le penser, il faut \u00e9galement sentir au plus profond de soi qu\u2019Allah est v\u00e9ritablement Unique ! Un guide bienveillant vous accompagne tout au long des pages pour proposer diverses activit\u00e9s attrayantes\u2026;Dans la m\u00eame s\u00e9rie: EST GRAND COMMENT ALLAH? \u00bb;Un livre super chouette pour comprendre qu\u2019Allah Tout-Puissant est plus Grand que tout<\/p>\n","protected":false},"featured_media":37031,"comment_status":"open","ping_status":"closed","template":"","meta":[],"product_brand":[],"product_cat":[15],"product_tag":[],"class_list":{"0":"post-37030","1":"product","2":"type-product","3":"status-publish","4":"has-post-thumbnail","6":"product_cat-non-classe","8":"first","9":"outofstock","10":"shipping-taxable","11":"purchasable","12":"product-type-simple"},"_links":{"self":[{"href":"https:\/\/lamaktaba.fr\/index.php\/wp-json\/wp\/v2\/product\/37030","targetHints":{"allow":["GET"]}}],"collection":[{"href":"https:\/\/lamaktaba.fr\/index.php\/wp-json\/wp\/v2\/product"}],"about":[{"href":"https:\/\/lamaktaba.fr\/index.php\/wp-json\/wp\/v2\/types\/product"}],"replies":[{"embeddable":true,"href":"https:\/\/lamaktaba.fr\/index.php\/wp-json\/wp\/v2\/comments?post=37030"}],"wp:featuredmedia":[{"embeddable":true,"href":"https:\/\/lamaktaba.fr\/index.php\/wp-json\/wp\/v2\/media\/37031"}],"wp:attachment":[{"href":"https:\/\/lamaktaba.fr\/index.php\/wp-json\/wp\/v2\/media?parent=37030"}],"wp:term":[{"taxonomy":"product_brand","embeddable":true,"href":"https:\/\/lamaktaba.fr\/index.php\/wp-json\/wp\/v2\/product_brand?post=37030"},{"taxonomy":"product_cat","embeddable":true,"href":"https:\/\/lamaktaba.fr\/index.php\/wp-json\/wp\/v2\/product_cat?post=37030"},{"taxonomy":"product_tag","embeddable":true,"href":"https:\/\/lamaktaba.fr\/index.php\/wp-json\/wp\/v2\/product_tag?post=37030"}],"curies":[{"name":"wp","href":"https:\/\/api.w.org\/{rel}","templated":true}]}}