{"id":37020,"date":"2021-04-01T00:16:22","date_gmt":"2021-03-31T22:16:22","guid":{"rendered":"https:\/\/lamaktaba.fr\/index.php\/produit\/manuel-de-fiqh\/"},"modified":"2025-04-01T12:47:26","modified_gmt":"2025-04-01T10:47:26","slug":"manuel-de-fiqh","status":"publish","type":"product","link":"https:\/\/lamaktaba.fr\/index.php\/produit\/manuel-de-fiqh","title":{"rendered":"Manuel de fiqh"},"content":{"rendered":"<p>Titre: Manuel de fiqh;Auteur: Ch\u00e9rifi;Edition: IQRA;Support: Livre;Theme: Biblioth\u00e8que des \u00e9tudiants;Description: Les raisons qui nous ont pouss\u00e9s \u00e0 l&rsquo;ouvrage c&rsquo;est l&rsquo;indigence de textes, en mati\u00e8re de jurisprudence, concernant l&rsquo;\u00e9cole hanafite. Nous nous sommes largement inspir\u00e9s de l&rsquo;\u00e9pitom\u00e9, cit\u00e9 ci-dessus, et nous avons essay\u00e9, autant que possible, dans notre traduction, de serrer le commentaire fait par &lsquo;Abdu-l-Ghani Al-Ghan\u00eel\u00ee Ade-Dimachqi, un auteur hanafite du 13eme si\u00e8cle de l&rsquo;H\u00e9gire, sans trop y coller. Pour l&rsquo;explication de certains passages nous avons eu recours aux commentaires de la vaste Somme du Mabs\u00fbt de l&rsquo;im\u00e2m as-sarakhsi ou al-Frat\u00e2w\u00e2 al-Hindiyyah<\/p>\n","protected":false},"excerpt":{"rendered":"<p>Titre: Manuel de fiqh;Auteur: Ch\u00e9rifi;Edition: IQRA;Support: Livre;Theme: Biblioth\u00e8que des \u00e9tudiants;Description: Les raisons qui nous ont pouss\u00e9s \u00e0 l&rsquo;ouvrage c&rsquo;est l&rsquo;indigence de textes, en mati\u00e8re de jurisprudence, concernant l&rsquo;\u00e9cole hanafite. Nous nous sommes largement inspir\u00e9s de l&rsquo;\u00e9pitom\u00e9, cit\u00e9 ci-dessus, et nous avons essay\u00e9, autant que possible, dans notre traduction, de serrer le commentaire fait par &lsquo;Abdu-l-Ghani Al-Ghan\u00eel\u00ee Ade-Dimachqi, un auteur hanafite du 13eme si\u00e8cle de l&rsquo;H\u00e9gire, sans trop y coller. Pour l&rsquo;explication de certains passages nous avons eu recours aux commentaires de la vaste Somme du Mabs\u00fbt de l&rsquo;im\u00e2m as-sarakhsi ou al-Frat\u00e2w\u00e2 al-Hindiyyah<\/p>\n","protected":false},"featured_media":37021,"comment_status":"open","ping_status":"closed","template":"","meta":[],"product_brand":[],"product_cat":[15],"product_tag":[],"class_list":{"0":"post-37020","1":"product","2":"type-product","3":"status-publish","4":"has-post-thumbnail","6":"product_cat-non-classe","8":"first","9":"outofstock","10":"shipping-taxable","11":"purchasable","12":"product-type-simple"},"_links":{"self":[{"href":"https:\/\/lamaktaba.fr\/index.php\/wp-json\/wp\/v2\/product\/37020","targetHints":{"allow":["GET"]}}],"collection":[{"href":"https:\/\/lamaktaba.fr\/index.php\/wp-json\/wp\/v2\/product"}],"about":[{"href":"https:\/\/lamaktaba.fr\/index.php\/wp-json\/wp\/v2\/types\/product"}],"replies":[{"embeddable":true,"href":"https:\/\/lamaktaba.fr\/index.php\/wp-json\/wp\/v2\/comments?post=37020"}],"wp:featuredmedia":[{"embeddable":true,"href":"https:\/\/lamaktaba.fr\/index.php\/wp-json\/wp\/v2\/media\/37021"}],"wp:attachment":[{"href":"https:\/\/lamaktaba.fr\/index.php\/wp-json\/wp\/v2\/media?parent=37020"}],"wp:term":[{"taxonomy":"product_brand","embeddable":true,"href":"https:\/\/lamaktaba.fr\/index.php\/wp-json\/wp\/v2\/product_brand?post=37020"},{"taxonomy":"product_cat","embeddable":true,"href":"https:\/\/lamaktaba.fr\/index.php\/wp-json\/wp\/v2\/product_cat?post=37020"},{"taxonomy":"product_tag","embeddable":true,"href":"https:\/\/lamaktaba.fr\/index.php\/wp-json\/wp\/v2\/product_tag?post=37020"}],"curies":[{"name":"wp","href":"https:\/\/api.w.org\/{rel}","templated":true}]}}