{"id":37003,"date":"2021-04-01T00:16:20","date_gmt":"2021-03-31T22:16:20","guid":{"rendered":"https:\/\/lamaktaba.fr\/index.php\/produit\/cours-dexpression-et-de-lecture-de-luniversite-de-medine-cd-inclus-n1-ed-qortoba-1er-edition-%d8%af%d8%b1%d9%88%d8%b3-%d9%81%d9%8a-%d8%a7%d9%84%d8%aa%d8%b9%d8%a8%d9%8a%d8%b1-%d9%88\/"},"modified":"2025-04-01T12:46:14","modified_gmt":"2025-04-01T10:46:14","slug":"cours-dexpression-et-de-lecture-de-luniversite-de-medine-cd-inclus-n1-ed-qortoba-1er-edition-d8afd8b1d988d8b3-d981d98a-d8a7d984d8aad8b9d8a8d98ad8b1-d988","status":"publish","type":"product","link":"https:\/\/lamaktaba.fr\/index.php\/produit\/cours-dexpression-et-de-lecture-de-luniversite-de-medine-cd-inclus-n1-ed-qortoba-1er-edition-d8afd8b1d988d8b3-d981d98a-d8a7d984d8aad8b9d8a8d98ad8b1-d988","title":{"rendered":"Cours d&rsquo;Expression et de Lecture de L\u2019Universit\u00e9 de M\u00e9dine (CD inclus), N1 &#8211; Ed QORTOBA (1er \u00e9dition)- \u062f\u0631\u0648\u0633 \u0641\u064a \u0627\u0644\u062a\u0639\u0628\u064a\u0631 \u0648 \u0627\u0644\u0642\u0631\u0627\u0621\u0629"},"content":{"rendered":"<p>Cet ouvrage est incontournable pour tout \u00e9tudiant en langue arabe qui souhaite d\u00e9velopper toutes les comp\u00e9tences telles que la compr\u00e9hension, la lecture et l&rsquo;expression \u00e9crite et orale.;Les Cours d&rsquo;expression et de lecture que nous vous proposons sont enseign\u00e9s au premier niveau de l&rsquo;lnstitut d&rsquo;Apprentissage de Langue Arabe de I&rsquo;Universit\u00e9 de M\u00e9dine. lls constituent le compl\u00e9ment parfait des cours de grammaire {plus connus sous le nom de Kit\u00e2b al-Madinah).;La p\u00e9dagogie utilis\u00e9e convient \u00e0 tout d\u00e9butant ayant appris l&rsquo;alphabet seul ou au sein d&rsquo;une structure et d\u00e9sirant enrichir son vocabulaire. Au fil des le\u00e7ons, vous allez acqu\u00e9rir la terminologie islamique du Coran et de la Sunnah et des expressions couramment employ\u00e9es (au restaurant, chez le m\u00e9decin,&#8230;).;En outre, nous avons souhait\u00e9 vous offrir tous les outils pour vous permettre de comprendre les versets coraniques, les ahadiths, les textes et conf\u00e9rences des savants.;Notre apport \u00e0 la version originale;Un CD audio contenant tous les textes, exercices et leurs corrig\u00e9s pour acqu\u00e9rir la bonne prononciation.;L&rsquo;illustration des textes pour d\u00e9velopper la m\u00e9moire visuelle.;La pr\u00e9sentation du vocabulaire sous forme de tableaux pour faciliter sa m\u00e9morisation.;La correction de tous les exercices.;Un lexique des mots nouveaux class\u00e9s par ordre alphab\u00e9tique pour I&rsquo;ensemble du livre (expression et lecture);Marque QORTOBAH Editions R\u00e9f\u00e9rence 9782954465203;Fiche technique ANNEE: &#8211; 2013 SUPPORT: &#8211; Livre THEME: &#8211; La Langue Arabe \u00c9DITIONS: &#8211; QORTOBAH Condition: &#8211; Neuf RELIURE: &#8211; Souple;R\u00e9f\u00e9rences sp\u00e9cifiques;Donnez votre avis;Aucun commentaire pour le moment<\/p>\n","protected":false},"excerpt":{"rendered":"<p>Cet ouvrage est incontournable pour tout \u00e9tudiant en langue arabe qui souhaite d\u00e9velopper toutes les comp\u00e9tences telles que la compr\u00e9hension, la lecture et l&rsquo;expression \u00e9crite et orale.;Les Cours d&rsquo;expression et de lecture que nous vous proposons sont enseign\u00e9s au premier niveau de l&rsquo;lnstitut d&rsquo;Apprentissage de Langue Arabe de I&rsquo;Universit\u00e9 de M\u00e9dine. lls constituent le compl\u00e9ment parfait des cours de grammaire {plus connus sous le nom de Kit\u00e2b al-Madinah).;La p\u00e9dagogie utilis\u00e9e convient \u00e0 tout d\u00e9butant ayant appris l&rsquo;alphabet seul ou au sein d&rsquo;une structure et d\u00e9sirant enrichir son vocabulaire. Au fil des le\u00e7ons, vous allez acqu\u00e9rir la terminologie islamique du Coran et de la Sunnah et des expressions couramment employ\u00e9es (au restaurant, chez le m\u00e9decin,&#8230;).;En outre, nous avons souhait\u00e9 vous offrir tous les outils pour vous permettre de comprendre les versets coraniques, les ahadiths, les textes et conf\u00e9rences des savants.;Notre apport \u00e0 la version originale;Un CD audio contenant tous les textes, exercices et leurs corrig\u00e9s pour acqu\u00e9rir la bonne prononciation.;L&rsquo;illustration des textes pour d\u00e9velopper la m\u00e9moire visuelle.;La pr\u00e9sentation du vocabulaire sous forme de tableaux pour faciliter sa m\u00e9morisation.;La correction de tous les exercices.;Un lexique des mots nouveaux class\u00e9s par ordre alphab\u00e9tique pour I&rsquo;ensemble du livre (expression et lecture);Marque QORTOBAH Editions R\u00e9f\u00e9rence 9782954465203;Fiche technique ANNEE: &#8211; 2013 SUPPORT: &#8211; Livre THEME: &#8211; La Langue Arabe \u00c9DITIONS: &#8211; QORTOBAH Condition: &#8211; Neuf RELIURE: &#8211; Souple;R\u00e9f\u00e9rences sp\u00e9cifiques;Donnez votre avis;Aucun commentaire pour le moment<\/p>\n","protected":false},"featured_media":37004,"comment_status":"open","ping_status":"closed","template":"","meta":[],"product_brand":[],"product_cat":[1914],"product_tag":[],"class_list":{"0":"post-37003","1":"product","2":"type-product","3":"status-publish","4":"has-post-thumbnail","6":"product_cat-apprentissage-arabe","8":"first","9":"instock","10":"shipping-taxable","11":"purchasable","12":"product-type-simple"},"_links":{"self":[{"href":"https:\/\/lamaktaba.fr\/index.php\/wp-json\/wp\/v2\/product\/37003","targetHints":{"allow":["GET"]}}],"collection":[{"href":"https:\/\/lamaktaba.fr\/index.php\/wp-json\/wp\/v2\/product"}],"about":[{"href":"https:\/\/lamaktaba.fr\/index.php\/wp-json\/wp\/v2\/types\/product"}],"replies":[{"embeddable":true,"href":"https:\/\/lamaktaba.fr\/index.php\/wp-json\/wp\/v2\/comments?post=37003"}],"wp:featuredmedia":[{"embeddable":true,"href":"https:\/\/lamaktaba.fr\/index.php\/wp-json\/wp\/v2\/media\/37004"}],"wp:attachment":[{"href":"https:\/\/lamaktaba.fr\/index.php\/wp-json\/wp\/v2\/media?parent=37003"}],"wp:term":[{"taxonomy":"product_brand","embeddable":true,"href":"https:\/\/lamaktaba.fr\/index.php\/wp-json\/wp\/v2\/product_brand?post=37003"},{"taxonomy":"product_cat","embeddable":true,"href":"https:\/\/lamaktaba.fr\/index.php\/wp-json\/wp\/v2\/product_cat?post=37003"},{"taxonomy":"product_tag","embeddable":true,"href":"https:\/\/lamaktaba.fr\/index.php\/wp-json\/wp\/v2\/product_tag?post=37003"}],"curies":[{"name":"wp","href":"https:\/\/api.w.org\/{rel}","templated":true}]}}