{"id":370,"date":"2020-03-02T10:00:00","date_gmt":"2020-03-02T09:00:00","guid":{"rendered":"https:\/\/lamaktaba.fr\/index.php\/produit\/acheter-sa-maison-a-credit-dr-salah-al-sawi\/"},"modified":"2025-04-01T12:47:13","modified_gmt":"2025-04-01T10:47:13","slug":"acheter-sa-maison-a-credit-dr-salah-al-sawi","status":"publish","type":"product","link":"https:\/\/lamaktaba.fr\/index.php\/produit\/acheter-sa-maison-a-credit-dr-salah-al-sawi","title":{"rendered":"Acheter sa maison \u00e0 cr\u00e9dit d&rsquo;apr\u00e8s Salah Al-Sawi"},"content":{"rendered":"<p>Acheter sa maison \u00e0 cr\u00e9dit d&rsquo;apr\u00e8s Salah Al-Sawi;Le conseil europ\u00e9en de la fatwa et de la recherche ainsi que la conf\u00e9rence de la ligue des Ul\u00e9mas de la Charia d&rsquo;Am\u00e9rique du Nord ont \u00e9mis une fatwa autorisant les musulmans r\u00e9sidant en Europe et aux Etats-Unis d&rsquo;Am\u00e9rique de contracter des emprunts usuraires pour l&rsquo;acquisition de logements. Pour faire la lumi\u00e8re sur cette fatwa, ce livre aborde les questions suivantes;- Quels sont les arguments de ceux qui permettent le recours aux emprunts usuraires et de ceux qui l&rsquo;interdisent?;- Les int\u00e9r\u00eats sont-ils interdits dans tous les cas ou y a-t-il des situations qui le permettent?;- Quand la n\u00e9cessit\u00e9 permet-elle le recours aux emprunts usuraires?;- Peut-on porter les besoins au rang des n\u00e9cessit\u00e9s dans l\u2019autorisation des interdits?;- Les avantages qui d\u00e9coulent de l&rsquo;acc\u00e8s \u00e0 la propri\u00e9t\u00e9 par voie usuraire peuvent-ils rendre l&rsquo;usure licite?;L&rsquo;auteur d\u00e9voile six fondements bas\u00e9s sur l&rsquo;achat \u00e0 cr\u00e9dit, dans lequel il d\u00e9veloppe pour chacun d&rsquo;eux un th\u00e9mes ou une question pos\u00e9e;1er fondement: L&rsquo;argumentation fond\u00e9e sur l&rsquo;opinion des hanafites autorisantla transaction sur la base de l&rsquo;int\u00e9r\u00eat en d\u00e2r al-harb,&#8230;;2 \u00e8me fondement: Porter les besoins au rang des n\u00e9cessit\u00e9s dans l&rsquo;autorisation des inrerdits,&#8230;;3 \u00e8me fondement: Ce qui a \u00e9t\u00e9 interdit pour faire obstacle aux exp\u00e9dients est auroris\u00e9 en cas de besoin,&#8230;;4 \u00e8me fondement: On n&rsquo;est pas oblig\u00e9 d&rsquo;appliquer les lois civiles, financi\u00e8res et politiques de la Charia hors de d\u00e2r al-isl\u00e2m,&#8230;;5 \u00e8me fondement: Les int\u00e9r\u00eats pr\u00e9pond\u00e9rants qui d\u00e9coulent de l&rsquo;acc\u00e8s \u00e0 la propri\u00e9t\u00e9 par voie usuraire,&#8230;;6 \u00e8me fondement: \u00c9viter que l&rsquo;observance de l&rsquo;islam par le musulman,&#8230;<\/p>\n","protected":false},"excerpt":{"rendered":"<p>Acheter sa maison \u00e0 cr\u00e9dit d&rsquo;apr\u00e8s Salah Al-Sawi;Le conseil europ\u00e9en de la fatwa et de la recherche ainsi que la conf\u00e9rence de la ligue des Ul\u00e9mas de la Charia d&rsquo;Am\u00e9rique du Nord ont \u00e9mis une fatwa autorisant les musulmans r\u00e9sidant en Europe et aux Etats-Unis d&rsquo;Am\u00e9rique de contracter des emprunts usuraires pour l&rsquo;acquisition de logements. Pour faire la lumi\u00e8re sur cette fatwa, ce livre aborde les questions suivantes;- Quels sont les arguments de ceux qui permettent le recours aux emprunts usuraires et de ceux qui l&rsquo;interdisent?;- Les int\u00e9r\u00eats sont-ils interdits dans tous les cas ou y a-t-il des situations qui le permettent?;- Quand la n\u00e9cessit\u00e9 permet-elle le recours aux emprunts usuraires?;- Peut-on porter les besoins au rang des n\u00e9cessit\u00e9s dans l\u2019autorisation des interdits?;- Les avantages qui d\u00e9coulent de l&rsquo;acc\u00e8s \u00e0 la propri\u00e9t\u00e9 par voie usuraire peuvent-ils rendre l&rsquo;usure licite?;L&rsquo;auteur d\u00e9voile six fondements bas\u00e9s sur l&rsquo;achat \u00e0 cr\u00e9dit, dans lequel il d\u00e9veloppe pour chacun d&rsquo;eux un th\u00e9mes ou une question pos\u00e9e;1er fondement: L&rsquo;argumentation fond\u00e9e sur l&rsquo;opinion des hanafites autorisantla transaction sur la base de l&rsquo;int\u00e9r\u00eat en d\u00e2r al-harb,&#8230;;2 \u00e8me fondement: Porter les besoins au rang des n\u00e9cessit\u00e9s dans l&rsquo;autorisation des inrerdits,&#8230;;3 \u00e8me fondement: Ce qui a \u00e9t\u00e9 interdit pour faire obstacle aux exp\u00e9dients est auroris\u00e9 en cas de besoin,&#8230;;4 \u00e8me fondement: On n&rsquo;est pas oblig\u00e9 d&rsquo;appliquer les lois civiles, financi\u00e8res et politiques de la Charia hors de d\u00e2r al-isl\u00e2m,&#8230;;5 \u00e8me fondement: Les int\u00e9r\u00eats pr\u00e9pond\u00e9rants qui d\u00e9coulent de l&rsquo;acc\u00e8s \u00e0 la propri\u00e9t\u00e9 par voie usuraire,&#8230;;6 \u00e8me fondement: \u00c9viter que l&rsquo;observance de l&rsquo;islam par le musulman,&#8230;<\/p>\n","protected":false},"featured_media":38017,"comment_status":"open","ping_status":"closed","template":"","meta":[],"product_brand":[],"product_cat":[15],"product_tag":[],"class_list":{"0":"post-370","1":"product","2":"type-product","3":"status-publish","4":"has-post-thumbnail","6":"product_cat-non-classe","7":"pa_annee-378","8":"pa_auteur-al-sawi-salah","9":"pa_editeur-alhadith-editions","10":"pa_format-14-x-21-cm","11":"pa_langue-francais","12":"pa_nombre-de-pages-1010","13":"pa_reliure-souple","15":"first","16":"outofstock","17":"shipping-taxable","18":"purchasable","19":"product-type-simple"},"_links":{"self":[{"href":"https:\/\/lamaktaba.fr\/index.php\/wp-json\/wp\/v2\/product\/370","targetHints":{"allow":["GET"]}}],"collection":[{"href":"https:\/\/lamaktaba.fr\/index.php\/wp-json\/wp\/v2\/product"}],"about":[{"href":"https:\/\/lamaktaba.fr\/index.php\/wp-json\/wp\/v2\/types\/product"}],"replies":[{"embeddable":true,"href":"https:\/\/lamaktaba.fr\/index.php\/wp-json\/wp\/v2\/comments?post=370"}],"wp:featuredmedia":[{"embeddable":true,"href":"https:\/\/lamaktaba.fr\/index.php\/wp-json\/wp\/v2\/media\/38017"}],"wp:attachment":[{"href":"https:\/\/lamaktaba.fr\/index.php\/wp-json\/wp\/v2\/media?parent=370"}],"wp:term":[{"taxonomy":"product_brand","embeddable":true,"href":"https:\/\/lamaktaba.fr\/index.php\/wp-json\/wp\/v2\/product_brand?post=370"},{"taxonomy":"product_cat","embeddable":true,"href":"https:\/\/lamaktaba.fr\/index.php\/wp-json\/wp\/v2\/product_cat?post=370"},{"taxonomy":"product_tag","embeddable":true,"href":"https:\/\/lamaktaba.fr\/index.php\/wp-json\/wp\/v2\/product_tag?post=370"}],"curies":[{"name":"wp","href":"https:\/\/api.w.org\/{rel}","templated":true}]}}