{"id":36989,"date":"2021-01-04T00:16:00","date_gmt":"2021-01-03T23:16:00","guid":{"rendered":"https:\/\/lamaktaba.fr\/index.php\/produit\/cahier-de-vacances-des-ptits-mouslims-arabe-anglais-livret-n3-ce1-ce2-maryame-benabderrahmane-nelya-ahamed-livre\/"},"modified":"2025-04-01T12:46:13","modified_gmt":"2025-04-01T10:46:13","slug":"cahier-de-vacances-des-ptits-mouslims-arabe-anglais-livret-n3-ce1-ce2-maryame-benabderrahmane-nelya-ahamed-livre","status":"publish","type":"product","link":"https:\/\/lamaktaba.fr\/index.php\/produit\/cahier-de-vacances-des-ptits-mouslims-arabe-anglais-livret-n3-ce1-ce2-maryame-benabderrahmane-nelya-ahamed-livre","title":{"rendered":"Cahier de Vacances des P&rsquo;tits Mouslims: arabe-anglais &#8211; Livret N\u00b03 CE1-CE2 &#8211; Maryame BENABDERRAHMANE &#8211; Nelya AHAMED &#8211; Livre"},"content":{"rendered":"<p>L&rsquo;unique Cahier de vacances pour r\u00e9ussir \u00e0 l&rsquo;\u00e9cole et \u00e0 la madrassa !;Chef de projet: Sara SAADI;BD: Chadouli Said;Graphisme: Karim ZAOUAI;Avec la participation de Shaka LINO<\/p>\n","protected":false},"excerpt":{"rendered":"<p>L&rsquo;unique Cahier de vacances pour r\u00e9ussir \u00e0 l&rsquo;\u00e9cole et \u00e0 la madrassa !;Chef de projet: Sara SAADI;BD: Chadouli Said;Graphisme: Karim ZAOUAI;Avec la participation de Shaka LINO<\/p>\n","protected":false},"featured_media":36990,"comment_status":"open","ping_status":"closed","template":"","meta":[],"product_brand":[],"product_cat":[1909,1923],"product_tag":[],"class_list":{"0":"post-36989","1":"product","2":"type-product","3":"status-publish","4":"has-post-thumbnail","6":"product_cat-enfants","7":"product_cat-ludoeducatif","8":"pa_auteur-maryame-benabderrahmane-nelya-ahamed","9":"pa_code-produit-ref-32740","10":"pa_editeur-al-qamar","11":"pa_format-21x29-7cm","12":"pa_langue-arabe-anglais-francais","13":"pa_nombre-de-pages-415","15":"first","16":"instock","17":"shipping-taxable","18":"purchasable","19":"product-type-simple"},"_links":{"self":[{"href":"https:\/\/lamaktaba.fr\/index.php\/wp-json\/wp\/v2\/product\/36989","targetHints":{"allow":["GET"]}}],"collection":[{"href":"https:\/\/lamaktaba.fr\/index.php\/wp-json\/wp\/v2\/product"}],"about":[{"href":"https:\/\/lamaktaba.fr\/index.php\/wp-json\/wp\/v2\/types\/product"}],"replies":[{"embeddable":true,"href":"https:\/\/lamaktaba.fr\/index.php\/wp-json\/wp\/v2\/comments?post=36989"}],"wp:featuredmedia":[{"embeddable":true,"href":"https:\/\/lamaktaba.fr\/index.php\/wp-json\/wp\/v2\/media\/36990"}],"wp:attachment":[{"href":"https:\/\/lamaktaba.fr\/index.php\/wp-json\/wp\/v2\/media?parent=36989"}],"wp:term":[{"taxonomy":"product_brand","embeddable":true,"href":"https:\/\/lamaktaba.fr\/index.php\/wp-json\/wp\/v2\/product_brand?post=36989"},{"taxonomy":"product_cat","embeddable":true,"href":"https:\/\/lamaktaba.fr\/index.php\/wp-json\/wp\/v2\/product_cat?post=36989"},{"taxonomy":"product_tag","embeddable":true,"href":"https:\/\/lamaktaba.fr\/index.php\/wp-json\/wp\/v2\/product_tag?post=36989"}],"curies":[{"name":"wp","href":"https:\/\/api.w.org\/{rel}","templated":true}]}}