{"id":36970,"date":"2021-04-01T00:16:13","date_gmt":"2021-03-31T22:16:13","guid":{"rendered":"https:\/\/lamaktaba.fr\/index.php\/produit\/invoquons-dieu-comme-le-prophete-sws-nous-la-enseigne-toyor-al-jannah-2eme-edition-fille\/"},"modified":"2025-04-01T12:44:12","modified_gmt":"2025-04-01T10:44:12","slug":"invoquons-dieu-comme-le-prophete-sws-nous-la-enseigne-toyor-al-jannah-2eme-edition-fille","status":"publish","type":"product","link":"https:\/\/lamaktaba.fr\/index.php\/produit\/invoquons-dieu-comme-le-prophete-sws-nous-la-enseigne-toyor-al-jannah-2eme-edition-fille","title":{"rendered":"Invoquons Dieu, comme le proph\u00e8te (SWS) nous l&rsquo;a enseign\u00e9 &#8211; Toyor Al jannah 2\u00e9me \u00e9dition (Fille)"},"content":{"rendered":"<p>Invoquons Dieu, comme le proph\u00e8te (SWS) nous l&rsquo;a enseign\u00e9 &#8211; Toyor Al jannah &#8211; khaled Mekdad 2 \u00e9m\u00e9 \u00e9dition;Livre bilingue (FR-AR) pour apprendre \u00e0 votre enfant les invocations quotidiennes (douaa) comme notre proph\u00e8te (SWS) nous l&rsquo;a enseign\u00e9: Invocation du r\u00e9veil, de l&rsquo;aube et du soir, en m&rsquo;habillant, en sortant, en rentrant \u00e0 la maison, invocation au moment de l&rsquo;appel \u00e0 la pri\u00e8re, en entrant \u00e0 la mosqu\u00e9e et en la quittant, en prenons un moyen de transport, en voyage, en allant faire les courses, invocation au moment du repas, en rendant visite \u00e0 un malade, au cimeti\u00e8re, invocation de la prosternation lors de la lecture du coran, \u00e0 la fin d&rsquo;un discours lors d&rsquo;une assembl\u00e9e, quand on \u00e9ternue, au moment de dormir.;Livre pour toute la famille, enti\u00e8rement illustr\u00e9 en couleur.;La s\u00e9rie Apprenons notre religion;Cette s\u00e9rie \u00e9ducative et p\u00e9dagogique, de huit ouvrages, s&rsquo;attache \u00e0 enseigner les ablutions, la pri\u00e8re, le petit p\u00e8lerinage ainsi que les invocations quotidiennes pour les enfants.;Cette s\u00e9rie nous explique comment les effectuer \u00e9tape par \u00e9tape de mani\u00e8re claire et d\u00e9taill\u00e9e, dans le respect de la sounna du proph\u00e8te Muhamad (SWS) \u00e0 travers des textes accompagn\u00e9 de photos.;\u0633\u0644\u0633\u0644\u0629 \u0647\u064a\u0627 \u0646\u062a\u0639\u0644\u0645 \u0627\u0644\u0639\u0628\u0627\u062f\u0627\u062a;\u0633\u0644\u0633\u0644\u0629 \u0647\u0627\u062f\u0641\u0629 \u0648 \u0645\u0645\u062a\u0639\u0629\u060c \u062a\u062a\u0627\u0644\u0641 \u0645\u0646 \u062a\u0645\u0627\u0646\u064a\u0629 \u0623\u062c\u0632\u0627\u0621 \u0644\u062a\u0639\u0644\u064a\u0645 \u0627\u0644\u0648\u0636\u0648\u0621 \u0648 \u0627\u0644\u0635\u0644\u0627\u0629 \u0648 \u0627\u0644\u0639\u0645\u0631\u0629 \u0648 \u0627\u0644\u0623\u0630\u0643\u0627\u0631 \u0627\u0644\u064a\u0648\u0645\u064a\u0629 \u0644\u0644\u0630\u0643\u0648\u0631 \u0648 \u0627\u0644\u0627\u0646\u0627\u062a;\u0648 \u0646\u0635\u0648\u0635\u0647\u0627 \u0645\u0635\u062d\u062d\u0629 \u0648 \u0645\u062f\u0642\u0642\u0629 \u0648\u0641\u0642\u0627 \u0644\u0645\u0627 \u0635\u062d \u0639\u0646 \u0627\u0644\u0646\u0628\u064a \u0635\u0644\u0649 \u0627\u0644\u0644\u0647 \u0639\u0644\u064a\u0647 \u0648\u0633\u0644\u0645 \u0645\u0639 \u0628\u0639\u0636 \u0627\u0644\u0634\u0631\u0648\u062d\u0627\u062a \u0648 \u0627\u0644\u062a\u0648\u062c\u064a\u0647\u0627\u062a \u0627\u0644\u0639\u0627\u0645<\/p>\n","protected":false},"excerpt":{"rendered":"<p>Invoquons Dieu, comme le proph\u00e8te (SWS) nous l&rsquo;a enseign\u00e9 &#8211; Toyor Al jannah &#8211; khaled Mekdad 2 \u00e9m\u00e9 \u00e9dition;Livre bilingue (FR-AR) pour apprendre \u00e0 votre enfant les invocations quotidiennes (douaa) comme notre proph\u00e8te (SWS) nous l&rsquo;a enseign\u00e9: Invocation du r\u00e9veil, de l&rsquo;aube et du soir, en m&rsquo;habillant, en sortant, en rentrant \u00e0 la maison, invocation au moment de l&rsquo;appel \u00e0 la pri\u00e8re, en entrant \u00e0 la mosqu\u00e9e et en la quittant, en prenons un moyen de transport, en voyage, en allant faire les courses, invocation au moment du repas, en rendant visite \u00e0 un malade, au cimeti\u00e8re, invocation de la prosternation lors de la lecture du coran, \u00e0 la fin d&rsquo;un discours lors d&rsquo;une assembl\u00e9e, quand on \u00e9ternue, au moment de dormir.;Livre pour toute la famille, enti\u00e8rement illustr\u00e9 en couleur.;La s\u00e9rie Apprenons notre religion;Cette s\u00e9rie \u00e9ducative et p\u00e9dagogique, de huit ouvrages, s&rsquo;attache \u00e0 enseigner les ablutions, la pri\u00e8re, le petit p\u00e8lerinage ainsi que les invocations quotidiennes pour les enfants.;Cette s\u00e9rie nous explique comment les effectuer \u00e9tape par \u00e9tape de mani\u00e8re claire et d\u00e9taill\u00e9e, dans le respect de la sounna du proph\u00e8te Muhamad (SWS) \u00e0 travers des textes accompagn\u00e9 de photos.;\u0633\u0644\u0633\u0644\u0629 \u0647\u064a\u0627 \u0646\u062a\u0639\u0644\u0645 \u0627\u0644\u0639\u0628\u0627\u062f\u0627\u062a;\u0633\u0644\u0633\u0644\u0629 \u0647\u0627\u062f\u0641\u0629 \u0648 \u0645\u0645\u062a\u0639\u0629\u060c \u062a\u062a\u0627\u0644\u0641 \u0645\u0646 \u062a\u0645\u0627\u0646\u064a\u0629 \u0623\u062c\u0632\u0627\u0621 \u0644\u062a\u0639\u0644\u064a\u0645 \u0627\u0644\u0648\u0636\u0648\u0621 \u0648 \u0627\u0644\u0635\u0644\u0627\u0629 \u0648 \u0627\u0644\u0639\u0645\u0631\u0629 \u0648 \u0627\u0644\u0623\u0630\u0643\u0627\u0631 \u0627\u0644\u064a\u0648\u0645\u064a\u0629 \u0644\u0644\u0630\u0643\u0648\u0631 \u0648 \u0627\u0644\u0627\u0646\u0627\u062a;\u0648 \u0646\u0635\u0648\u0635\u0647\u0627 \u0645\u0635\u062d\u062d\u0629 \u0648 \u0645\u062f\u0642\u0642\u0629 \u0648\u0641\u0642\u0627 \u0644\u0645\u0627 \u0635\u062d \u0639\u0646 \u0627\u0644\u0646\u0628\u064a \u0635\u0644\u0649 \u0627\u0644\u0644\u0647 \u0639\u0644\u064a\u0647 \u0648\u0633\u0644\u0645 \u0645\u0639 \u0628\u0639\u0636 \u0627\u0644\u0634\u0631\u0648\u062d\u0627\u062a \u0648 \u0627\u0644\u062a\u0648\u062c\u064a\u0647\u0627\u062a \u0627\u0644\u0639\u0627\u0645<\/p>\n","protected":false},"featured_media":36971,"comment_status":"open","ping_status":"closed","template":"","meta":[],"product_brand":[],"product_cat":[1910,1901],"product_tag":[],"class_list":{"0":"post-36970","1":"product","2":"type-product","3":"status-publish","4":"has-post-thumbnail","6":"product_cat-education","7":"product_cat-invocations-douaa","9":"first","10":"instock","11":"shipping-taxable","12":"purchasable","13":"product-type-simple"},"_links":{"self":[{"href":"https:\/\/lamaktaba.fr\/index.php\/wp-json\/wp\/v2\/product\/36970","targetHints":{"allow":["GET"]}}],"collection":[{"href":"https:\/\/lamaktaba.fr\/index.php\/wp-json\/wp\/v2\/product"}],"about":[{"href":"https:\/\/lamaktaba.fr\/index.php\/wp-json\/wp\/v2\/types\/product"}],"replies":[{"embeddable":true,"href":"https:\/\/lamaktaba.fr\/index.php\/wp-json\/wp\/v2\/comments?post=36970"}],"wp:featuredmedia":[{"embeddable":true,"href":"https:\/\/lamaktaba.fr\/index.php\/wp-json\/wp\/v2\/media\/36971"}],"wp:attachment":[{"href":"https:\/\/lamaktaba.fr\/index.php\/wp-json\/wp\/v2\/media?parent=36970"}],"wp:term":[{"taxonomy":"product_brand","embeddable":true,"href":"https:\/\/lamaktaba.fr\/index.php\/wp-json\/wp\/v2\/product_brand?post=36970"},{"taxonomy":"product_cat","embeddable":true,"href":"https:\/\/lamaktaba.fr\/index.php\/wp-json\/wp\/v2\/product_cat?post=36970"},{"taxonomy":"product_tag","embeddable":true,"href":"https:\/\/lamaktaba.fr\/index.php\/wp-json\/wp\/v2\/product_tag?post=36970"}],"curies":[{"name":"wp","href":"https:\/\/api.w.org\/{rel}","templated":true}]}}