{"id":36919,"date":"2021-04-01T00:16:05","date_gmt":"2021-03-31T22:16:05","guid":{"rendered":"https:\/\/lamaktaba.fr\/index.php\/produit\/honneur-et-dignite-de-la-femme-en-islam-de-cheikh-abd-ar-razzaq-ibn-abd-al-muhsin-al-badr\/"},"modified":"2025-04-01T12:43:43","modified_gmt":"2025-04-01T10:43:43","slug":"honneur-et-dignite-de-la-femme-en-islam-de-cheikh-abd-ar-razzaq-ibn-abd-al-muhsin-al-badr","status":"publish","type":"product","link":"https:\/\/lamaktaba.fr\/index.php\/produit\/honneur-et-dignite-de-la-femme-en-islam-de-cheikh-abd-ar-razzaq-ibn-abd-al-muhsin-al-badr","title":{"rendered":"Honneur et dignit\u00e9 de la femme en Islam, de Cheikh &lsquo;Abd Ar Razz\u00e2q Ibn &lsquo;Abd Al Muhsin Al Badr"},"content":{"rendered":"<p>Honneur et dignit\u00e9 de la femme en Islam, de Cheikh &lsquo;Abd Ar Razz\u00e2q Ibn &lsquo;Abd Al Muhsin Al Badr;La religion musulmane du pur monoth\u00e9isme, par la pertinence de ses directives et la sagesse de ses dispositions, a prot\u00e9g\u00e9 la femme musulmane en pr\u00e9servant son honneur et sa dignit\u00e9, tout comme elle s&rsquo;est charg\u00e9e de r\u00e9aliser sa dignit\u00e9 et son bonheur en lui pr\u00e9disposant les causes d&rsquo;une vie paisible loin des situations de suspicion, de discorde, de mal et de perversit\u00e9.;Tout cela revient \u00e0 l&rsquo;immense mis\u00e9ricorde d&rsquo;Allah vis-\u00e0-vis de ses serviteurs qui leur a r\u00e9v\u00e9l\u00e9 sa l\u00e9gislation comme meilleur conseil, pour r\u00e9former leur perversion, rectifier leur distorsion, les mener vers leur bonheur dans la vie pr\u00e9sente et dans l&rsquo;Au-del\u00e0.;Ces importantes et fabuleuses dispositions que l&rsquo;Islam comporte, sont consid\u00e9r\u00e9es comme un rempart pour prot\u00e9ger la femme, bien plus, un rempart pour la soci\u00e9t\u00e9 dans son ensemble afin de lui \u00e9pargner le mal et les \u00e9preuves et afin qu&rsquo;elle ne connaisse ni calamit\u00e9s ni malheurs. Ainsi, si les r\u00e8gles morales relatives \u00e0 la femme, dict\u00e9es par la l\u00e9gislation musulmane, ne sont pas respect\u00e9es, la d\u00e9solation s&rsquo;abattra sur la soci\u00e9t\u00e9 et toutes sortes de maux et de dangers se succ\u00e9deront. L&rsquo;histoire est l&rsquo;un des plus importants t\u00e9moins de cette v\u00e9rit\u00e9. Marque IBN BADIS Editions R\u00e9f\u00e9rence 9791091925358;Fiche technique AUTEUR: &#8211; Cheikh &lsquo;Abd Ar Razz\u00e2q Ibn &lsquo;Abd Al Muhsin Al Badr LANGUE: -.Fran\u00e7ais ANNEE: &#8211; 2018 SUPPORT: &#8211; Livre THEME: &#8211; Le femme et l&rsquo;islam \u00c9DITIONS: &#8211; Ibn Badis Condition: &#8211; Neuf Nombre de Pages: &#8211; 120 FORMAT (CM): 14.5 x 20,5 cm Poids (kg): &#8211; 183 g EAN13: &#8211; 9791091925358 RELIURE: &#8211; Souple;R\u00e9f\u00e9rences sp\u00e9cifiques;Donnez votre avis;Aucun commentaire pour le moment<\/p>\n","protected":false},"excerpt":{"rendered":"<p>Honneur et dignit\u00e9 de la femme en Islam, de Cheikh &lsquo;Abd Ar Razz\u00e2q Ibn &lsquo;Abd Al Muhsin Al Badr;La religion musulmane du pur monoth\u00e9isme, par la pertinence de ses directives et la sagesse de ses dispositions, a prot\u00e9g\u00e9 la femme musulmane en pr\u00e9servant son honneur et sa dignit\u00e9, tout comme elle s&rsquo;est charg\u00e9e de r\u00e9aliser sa dignit\u00e9 et son bonheur en lui pr\u00e9disposant les causes d&rsquo;une vie paisible loin des situations de suspicion, de discorde, de mal et de perversit\u00e9.;Tout cela revient \u00e0 l&rsquo;immense mis\u00e9ricorde d&rsquo;Allah vis-\u00e0-vis de ses serviteurs qui leur a r\u00e9v\u00e9l\u00e9 sa l\u00e9gislation comme meilleur conseil, pour r\u00e9former leur perversion, rectifier leur distorsion, les mener vers leur bonheur dans la vie pr\u00e9sente et dans l&rsquo;Au-del\u00e0.;Ces importantes et fabuleuses dispositions que l&rsquo;Islam comporte, sont consid\u00e9r\u00e9es comme un rempart pour prot\u00e9ger la femme, bien plus, un rempart pour la soci\u00e9t\u00e9 dans son ensemble afin de lui \u00e9pargner le mal et les \u00e9preuves et afin qu&rsquo;elle ne connaisse ni calamit\u00e9s ni malheurs. Ainsi, si les r\u00e8gles morales relatives \u00e0 la femme, dict\u00e9es par la l\u00e9gislation musulmane, ne sont pas respect\u00e9es, la d\u00e9solation s&rsquo;abattra sur la soci\u00e9t\u00e9 et toutes sortes de maux et de dangers se succ\u00e9deront. L&rsquo;histoire est l&rsquo;un des plus importants t\u00e9moins de cette v\u00e9rit\u00e9. Marque IBN BADIS Editions R\u00e9f\u00e9rence 9791091925358;Fiche technique AUTEUR: &#8211; Cheikh &lsquo;Abd Ar Razz\u00e2q Ibn &lsquo;Abd Al Muhsin Al Badr LANGUE: -.Fran\u00e7ais ANNEE: &#8211; 2018 SUPPORT: &#8211; Livre THEME: &#8211; Le femme et l&rsquo;islam \u00c9DITIONS: &#8211; Ibn Badis Condition: &#8211; Neuf Nombre de Pages: &#8211; 120 FORMAT (CM): 14.5 x 20,5 cm Poids (kg): &#8211; 183 g EAN13: &#8211; 9791091925358 RELIURE: &#8211; Souple;R\u00e9f\u00e9rences sp\u00e9cifiques;Donnez votre avis;Aucun commentaire pour le moment<\/p>\n","protected":false},"featured_media":36920,"comment_status":"open","ping_status":"closed","template":"","meta":[],"product_brand":[],"product_cat":[15],"product_tag":[],"class_list":{"0":"post-36919","1":"product","2":"type-product","3":"status-publish","4":"has-post-thumbnail","6":"product_cat-non-classe","8":"first","9":"instock","10":"shipping-taxable","11":"purchasable","12":"product-type-simple"},"_links":{"self":[{"href":"https:\/\/lamaktaba.fr\/index.php\/wp-json\/wp\/v2\/product\/36919","targetHints":{"allow":["GET"]}}],"collection":[{"href":"https:\/\/lamaktaba.fr\/index.php\/wp-json\/wp\/v2\/product"}],"about":[{"href":"https:\/\/lamaktaba.fr\/index.php\/wp-json\/wp\/v2\/types\/product"}],"replies":[{"embeddable":true,"href":"https:\/\/lamaktaba.fr\/index.php\/wp-json\/wp\/v2\/comments?post=36919"}],"wp:featuredmedia":[{"embeddable":true,"href":"https:\/\/lamaktaba.fr\/index.php\/wp-json\/wp\/v2\/media\/36920"}],"wp:attachment":[{"href":"https:\/\/lamaktaba.fr\/index.php\/wp-json\/wp\/v2\/media?parent=36919"}],"wp:term":[{"taxonomy":"product_brand","embeddable":true,"href":"https:\/\/lamaktaba.fr\/index.php\/wp-json\/wp\/v2\/product_brand?post=36919"},{"taxonomy":"product_cat","embeddable":true,"href":"https:\/\/lamaktaba.fr\/index.php\/wp-json\/wp\/v2\/product_cat?post=36919"},{"taxonomy":"product_tag","embeddable":true,"href":"https:\/\/lamaktaba.fr\/index.php\/wp-json\/wp\/v2\/product_tag?post=36919"}],"curies":[{"name":"wp","href":"https:\/\/api.w.org\/{rel}","templated":true}]}}