{"id":36893,"date":"2021-04-01T00:15:59","date_gmt":"2021-03-31T22:15:59","guid":{"rendered":"https:\/\/lamaktaba.fr\/index.php\/produit\/ces-femmes-promises-au-paradis\/"},"modified":"2025-04-01T12:44:14","modified_gmt":"2025-04-01T10:44:14","slug":"ces-femmes-promises-au-paradis","status":"publish","type":"product","link":"https:\/\/lamaktaba.fr\/index.php\/produit\/ces-femmes-promises-au-paradis","title":{"rendered":"Ces Femmes promises au Paradis"},"content":{"rendered":"<p>Ces femmes promises au Paradis;Des vies qui en un instant, une parole, basculent;Des noms inscrits dans l\u2019Histoire en lettres majuscules;Une annonce du paradis comme simple pr\u00e9ambule;D\u2019une existence pieuse de l\u2019aube au cr\u00e9puscule;Le livre que vous tenez entre vos mains se propose de vous narrer, pour la premi\u00e8re fois en langue fran\u00e7aise, les histoires magnifiques, parfois bouleversantes, de ces femmes dont l\u2019annonce de leur entr\u00e9e au paradis \u00e9mana de la bouche de notre Proph\u00e8te Muhammad Sallallahou aleyhi wa sallem.;Qui sont ces femmes? Qu\u2019ont-elles accompli pour m\u00e9riter un tel honneur? Comment s\u2019en inspirer? Autant de questions auxquelles ce livre apporte des r\u00e9ponses \u00e0 travers les biographies de ces femmes promises au paradis\u2026<\/p>\n","protected":false},"excerpt":{"rendered":"<p>Ces femmes promises au Paradis;Des vies qui en un instant, une parole, basculent;Des noms inscrits dans l\u2019Histoire en lettres majuscules;Une annonce du paradis comme simple pr\u00e9ambule;D\u2019une existence pieuse de l\u2019aube au cr\u00e9puscule;Le livre que vous tenez entre vos mains se propose de vous narrer, pour la premi\u00e8re fois en langue fran\u00e7aise, les histoires magnifiques, parfois bouleversantes, de ces femmes dont l\u2019annonce de leur entr\u00e9e au paradis \u00e9mana de la bouche de notre Proph\u00e8te Muhammad Sallallahou aleyhi wa sallem.;Qui sont ces femmes? Qu\u2019ont-elles accompli pour m\u00e9riter un tel honneur? Comment s\u2019en inspirer? Autant de questions auxquelles ce livre apporte des r\u00e9ponses \u00e0 travers les biographies de ces femmes promises au paradis\u2026<\/p>\n","protected":false},"featured_media":36894,"comment_status":"open","ping_status":"closed","template":"","meta":[],"product_brand":[],"product_cat":[1907],"product_tag":[],"class_list":{"0":"post-36893","1":"product","2":"type-product","3":"status-publish","4":"has-post-thumbnail","6":"product_cat-compagnons","8":"first","9":"instock","10":"shipping-taxable","11":"purchasable","12":"product-type-simple"},"_links":{"self":[{"href":"https:\/\/lamaktaba.fr\/index.php\/wp-json\/wp\/v2\/product\/36893","targetHints":{"allow":["GET"]}}],"collection":[{"href":"https:\/\/lamaktaba.fr\/index.php\/wp-json\/wp\/v2\/product"}],"about":[{"href":"https:\/\/lamaktaba.fr\/index.php\/wp-json\/wp\/v2\/types\/product"}],"replies":[{"embeddable":true,"href":"https:\/\/lamaktaba.fr\/index.php\/wp-json\/wp\/v2\/comments?post=36893"}],"wp:featuredmedia":[{"embeddable":true,"href":"https:\/\/lamaktaba.fr\/index.php\/wp-json\/wp\/v2\/media\/36894"}],"wp:attachment":[{"href":"https:\/\/lamaktaba.fr\/index.php\/wp-json\/wp\/v2\/media?parent=36893"}],"wp:term":[{"taxonomy":"product_brand","embeddable":true,"href":"https:\/\/lamaktaba.fr\/index.php\/wp-json\/wp\/v2\/product_brand?post=36893"},{"taxonomy":"product_cat","embeddable":true,"href":"https:\/\/lamaktaba.fr\/index.php\/wp-json\/wp\/v2\/product_cat?post=36893"},{"taxonomy":"product_tag","embeddable":true,"href":"https:\/\/lamaktaba.fr\/index.php\/wp-json\/wp\/v2\/product_tag?post=36893"}],"curies":[{"name":"wp","href":"https:\/\/api.w.org\/{rel}","templated":true}]}}