{"id":36871,"date":"2021-01-04T00:15:00","date_gmt":"2021-01-03T23:15:00","guid":{"rendered":"https:\/\/lamaktaba.fr\/index.php\/produit\/mon-guide-decriture-en-arabe-pour-les-petits-100-effacable-%d9%83%d8%b1%d8%a7%d8%b3-%d8%a7%d9%84%d8%ae%d8%b7-professeur-chadhouli-said-diplome-de-luniversite-de-medine-livre\/"},"modified":"2025-04-01T12:47:26","modified_gmt":"2025-04-01T10:47:26","slug":"mon-guide-decriture-en-arabe-pour-les-petits-100-effacable-d983d8b1d8a7d8b3-d8a7d984d8aed8b7-professeur-chadhouli-said-diplome-de-luniversite-de-medine-livre","status":"publish","type":"product","link":"https:\/\/lamaktaba.fr\/index.php\/produit\/mon-guide-decriture-en-arabe-pour-les-petits-100-effacable-d983d8b1d8a7d8b3-d8a7d984d8aed8b7-professeur-chadhouli-said-diplome-de-luniversite-de-medine-livre","title":{"rendered":"Mon Guide d&rsquo;\u00e9criture en arabe &#8211; Pour les petits &#8211; 100% effa\u00e7able &#8211; \u0643\u0631\u0627\u0633 \u0627\u0644\u062e\u0637 &#8211; Professeur Chadhouli Said Diplom\u00e9 de l&rsquo;Universit\u00e9 de M\u00e9dine &#8211; Livre"},"content":{"rendered":"","protected":false},"excerpt":{"rendered":"","protected":false},"featured_media":36872,"comment_status":"open","ping_status":"closed","template":"","meta":[],"product_brand":[],"product_cat":[15],"product_tag":[],"class_list":{"0":"post-36871","1":"product","2":"type-product","3":"status-publish","4":"has-post-thumbnail","6":"product_cat-non-classe","7":"pa_auteur-professeur-chadhouli-said-diplome-de-luniversite-de-medine","8":"pa_code-produit-ref-33508","9":"pa_editeur-al-qamar","10":"pa_format-a4-21-x-29-7-cm","11":"pa_langue-francais-arabe","12":"pa_nombre-de-pages-431","14":"first","15":"outofstock","16":"shipping-taxable","17":"purchasable","18":"product-type-simple"},"_links":{"self":[{"href":"https:\/\/lamaktaba.fr\/index.php\/wp-json\/wp\/v2\/product\/36871","targetHints":{"allow":["GET"]}}],"collection":[{"href":"https:\/\/lamaktaba.fr\/index.php\/wp-json\/wp\/v2\/product"}],"about":[{"href":"https:\/\/lamaktaba.fr\/index.php\/wp-json\/wp\/v2\/types\/product"}],"replies":[{"embeddable":true,"href":"https:\/\/lamaktaba.fr\/index.php\/wp-json\/wp\/v2\/comments?post=36871"}],"wp:featuredmedia":[{"embeddable":true,"href":"https:\/\/lamaktaba.fr\/index.php\/wp-json\/wp\/v2\/media\/36872"}],"wp:attachment":[{"href":"https:\/\/lamaktaba.fr\/index.php\/wp-json\/wp\/v2\/media?parent=36871"}],"wp:term":[{"taxonomy":"product_brand","embeddable":true,"href":"https:\/\/lamaktaba.fr\/index.php\/wp-json\/wp\/v2\/product_brand?post=36871"},{"taxonomy":"product_cat","embeddable":true,"href":"https:\/\/lamaktaba.fr\/index.php\/wp-json\/wp\/v2\/product_cat?post=36871"},{"taxonomy":"product_tag","embeddable":true,"href":"https:\/\/lamaktaba.fr\/index.php\/wp-json\/wp\/v2\/product_tag?post=36871"}],"curies":[{"name":"wp","href":"https:\/\/api.w.org\/{rel}","templated":true}]}}