{"id":36850,"date":"2021-04-01T00:15:51","date_gmt":"2021-03-31T22:15:51","guid":{"rendered":"https:\/\/lamaktaba.fr\/index.php\/produit\/cahier-de-vacances-des-ptits-mouslims-livret-n2-c1-c2\/"},"modified":"2025-04-01T12:46:20","modified_gmt":"2025-04-01T10:46:20","slug":"cahier-de-vacances-des-ptits-mouslims-livret-n2-c1-c2","status":"publish","type":"product","link":"https:\/\/lamaktaba.fr\/index.php\/produit\/cahier-de-vacances-des-ptits-mouslims-livret-n2-c1-c2","title":{"rendered":"Cahier de vacances des P\u2019tits Mouslims (Livret n\u00b02: C1-C2)"},"content":{"rendered":"<p>Cahier de vacances des P\u2019tits Mouslims (Livret n\u00b02: C1-C2), Elabor\u00e9 par des enseignants &#8211; Conforme aux programmes;L&rsquo;unique cahier de vacances pour r\u00e9ussir \u00e0 l\u2019\u00e9cole et \u00e0 la madrassa ! Un cahier con\u00e7u et adapt\u00e9 pour r\u00e9viser les mati\u00e8res religieuses et scolaires pour tous les niveaux.;Est inclus dans chaque livret une BD sur la vie du Proph\u00e8te (saws) ainsi que des corrig\u00e9s d\u00e9taill\u00e9s.;R\u00e9dig\u00e9 en collaboration avec des enseignants et des professionnels de l&rsquo;\u00c9ducation.<\/p>\n","protected":false},"excerpt":{"rendered":"<p>Cahier de vacances des P\u2019tits Mouslims (Livret n\u00b02: C1-C2), Elabor\u00e9 par des enseignants &#8211; Conforme aux programmes;L&rsquo;unique cahier de vacances pour r\u00e9ussir \u00e0 l\u2019\u00e9cole et \u00e0 la madrassa ! Un cahier con\u00e7u et adapt\u00e9 pour r\u00e9viser les mati\u00e8res religieuses et scolaires pour tous les niveaux.;Est inclus dans chaque livret une BD sur la vie du Proph\u00e8te (saws) ainsi que des corrig\u00e9s d\u00e9taill\u00e9s.;R\u00e9dig\u00e9 en collaboration avec des enseignants et des professionnels de l&rsquo;\u00c9ducation.<\/p>\n","protected":false},"featured_media":36851,"comment_status":"open","ping_status":"closed","template":"","meta":[],"product_brand":[],"product_cat":[15],"product_tag":[],"class_list":{"0":"post-36850","1":"product","2":"type-product","3":"status-publish","4":"has-post-thumbnail","6":"product_cat-non-classe","8":"first","9":"instock","10":"shipping-taxable","11":"purchasable","12":"product-type-simple"},"_links":{"self":[{"href":"https:\/\/lamaktaba.fr\/index.php\/wp-json\/wp\/v2\/product\/36850","targetHints":{"allow":["GET"]}}],"collection":[{"href":"https:\/\/lamaktaba.fr\/index.php\/wp-json\/wp\/v2\/product"}],"about":[{"href":"https:\/\/lamaktaba.fr\/index.php\/wp-json\/wp\/v2\/types\/product"}],"replies":[{"embeddable":true,"href":"https:\/\/lamaktaba.fr\/index.php\/wp-json\/wp\/v2\/comments?post=36850"}],"wp:featuredmedia":[{"embeddable":true,"href":"https:\/\/lamaktaba.fr\/index.php\/wp-json\/wp\/v2\/media\/36851"}],"wp:attachment":[{"href":"https:\/\/lamaktaba.fr\/index.php\/wp-json\/wp\/v2\/media?parent=36850"}],"wp:term":[{"taxonomy":"product_brand","embeddable":true,"href":"https:\/\/lamaktaba.fr\/index.php\/wp-json\/wp\/v2\/product_brand?post=36850"},{"taxonomy":"product_cat","embeddable":true,"href":"https:\/\/lamaktaba.fr\/index.php\/wp-json\/wp\/v2\/product_cat?post=36850"},{"taxonomy":"product_tag","embeddable":true,"href":"https:\/\/lamaktaba.fr\/index.php\/wp-json\/wp\/v2\/product_tag?post=36850"}],"curies":[{"name":"wp","href":"https:\/\/api.w.org\/{rel}","templated":true}]}}