{"id":36831,"date":"2021-01-04T00:15:00","date_gmt":"2021-01-03T23:15:00","guid":{"rendered":"https:\/\/lamaktaba.fr\/index.php\/produit\/la-citadelle-du-petit-musulman\/"},"modified":"2025-04-01T12:43:19","modified_gmt":"2025-04-01T10:43:19","slug":"la-citadelle-du-petit-musulman","status":"publish","type":"product","link":"https:\/\/lamaktaba.fr\/index.php\/produit\/la-citadelle-du-petit-musulman","title":{"rendered":"La citadelle, du petit musulman"},"content":{"rendered":"<p>La citadelle du petit musulman;\u00ab Le Rappel de Dieu est comme une Citadelle dans laquelle le musulman peut se prot\u00e9ger contre son ennemi \u00bb. Cette ouvrage a \u00e9t\u00e9 r\u00e9alis\u00e9 dans le souci de satisfaire nos enfants musulmans qui trouveront ais\u00e9ment les Invocations tir\u00e9es des sources authentiques de la tradition proph\u00e9tique, dont ils ont besoin dans leur quotidien. Elles ont \u00e9t\u00e9 choisies et simplifi\u00e9es sp\u00e9cialement pour eux, esp\u00e9rant qu\u2019elles leur apporteront r\u00e9confort et protection.<\/p>\n","protected":false},"excerpt":{"rendered":"<p>La citadelle du petit musulman;\u00ab Le Rappel de Dieu est comme une Citadelle dans laquelle le musulman peut se prot\u00e9ger contre son ennemi \u00bb. Cette ouvrage a \u00e9t\u00e9 r\u00e9alis\u00e9 dans le souci de satisfaire nos enfants musulmans qui trouveront ais\u00e9ment les Invocations tir\u00e9es des sources authentiques de la tradition proph\u00e9tique, dont ils ont besoin dans leur quotidien. Elles ont \u00e9t\u00e9 choisies et simplifi\u00e9es sp\u00e9cialement pour eux, esp\u00e9rant qu\u2019elles leur apporteront r\u00e9confort et protection.<\/p>\n","protected":false},"featured_media":36832,"comment_status":"open","ping_status":"closed","template":"","meta":[],"product_brand":[],"product_cat":[15],"product_tag":[],"class_list":{"0":"post-36831","1":"product","2":"type-product","3":"status-publish","4":"has-post-thumbnail","6":"product_cat-non-classe","7":"pa_editeur-pixelgraf-editions-2","8":"pa_format-16-5-x-11-cm","9":"pa_nombre-de-pages-418","10":"pa_reliure-souple","12":"first","13":"instock","14":"shipping-taxable","15":"purchasable","16":"product-type-simple"},"_links":{"self":[{"href":"https:\/\/lamaktaba.fr\/index.php\/wp-json\/wp\/v2\/product\/36831","targetHints":{"allow":["GET"]}}],"collection":[{"href":"https:\/\/lamaktaba.fr\/index.php\/wp-json\/wp\/v2\/product"}],"about":[{"href":"https:\/\/lamaktaba.fr\/index.php\/wp-json\/wp\/v2\/types\/product"}],"replies":[{"embeddable":true,"href":"https:\/\/lamaktaba.fr\/index.php\/wp-json\/wp\/v2\/comments?post=36831"}],"wp:featuredmedia":[{"embeddable":true,"href":"https:\/\/lamaktaba.fr\/index.php\/wp-json\/wp\/v2\/media\/36832"}],"wp:attachment":[{"href":"https:\/\/lamaktaba.fr\/index.php\/wp-json\/wp\/v2\/media?parent=36831"}],"wp:term":[{"taxonomy":"product_brand","embeddable":true,"href":"https:\/\/lamaktaba.fr\/index.php\/wp-json\/wp\/v2\/product_brand?post=36831"},{"taxonomy":"product_cat","embeddable":true,"href":"https:\/\/lamaktaba.fr\/index.php\/wp-json\/wp\/v2\/product_cat?post=36831"},{"taxonomy":"product_tag","embeddable":true,"href":"https:\/\/lamaktaba.fr\/index.php\/wp-json\/wp\/v2\/product_tag?post=36831"}],"curies":[{"name":"wp","href":"https:\/\/api.w.org\/{rel}","templated":true}]}}