{"id":36820,"date":"2021-01-04T00:15:00","date_gmt":"2021-01-03T23:15:00","guid":{"rendered":"https:\/\/lamaktaba.fr\/index.php\/produit\/mon-coloriage-magique-de-lalphabet-arabe-%d8%aa%d9%84%d9%88%d9%8a%d9%86-%d8%a7%d9%84%d8%ad%d8%b1%d9%88%d9%81-%d8%a7%d9%84%d8%b9%d8%b1%d8%a8%d9%8a%d8%a9-%d9%84%d9%84%d8%a3%d8%b7%d9%81%d8%a7%d9%84\/"},"modified":"2025-04-01T12:43:28","modified_gmt":"2025-04-01T10:43:28","slug":"mon-coloriage-magique-de-lalphabet-arabe-d8aad984d988d98ad986-d8a7d984d8add8b1d988d981-d8a7d984d8b9d8b1d8a8d98ad8a9-d984d984d8a3d8b7d981d8a7d984","status":"publish","type":"product","link":"https:\/\/lamaktaba.fr\/index.php\/produit\/mon-coloriage-magique-de-lalphabet-arabe-d8aad984d988d98ad986-d8a7d984d8add8b1d988d981-d8a7d984d8b9d8b1d8a8d98ad8a9-d984d984d8a3d8b7d981d8a7d984","title":{"rendered":"Mon Coloriage Magique de l&rsquo;Alphabet Arabe &#8211; \u062a\u0644\u0648\u064a\u0646 \u0627\u0644\u062d\u0631\u0648\u0641 \u0627\u0644\u0639\u0631\u0628\u064a\u0629 \u0644\u0644\u0623\u0637\u0641\u0627\u0644 &#8211; Professeur Chadhouli Said Diplom\u00e9 de l&rsquo;Universit\u00e9 de M\u00e9dine &#8211; Livre"},"content":{"rendered":"","protected":false},"excerpt":{"rendered":"","protected":false},"featured_media":36821,"comment_status":"open","ping_status":"closed","template":"","meta":[],"product_brand":[],"product_cat":[1914,1910],"product_tag":[],"class_list":{"0":"post-36820","1":"product","2":"type-product","3":"status-publish","4":"has-post-thumbnail","6":"product_cat-apprentissage-arabe","7":"product_cat-education","8":"pa_auteur-professeur-chadhouli-said-diplome-de-luniversite-de-medine","9":"pa_code-produit-ref-33512","10":"pa_editeur-al-qamar","11":"pa_format-broche-20-x-20-cm","12":"pa_langue-francais-arabe","13":"pa_nombre-de-pages-411","15":"first","16":"outofstock","17":"shipping-taxable","18":"purchasable","19":"product-type-simple"},"_links":{"self":[{"href":"https:\/\/lamaktaba.fr\/index.php\/wp-json\/wp\/v2\/product\/36820","targetHints":{"allow":["GET"]}}],"collection":[{"href":"https:\/\/lamaktaba.fr\/index.php\/wp-json\/wp\/v2\/product"}],"about":[{"href":"https:\/\/lamaktaba.fr\/index.php\/wp-json\/wp\/v2\/types\/product"}],"replies":[{"embeddable":true,"href":"https:\/\/lamaktaba.fr\/index.php\/wp-json\/wp\/v2\/comments?post=36820"}],"wp:featuredmedia":[{"embeddable":true,"href":"https:\/\/lamaktaba.fr\/index.php\/wp-json\/wp\/v2\/media\/36821"}],"wp:attachment":[{"href":"https:\/\/lamaktaba.fr\/index.php\/wp-json\/wp\/v2\/media?parent=36820"}],"wp:term":[{"taxonomy":"product_brand","embeddable":true,"href":"https:\/\/lamaktaba.fr\/index.php\/wp-json\/wp\/v2\/product_brand?post=36820"},{"taxonomy":"product_cat","embeddable":true,"href":"https:\/\/lamaktaba.fr\/index.php\/wp-json\/wp\/v2\/product_cat?post=36820"},{"taxonomy":"product_tag","embeddable":true,"href":"https:\/\/lamaktaba.fr\/index.php\/wp-json\/wp\/v2\/product_tag?post=36820"}],"curies":[{"name":"wp","href":"https:\/\/api.w.org\/{rel}","templated":true}]}}