{"id":36800,"date":"2021-01-04T00:15:00","date_gmt":"2021-01-03T23:15:00","guid":{"rendered":"https:\/\/lamaktaba.fr\/index.php\/produit\/le-noble-coran-et-la-traduction-en-langue-francaise-de-ses-sens-bilingue-francais-arabe-edition-de-luxe-couverture-cartonnee-en-daim-couleur-bleu-doree-livre\/"},"modified":"2023-05-16T16:04:40","modified_gmt":"2023-05-16T14:04:40","slug":"le-noble-coran-et-la-traduction-en-langue-francaise-de-ses-sens-bilingue-francais-arabe-edition-de-luxe-couverture-cartonnee-en-daim-couleur-bleu-doree-livre","status":"publish","type":"product","link":"https:\/\/lamaktaba.fr\/index.php\/produit\/le-noble-coran-et-la-traduction-en-langue-francaise-de-ses-sens-bilingue-francais-arabe-edition-de-luxe-couverture-cartonnee-en-daim-couleur-bleu-doree-livre","title":{"rendered":"Le Noble Coran et la traduction en langue fran\u00e7aise de ses sens (bilingue fran\u00e7ais\/arabe) &#8211; Edition de luxe couverture cartonn\u00e9e en daim couleur dor\u00e9e &#8211; Livre"},"content":{"rendered":"<p>Le Noble Coran bilingue (arabe\/fran\u00e7ais) avec couverture cartonn\u00e9e de type daim, doux au toucher. Id\u00e9al pour offrir.;Cette \u00e9dition a la particularit\u00e9 d&rsquo;avoir les num\u00e9ros des versets et des pages de la partie arabe en chiffre arabes et non pas en chiffres indiens. Ceci facilitera la lecture pour le public francophone;Louange \u00e0 Allah Seigneur des mondes, s&rsquo;adressant aux hommes en ces termes: (Une lumi\u00e8re et un Livre explicite vous sont certes venus d&rsquo;Allah) (Sourate 5, verset 15). Que la paix et la b\u00e9n\u00e9diction d&rsquo;Allah soient sur le sceau des Proph\u00e8tes, Muhammad, qui a dit: (Le meilleur d&rsquo;entre vous est celui qui apprend le Coran et l&rsquo;enseigne).;Le Coran (arabe: \u0627\u0644\u0642\u0631\u0622\u0646 \u02beal qur\u02be\u0101n, lecture) est le livre sacr\u00e9 de la religion musulmane. C&rsquo;est aussi le premier livre \u00e0 avoir \u00e9t\u00e9 \u00e9crit en arabe, langue qu&rsquo;il a contribu\u00e9 \u00e0 fixer. Le Coran regroupe les paroles divines qui ont \u00e9t\u00e9 transmises au proph\u00e8te Muhammad (que la paix et la b\u00e9n\u00e9diction d&rsquo;Allah soient sur lui) fragmentairement par l&rsquo;archange Gabriel (Jibril), par voie orale durant une p\u00e9riode de vingt-trois ans. Il est parfois \u00e9galement appel\u00e9 kit\u00e2b (livre) ou dhikr (rappel).;C\u2019est la parole incr\u00e9\u00e9e de Dieu (Allah) adress\u00e9e \u00e0 l&rsquo;intention de toute l&rsquo;Humanit\u00e9: l&rsquo;islam, contrairement au christianisme, a une vocation universelle. Le Coran est divis\u00e9 en cent quatorze chapitres appel\u00e9s sourates, class\u00e9es plus ou moins par ordre d\u00e9croissant en fonction de leur longueur \u00e0 l&rsquo;exception de la premi\u00e8re sourate appel\u00e9e Al Fatiha (parfois traduite par \u00ab le prologue \u00bb ou encore \u00ab l&rsquo;ouverture \u00bb). Ces sourates sont elles-m\u00eames compos\u00e9es de versets nomm\u00e9s \u00e2y\u00e2t (pluriel de l&rsquo;arabe \u00e2yah, \u00ab preuve \u00bb, \u00ab signe \u00bb). Les versets sont au nombre canonique de 6219.;La compr\u00e9hension de son contenu est certes beaucoup plus ais\u00e9e pour ceux qui jouissent de la connaissance de la langue arabe litt\u00e9raire, langue de la r\u00e9v\u00e9lation par excellence. Quant \u00e0 ceux qui sont priv\u00e9s de la compr\u00e9hension de cette belle langue, la barri\u00e8re linguistique constitue un handicap s\u00e9rieux les emp\u00eachant de tirer un profit incommensurable. De l\u00e0, s&rsquo;impose le besoin imp\u00e9ratif de fournir une traduction saine, relatant le sens des versets coraniques dans les langues \u00e9trang\u00e8res.;Cette traduction est celle du complexe du Roi Fahd \u00e0 M\u00e9dine r\u00e9put\u00e9 pour sa minutie et son s\u00e9rieux. A vous d\u00e9sormais de lire ce fabuleux livre et m\u00e9ditez sur ses sens\u2026;Le Coran est cellophan\u00e9. D&rsquo;autres couleurs sont disponibles.<\/p>\n","protected":false},"excerpt":{"rendered":"<p>Le Noble Coran bilingue (arabe\/fran\u00e7ais) avec couverture cartonn\u00e9e de type daim, doux au toucher. Id\u00e9al pour offrir.;Cette \u00e9dition a la particularit\u00e9 d&rsquo;avoir les num\u00e9ros des versets et des pages de la partie arabe en chiffre arabes et non pas en chiffres indiens. Ceci facilitera la lecture pour le public francophone;Louange \u00e0 Allah Seigneur des mondes, s&rsquo;adressant aux hommes en ces termes: (Une lumi\u00e8re et un Livre explicite vous sont certes venus d&rsquo;Allah) (Sourate 5, verset 15). Que la paix et la b\u00e9n\u00e9diction d&rsquo;Allah soient sur le sceau des Proph\u00e8tes, Muhammad, qui a dit: (Le meilleur d&rsquo;entre vous est celui qui apprend le Coran et l&rsquo;enseigne).;Le Coran (arabe: \u0627\u0644\u0642\u0631\u0622\u0646 \u02beal qur\u02be\u0101n, lecture) est le livre sacr\u00e9 de la religion musulmane. C&rsquo;est aussi le premier livre \u00e0 avoir \u00e9t\u00e9 \u00e9crit en arabe, langue qu&rsquo;il a contribu\u00e9 \u00e0 fixer. Le Coran regroupe les paroles divines qui ont \u00e9t\u00e9 transmises au proph\u00e8te Muhammad (que la paix et la b\u00e9n\u00e9diction d&rsquo;Allah soient sur lui) fragmentairement par l&rsquo;archange Gabriel (Jibril), par voie orale durant une p\u00e9riode de vingt-trois ans. Il est parfois \u00e9galement appel\u00e9 kit\u00e2b (livre) ou dhikr (rappel).;C\u2019est la parole incr\u00e9\u00e9e de Dieu (Allah) adress\u00e9e \u00e0 l&rsquo;intention de toute l&rsquo;Humanit\u00e9: l&rsquo;islam, contrairement au christianisme, a une vocation universelle. Le Coran est divis\u00e9 en cent quatorze chapitres appel\u00e9s sourates, class\u00e9es plus ou moins par ordre d\u00e9croissant en fonction de leur longueur \u00e0 l&rsquo;exception de la premi\u00e8re sourate appel\u00e9e Al Fatiha (parfois traduite par \u00ab le prologue \u00bb ou encore \u00ab l&rsquo;ouverture \u00bb). Ces sourates sont elles-m\u00eames compos\u00e9es de versets nomm\u00e9s \u00e2y\u00e2t (pluriel de l&rsquo;arabe \u00e2yah, \u00ab preuve \u00bb, \u00ab signe \u00bb). Les versets sont au nombre canonique de 6219.;La compr\u00e9hension de son contenu est certes beaucoup plus ais\u00e9e pour ceux qui jouissent de la connaissance de la langue arabe litt\u00e9raire, langue de la r\u00e9v\u00e9lation par excellence. Quant \u00e0 ceux qui sont priv\u00e9s de la compr\u00e9hension de cette belle langue, la barri\u00e8re linguistique constitue un handicap s\u00e9rieux les emp\u00eachant de tirer un profit incommensurable. De l\u00e0, s&rsquo;impose le besoin imp\u00e9ratif de fournir une traduction saine, relatant le sens des versets coraniques dans les langues \u00e9trang\u00e8res.;Cette traduction est celle du complexe du Roi Fahd \u00e0 M\u00e9dine r\u00e9put\u00e9 pour sa minutie et son s\u00e9rieux. A vous d\u00e9sormais de lire ce fabuleux livre et m\u00e9ditez sur ses sens\u2026;Le Coran est cellophan\u00e9. D&rsquo;autres couleurs sont disponibles.<\/p>\n","protected":false},"featured_media":36801,"comment_status":"open","ping_status":"closed","template":"","meta":[],"product_brand":[],"product_cat":[15],"product_tag":[],"class_list":{"0":"post-36800","1":"product","2":"type-product","3":"status-publish","4":"has-post-thumbnail","6":"product_cat-non-classe","7":"pa_code-produit-ref-28826","8":"pa_editeur-orientica","9":"pa_format-cartonne-15-x-22-cm","10":"pa_langue-francais-arabe","11":"pa_nombre-de-pages-396","13":"first","14":"instock","15":"shipping-taxable","16":"product-type-variable"},"_links":{"self":[{"href":"https:\/\/lamaktaba.fr\/index.php\/wp-json\/wp\/v2\/product\/36800","targetHints":{"allow":["GET"]}}],"collection":[{"href":"https:\/\/lamaktaba.fr\/index.php\/wp-json\/wp\/v2\/product"}],"about":[{"href":"https:\/\/lamaktaba.fr\/index.php\/wp-json\/wp\/v2\/types\/product"}],"replies":[{"embeddable":true,"href":"https:\/\/lamaktaba.fr\/index.php\/wp-json\/wp\/v2\/comments?post=36800"}],"wp:featuredmedia":[{"embeddable":true,"href":"https:\/\/lamaktaba.fr\/index.php\/wp-json\/wp\/v2\/media\/36801"}],"wp:attachment":[{"href":"https:\/\/lamaktaba.fr\/index.php\/wp-json\/wp\/v2\/media?parent=36800"}],"wp:term":[{"taxonomy":"product_brand","embeddable":true,"href":"https:\/\/lamaktaba.fr\/index.php\/wp-json\/wp\/v2\/product_brand?post=36800"},{"taxonomy":"product_cat","embeddable":true,"href":"https:\/\/lamaktaba.fr\/index.php\/wp-json\/wp\/v2\/product_cat?post=36800"},{"taxonomy":"product_tag","embeddable":true,"href":"https:\/\/lamaktaba.fr\/index.php\/wp-json\/wp\/v2\/product_tag?post=36800"}],"curies":[{"name":"wp","href":"https:\/\/api.w.org\/{rel}","templated":true}]}}