{"id":368,"date":"2020-03-02T10:00:00","date_gmt":"2020-03-02T09:00:00","guid":{"rendered":"https:\/\/lamaktaba.fr\/index.php\/produit\/arc-en-ciel-volume-6-manuel-denseignement-pedagogique-des-bases-de-lislam-collectif\/"},"modified":"2025-04-01T12:44:38","modified_gmt":"2025-04-01T10:44:38","slug":"arc-en-ciel-volume-6-manuel-denseignement-pedagogique-des-bases-de-lislam-collectif","status":"publish","type":"product","link":"https:\/\/lamaktaba.fr\/index.php\/produit\/arc-en-ciel-volume-6-manuel-denseignement-pedagogique-des-bases-de-lislam-collectif","title":{"rendered":"Arc-En-Ciel Volume 6: Manuel d&rsquo;Enseignement P\u00e9dagogique des Bases de l&rsquo;Islam"},"content":{"rendered":"<p>Titre: Arc en Ciel Volume 6;Auteur: NC;Edition: ALHADITH;Support: Livre;Theme: Biblioth\u00e8que des enfants;Description: L\u2019\u00e9ducation des enfants est primordiale mais le probl\u00e8me est de trouver une m\u00e9thode adapt\u00e9e aux enfants. Ainsi, la r\u00e9ussite d\u2019un programme \u00e9ducatif ne d\u00e9pend pas seulement de sa valeur scientifique mais bien de la p\u00e9dagogique appliqu\u00e9e, des efforts de l\u2019enseignant et du travail de l\u2019\u00e9l\u00e8ve. Voil\u00e0 pourquoi les \u00e9ditions al-Hadith vous pr\u00e9sentent leur humble contribution. Il s\u2019agit de manuels d\u2019enseignement p\u00e9dagogique des bases de la religion islamique. Les diff\u00e9rents niveaux sont adapt\u00e9s au niveau scolaire de l\u2019enfant.<\/p>\n","protected":false},"excerpt":{"rendered":"<p>Titre: Arc en Ciel Volume 6;Auteur: NC;Edition: ALHADITH;Support: Livre;Theme: Biblioth\u00e8que des enfants;Description: L\u2019\u00e9ducation des enfants est primordiale mais le probl\u00e8me est de trouver une m\u00e9thode adapt\u00e9e aux enfants. Ainsi, la r\u00e9ussite d\u2019un programme \u00e9ducatif ne d\u00e9pend pas seulement de sa valeur scientifique mais bien de la p\u00e9dagogique appliqu\u00e9e, des efforts de l\u2019enseignant et du travail de l\u2019\u00e9l\u00e8ve. Voil\u00e0 pourquoi les \u00e9ditions al-Hadith vous pr\u00e9sentent leur humble contribution. Il s\u2019agit de manuels d\u2019enseignement p\u00e9dagogique des bases de la religion islamique. Les diff\u00e9rents niveaux sont adapt\u00e9s au niveau scolaire de l\u2019enfant.<\/p>\n","protected":false},"featured_media":37017,"comment_status":"open","ping_status":"closed","template":"","meta":[],"product_brand":[],"product_cat":[1914],"product_tag":[],"class_list":{"0":"post-368","1":"product","2":"type-product","3":"status-publish","4":"has-post-thumbnail","6":"product_cat-apprentissage-arabe","7":"pa_editeur-alhadith-editions","9":"first","10":"outofstock","11":"shipping-taxable","12":"purchasable","13":"product-type-simple"},"_links":{"self":[{"href":"https:\/\/lamaktaba.fr\/index.php\/wp-json\/wp\/v2\/product\/368","targetHints":{"allow":["GET"]}}],"collection":[{"href":"https:\/\/lamaktaba.fr\/index.php\/wp-json\/wp\/v2\/product"}],"about":[{"href":"https:\/\/lamaktaba.fr\/index.php\/wp-json\/wp\/v2\/types\/product"}],"replies":[{"embeddable":true,"href":"https:\/\/lamaktaba.fr\/index.php\/wp-json\/wp\/v2\/comments?post=368"}],"wp:featuredmedia":[{"embeddable":true,"href":"https:\/\/lamaktaba.fr\/index.php\/wp-json\/wp\/v2\/media\/37017"}],"wp:attachment":[{"href":"https:\/\/lamaktaba.fr\/index.php\/wp-json\/wp\/v2\/media?parent=368"}],"wp:term":[{"taxonomy":"product_brand","embeddable":true,"href":"https:\/\/lamaktaba.fr\/index.php\/wp-json\/wp\/v2\/product_brand?post=368"},{"taxonomy":"product_cat","embeddable":true,"href":"https:\/\/lamaktaba.fr\/index.php\/wp-json\/wp\/v2\/product_cat?post=368"},{"taxonomy":"product_tag","embeddable":true,"href":"https:\/\/lamaktaba.fr\/index.php\/wp-json\/wp\/v2\/product_tag?post=368"}],"curies":[{"name":"wp","href":"https:\/\/api.w.org\/{rel}","templated":true}]}}