{"id":36796,"date":"2021-01-04T00:15:00","date_gmt":"2021-01-03T23:15:00","guid":{"rendered":"https:\/\/lamaktaba.fr\/index.php\/produit\/siwak-tybah-gout-citron-brosse-a-dents-naturelle\/"},"modified":"2025-04-01T12:43:36","modified_gmt":"2025-04-01T10:43:36","slug":"siwak-tybah-gout-citron-brosse-a-dents-naturelle","status":"publish","type":"product","link":"https:\/\/lamaktaba.fr\/index.php\/produit\/siwak-tybah-gout-citron-brosse-a-dents-naturelle","title":{"rendered":"Siwak Tybah &#8211; gout citron &#8211; brosse \u00e0 dents naturelle"},"content":{"rendered":"<p>Le Sewak &#8211; Siwak ou Miswak est un b\u00e2tonnet de couleur canelle. Il est utilis\u00e9 pour le soin des dents et pour l\u00b4hygi\u00e8ne buccale depuis longtemps. Le Sewak &#8211; Siwak ou Miswak est connu comme il \u00e9tait au Moyent-orient et en Asie en des temps recul\u00e9s, il \u00e9tait utilis\u00e9 pour brosser et nettoyer les dents d\u00fb \u00e0 sa grande teneur en agents antiseptiques et calmans des gencives. Le meilleur Sewak &#8211; Siwak ou Miswak est celui qui est fait \u00e0 partir de l\u00b4arbre de l\u00b4arak (le Salvadora P\u00e9rsica) par lequel notre dentifrice a \u00e9t\u00e9 elabor\u00e9. Le Proph\u00e8te Mohammed salla All\u00e2hou^alayhi wa sal\u00e2m r\u00e9cup\u00e9ra la tradition de l\u00b4hygi\u00e8ne buccale comme norme d\u00b4hygi\u00e8ne pour tout le peuple islamique car ind\u00e9pendamment de ses agents antiseptiques il contient aussi d\u00b4autres substances qui favorisent la digestion. M\u00eame sur son lit de mort il demanda \u00e0 son \u00e9pouse Aisha de lui pr\u00e9parer le Sewak &#8211; Siwak ou Miswak, car le peuple islamique est oblig\u00e9 de preparer le corps pour la pri\u00e8re, soit le wudu. Dans ce cas l\u00e0 il s\u00b4agissait de la derni\u00e8re pri\u00e8re du bien-aim\u00e9 proph\u00e8te. Cette r\u00e8gle devint une sunna et presque un \u00e9l\u00e9ment liturgique. Dans les temps anciens le fait de m\u00e2cher certaines racines \u00e9tait propre des peuples civilis\u00e9s car ces racines \u00e9taient aussi utilis\u00e9es comme brosse \u00e0 dents et devinrent son origine.;D\u00e9j\u00e0 dans l&rsquo;Antiquit\u00e9 on commence \u00e0 pratiquer l&rsquo;hygi\u00e8ne bucco-dentaire en utilisant des b\u00e2tonnets fibreux \u00e0 m\u00e2cher, comme le siwak, servant de brosse \u00e0 dents. Le b\u00e2tonnet contient des nettoyants, des d\u00e9sinfectants et m\u00eame des fluorures. Il est recommand\u00e9 dans la collection de savoirs m\u00e9dicaux du chirurgien Sushruta en Inde ancienne (env. 500 av. J.C.). Ce dernier est aussi connu comme un pionnier de l&rsquo;anesth\u00e9sie, qu&rsquo;il pratique notamment avec du chanvre indien1. Le siwak est aussi \u00e9voqu\u00e9 dans l&rsquo;ancien livre indien des lois de Manu (sanskrit: \u092e\u0928\u0941\u0938\u094d\u092e\u0943\u0924\u093f, manusm\u1e5bti) vers l&rsquo;\u00e8re chr\u00e9tienne. Dans le monde islamique, Mahomet l&rsquo;aurait r\u00e9guli\u00e8rement utilis\u00e9, selon la litt\u00e9rature du Had\u00eeth2. L\u2019usage de cette plante pour le nettoyage des dents est ant\u00e9rieur \u00e0 l&rsquo;apparition de l&rsquo;islam, il s&rsquo;est d\u00e9velopp\u00e9 \u00e0 la suite de l&rsquo;opinion positive qu&rsquo;en a faite le proph\u00e8te Mahomet.;Le simple fait de se frotter les dents avec un objet fibreux tel que le siwak permet de se d\u00e9barrasser de la plaque dentaire. Des recherches scientifiques sugg\u00e8rent un effet b\u00e9n\u00e9fique dans le renforcement de la gencive3. Une \u00e9tude am\u00e9ricaine men\u00e9e en 2003 par le National Center for Biotechnology Information a conclu que l&rsquo;usage du siwak est plus efficace que l&rsquo;usage d&rsquo;une brosse \u00e0 dents4,5. L&rsquo;Organisation mondiale de la sant\u00e9 en recommande l&rsquo;usage en 1986 puis en 20006. Il comporte aussi une substance qui facilite la digestion et qui prot\u00e8ge les dents contre le tartre3,5.;Il existe de nombreuses recherches sur le margousier, dont les branches d&rsquo;arbustes pr\u00e9sentent des propri\u00e9t\u00e9s similaires \u00e0 celles du siwak.<\/p>\n","protected":false},"excerpt":{"rendered":"<p>Le Sewak &#8211; Siwak ou Miswak est un b\u00e2tonnet de couleur canelle. Il est utilis\u00e9 pour le soin des dents et pour l\u00b4hygi\u00e8ne buccale depuis longtemps. Le Sewak &#8211; Siwak ou Miswak est connu comme il \u00e9tait au Moyent-orient et en Asie en des temps recul\u00e9s, il \u00e9tait utilis\u00e9 pour brosser et nettoyer les dents d\u00fb \u00e0 sa grande teneur en agents antiseptiques et calmans des gencives. Le meilleur Sewak &#8211; Siwak ou Miswak est celui qui est fait \u00e0 partir de l\u00b4arbre de l\u00b4arak (le Salvadora P\u00e9rsica) par lequel notre dentifrice a \u00e9t\u00e9 elabor\u00e9. Le Proph\u00e8te Mohammed salla All\u00e2hou^alayhi wa sal\u00e2m r\u00e9cup\u00e9ra la tradition de l\u00b4hygi\u00e8ne buccale comme norme d\u00b4hygi\u00e8ne pour tout le peuple islamique car ind\u00e9pendamment de ses agents antiseptiques il contient aussi d\u00b4autres substances qui favorisent la digestion. M\u00eame sur son lit de mort il demanda \u00e0 son \u00e9pouse Aisha de lui pr\u00e9parer le Sewak &#8211; Siwak ou Miswak, car le peuple islamique est oblig\u00e9 de preparer le corps pour la pri\u00e8re, soit le wudu. Dans ce cas l\u00e0 il s\u00b4agissait de la derni\u00e8re pri\u00e8re du bien-aim\u00e9 proph\u00e8te. Cette r\u00e8gle devint une sunna et presque un \u00e9l\u00e9ment liturgique. Dans les temps anciens le fait de m\u00e2cher certaines racines \u00e9tait propre des peuples civilis\u00e9s car ces racines \u00e9taient aussi utilis\u00e9es comme brosse \u00e0 dents et devinrent son origine.;D\u00e9j\u00e0 dans l&rsquo;Antiquit\u00e9 on commence \u00e0 pratiquer l&rsquo;hygi\u00e8ne bucco-dentaire en utilisant des b\u00e2tonnets fibreux \u00e0 m\u00e2cher, comme le siwak, servant de brosse \u00e0 dents. Le b\u00e2tonnet contient des nettoyants, des d\u00e9sinfectants et m\u00eame des fluorures. Il est recommand\u00e9 dans la collection de savoirs m\u00e9dicaux du chirurgien Sushruta en Inde ancienne (env. 500 av. J.C.). Ce dernier est aussi connu comme un pionnier de l&rsquo;anesth\u00e9sie, qu&rsquo;il pratique notamment avec du chanvre indien1. Le siwak est aussi \u00e9voqu\u00e9 dans l&rsquo;ancien livre indien des lois de Manu (sanskrit: \u092e\u0928\u0941\u0938\u094d\u092e\u0943\u0924\u093f, manusm\u1e5bti) vers l&rsquo;\u00e8re chr\u00e9tienne. Dans le monde islamique, Mahomet l&rsquo;aurait r\u00e9guli\u00e8rement utilis\u00e9, selon la litt\u00e9rature du Had\u00eeth2. L\u2019usage de cette plante pour le nettoyage des dents est ant\u00e9rieur \u00e0 l&rsquo;apparition de l&rsquo;islam, il s&rsquo;est d\u00e9velopp\u00e9 \u00e0 la suite de l&rsquo;opinion positive qu&rsquo;en a faite le proph\u00e8te Mahomet.;Le simple fait de se frotter les dents avec un objet fibreux tel que le siwak permet de se d\u00e9barrasser de la plaque dentaire. Des recherches scientifiques sugg\u00e8rent un effet b\u00e9n\u00e9fique dans le renforcement de la gencive3. Une \u00e9tude am\u00e9ricaine men\u00e9e en 2003 par le National Center for Biotechnology Information a conclu que l&rsquo;usage du siwak est plus efficace que l&rsquo;usage d&rsquo;une brosse \u00e0 dents4,5. L&rsquo;Organisation mondiale de la sant\u00e9 en recommande l&rsquo;usage en 1986 puis en 20006. Il comporte aussi une substance qui facilite la digestion et qui prot\u00e8ge les dents contre le tartre3,5.;Il existe de nombreuses recherches sur le margousier, dont les branches d&rsquo;arbustes pr\u00e9sentent des propri\u00e9t\u00e9s similaires \u00e0 celles du siwak.<\/p>\n","protected":false},"featured_media":36797,"comment_status":"open","ping_status":"closed","template":"","meta":[],"product_brand":[],"product_cat":[15],"product_tag":[],"class_list":{"0":"post-36796","1":"product","2":"type-product","3":"status-publish","4":"has-post-thumbnail","6":"product_cat-non-classe","7":"pa_editeur-miswak-utama","9":"first","10":"outofstock","11":"shipping-taxable","12":"purchasable","13":"product-type-simple"},"_links":{"self":[{"href":"https:\/\/lamaktaba.fr\/index.php\/wp-json\/wp\/v2\/product\/36796","targetHints":{"allow":["GET"]}}],"collection":[{"href":"https:\/\/lamaktaba.fr\/index.php\/wp-json\/wp\/v2\/product"}],"about":[{"href":"https:\/\/lamaktaba.fr\/index.php\/wp-json\/wp\/v2\/types\/product"}],"replies":[{"embeddable":true,"href":"https:\/\/lamaktaba.fr\/index.php\/wp-json\/wp\/v2\/comments?post=36796"}],"wp:featuredmedia":[{"embeddable":true,"href":"https:\/\/lamaktaba.fr\/index.php\/wp-json\/wp\/v2\/media\/36797"}],"wp:attachment":[{"href":"https:\/\/lamaktaba.fr\/index.php\/wp-json\/wp\/v2\/media?parent=36796"}],"wp:term":[{"taxonomy":"product_brand","embeddable":true,"href":"https:\/\/lamaktaba.fr\/index.php\/wp-json\/wp\/v2\/product_brand?post=36796"},{"taxonomy":"product_cat","embeddable":true,"href":"https:\/\/lamaktaba.fr\/index.php\/wp-json\/wp\/v2\/product_cat?post=36796"},{"taxonomy":"product_tag","embeddable":true,"href":"https:\/\/lamaktaba.fr\/index.php\/wp-json\/wp\/v2\/product_tag?post=36796"}],"curies":[{"name":"wp","href":"https:\/\/api.w.org\/{rel}","templated":true}]}}