{"id":36736,"date":"1970-01-01T00:00:00","date_gmt":"1969-12-31T23:00:00","guid":{"rendered":"https:\/\/lamaktaba.fr\/index.php\/produit\/produit-test-import-a-supp\/"},"modified":"2025-04-01T12:47:25","modified_gmt":"2025-04-01T10:47:25","slug":"produit-test-import-a-supp","status":"publish","type":"product","link":"https:\/\/lamaktaba.fr\/index.php\/produit\/produit-test-import-a-supp","title":{"rendered":"De la Science \u00e0 la Croyance (Raffermir sa Foi par une approche scientifique), d&rsquo;Adrien Chauvet"},"content":{"rendered":"<p>De la Science \u00e0 la Croyance (Raffermir sa Foi par une approche scientifique), d&rsquo;Adrien Chauvet;L\u2019int\u00e9r\u00eat de cet ouvrage, qui n\u2019est pas volumineux, mais qui est riche de r\u00e9flexions nouvelles, profondes et essentielles, r\u00e9side dans la r\u00e9ponse originale qu\u2019il apporte \u00e0 une question fondamentale: comment peut-on, en se fondant sur une m\u00e9thodologie et des consid\u00e9rations scientifiques, aborder la question de la foi aujourd\u2019hui?;L\u2019 auteur impressionne par une vaste culture scientifique, mais aussi par une approche s\u00e9rieuse de la tradition islamique. Il \u00e9carte, tant sur le plan rationnel que sur le plan religieux, une posture dogmatique qui interdirait de fait tout dialogue entre deux mondes que l\u2019on juge \u00e0 tort comme \u00e9tant n\u00e9cessairement oppos\u00e9s.;Ce livre invite le lecteur \u00e0 suivre un parcours comprenant r\u00e9sum\u00e9s et r\u00e9capitulatifs qui permettent de clarifier notre progression, en nous parlant de th\u00e8mes aussi vari\u00e9s que la m\u00e9t\u00e9o, les \u00e9lectrons, les ondes et la photosynth\u00e8se aux origines de la vie, mais aussi le libre-arbitre et la pr\u00e9destination, les notions du bien et du mal, le sens de la r\u00e9ussite et de l\u2019\u00e9chec, du d\u00e9tachement et de l\u2019engagement. L\u2019auteur a par ailleurs le m\u00e9rite de ne pas \u00e9luder la question de l\u2019\u00e9volution.;Ici, il n\u2019est pas question de convaincre \u00e0 coups d\u2019arguments p\u00e9remptoires, mais bien plut\u00f4t, en observant le monde et en s\u2019ouvrant \u00e0 la spiritualit\u00e9, de prendre conscience que le chemin des \u00e9vidences n\u2019est pas celui des pr\u00e9jug\u00e9s.;Marque -MAISON D&rsquo;ENNOUR Editions R\u00e9f\u00e9rence 9782752401724;Fiche technique AUTEUR: &#8211; Adrien Chauvet LANGUE: -.Fran\u00e7ais ANNEE: &#8211; 2020 SUPPORT: &#8211; Livre THEME: &#8211; Science, Croyance, Foi \u00c9DITIONS: &#8211; Maison d&rsquo;Ennour Condition: &#8211; Neuf Nombre de Pages: &#8211; 206 FORMAT (CM): 14 x 20 cm Poids (kg): &#8211; 228 g EAN13: &#8211; 9782752401724 RELIURE: &#8211; Souple;R\u00e9f\u00e9rences sp\u00e9cifiques;Donnez votre avis;Aucun commentaire pour le moment<\/p>\n","protected":false},"excerpt":{"rendered":"<p>De la Science \u00e0 la Croyance (Raffermir sa Foi par une approche scientifique), d&rsquo;Adrien Chauvet;L\u2019int\u00e9r\u00eat de cet ouvrage, qui n\u2019est pas volumineux, mais qui est riche de r\u00e9flexions nouvelles, profondes et essentielles, r\u00e9side dans la r\u00e9ponse originale qu\u2019il apporte \u00e0 une question fondamentale: comment peut-on, en se fondant sur une m\u00e9thodologie et des consid\u00e9rations scientifiques, aborder la question de la foi aujourd\u2019hui?;L\u2019 auteur impressionne par une vaste culture scientifique, mais aussi par une approche s\u00e9rieuse de la tradition islamique. Il \u00e9carte, tant sur le plan rationnel que sur le plan religieux, une posture dogmatique qui interdirait de fait tout dialogue entre deux mondes que l\u2019on juge \u00e0 tort comme \u00e9tant n\u00e9cessairement oppos\u00e9s.;Ce livre invite le lecteur \u00e0 suivre un parcours comprenant r\u00e9sum\u00e9s et r\u00e9capitulatifs qui permettent de clarifier notre progression, en nous parlant de th\u00e8mes aussi vari\u00e9s que la m\u00e9t\u00e9o, les \u00e9lectrons, les ondes et la photosynth\u00e8se aux origines de la vie, mais aussi le libre-arbitre et la pr\u00e9destination, les notions du bien et du mal, le sens de la r\u00e9ussite et de l\u2019\u00e9chec, du d\u00e9tachement et de l\u2019engagement. L\u2019auteur a par ailleurs le m\u00e9rite de ne pas \u00e9luder la question de l\u2019\u00e9volution.;Ici, il n\u2019est pas question de convaincre \u00e0 coups d\u2019arguments p\u00e9remptoires, mais bien plut\u00f4t, en observant le monde et en s\u2019ouvrant \u00e0 la spiritualit\u00e9, de prendre conscience que le chemin des \u00e9vidences n\u2019est pas celui des pr\u00e9jug\u00e9s.;Marque -MAISON D&rsquo;ENNOUR Editions R\u00e9f\u00e9rence 9782752401724;Fiche technique AUTEUR: &#8211; Adrien Chauvet LANGUE: -.Fran\u00e7ais ANNEE: &#8211; 2020 SUPPORT: &#8211; Livre THEME: &#8211; Science, Croyance, Foi \u00c9DITIONS: &#8211; Maison d&rsquo;Ennour Condition: &#8211; Neuf Nombre de Pages: &#8211; 206 FORMAT (CM): 14 x 20 cm Poids (kg): &#8211; 228 g EAN13: &#8211; 9782752401724 RELIURE: &#8211; Souple;R\u00e9f\u00e9rences sp\u00e9cifiques;Donnez votre avis;Aucun commentaire pour le moment<\/p>\n","protected":false},"featured_media":37836,"comment_status":"open","ping_status":"closed","template":"","meta":[],"product_brand":[],"product_cat":[15],"product_tag":[],"class_list":{"0":"post-36736","1":"product","2":"type-product","3":"status-publish","4":"has-post-thumbnail","6":"product_cat-non-classe","7":"pa_annee-369","8":"pa_auteur-adrien-chauvet","9":"pa_editeur-maison-dennour-editions-2","10":"pa_format-14-x-20-cm","11":"pa_langue-francais","12":"pa_nombre-de-pages-1278","13":"pa_reliure-souple","15":"first","16":"outofstock","17":"shipping-taxable","18":"purchasable","19":"product-type-simple"},"_links":{"self":[{"href":"https:\/\/lamaktaba.fr\/index.php\/wp-json\/wp\/v2\/product\/36736","targetHints":{"allow":["GET"]}}],"collection":[{"href":"https:\/\/lamaktaba.fr\/index.php\/wp-json\/wp\/v2\/product"}],"about":[{"href":"https:\/\/lamaktaba.fr\/index.php\/wp-json\/wp\/v2\/types\/product"}],"replies":[{"embeddable":true,"href":"https:\/\/lamaktaba.fr\/index.php\/wp-json\/wp\/v2\/comments?post=36736"}],"wp:featuredmedia":[{"embeddable":true,"href":"https:\/\/lamaktaba.fr\/index.php\/wp-json\/wp\/v2\/media\/37836"}],"wp:attachment":[{"href":"https:\/\/lamaktaba.fr\/index.php\/wp-json\/wp\/v2\/media?parent=36736"}],"wp:term":[{"taxonomy":"product_brand","embeddable":true,"href":"https:\/\/lamaktaba.fr\/index.php\/wp-json\/wp\/v2\/product_brand?post=36736"},{"taxonomy":"product_cat","embeddable":true,"href":"https:\/\/lamaktaba.fr\/index.php\/wp-json\/wp\/v2\/product_cat?post=36736"},{"taxonomy":"product_tag","embeddable":true,"href":"https:\/\/lamaktaba.fr\/index.php\/wp-json\/wp\/v2\/product_tag?post=36736"}],"curies":[{"name":"wp","href":"https:\/\/api.w.org\/{rel}","templated":true}]}}