{"id":36477,"date":"2021-03-09T21:45:06","date_gmt":"2021-03-09T20:45:06","guid":{"rendered":"https:\/\/lamaktaba.fr\/index.php\/produit\/leducation-des-enfants-et-les-bases-de-leur-formation-arabe-francais-%d8%aa%d8%b1%d8%a8%d9%8a%d8%a9-%d8%a7%d9%84%d8%a7%d9%88%d9%84%d8%a7%d8%af-%d9%88%d8%a7%d8%b3%d8%b3-%d8%aa%d8%a3%d9%87%d9%8a\/"},"modified":"2025-04-01T12:44:34","modified_gmt":"2025-04-01T10:44:34","slug":"leducation-des-enfants-et-les-bases-de-leur-formation-arabe-francais-d8aad8b1d8a8d98ad8a9-d8a7d984d8a7d988d984d8a7d8af-d988d8a7d8b3d8b3-d8aad8a3d987d98a","status":"publish","type":"product","link":"https:\/\/lamaktaba.fr\/index.php\/produit\/leducation-des-enfants-et-les-bases-de-leur-formation-arabe-francais-d8aad8b1d8a8d98ad8a9-d8a7d984d8a7d988d984d8a7d8af-d988d8a7d8b3d8b3-d8aad8a3d987d98a","title":{"rendered":"L&rsquo;\u00e9ducation des enfants et les bases de leur formation (arabe\/fran\u00e7ais) &#8211; \u062a\u0631\u0628\u064a\u0629 \u0627\u0644\u0627\u0648\u0644\u0627\u062f \u0648\u0627\u0633\u0633 \u062a\u0623\u0647\u064a\u0644\u0647\u0645 &#8211; Cheikh Mohamed Ali Ferkous"},"content":{"rendered":"<p>Puisque l&rsquo;enfant est le centre du processus \u00e9ducatif, il est donc imp\u00e9ratif que sa vie et son esprit soient b\u00e2tis selon la forme qui lui a \u00e9t\u00e9 \u00e9labor\u00e9e et avec les diff\u00e9rentes connaissances et concepts qu&rsquo;il re\u00e7oit et qui lui sont inculqu\u00e9s. Cela, pour qu&rsquo;il puisse ma\u00eetriser son esprit et ses id\u00e9es afin qu&rsquo;il n&rsquo;ait de conception th\u00e9orique dans la vie que celle-ci lui est voulue utiliser dans ses observations et ses exp\u00e9riences, suivant ce qu&rsquo;il a appris ou ce dont il s&rsquo;est exerc\u00e9 et ce qu&rsquo;on lui a enseign\u00e9.<\/p>\n","protected":false},"excerpt":{"rendered":"<p>Puisque l&rsquo;enfant est le centre du processus \u00e9ducatif, il est donc imp\u00e9ratif que sa vie et son esprit soient b\u00e2tis selon la forme qui lui a \u00e9t\u00e9 \u00e9labor\u00e9e et avec les diff\u00e9rentes connaissances et concepts qu&rsquo;il re\u00e7oit et qui lui sont inculqu\u00e9s. Cela, pour qu&rsquo;il puisse ma\u00eetriser son esprit et ses id\u00e9es afin qu&rsquo;il n&rsquo;ait de conception th\u00e9orique dans la vie que celle-ci lui est voulue utiliser dans ses observations et ses exp\u00e9riences, suivant ce qu&rsquo;il a appris ou ce dont il s&rsquo;est exerc\u00e9 et ce qu&rsquo;on lui a enseign\u00e9.<\/p>\n","protected":false},"featured_media":36478,"comment_status":"open","ping_status":"closed","template":"","meta":[],"product_brand":[],"product_cat":[1925],"product_tag":[],"class_list":{"0":"post-36477","1":"product","2":"type-product","3":"status-publish","4":"has-post-thumbnail","6":"product_cat-education-des-enfants","8":"first","9":"instock","10":"shipping-taxable","11":"purchasable","12":"product-type-simple"},"_links":{"self":[{"href":"https:\/\/lamaktaba.fr\/index.php\/wp-json\/wp\/v2\/product\/36477","targetHints":{"allow":["GET"]}}],"collection":[{"href":"https:\/\/lamaktaba.fr\/index.php\/wp-json\/wp\/v2\/product"}],"about":[{"href":"https:\/\/lamaktaba.fr\/index.php\/wp-json\/wp\/v2\/types\/product"}],"replies":[{"embeddable":true,"href":"https:\/\/lamaktaba.fr\/index.php\/wp-json\/wp\/v2\/comments?post=36477"}],"wp:featuredmedia":[{"embeddable":true,"href":"https:\/\/lamaktaba.fr\/index.php\/wp-json\/wp\/v2\/media\/36478"}],"wp:attachment":[{"href":"https:\/\/lamaktaba.fr\/index.php\/wp-json\/wp\/v2\/media?parent=36477"}],"wp:term":[{"taxonomy":"product_brand","embeddable":true,"href":"https:\/\/lamaktaba.fr\/index.php\/wp-json\/wp\/v2\/product_brand?post=36477"},{"taxonomy":"product_cat","embeddable":true,"href":"https:\/\/lamaktaba.fr\/index.php\/wp-json\/wp\/v2\/product_cat?post=36477"},{"taxonomy":"product_tag","embeddable":true,"href":"https:\/\/lamaktaba.fr\/index.php\/wp-json\/wp\/v2\/product_tag?post=36477"}],"curies":[{"name":"wp","href":"https:\/\/api.w.org\/{rel}","templated":true}]}}