{"id":36473,"date":"2021-03-09T21:45:04","date_gmt":"2021-03-09T20:45:04","guid":{"rendered":"https:\/\/lamaktaba.fr\/index.php\/produit\/la-colere-la-rancune-et-la-jalousie-limam-abou-hamid-al-ghazali\/"},"modified":"2025-04-01T12:47:25","modified_gmt":"2025-04-01T10:47:25","slug":"la-colere-la-rancune-et-la-jalousie-limam-abou-hamid-al-ghazali","status":"publish","type":"product","link":"https:\/\/lamaktaba.fr\/index.php\/produit\/la-colere-la-rancune-et-la-jalousie-limam-abou-hamid-al-ghazali","title":{"rendered":"La col\u00e8re, la rancune et la jalousie &#8211; L\u2019imam Abou H\u00e2mid al-Ghaz\u00e2l\u00ee"},"content":{"rendered":"<p>La col\u00e8re, la rancune et la jalousie \u2013 Comment les vaincre par l\u2019exercice spirituel?<br \/>Le proph\u00e8te a dit: \u00ab L\u2019homme fort n\u2019est pas celui qui excelle dans la lutte, mais celui qui arrive \u00e0 se contenir au moment de la col\u00e8re \u00bb. C\u2019est pour ne pas avoir su ma\u00eetriser cette col\u00e8re injuste, n\u00e9e de l\u2019orgueil et de la jalousie, que Satan et Ca\u00efn ont \u00e9t\u00e9 maudits. L\u2019imam \u00e9crit: \u00ab Cette flamme de la col\u00e8re est extraite de l\u2019orgueil enfoui dans le c\u0153ur de tout despote ent\u00eat\u00e9.\u00bb<br \/>Dans un Had\u00eeth qudsi, Dieu dit: \u00ab Ma Mis\u00e9ricorde l\u2019mportera sur Ma Col\u00e8re \u00bb. Dieu est le Juste (Al\u2019\u2019Adl), Le Tr\u00e8s Doux (Ar-Ra\u2019Af), Le Patient (As-Sab\u00fbr), L\u2019Indulgent (Al\u2019Afuw), Le Saint (Al-Qudd\u00fbs), et Sa Col\u00e8re est donc toujours aussi Juste et Sainte. Quant \u00e0 la col\u00e8re chez Ses cr\u00e9atures, elle n\u2019est pas justifi\u00e9e ni mesur\u00e9e, loin s\u2019en faut.<br \/>La col\u00e8re, la rancune et la jalousie: Voil\u00e0 un trio d\u00e9vastateur, qui se nourrit de la haine et qui engendre la haine. Un hadith rapporte: \u00ab la jalousie consume les bonnes actions comme le feu consume le bois. \u00bb<br \/>L\u2019imam Abou H\u00e2mid al-Ghaz\u00e2l\u00ee (1058-1111) est sans conteste le savant musulman le plus lu et appr\u00e9cie de tous les temps. Ses \u00e9crits embrassent tous les domaines de la foi et de la vie du croyant. Il constitue un mod\u00e8le authentique de la grande \u00e9rudition musulmane.<\/p>\n","protected":false},"excerpt":{"rendered":"<p>La col\u00e8re, la rancune et la jalousie \u2013 Comment les vaincre par l\u2019exercice spirituel?<br \/>Le proph\u00e8te a dit: \u00ab L\u2019homme fort n\u2019est pas celui qui excelle dans la lutte, mais celui qui arrive \u00e0 se contenir au moment de la col\u00e8re \u00bb. C\u2019est pour ne pas avoir su ma\u00eetriser cette col\u00e8re injuste, n\u00e9e de l\u2019orgueil et de la jalousie, que Satan et Ca\u00efn ont \u00e9t\u00e9 maudits. L\u2019imam \u00e9crit: \u00ab Cette flamme de la col\u00e8re est extraite de l\u2019orgueil enfoui dans le c\u0153ur de tout despote ent\u00eat\u00e9.\u00bb<br \/>Dans un Had\u00eeth qudsi, Dieu dit: \u00ab Ma Mis\u00e9ricorde l\u2019mportera sur Ma Col\u00e8re \u00bb. Dieu est le Juste (Al\u2019\u2019Adl), Le Tr\u00e8s Doux (Ar-Ra\u2019Af), Le Patient (As-Sab\u00fbr), L\u2019Indulgent (Al\u2019Afuw), Le Saint (Al-Qudd\u00fbs), et Sa Col\u00e8re est donc toujours aussi Juste et Sainte. Quant \u00e0 la col\u00e8re chez Ses cr\u00e9atures, elle n\u2019est pas justifi\u00e9e ni mesur\u00e9e, loin s\u2019en faut.<br \/>La col\u00e8re, la rancune et la jalousie: Voil\u00e0 un trio d\u00e9vastateur, qui se nourrit de la haine et qui engendre la haine. Un hadith rapporte: \u00ab la jalousie consume les bonnes actions comme le feu consume le bois. \u00bb<br \/>L\u2019imam Abou H\u00e2mid al-Ghaz\u00e2l\u00ee (1058-1111) est sans conteste le savant musulman le plus lu et appr\u00e9cie de tous les temps. Ses \u00e9crits embrassent tous les domaines de la foi et de la vie du croyant. Il constitue un mod\u00e8le authentique de la grande \u00e9rudition musulmane.<\/p>\n","protected":false},"featured_media":0,"comment_status":"open","ping_status":"closed","template":"","meta":[],"product_brand":[],"product_cat":[15],"product_tag":[],"class_list":{"0":"post-36473","1":"product","2":"type-product","3":"status-publish","5":"product_cat-non-classe","7":"first","8":"outofstock","9":"shipping-taxable","10":"purchasable","11":"product-type-simple"},"_links":{"self":[{"href":"https:\/\/lamaktaba.fr\/index.php\/wp-json\/wp\/v2\/product\/36473","targetHints":{"allow":["GET"]}}],"collection":[{"href":"https:\/\/lamaktaba.fr\/index.php\/wp-json\/wp\/v2\/product"}],"about":[{"href":"https:\/\/lamaktaba.fr\/index.php\/wp-json\/wp\/v2\/types\/product"}],"replies":[{"embeddable":true,"href":"https:\/\/lamaktaba.fr\/index.php\/wp-json\/wp\/v2\/comments?post=36473"}],"wp:attachment":[{"href":"https:\/\/lamaktaba.fr\/index.php\/wp-json\/wp\/v2\/media?parent=36473"}],"wp:term":[{"taxonomy":"product_brand","embeddable":true,"href":"https:\/\/lamaktaba.fr\/index.php\/wp-json\/wp\/v2\/product_brand?post=36473"},{"taxonomy":"product_cat","embeddable":true,"href":"https:\/\/lamaktaba.fr\/index.php\/wp-json\/wp\/v2\/product_cat?post=36473"},{"taxonomy":"product_tag","embeddable":true,"href":"https:\/\/lamaktaba.fr\/index.php\/wp-json\/wp\/v2\/product_tag?post=36473"}],"curies":[{"name":"wp","href":"https:\/\/api.w.org\/{rel}","templated":true}]}}