{"id":36432,"date":"2021-03-09T21:45:01","date_gmt":"2021-03-09T20:45:01","guid":{"rendered":"https:\/\/lamaktaba.fr\/index.php\/produit\/umar-ibn-al-khattab-french-vols-1-2-dapres-le-dr-ali-m-sallabi\/"},"modified":"2025-04-01T12:45:26","modified_gmt":"2025-04-01T10:45:26","slug":"umar-ibn-al-khattab-french-vols-1-2-dapres-le-dr-ali-m-sallabi","status":"publish","type":"product","link":"https:\/\/lamaktaba.fr\/index.php\/produit\/umar-ibn-al-khattab-french-vols-1-2-dapres-le-dr-ali-m-sallabi","title":{"rendered":"Umar ibn al-Khattab (French) &#8211; d&rsquo;apr\u00e8s le Dr Ali M. Sallabi (2 volumes)"},"content":{"rendered":"<p>Umar ibn al-Khattab (French) vols. 1 &#038; 2 &#8211; d&rsquo;apr\u00e8s le Dr Ali M. Sallabi;Traduction de l&rsquo;anglais L. N. Favre-Rochex;S\u00e9rie Consacr\u00e9e \u00e0 L&rsquo;Histoire de L&rsquo;Islam &#8211; Parti II &#8211; Les Califes Bien Guid\u00e9s 2;Nous vivons en des temps tumultueux, mais ils ne le sont pas plus que l\u2019\u00e9poque \u00e0 laquelle vivait `Umar ibn al-Khatt\u00e2b, qui naquit durant la j\u00e2hiliyya, et mourut \u00e0 l\u2019or\u00e9e de l\u2019\u00c2ge d\u2019or de l\u2019Islam. Il y a de nombreux enseignements \u00e0 retirer de la vie du second calife de l\u2019Islam, qui fut confront\u00e9 \u00e0 des d\u00e9fis sans pr\u00e9c\u00e9dents, mais qui sut toujours les relever sans s\u2019\u00e9carter des limites fix\u00e9es par la Shari`a, tout en restant fid\u00e8le au plus pur esprit de l\u2019Islam.;Pour tous ceux qui aspirent \u00e0 occuper un poste \u00e0 responsabilit\u00e9, ce livre offre le mod\u00e8le d\u2019un dirigeant musulman id\u00e9al, un homme qui savait se montrer responsable devant Allah du bien-\u00eatre de tous ceux dont il avait la charge, y compris des femmes, des enfants, des soldats, des sujets non-musulmans, et m\u00eame des animaux. `Umar n\u2019h\u00e9sitait pas \u00e0 s\u2019investir au quotidien, tout en se tenant continuellement inform\u00e9 des affaires de l\u2019\u00c9tat, et qui, avant de prendre une d\u00e9cision majeure, consultait plusieurs experts et \u00e9rudits.;Pour tous les autres lecteurs, ce livre repr\u00e9sente une v\u00e9ritable porte ouverte sur une importante et passionnante p\u00e9riode de l\u2019Histoire islamique, et il nous rappelle \u00e9galement une le\u00e7on essentielle, \u00e0 savoir que notre pouvoir ne d\u00e9pend pas de nos possessions, de nos richesses ou de notre statut social, mais de notre enti\u00e8re soumission \u00e0 Allah, et de la profondeur de notre engagement sur la voie de l\u2019Islam.;note de la redaction;Dans le classement des 100 personnes les plus influentes de l\u2019histoire r\u00e9aliser par l&rsquo;atrophysicien am\u00e9ricain Michael H. Hart en 1978 et mise a jour en 1992. Omar ibn al-Khatt\u00e2b [qu\u2019All\u00e2h l\u2019agr\u00e9e] occupe la 52 place ! Au cour de l&rsquo;histoire de l&rsquo;humanit\u00e9, il est d\u00e9crit par les autres civilisations comme un mod\u00e8le unique de justice. Et m\u00eame son entrer historique a J\u00e9rusalem \u00e0 pied habiller avec une veuille cape, un beau jour d\u2019avril 637 (G), il autorise les Juifs a revenir dans la cit\u00e9 apr\u00e8s plus de 500 ans de souffrances et d&rsquo;interdits de la part des Romains et les Chr\u00e9tiens. les juifs le consid\u00e8re jusqu&rsquo;\u00e0 aujourd&rsquo;hui comme le dernier lib\u00e9rateur du peuple d&rsquo;israel !<\/p>\n","protected":false},"excerpt":{"rendered":"<p>Umar ibn al-Khattab (French) vols. 1 &#038; 2 &#8211; d&rsquo;apr\u00e8s le Dr Ali M. Sallabi;Traduction de l&rsquo;anglais L. N. Favre-Rochex;S\u00e9rie Consacr\u00e9e \u00e0 L&rsquo;Histoire de L&rsquo;Islam &#8211; Parti II &#8211; Les Califes Bien Guid\u00e9s 2;Nous vivons en des temps tumultueux, mais ils ne le sont pas plus que l\u2019\u00e9poque \u00e0 laquelle vivait `Umar ibn al-Khatt\u00e2b, qui naquit durant la j\u00e2hiliyya, et mourut \u00e0 l\u2019or\u00e9e de l\u2019\u00c2ge d\u2019or de l\u2019Islam. Il y a de nombreux enseignements \u00e0 retirer de la vie du second calife de l\u2019Islam, qui fut confront\u00e9 \u00e0 des d\u00e9fis sans pr\u00e9c\u00e9dents, mais qui sut toujours les relever sans s\u2019\u00e9carter des limites fix\u00e9es par la Shari`a, tout en restant fid\u00e8le au plus pur esprit de l\u2019Islam.;Pour tous ceux qui aspirent \u00e0 occuper un poste \u00e0 responsabilit\u00e9, ce livre offre le mod\u00e8le d\u2019un dirigeant musulman id\u00e9al, un homme qui savait se montrer responsable devant Allah du bien-\u00eatre de tous ceux dont il avait la charge, y compris des femmes, des enfants, des soldats, des sujets non-musulmans, et m\u00eame des animaux. `Umar n\u2019h\u00e9sitait pas \u00e0 s\u2019investir au quotidien, tout en se tenant continuellement inform\u00e9 des affaires de l\u2019\u00c9tat, et qui, avant de prendre une d\u00e9cision majeure, consultait plusieurs experts et \u00e9rudits.;Pour tous les autres lecteurs, ce livre repr\u00e9sente une v\u00e9ritable porte ouverte sur une importante et passionnante p\u00e9riode de l\u2019Histoire islamique, et il nous rappelle \u00e9galement une le\u00e7on essentielle, \u00e0 savoir que notre pouvoir ne d\u00e9pend pas de nos possessions, de nos richesses ou de notre statut social, mais de notre enti\u00e8re soumission \u00e0 Allah, et de la profondeur de notre engagement sur la voie de l\u2019Islam.;note de la redaction;Dans le classement des 100 personnes les plus influentes de l\u2019histoire r\u00e9aliser par l&rsquo;atrophysicien am\u00e9ricain Michael H. Hart en 1978 et mise a jour en 1992. Omar ibn al-Khatt\u00e2b [qu\u2019All\u00e2h l\u2019agr\u00e9e] occupe la 52 place ! Au cour de l&rsquo;histoire de l&rsquo;humanit\u00e9, il est d\u00e9crit par les autres civilisations comme un mod\u00e8le unique de justice. Et m\u00eame son entrer historique a J\u00e9rusalem \u00e0 pied habiller avec une veuille cape, un beau jour d\u2019avril 637 (G), il autorise les Juifs a revenir dans la cit\u00e9 apr\u00e8s plus de 500 ans de souffrances et d&rsquo;interdits de la part des Romains et les Chr\u00e9tiens. les juifs le consid\u00e8re jusqu&rsquo;\u00e0 aujourd&rsquo;hui comme le dernier lib\u00e9rateur du peuple d&rsquo;israel !<\/p>\n","protected":false},"featured_media":36433,"comment_status":"open","ping_status":"closed","template":"","meta":[],"product_brand":[],"product_cat":[15],"product_tag":[],"class_list":{"0":"post-36432","1":"product","2":"type-product","3":"status-publish","4":"has-post-thumbnail","6":"product_cat-non-classe","8":"first","9":"instock","10":"shipping-taxable","11":"purchasable","12":"product-type-simple"},"_links":{"self":[{"href":"https:\/\/lamaktaba.fr\/index.php\/wp-json\/wp\/v2\/product\/36432","targetHints":{"allow":["GET"]}}],"collection":[{"href":"https:\/\/lamaktaba.fr\/index.php\/wp-json\/wp\/v2\/product"}],"about":[{"href":"https:\/\/lamaktaba.fr\/index.php\/wp-json\/wp\/v2\/types\/product"}],"replies":[{"embeddable":true,"href":"https:\/\/lamaktaba.fr\/index.php\/wp-json\/wp\/v2\/comments?post=36432"}],"wp:featuredmedia":[{"embeddable":true,"href":"https:\/\/lamaktaba.fr\/index.php\/wp-json\/wp\/v2\/media\/36433"}],"wp:attachment":[{"href":"https:\/\/lamaktaba.fr\/index.php\/wp-json\/wp\/v2\/media?parent=36432"}],"wp:term":[{"taxonomy":"product_brand","embeddable":true,"href":"https:\/\/lamaktaba.fr\/index.php\/wp-json\/wp\/v2\/product_brand?post=36432"},{"taxonomy":"product_cat","embeddable":true,"href":"https:\/\/lamaktaba.fr\/index.php\/wp-json\/wp\/v2\/product_cat?post=36432"},{"taxonomy":"product_tag","embeddable":true,"href":"https:\/\/lamaktaba.fr\/index.php\/wp-json\/wp\/v2\/product_tag?post=36432"}],"curies":[{"name":"wp","href":"https:\/\/api.w.org\/{rel}","templated":true}]}}