{"id":36425,"date":"2021-03-09T21:45:00","date_gmt":"2021-03-09T20:45:00","guid":{"rendered":"https:\/\/lamaktaba.fr\/index.php\/produit\/larabe-entre-tes-mains-pour-eleve-etudiant-nouvelle-edition-niveau-2-partie-2-unite-de-9-a-16-%d8%a7%d9%84%d8%b9%d8%b1%d8%a8%d9%8a%d8%a9-%d8%a8%d9%8a%d9%86-%d9%8a%d8%af%d9%8a%d9%83-%d9%83\/"},"modified":"2025-04-01T12:44:38","modified_gmt":"2025-04-01T10:44:38","slug":"larabe-entre-tes-mains-pour-eleve-etudiant-nouvelle-edition-niveau-2-partie-2-unite-de-9-a-16-d8a7d984d8b9d8b1d8a8d98ad8a9-d8a8d98ad986-d98ad8afd98ad983-d983","status":"publish","type":"product","link":"https:\/\/lamaktaba.fr\/index.php\/produit\/larabe-entre-tes-mains-pour-eleve-etudiant-nouvelle-edition-niveau-2-partie-2-unite-de-9-a-16-d8a7d984d8b9d8b1d8a8d98ad8a9-d8a8d98ad986-d98ad8afd98ad983-d983","title":{"rendered":"Arabic for all (Niveau-2\/Partie-2) arabe +QRCode -(\u0627\u0644\u0639\u0631\u0628\u064a\u0629 \u0628\u064a\u0646 \u064a\u062f\u064a\u0643 (\u0627\u0644\u0645\u0633\u062a\u0648\u06492\/\u0627\u0644\u062c\u0632\u06212"},"content":{"rendered":"<p>Pr\u00e9sentation du livre et de ses le\u00e7ons;Le livre de l&rsquo;\u00e9tudiant (2) se compose de 16 unit\u00e9s, chaque unit\u00e9 comportant 6 le\u00e7ons, soit pour l&rsquo;ensemble du livre 96 cours. Chaque unit\u00e9 a \u00e9t\u00e9 con\u00e7ue comme suit;Premi\u00e8re le\u00e7on: 4 pages, elle englobe: un dialogue, des entra\u00eenements de compr\u00e9hension, un vocabulaire, des phon\u00e8mes, des observations grammaticales, la compr\u00e9hension orale et le langage.;Deuxi\u00e8me le\u00e7on: 3 pages, et elle englobe: un texte coranique, des exercices de compr\u00e9hension, un vocabulaire ainsi qu&rsquo;une remarque grammaticale.;Troisi\u00e8me le\u00e7on: 4 pages, et elle contient: un dialogue, des exercices de compr\u00e9hension, un vocabulaire, des phon\u00e8mes, une observation grammaticale, la compr\u00e9hension orale ainsi qu&rsquo; un qu&rsquo;un langage.;Quatri\u00e8me le\u00e7on: 3 pages, et elle contient: un texte coranique, des exercices de compr\u00e9hension, un vocabulaire et une observation grammaticale.;Cinqui\u00e8me le\u00e7on: 3 pages, et elle comporte: une expression orient\u00e9e, de l&rsquo;\u00e9criture et de la dict\u00e9e.;Sixi\u00e8me le\u00e7on: 3 pages, et elle contient: de la lecture libre, des exercices de compr\u00e9hension, et des exercices de vocabulaire.;Le deuxi\u00e8me livre de l&rsquo;\u00e9tudiant contient onze \u00e9valuations;\u00a7 Une auto-\u00e9valuation en deux pages. Celle-ci revient toutes les deux unit\u00e9s, soit pour l&rsquo;ensemble, 8 examens d&rsquo;auto-\u00e9valuation.;\u00a7 Trois examens approfondis;o Un examen de niveau au d\u00e9but du livre.;o Un examen partiel au milieu du livre, apr\u00e8s la huiti\u00e8me unit\u00e9.;o Un examen final apr\u00e8s la seizi\u00e8me unit\u00e9.;Le deuxi\u00e8me livre de l&rsquo;\u00e9tudiant comporte aussi \u00e0 la fin, un lexique da chaque unit\u00e9, et un autre de l&rsquo;ensemble du livre organis\u00e9 par ordre alphab\u00e9tique;&#8212;&#8212;&#8212;&#8212;&#8212;&#8212;&#8212;&#8212;&#8212;&#8212;&#8212;&#8212;&#8212;&#8212;&#8212;&#8212;&#8212;&#8212;&#8212;&#8212;&#8212;&#8212;&#8212;&#8212;;\u0645\u0633\u062a\u0648\u0649 \u0627\u0644\u0637\u0627\u0644\u0628\u0650 \u0627\u0644\u062b\u0627\u0646\u064a;\u0648\u064e\u062d\u064e\u062f\u0627\u062a\u064f \u0627\u0644\u0645\u0633\u062a\u0648\u0649 \u0648\u0643\u062a\u0628\u0647 \u0648\u062f\u064f\u0631\u0648\u0633\u064f\u0647\u064f;\u064a\u062a\u0643\u0648\u0646 \u0645\u0633\u062a\u0648\u0649 \u0627\u0644\u0637\u0627\u0644\u0628 \u0627\u0644\u062b\u0627\u0646\u064a \u0645\u0646 \u062c\u0632\u0623\u064a\u0646 (\u0643\u062a\u0627\u0628\u064a\u0646) \u064a\u064e\u0636\u064f\u0645\u0651\u0627\u0646 (16) \u0648\u064e\u062d\u0652\u062f\u064e\u0629\u064b (8 \u0648\u062d\u062f\u0627\u062a \u0644\u0643\u0644 \u062c\u0632\u0621)\u060c \u062a\u062a\u0623\u0644\u0651\u0641\u064f \u0643\u064f\u0644\u0651\u064f \u0648\u064e\u062d\u062f\u0629\u064d \u0645\u0646 (13) \u062f\u0631\u0633\u0627, \u0648\u0628\u0650\u0647\u0630\u0627 \u064a\u062d\u062a\u0648\u064a \u0647\u0630\u0627 \u0627\u0644\u0645\u0633\u062a\u0648\u0649 \u0639\u0644\u0649 (208) \u062f\u0631\u0633\u0627\u064b \u0623\u0633\u0627\u0633\u0650\u064a\u0651\u0627 \u0648\u0642\u062f \u062c\u0627\u0621 \u062a\u0648\u0632\u064a\u0639 \u0627\u0644\u062f\u0631\u0648\u0633 \u0641\u064a \u0643\u064f\u0644\u0651\u0650 \u0648\u064e\u062d\u0652\u062f\u0651\u0629\u064d \u0643\u0645\u0627 \u064a\u0644\u064a;\u062d\u0650\u0648\u0627\u0631 (1) \u0648\u062a\u062f\u0631\u064a\u0628\u0627\u062a \u0627\u0633\u062a\u064a\u0639\u0627\u0628 \u0648\u0645\u0641\u0631\u062f\u0627\u062a. (2 \u0635\u0641\u062d\u062a\u0627\u0646);\u0623\u0635\u0648\u0627\u062a \u0648\u062a\u062f\u0631\u064a\u0628\u0627\u062a \u0639\u0644\u064a\u0647\u0627. (1 \u0635\u0641\u062d\u0629);\u0645\u064f\u0644\u0627\u062d\u064e\u0638\u064e\u0629 \u0646\u064e\u062d\u0652\u0648\u0650\u064a\u0651\u064e\u0629 (1). (1 \u0635\u0641\u062d\u0629);\u0641\u0647\u0645 \u0627\u0644\u0645\u0633\u0645\u0648\u0639 \u0648\u0643\u0644\u0627\u0645 (1). (1 \u0635\u0641\u062d\u0629);\u0646\u064e\u0635\u0651\u064c \u0642\u0650\u0631\u0627\u0626\u064a (1) \u0648\u0627\u0633\u062a\u064a\u0639\u0627\u0628 \u0648\u0645\u0641\u0631\u062f\u0627\u062a. (2 \u0635\u0641\u062d\u062a\u0627\u0646);\u0645\u064f\u0644\u0627\u062d\u064e\u0638\u064e\u0629 \u0646\u064e\u062d\u0652\u0648\u0650\u064a\u0651\u064e\u0629 (2). (2 \u0635\u0641\u062d\u062a\u0627\u0646);\u062d\u0648\u0627\u0631 (2) \u0648\u062a\u062f\u0631\u064a\u0628\u0627\u062a \u0627\u0633\u062a\u064a\u0639\u0627\u0628 \u0648\u0645\u0641\u0631\u062f\u0627\u062a. (2 \u0635\u0641\u062d\u062a\u0627\u0646);\u0645\u064f\u0644\u0627\u062d\u064e\u0638\u064e\u0629 \u0646\u064e\u062d\u0652\u0648\u0650\u064a\u0651\u064e\u0629 (3). (1 \u0635\u0641\u062d\u0629);\u0641\u0647\u0645 \u0627\u0644\u0645\u0633\u0645\u0648\u0639 \u0648\u0643\u0644\u0627\u0645 (2). (1 \u0635\u0641\u062d\u0629);\u0646\u064e\u0635\u0651\u064c \u0642\u0650\u0631\u0627\u0626\u064a (2) \u0648\u0627\u0633\u062a\u064a\u0639\u0627\u0628 \u0648\u0645\u0641\u0631\u062f\u0627\u062a. (2 \u0635\u0641\u062d\u062a\u0627\u0646);\u0645\u064f\u0644\u0627\u062d\u064e\u0638\u064e\u0629 \u0646\u064e\u062d\u0652\u0648\u0650\u064a\u0651\u064e\u0629 (4). (2 \u0635\u0641\u062d\u062a\u0627\u0646);\u062a\u0639\u0628\u064a\u0631 \u0645\u0648\u062c\u0647. (2 \u0635\u0641\u062d\u062a\u0627\u0646);\u062e\u0637 \u0648\u0625\u0645\u0644\u0627\u0621. (1 \u0635\u0641\u062d\u0629);\u0628\u0645\u0627 \u0645\u062c\u0645\u0648\u0639\u0647 20 \u0635\u0641\u062d\u0629 \u0644\u0643\u0644 \u0648\u062d\u062f\u0629;\u0627\u0644\u0627\u062e\u062a\u0650\u0628\u0627\u0631\u0627\u062a\u064f \u0648\u0627\u0644\u062a\u0651\u064e\u0642\u0648\u064a\u0645\u064f;\u064a\u064e\u062a\u064e\u0636\u064e\u0645\u0651\u0646\u064f \u0645\u0633\u062a\u0648\u0649 \u0627\u0644\u0637\u0651\u0627\u0644\u0650\u0628\u0650 \u0627\u0644\u062b\u0627\u0646\u064a \u0628\u0643\u062a\u0627\u0628\u064a\u0647 \u0646\u0648\u0639\u064a\u0646 \u0645\u0646 \u0627\u0644\u0627\u062e\u0652\u062a\u0650\u0628\u0627\u0631\u0627\u062a;1. \u0627\u062e\u062a\u0628\u0627\u0631\u0627\u062a \u0642\u0635\u064a\u0631\u0629: \u0648\u0639\u062f\u062f\u0647\u0627 (8) \u0627\u062e\u062a\u0628\u0627\u0631\u0627\u062a\u064d \u0642\u0635\u064a\u0631\u0629\u064d (\u0628\u0639\u062f \u0643\u0644 \u0648\u062d\u062f\u062a\u064a\u0646).;2. \u0627\u062e\u062a\u0628\u0627\u0631\u0627\u062a \u0645\u0648\u0633\u0639\u0629\u061b \u0644\u062a\u0642\u064a\u064a\u0645 \u0627\u0644\u0645\u0633\u062a\u0648\u0649;1) \u0627\u062e\u062a\u0628\u0627\u0631\u064f \u062a\u062d\u064e\u062f\u064a\u062f\u0650 \u0627\u0644\u0645\u0633\u062a\u0648\u0649 (\u0641\u064a \u0628\u062f\u0627\u064a\u0629 \u0627\u0644\u0643\u062a\u0627\u0628 \u0627\u0644\u0623\u0648\u0644 \u0645\u0646 \u0647\u0630\u0627 \u0627\u0644\u0645\u0633\u062a\u0648\u0649)\u061b \u0644\u0645\u0639\u0631\u0641\u064e\u0629 \u0645\u0633\u062a\u0648\u0649 \u0627\u0644\u0637\u0627\u0644\u0628 \u0648\u0642\u0627\u0628\u0644\u064a\u062a\u0647 \u0644\u0644\u0628\u062f\u0621 \u0628\u0627\u0644\u0645\u0633\u062a\u0648\u0649 \u0627\u0644\u062b\u0627\u0646\u064a.;2) \u0627\u062e\u062a\u0628\u0627\u0631\u064c \u0646\u0650\u0635\u0652\u0641\u064a\u0651 \u0639\u0646\u062f\u064e \u0646\u0647\u0627\u064a\u0629 (\u0627\u0644\u0643\u062a\u0627\u0628 \u0627\u0644\u0623\u0648\u0644 \u0645\u0646 \u0647\u0630\u0627 \u0627\u0644\u0645\u0633\u062a\u0648\u0649).;3) \u0627\u062e\u062a\u0628\u0627\u0631\u064c \u0646\u0650\u0647\u0627\u0626\u064a\u0651 \u0634\u0627\u0645\u0650\u0644\u064c \u0641\u064a \u0622\u062e\u0631\u0650 (\u0627\u0644\u0643\u062a\u0627\u0628 \u0627\u0644\u062b\u0627\u0646\u064a \u0645\u0646 \u0647\u0630\u0627 \u0627\u0644\u0645\u0633\u062a\u0648\u0649).;\u0648\u064a\u0636\u0645 \u0645\u0633\u062a\u0648\u0649 \u0627\u0644\u0637\u0627\u0644\u0628 \u0627\u0644\u062b\u0627\u0646\u064a \u0641\u064a \u0622\u062e\u0631\u0647 \u0642\u0627\u0626\u0645\u0629 \u0628\u0645\u0641\u0631\u062f\u0627\u062a \u0643\u0644\u0651 \u0648\u062d\u062f\u0629\u060c \u0648\u0623\u062e\u0631\u0649 \u0628\u0645\u0641\u0631\u062f\u0627\u062a \u0647\u0630\u0627 \u0627\u0644\u0645\u0633\u062a\u0648\u0649 \u0645\u0631\u062a\u0651\u0628\u0629 \u0647\u062c\u0627\u0626\u064a\u0627\u060c \u0648\u064a\u0636\u0645 \u0646\u0635\u0648\u0635 \u0641\u0647\u0645 \u0627\u0644\u0645\u0633\u0645\u0648\u0639 \u060c \u0643\u0645\u0627 \u064a\u062a\u0628\u0639\u0647 \u0645\u0644\u062d\u0642 \u0635\u0648\u062a\u064a \u0639\u0644\u0649 \u0642\u0631\u0635 \u0645\u062f\u0645\u062c \u064a\u0642\u0627\u0631\u0628 \u062b\u0645\u0627\u0646 \u0633\u0627\u0639\u0627\u062a \u0644\u062c\u0645\u064a\u0639 \u0646\u0635\u0648\u0635 \u0647\u0630\u0627 \u0627\u0644\u0645\u0633\u062a\u0648\u0649 \u0648\u0628\u0639\u0636 \u062a\u062f\u0631\u064a\u0628\u0627\u062a\u0647.;\u0631\u0627\u0628\u0637 \u0627\u0644\u0645\u0648\u0636\u0648\u0639: http:\/\/www.arabicforall.net\/ar\/products\/\u0633\u0644\u0633\u0644\u0629-\u0627\u0644\u0639\u0631\u0628\u064a\u0629-\u0628\u064a\u0646-\u064a\u062f\u064a\u0643-\u0643\u062a\u0627\u0628-\u0627\u0644\u0637\u0627\u0644\u0628-\u0627\u0644\u062b\u0627\u0646\u064a.html;-;\u0631\u0627\u0628\u0637 \u0627\u0644\u0645\u0648\u0636\u0648\u0639: http:\/\/www.arabicforall.net\/fr\/products\/second-book.html;Marque ARABICFORALL.NET Editions R\u00e9f\u00e9rence 9786030140893;Fiche technique AUTEUR: &#8211; Abdel Rahmane Ibn Ibrahim FawzaneMoukhtar Al Tahir HusseineMuhammad Abdel Khalek Muhammad Fadl LANGUE: &#8211; Arabe &#8211; \u0627\u0644\u0639\u0631\u0628\u0640\u0640\u0640\u0640\u0640\u0640\u0640\u0640\u064a\u0629 SUPPORT: &#8211; Livre   Cdrom THEME: &#8211; La Langue Arabe \u00c9DITIONS: &#8211; L&rsquo;ARABE POUR TOUS FABRICATION: &#8211; L&rsquo;ARABE POUR TOUS Condition: &#8211; Neuf RELIURE: &#8211; Souple Dur\u00e9e (mn): &#8211; 697Gr;R\u00e9f\u00e9rences sp\u00e9cifiques;Donnez votre avis;Aucun commentaire pour le moment<\/p>\n","protected":false},"excerpt":{"rendered":"<p>Pr\u00e9sentation du livre et de ses le\u00e7ons;Le livre de l&rsquo;\u00e9tudiant (2) se compose de 16 unit\u00e9s, chaque unit\u00e9 comportant 6 le\u00e7ons, soit pour l&rsquo;ensemble du livre 96 cours. Chaque unit\u00e9 a \u00e9t\u00e9 con\u00e7ue comme suit;Premi\u00e8re le\u00e7on: 4 pages, elle englobe: un dialogue, des entra\u00eenements de compr\u00e9hension, un vocabulaire, des phon\u00e8mes, des observations grammaticales, la compr\u00e9hension orale et le langage.;Deuxi\u00e8me le\u00e7on: 3 pages, et elle englobe: un texte coranique, des exercices de compr\u00e9hension, un vocabulaire ainsi qu&rsquo;une remarque grammaticale.;Troisi\u00e8me le\u00e7on: 4 pages, et elle contient: un dialogue, des exercices de compr\u00e9hension, un vocabulaire, des phon\u00e8mes, une observation grammaticale, la compr\u00e9hension orale ainsi qu&rsquo; un qu&rsquo;un langage.;Quatri\u00e8me le\u00e7on: 3 pages, et elle contient: un texte coranique, des exercices de compr\u00e9hension, un vocabulaire et une observation grammaticale.;Cinqui\u00e8me le\u00e7on: 3 pages, et elle comporte: une expression orient\u00e9e, de l&rsquo;\u00e9criture et de la dict\u00e9e.;Sixi\u00e8me le\u00e7on: 3 pages, et elle contient: de la lecture libre, des exercices de compr\u00e9hension, et des exercices de vocabulaire.;Le deuxi\u00e8me livre de l&rsquo;\u00e9tudiant contient onze \u00e9valuations;\u00a7 Une auto-\u00e9valuation en deux pages. Celle-ci revient toutes les deux unit\u00e9s, soit pour l&rsquo;ensemble, 8 examens d&rsquo;auto-\u00e9valuation.;\u00a7 Trois examens approfondis;o Un examen de niveau au d\u00e9but du livre.;o Un examen partiel au milieu du livre, apr\u00e8s la huiti\u00e8me unit\u00e9.;o Un examen final apr\u00e8s la seizi\u00e8me unit\u00e9.;Le deuxi\u00e8me livre de l&rsquo;\u00e9tudiant comporte aussi \u00e0 la fin, un lexique da chaque unit\u00e9, et un autre de l&rsquo;ensemble du livre organis\u00e9 par ordre alphab\u00e9tique;&#8212;&#8212;&#8212;&#8212;&#8212;&#8212;&#8212;&#8212;&#8212;&#8212;&#8212;&#8212;&#8212;&#8212;&#8212;&#8212;&#8212;&#8212;&#8212;&#8212;&#8212;&#8212;&#8212;&#8212;;\u0645\u0633\u062a\u0648\u0649 \u0627\u0644\u0637\u0627\u0644\u0628\u0650 \u0627\u0644\u062b\u0627\u0646\u064a;\u0648\u064e\u062d\u064e\u062f\u0627\u062a\u064f \u0627\u0644\u0645\u0633\u062a\u0648\u0649 \u0648\u0643\u062a\u0628\u0647 \u0648\u062f\u064f\u0631\u0648\u0633\u064f\u0647\u064f;\u064a\u062a\u0643\u0648\u0646 \u0645\u0633\u062a\u0648\u0649 \u0627\u0644\u0637\u0627\u0644\u0628 \u0627\u0644\u062b\u0627\u0646\u064a \u0645\u0646 \u062c\u0632\u0623\u064a\u0646 (\u0643\u062a\u0627\u0628\u064a\u0646) \u064a\u064e\u0636\u064f\u0645\u0651\u0627\u0646 (16) \u0648\u064e\u062d\u0652\u062f\u064e\u0629\u064b (8 \u0648\u062d\u062f\u0627\u062a \u0644\u0643\u0644 \u062c\u0632\u0621)\u060c \u062a\u062a\u0623\u0644\u0651\u0641\u064f \u0643\u064f\u0644\u0651\u064f \u0648\u064e\u062d\u062f\u0629\u064d \u0645\u0646 (13) \u062f\u0631\u0633\u0627, \u0648\u0628\u0650\u0647\u0630\u0627 \u064a\u062d\u062a\u0648\u064a \u0647\u0630\u0627 \u0627\u0644\u0645\u0633\u062a\u0648\u0649 \u0639\u0644\u0649 (208) \u062f\u0631\u0633\u0627\u064b \u0623\u0633\u0627\u0633\u0650\u064a\u0651\u0627 \u0648\u0642\u062f \u062c\u0627\u0621 \u062a\u0648\u0632\u064a\u0639 \u0627\u0644\u062f\u0631\u0648\u0633 \u0641\u064a \u0643\u064f\u0644\u0651\u0650 \u0648\u064e\u062d\u0652\u062f\u0651\u0629\u064d \u0643\u0645\u0627 \u064a\u0644\u064a;\u062d\u0650\u0648\u0627\u0631 (1) \u0648\u062a\u062f\u0631\u064a\u0628\u0627\u062a \u0627\u0633\u062a\u064a\u0639\u0627\u0628 \u0648\u0645\u0641\u0631\u062f\u0627\u062a. (2 \u0635\u0641\u062d\u062a\u0627\u0646);\u0623\u0635\u0648\u0627\u062a \u0648\u062a\u062f\u0631\u064a\u0628\u0627\u062a \u0639\u0644\u064a\u0647\u0627. (1 \u0635\u0641\u062d\u0629);\u0645\u064f\u0644\u0627\u062d\u064e\u0638\u064e\u0629 \u0646\u064e\u062d\u0652\u0648\u0650\u064a\u0651\u064e\u0629 (1). (1 \u0635\u0641\u062d\u0629);\u0641\u0647\u0645 \u0627\u0644\u0645\u0633\u0645\u0648\u0639 \u0648\u0643\u0644\u0627\u0645 (1). (1 \u0635\u0641\u062d\u0629);\u0646\u064e\u0635\u0651\u064c \u0642\u0650\u0631\u0627\u0626\u064a (1) \u0648\u0627\u0633\u062a\u064a\u0639\u0627\u0628 \u0648\u0645\u0641\u0631\u062f\u0627\u062a. (2 \u0635\u0641\u062d\u062a\u0627\u0646);\u0645\u064f\u0644\u0627\u062d\u064e\u0638\u064e\u0629 \u0646\u064e\u062d\u0652\u0648\u0650\u064a\u0651\u064e\u0629 (2). (2 \u0635\u0641\u062d\u062a\u0627\u0646);\u062d\u0648\u0627\u0631 (2) \u0648\u062a\u062f\u0631\u064a\u0628\u0627\u062a \u0627\u0633\u062a\u064a\u0639\u0627\u0628 \u0648\u0645\u0641\u0631\u062f\u0627\u062a. (2 \u0635\u0641\u062d\u062a\u0627\u0646);\u0645\u064f\u0644\u0627\u062d\u064e\u0638\u064e\u0629 \u0646\u064e\u062d\u0652\u0648\u0650\u064a\u0651\u064e\u0629 (3). (1 \u0635\u0641\u062d\u0629);\u0641\u0647\u0645 \u0627\u0644\u0645\u0633\u0645\u0648\u0639 \u0648\u0643\u0644\u0627\u0645 (2). (1 \u0635\u0641\u062d\u0629);\u0646\u064e\u0635\u0651\u064c \u0642\u0650\u0631\u0627\u0626\u064a (2) \u0648\u0627\u0633\u062a\u064a\u0639\u0627\u0628 \u0648\u0645\u0641\u0631\u062f\u0627\u062a. (2 \u0635\u0641\u062d\u062a\u0627\u0646);\u0645\u064f\u0644\u0627\u062d\u064e\u0638\u064e\u0629 \u0646\u064e\u062d\u0652\u0648\u0650\u064a\u0651\u064e\u0629 (4). (2 \u0635\u0641\u062d\u062a\u0627\u0646);\u062a\u0639\u0628\u064a\u0631 \u0645\u0648\u062c\u0647. (2 \u0635\u0641\u062d\u062a\u0627\u0646);\u062e\u0637 \u0648\u0625\u0645\u0644\u0627\u0621. (1 \u0635\u0641\u062d\u0629);\u0628\u0645\u0627 \u0645\u062c\u0645\u0648\u0639\u0647 20 \u0635\u0641\u062d\u0629 \u0644\u0643\u0644 \u0648\u062d\u062f\u0629;\u0627\u0644\u0627\u062e\u062a\u0650\u0628\u0627\u0631\u0627\u062a\u064f \u0648\u0627\u0644\u062a\u0651\u064e\u0642\u0648\u064a\u0645\u064f;\u064a\u064e\u062a\u064e\u0636\u064e\u0645\u0651\u0646\u064f \u0645\u0633\u062a\u0648\u0649 \u0627\u0644\u0637\u0651\u0627\u0644\u0650\u0628\u0650 \u0627\u0644\u062b\u0627\u0646\u064a \u0628\u0643\u062a\u0627\u0628\u064a\u0647 \u0646\u0648\u0639\u064a\u0646 \u0645\u0646 \u0627\u0644\u0627\u062e\u0652\u062a\u0650\u0628\u0627\u0631\u0627\u062a;1. \u0627\u062e\u062a\u0628\u0627\u0631\u0627\u062a \u0642\u0635\u064a\u0631\u0629: \u0648\u0639\u062f\u062f\u0647\u0627 (8) \u0627\u062e\u062a\u0628\u0627\u0631\u0627\u062a\u064d \u0642\u0635\u064a\u0631\u0629\u064d (\u0628\u0639\u062f \u0643\u0644 \u0648\u062d\u062f\u062a\u064a\u0646).;2. \u0627\u062e\u062a\u0628\u0627\u0631\u0627\u062a \u0645\u0648\u0633\u0639\u0629\u061b \u0644\u062a\u0642\u064a\u064a\u0645 \u0627\u0644\u0645\u0633\u062a\u0648\u0649;1) \u0627\u062e\u062a\u0628\u0627\u0631\u064f \u062a\u062d\u064e\u062f\u064a\u062f\u0650 \u0627\u0644\u0645\u0633\u062a\u0648\u0649 (\u0641\u064a \u0628\u062f\u0627\u064a\u0629 \u0627\u0644\u0643\u062a\u0627\u0628 \u0627\u0644\u0623\u0648\u0644 \u0645\u0646 \u0647\u0630\u0627 \u0627\u0644\u0645\u0633\u062a\u0648\u0649)\u061b \u0644\u0645\u0639\u0631\u0641\u064e\u0629 \u0645\u0633\u062a\u0648\u0649 \u0627\u0644\u0637\u0627\u0644\u0628 \u0648\u0642\u0627\u0628\u0644\u064a\u062a\u0647 \u0644\u0644\u0628\u062f\u0621 \u0628\u0627\u0644\u0645\u0633\u062a\u0648\u0649 \u0627\u0644\u062b\u0627\u0646\u064a.;2) \u0627\u062e\u062a\u0628\u0627\u0631\u064c \u0646\u0650\u0635\u0652\u0641\u064a\u0651 \u0639\u0646\u062f\u064e \u0646\u0647\u0627\u064a\u0629 (\u0627\u0644\u0643\u062a\u0627\u0628 \u0627\u0644\u0623\u0648\u0644 \u0645\u0646 \u0647\u0630\u0627 \u0627\u0644\u0645\u0633\u062a\u0648\u0649).;3) \u0627\u062e\u062a\u0628\u0627\u0631\u064c \u0646\u0650\u0647\u0627\u0626\u064a\u0651 \u0634\u0627\u0645\u0650\u0644\u064c \u0641\u064a \u0622\u062e\u0631\u0650 (\u0627\u0644\u0643\u062a\u0627\u0628 \u0627\u0644\u062b\u0627\u0646\u064a \u0645\u0646 \u0647\u0630\u0627 \u0627\u0644\u0645\u0633\u062a\u0648\u0649).;\u0648\u064a\u0636\u0645 \u0645\u0633\u062a\u0648\u0649 \u0627\u0644\u0637\u0627\u0644\u0628 \u0627\u0644\u062b\u0627\u0646\u064a \u0641\u064a \u0622\u062e\u0631\u0647 \u0642\u0627\u0626\u0645\u0629 \u0628\u0645\u0641\u0631\u062f\u0627\u062a \u0643\u0644\u0651 \u0648\u062d\u062f\u0629\u060c \u0648\u0623\u062e\u0631\u0649 \u0628\u0645\u0641\u0631\u062f\u0627\u062a \u0647\u0630\u0627 \u0627\u0644\u0645\u0633\u062a\u0648\u0649 \u0645\u0631\u062a\u0651\u0628\u0629 \u0647\u062c\u0627\u0626\u064a\u0627\u060c \u0648\u064a\u0636\u0645 \u0646\u0635\u0648\u0635 \u0641\u0647\u0645 \u0627\u0644\u0645\u0633\u0645\u0648\u0639 \u060c \u0643\u0645\u0627 \u064a\u062a\u0628\u0639\u0647 \u0645\u0644\u062d\u0642 \u0635\u0648\u062a\u064a \u0639\u0644\u0649 \u0642\u0631\u0635 \u0645\u062f\u0645\u062c \u064a\u0642\u0627\u0631\u0628 \u062b\u0645\u0627\u0646 \u0633\u0627\u0639\u0627\u062a \u0644\u062c\u0645\u064a\u0639 \u0646\u0635\u0648\u0635 \u0647\u0630\u0627 \u0627\u0644\u0645\u0633\u062a\u0648\u0649 \u0648\u0628\u0639\u0636 \u062a\u062f\u0631\u064a\u0628\u0627\u062a\u0647.;\u0631\u0627\u0628\u0637 \u0627\u0644\u0645\u0648\u0636\u0648\u0639: http:\/\/www.arabicforall.net\/ar\/products\/\u0633\u0644\u0633\u0644\u0629-\u0627\u0644\u0639\u0631\u0628\u064a\u0629-\u0628\u064a\u0646-\u064a\u062f\u064a\u0643-\u0643\u062a\u0627\u0628-\u0627\u0644\u0637\u0627\u0644\u0628-\u0627\u0644\u062b\u0627\u0646\u064a.html;-;\u0631\u0627\u0628\u0637 \u0627\u0644\u0645\u0648\u0636\u0648\u0639: http:\/\/www.arabicforall.net\/fr\/products\/second-book.html;Marque ARABICFORALL.NET Editions R\u00e9f\u00e9rence 9786030140893;Fiche technique AUTEUR: &#8211; Abdel Rahmane Ibn Ibrahim FawzaneMoukhtar Al Tahir HusseineMuhammad Abdel Khalek Muhammad Fadl LANGUE: &#8211; Arabe &#8211; \u0627\u0644\u0639\u0631\u0628\u0640\u0640\u0640\u0640\u0640\u0640\u0640\u0640\u064a\u0629 SUPPORT: &#8211; Livre   Cdrom THEME: &#8211; La Langue Arabe \u00c9DITIONS: &#8211; L&rsquo;ARABE POUR TOUS FABRICATION: &#8211; L&rsquo;ARABE POUR TOUS Condition: &#8211; Neuf RELIURE: &#8211; Souple Dur\u00e9e (mn): &#8211; 697Gr;R\u00e9f\u00e9rences sp\u00e9cifiques;Donnez votre avis;Aucun commentaire pour le moment<\/p>\n","protected":false},"featured_media":37705,"comment_status":"open","ping_status":"closed","template":"","meta":[],"product_brand":[],"product_cat":[15],"product_tag":[],"class_list":{"0":"post-36425","1":"product","2":"type-product","3":"status-publish","4":"has-post-thumbnail","6":"product_cat-non-classe","8":"first","9":"instock","10":"shipping-taxable","11":"purchasable","12":"product-type-simple"},"_links":{"self":[{"href":"https:\/\/lamaktaba.fr\/index.php\/wp-json\/wp\/v2\/product\/36425","targetHints":{"allow":["GET"]}}],"collection":[{"href":"https:\/\/lamaktaba.fr\/index.php\/wp-json\/wp\/v2\/product"}],"about":[{"href":"https:\/\/lamaktaba.fr\/index.php\/wp-json\/wp\/v2\/types\/product"}],"replies":[{"embeddable":true,"href":"https:\/\/lamaktaba.fr\/index.php\/wp-json\/wp\/v2\/comments?post=36425"}],"wp:featuredmedia":[{"embeddable":true,"href":"https:\/\/lamaktaba.fr\/index.php\/wp-json\/wp\/v2\/media\/37705"}],"wp:attachment":[{"href":"https:\/\/lamaktaba.fr\/index.php\/wp-json\/wp\/v2\/media?parent=36425"}],"wp:term":[{"taxonomy":"product_brand","embeddable":true,"href":"https:\/\/lamaktaba.fr\/index.php\/wp-json\/wp\/v2\/product_brand?post=36425"},{"taxonomy":"product_cat","embeddable":true,"href":"https:\/\/lamaktaba.fr\/index.php\/wp-json\/wp\/v2\/product_cat?post=36425"},{"taxonomy":"product_tag","embeddable":true,"href":"https:\/\/lamaktaba.fr\/index.php\/wp-json\/wp\/v2\/product_tag?post=36425"}],"curies":[{"name":"wp","href":"https:\/\/api.w.org\/{rel}","templated":true}]}}