{"id":36423,"date":"2021-03-09T21:45:00","date_gmt":"2021-03-09T20:45:00","guid":{"rendered":"https:\/\/lamaktaba.fr\/index.php\/produit\/le-manuel-complet-et-illustre-de-la-priere-de-mahboubi-moussaoui-editions-2016\/"},"modified":"2025-04-01T12:45:09","modified_gmt":"2025-04-01T10:45:09","slug":"le-manuel-complet-et-illustre-de-la-priere-de-mahboubi-moussaoui-editions-2016","status":"publish","type":"product","link":"https:\/\/lamaktaba.fr\/index.php\/produit\/le-manuel-complet-et-illustre-de-la-priere-de-mahboubi-moussaoui-editions-2016","title":{"rendered":"Le manuel complet et illustr\u00e9 de la pri\u00e8re, de Mahboubi Moussaoui (\u00e9ditions 2016)"},"content":{"rendered":"<p>Le manuel complet et illustr\u00e9 de la pri\u00e8re, de Mahboubi Moussaoui, Revu et corrig\u00e9 par l&rsquo;\u00e9quipe litt\u00e9raire des \u00e9ditions SANA (5\u00e8me \u00e9dition 2016);Ce livre est un manuel de pri\u00e8re compos\u00e9 \u00e0 partir d&rsquo;ouvrages de r\u00e9f\u00e9rences en la mati\u00e8re dont la liste se trouve \u00e0 l&rsquo;int\u00e9rieur. Un manuel pratique, aussi complet que possible, sur la pri\u00e8re sous toutes ses formes (obligatoires, sur\u00e9rogatoires, volontaires, etc) et tout ce qui lui est relatif: les ablutions, le lavage, les appels \u00e0 la pri\u00e8re et l&rsquo;ensemble des invocations que le proph\u00e8te (saws) pronon\u00e7ait durant la pri\u00e8re.;L&rsquo;une des particularit\u00e9s fondamentales de ce livre est qu&rsquo;il traite de la signification de chaque geste de la pri\u00e8re.;Cela dit, pour un souci de simplicit\u00e9 et de clart\u00e9, nous avons all\u00e9g\u00e9 le contenu en ne mentionnant pas les versets et les hadiths. Par contre, dans notre volont\u00e9 \u00e0 faciliter l&rsquo;apprentissage, nous avons jug\u00e9 bon d&rsquo;y apporter quelques illustrations conformes aux enseignements proph\u00e9tiques.<\/p>\n","protected":false},"excerpt":{"rendered":"<p>Le manuel complet et illustr\u00e9 de la pri\u00e8re, de Mahboubi Moussaoui, Revu et corrig\u00e9 par l&rsquo;\u00e9quipe litt\u00e9raire des \u00e9ditions SANA (5\u00e8me \u00e9dition 2016);Ce livre est un manuel de pri\u00e8re compos\u00e9 \u00e0 partir d&rsquo;ouvrages de r\u00e9f\u00e9rences en la mati\u00e8re dont la liste se trouve \u00e0 l&rsquo;int\u00e9rieur. Un manuel pratique, aussi complet que possible, sur la pri\u00e8re sous toutes ses formes (obligatoires, sur\u00e9rogatoires, volontaires, etc) et tout ce qui lui est relatif: les ablutions, le lavage, les appels \u00e0 la pri\u00e8re et l&rsquo;ensemble des invocations que le proph\u00e8te (saws) pronon\u00e7ait durant la pri\u00e8re.;L&rsquo;une des particularit\u00e9s fondamentales de ce livre est qu&rsquo;il traite de la signification de chaque geste de la pri\u00e8re.;Cela dit, pour un souci de simplicit\u00e9 et de clart\u00e9, nous avons all\u00e9g\u00e9 le contenu en ne mentionnant pas les versets et les hadiths. Par contre, dans notre volont\u00e9 \u00e0 faciliter l&rsquo;apprentissage, nous avons jug\u00e9 bon d&rsquo;y apporter quelques illustrations conformes aux enseignements proph\u00e9tiques.<\/p>\n","protected":false},"featured_media":36424,"comment_status":"open","ping_status":"closed","template":"","meta":[],"product_brand":[],"product_cat":[15],"product_tag":[],"class_list":{"0":"post-36423","1":"product","2":"type-product","3":"status-publish","4":"has-post-thumbnail","6":"product_cat-non-classe","8":"first","9":"instock","10":"shipping-taxable","11":"purchasable","12":"product-type-simple"},"_links":{"self":[{"href":"https:\/\/lamaktaba.fr\/index.php\/wp-json\/wp\/v2\/product\/36423","targetHints":{"allow":["GET"]}}],"collection":[{"href":"https:\/\/lamaktaba.fr\/index.php\/wp-json\/wp\/v2\/product"}],"about":[{"href":"https:\/\/lamaktaba.fr\/index.php\/wp-json\/wp\/v2\/types\/product"}],"replies":[{"embeddable":true,"href":"https:\/\/lamaktaba.fr\/index.php\/wp-json\/wp\/v2\/comments?post=36423"}],"wp:featuredmedia":[{"embeddable":true,"href":"https:\/\/lamaktaba.fr\/index.php\/wp-json\/wp\/v2\/media\/36424"}],"wp:attachment":[{"href":"https:\/\/lamaktaba.fr\/index.php\/wp-json\/wp\/v2\/media?parent=36423"}],"wp:term":[{"taxonomy":"product_brand","embeddable":true,"href":"https:\/\/lamaktaba.fr\/index.php\/wp-json\/wp\/v2\/product_brand?post=36423"},{"taxonomy":"product_cat","embeddable":true,"href":"https:\/\/lamaktaba.fr\/index.php\/wp-json\/wp\/v2\/product_cat?post=36423"},{"taxonomy":"product_tag","embeddable":true,"href":"https:\/\/lamaktaba.fr\/index.php\/wp-json\/wp\/v2\/product_tag?post=36423"}],"curies":[{"name":"wp","href":"https:\/\/api.w.org\/{rel}","templated":true}]}}