{"id":364,"date":"2020-03-02T10:00:00","date_gmt":"2020-03-02T09:00:00","guid":{"rendered":"https:\/\/lamaktaba.fr\/index.php\/produit\/les-six-piliers-de-la-foi-dapres-le-coran-et-la-sunna\/"},"modified":"2025-04-01T12:44:46","modified_gmt":"2025-04-01T10:44:46","slug":"les-six-piliers-de-la-foi-dapres-le-coran-et-la-sunna","status":"publish","type":"product","link":"https:\/\/lamaktaba.fr\/index.php\/produit\/les-six-piliers-de-la-foi-dapres-le-coran-et-la-sunna","title":{"rendered":"Les six piliers de la foi. D&rsquo;apr\u00e8s le Coran et la Sunna"},"content":{"rendered":"<p>L&rsquo;int\u00e9r\u00eat et l&rsquo;importance de ce livre sont intimement li\u00e9s \u00e0 son sujet. La foi est en effet le socle commun \u00e0 toutes les r\u00e9v\u00e9lations divines et tient une place pr\u00e9pond\u00e9rante dans le Coran aussi bien mecquois que m\u00e9dinois.;Dans le cadre de notre projet d&rsquo;offrir aux lecteurs \u00ab L&rsquo;essentiel des Sciences islamiques \u00bb, une collection que nous voulons pratique, riche et accessible, nous avons le plaisir de mettre entre vos mains cet ouvrage qui traite de la foi islamique d&rsquo;une mani\u00e8re simple mais efficace. En effet, l&rsquo;auteur a r\u00e9ussi \u00e0 dispenser aux lecteurs les \u00e9l\u00e9ments pertinents de la foi en leur \u00e9pargnant les pol\u00e9miques th\u00e9ologiques.;Bien que le dogme soit un domaine qui rel\u00e8ve essentiellement de l&rsquo;invisible (Ghayb), les propos de ce livre sont \u00e9tay\u00e9s par la raison et les v\u00e9rit\u00e9s scientifiques modernes. On d\u00e9couvre, au fil des pages, une richesse d&rsquo;enseignements et une multitude d&rsquo;informations conf\u00e9rant \u00e0 l&rsquo;ouvrage un m\u00e9rite notoire. Le contenu didactique et l&rsquo;approche p\u00e9dagogique en font aussi bien, un outil d&rsquo;instruction pour les autodidactes, qu&rsquo;un support d&rsquo;enseignement pour les groupes.;Cette \u0153uvre permet certainement un acc\u00e8s facile \u00e0 la foi islamique en tant que discipline scientifique et surtout, pr\u00e9sente celle-ci sous un jour nouveau.;Les sujets trait\u00e9s dans ce livre;Le Hadith de l&rsquo;ange Jibr\u00eel (Gabriel);Sources de la connaissance;L&rsquo;importance de la foi;- La foi dans le Coran;- La foi r\u00e9pond aux questions existentielles;- La foi permet d&rsquo;expliquer le monde;Caract\u00e9ristiques de la foi islamique;Le premier pilier: la Foi en Allah (al-\u00eem\u00e0nu bi-ll\u00e0h);Le Coran et l&rsquo;existence d&rsquo;Allah;- La perfection de la cr\u00e9ation;- Le principe de causalit\u00e9;- La puret\u00e9 originelle;- Allah est le seul \u00e0 exaucer les invocations;Les types d&rsquo;Unicit\u00e9 d&rsquo;Allah;- L&rsquo;unicit\u00e9 de la seigneurie (Tawhid ar-Rub\u00fbbiyya);- L&rsquo;Unicit\u00e9 de la Divinit\u00e9 (Tawh\u00efd al-ul\u00f9hiyya);- L&rsquo;Unicit\u00e9 des Noms et des Attributs (Tawh\u00efd al-Asm\u00e2&rsquo; wa s-Sif\u00e2t);La vision d&rsquo;Allah (ru&rsquo;ya);L&rsquo;attribut de la science dans le Coran;Les attributs r\u00e9v\u00e9l\u00e9s (as-sif\u00e0t al-khabariyya);Noms sublimes d&rsquo;Allah (al-asm\u00e0&rsquo; al-Husn\u00e2);Le croyant et les noms divins;La liste des noms;Le deuxi\u00e8me pilier: La foi en les anges (al-mal\u00e2&rsquo;ika);Caract\u00e9ristiques des Anges;Les t\u00e2ches des anges;Quelques noms d&rsquo;anges;Le croyant et les anges;Les g\u00e9nies (al-Jinns);Comment se pr\u00e9munir de ash-Shaytan et les jinns en g\u00e9n\u00e9ral?;Le troisi\u00e8me pilier: la foi en les proph\u00e8tes et messagers (al-anbiy\u00e2&rsquo; wa r-rusul);La nature de la proph\u00e9tie;Nombre de Proph\u00e8tes;Distinction entre les Proph\u00e8tes;Caract\u00e9ristiques des proph\u00e8tes;L&rsquo;impeccabilit\u00e9 des Proph\u00e8tes (al-&lsquo;isma);Les Miracles et les Prodiges;Les Miracles;- Quelques miracles cit\u00e9s dans le Coran;- Les Prodiges (al-kar\u00e2m\u00e2t);Le quatri\u00e8me pilier: Les livres r\u00e9v\u00e9l\u00e9s;La r\u00e9v\u00e9lation (al-Wahy);La r\u00e9v\u00e9lation comme un deuxi\u00e8me souffle divin;- D\u00e9finition;Les modes de la r\u00e9v\u00e9lation;La r\u00e9v\u00e9lation et la pr\u00e9servation du Coran;Les livres r\u00e9v\u00e9l\u00e9s;Le cinqui\u00e8me pilier: la Foi en le Jour Dernier (al-Yawmu al-\u00c0khir);L&rsquo;au-del\u00e0 est-il possible?;- Le d\u00e9sir d&rsquo;\u00eatre \u00e9ternel;- La justice divine;- La possibilit\u00e9 mat\u00e9rielle de la r\u00e9surrection;- L&rsquo;heure de l&rsquo;Heure;Signes mineurs de la fin des temps;Les signes majeurs;La r\u00e9surrection;al-barzakh (!&rsquo;intermonde);Les \u00e9tapes du Jour Dernier;Le sixi\u00e8me pilier: la Foi en la Pr\u00e9destination (al-Qad\u00e2&rsquo; wa 1-Qadar);L&rsquo;omniscience pr\u00e9\u00e9ternelle d&rsquo;Allah;La Table Gard\u00e9e (al-Lawh al-Mahf\u00f9z);La volont\u00e9 et l&rsquo;agr\u00e9ment d&rsquo;Allah;Les actes humains;Le Libre arbitre;La guidance est de deux types;Ce qui facilite l&rsquo;ob\u00e9issance;La pr\u00e9destination et les causes secondes (al-asb\u00e2b);Les souffrances des innocents (enfants, proph\u00e8tes et gens vertueux);L&rsquo;invocation et le d\u00e9cret divin;La Foi: sa nature et ce qui l&rsquo;annule;D\u00e9finitions;La foi145;Le Grand p\u00e9ch\u00e9 (al-kab\u00efra);Ce qui peut emp\u00eacher le ch\u00e2timent divin;Le sort des non-croyants;Le sort des enfants des non-croyants et de ceux qui n&rsquo;ont pas re\u00e7u de message divin;Ce qui annule la Foi;Les circonstances emp\u00eachant le takf\u00efr;L&rsquo;ignorance;L&rsquo;erreur;La contrainte;L&rsquo;interpr\u00e9tation erron\u00e9e<\/p>\n","protected":false},"excerpt":{"rendered":"<p>L&rsquo;int\u00e9r\u00eat et l&rsquo;importance de ce livre sont intimement li\u00e9s \u00e0 son sujet. La foi est en effet le socle commun \u00e0 toutes les r\u00e9v\u00e9lations divines et tient une place pr\u00e9pond\u00e9rante dans le Coran aussi bien mecquois que m\u00e9dinois.;Dans le cadre de notre projet d&rsquo;offrir aux lecteurs \u00ab L&rsquo;essentiel des Sciences islamiques \u00bb, une collection que nous voulons pratique, riche et accessible, nous avons le plaisir de mettre entre vos mains cet ouvrage qui traite de la foi islamique d&rsquo;une mani\u00e8re simple mais efficace. En effet, l&rsquo;auteur a r\u00e9ussi \u00e0 dispenser aux lecteurs les \u00e9l\u00e9ments pertinents de la foi en leur \u00e9pargnant les pol\u00e9miques th\u00e9ologiques.;Bien que le dogme soit un domaine qui rel\u00e8ve essentiellement de l&rsquo;invisible (Ghayb), les propos de ce livre sont \u00e9tay\u00e9s par la raison et les v\u00e9rit\u00e9s scientifiques modernes. On d\u00e9couvre, au fil des pages, une richesse d&rsquo;enseignements et une multitude d&rsquo;informations conf\u00e9rant \u00e0 l&rsquo;ouvrage un m\u00e9rite notoire. Le contenu didactique et l&rsquo;approche p\u00e9dagogique en font aussi bien, un outil d&rsquo;instruction pour les autodidactes, qu&rsquo;un support d&rsquo;enseignement pour les groupes.;Cette \u0153uvre permet certainement un acc\u00e8s facile \u00e0 la foi islamique en tant que discipline scientifique et surtout, pr\u00e9sente celle-ci sous un jour nouveau.;Les sujets trait\u00e9s dans ce livre;Le Hadith de l&rsquo;ange Jibr\u00eel (Gabriel);Sources de la connaissance;L&rsquo;importance de la foi;- La foi dans le Coran;- La foi r\u00e9pond aux questions existentielles;- La foi permet d&rsquo;expliquer le monde;Caract\u00e9ristiques de la foi islamique;Le premier pilier: la Foi en Allah (al-\u00eem\u00e0nu bi-ll\u00e0h);Le Coran et l&rsquo;existence d&rsquo;Allah;- La perfection de la cr\u00e9ation;- Le principe de causalit\u00e9;- La puret\u00e9 originelle;- Allah est le seul \u00e0 exaucer les invocations;Les types d&rsquo;Unicit\u00e9 d&rsquo;Allah;- L&rsquo;unicit\u00e9 de la seigneurie (Tawhid ar-Rub\u00fbbiyya);- L&rsquo;Unicit\u00e9 de la Divinit\u00e9 (Tawh\u00efd al-ul\u00f9hiyya);- L&rsquo;Unicit\u00e9 des Noms et des Attributs (Tawh\u00efd al-Asm\u00e2&rsquo; wa s-Sif\u00e2t);La vision d&rsquo;Allah (ru&rsquo;ya);L&rsquo;attribut de la science dans le Coran;Les attributs r\u00e9v\u00e9l\u00e9s (as-sif\u00e0t al-khabariyya);Noms sublimes d&rsquo;Allah (al-asm\u00e0&rsquo; al-Husn\u00e2);Le croyant et les noms divins;La liste des noms;Le deuxi\u00e8me pilier: La foi en les anges (al-mal\u00e2&rsquo;ika);Caract\u00e9ristiques des Anges;Les t\u00e2ches des anges;Quelques noms d&rsquo;anges;Le croyant et les anges;Les g\u00e9nies (al-Jinns);Comment se pr\u00e9munir de ash-Shaytan et les jinns en g\u00e9n\u00e9ral?;Le troisi\u00e8me pilier: la foi en les proph\u00e8tes et messagers (al-anbiy\u00e2&rsquo; wa r-rusul);La nature de la proph\u00e9tie;Nombre de Proph\u00e8tes;Distinction entre les Proph\u00e8tes;Caract\u00e9ristiques des proph\u00e8tes;L&rsquo;impeccabilit\u00e9 des Proph\u00e8tes (al-&lsquo;isma);Les Miracles et les Prodiges;Les Miracles;- Quelques miracles cit\u00e9s dans le Coran;- Les Prodiges (al-kar\u00e2m\u00e2t);Le quatri\u00e8me pilier: Les livres r\u00e9v\u00e9l\u00e9s;La r\u00e9v\u00e9lation (al-Wahy);La r\u00e9v\u00e9lation comme un deuxi\u00e8me souffle divin;- D\u00e9finition;Les modes de la r\u00e9v\u00e9lation;La r\u00e9v\u00e9lation et la pr\u00e9servation du Coran;Les livres r\u00e9v\u00e9l\u00e9s;Le cinqui\u00e8me pilier: la Foi en le Jour Dernier (al-Yawmu al-\u00c0khir);L&rsquo;au-del\u00e0 est-il possible?;- Le d\u00e9sir d&rsquo;\u00eatre \u00e9ternel;- La justice divine;- La possibilit\u00e9 mat\u00e9rielle de la r\u00e9surrection;- L&rsquo;heure de l&rsquo;Heure;Signes mineurs de la fin des temps;Les signes majeurs;La r\u00e9surrection;al-barzakh (!&rsquo;intermonde);Les \u00e9tapes du Jour Dernier;Le sixi\u00e8me pilier: la Foi en la Pr\u00e9destination (al-Qad\u00e2&rsquo; wa 1-Qadar);L&rsquo;omniscience pr\u00e9\u00e9ternelle d&rsquo;Allah;La Table Gard\u00e9e (al-Lawh al-Mahf\u00f9z);La volont\u00e9 et l&rsquo;agr\u00e9ment d&rsquo;Allah;Les actes humains;Le Libre arbitre;La guidance est de deux types;Ce qui facilite l&rsquo;ob\u00e9issance;La pr\u00e9destination et les causes secondes (al-asb\u00e2b);Les souffrances des innocents (enfants, proph\u00e8tes et gens vertueux);L&rsquo;invocation et le d\u00e9cret divin;La Foi: sa nature et ce qui l&rsquo;annule;D\u00e9finitions;La foi145;Le Grand p\u00e9ch\u00e9 (al-kab\u00efra);Ce qui peut emp\u00eacher le ch\u00e2timent divin;Le sort des non-croyants;Le sort des enfants des non-croyants et de ceux qui n&rsquo;ont pas re\u00e7u de message divin;Ce qui annule la Foi;Les circonstances emp\u00eachant le takf\u00efr;L&rsquo;ignorance;L&rsquo;erreur;La contrainte;L&rsquo;interpr\u00e9tation erron\u00e9e<\/p>\n","protected":false},"featured_media":5430,"comment_status":"open","ping_status":"closed","template":"","meta":[],"product_brand":[],"product_cat":[1900],"product_tag":[],"class_list":{"0":"post-364","1":"product","2":"type-product","3":"status-publish","4":"has-post-thumbnail","6":"product_cat-dogme-aqida","7":"pa_annee-603","8":"pa_auteur-abdelmadjid-ihaddadene","9":"pa_editeur-le-relais-editions-2","10":"pa_nombre-de-pages-1033","12":"first","13":"outofstock","14":"shipping-taxable","15":"purchasable","16":"product-type-simple"},"_links":{"self":[{"href":"https:\/\/lamaktaba.fr\/index.php\/wp-json\/wp\/v2\/product\/364","targetHints":{"allow":["GET"]}}],"collection":[{"href":"https:\/\/lamaktaba.fr\/index.php\/wp-json\/wp\/v2\/product"}],"about":[{"href":"https:\/\/lamaktaba.fr\/index.php\/wp-json\/wp\/v2\/types\/product"}],"replies":[{"embeddable":true,"href":"https:\/\/lamaktaba.fr\/index.php\/wp-json\/wp\/v2\/comments?post=364"}],"wp:featuredmedia":[{"embeddable":true,"href":"https:\/\/lamaktaba.fr\/index.php\/wp-json\/wp\/v2\/media\/5430"}],"wp:attachment":[{"href":"https:\/\/lamaktaba.fr\/index.php\/wp-json\/wp\/v2\/media?parent=364"}],"wp:term":[{"taxonomy":"product_brand","embeddable":true,"href":"https:\/\/lamaktaba.fr\/index.php\/wp-json\/wp\/v2\/product_brand?post=364"},{"taxonomy":"product_cat","embeddable":true,"href":"https:\/\/lamaktaba.fr\/index.php\/wp-json\/wp\/v2\/product_cat?post=364"},{"taxonomy":"product_tag","embeddable":true,"href":"https:\/\/lamaktaba.fr\/index.php\/wp-json\/wp\/v2\/product_tag?post=364"}],"curies":[{"name":"wp","href":"https:\/\/api.w.org\/{rel}","templated":true}]}}