{"id":36398,"date":"2021-09-03T21:44:00","date_gmt":"2021-09-03T19:44:00","guid":{"rendered":"https:\/\/lamaktaba.fr\/index.php\/produit\/101-questions-sur-lislam-dapres-mehmet-ozalp\/"},"modified":"2025-04-01T12:46:28","modified_gmt":"2025-04-01T10:46:28","slug":"101-questions-sur-lislam-dapres-mehmet-ozalp","status":"publish","type":"product","link":"https:\/\/lamaktaba.fr\/index.php\/produit\/101-questions-sur-lislam-dapres-mehmet-ozalp","title":{"rendered":"101 questions sur l&rsquo;Islam d&rsquo;apr\u00e8s Mehmet Ozalp"},"content":{"rendered":"<p>101 questions sur l&rsquo;Islam d&rsquo;apr\u00e8s Mehmet Ozalp;L&rsquo;originalit\u00e9 de cet ouvrage tient au fait que, si les r\u00e9ponses aux questions \u00e9manent bien d&rsquo;un musulman, les questions, elles, sont le fait d&rsquo;Occidentaux souhaitant conna\u00eetre l&rsquo;Islam, et couvrent un large champ d&rsquo;investigation, depuis les aspects les plus m\u00e9diatis\u00e9s de l&rsquo;Islam tels que le jihad ou le voile, jusqu&rsquo;aux questions de pratique et de dogme pas moins int\u00e9ressantes\u2026;Bien que repr\u00e9sentant une part importante de la population fran\u00e7aise, les musulmans de France restent largement incompris. Le contexte historique, qui a vu des conflits arm\u00e9s entre musulmans et fran\u00e7ais, tant sur le territoire francisa (la bataille de Poitiers en 732) qu&rsquo;\u00e0 l&rsquo;\u00e9tranger (les croisades, la guerre d\u2019Alg\u00e9rie), n&rsquo;aide pas au rapprochement, la symbolique forte de ces conflits reste tr\u00e8s pr\u00e9sente dans la psych\u00e9 fran\u00e7aise, renforc\u00e9e par les r\u00e9cents \u00e9v\u00e9nement du 11 septembre 2001.;Cet ouvrage voudrait \u00eatre une occasion r\u00e9elle de tourner la page des conflits du pass\u00e9 et de voir l&rsquo;autre diff\u00e9remment. Une chance de faire la part des choses entre ce qui est le fait de l&rsquo;Islam et ce qui est le fait de pratiques culturelles. Une chance de d\u00e9couvrir une religion encore trop m\u00e9connue.;Laissez-vous aller \u00e0 la d\u00e9couverte de l&rsquo;Islam, au gr\u00e9 des pages de ce livre important et captivant.<\/p>\n","protected":false},"excerpt":{"rendered":"<p>101 questions sur l&rsquo;Islam d&rsquo;apr\u00e8s Mehmet Ozalp;L&rsquo;originalit\u00e9 de cet ouvrage tient au fait que, si les r\u00e9ponses aux questions \u00e9manent bien d&rsquo;un musulman, les questions, elles, sont le fait d&rsquo;Occidentaux souhaitant conna\u00eetre l&rsquo;Islam, et couvrent un large champ d&rsquo;investigation, depuis les aspects les plus m\u00e9diatis\u00e9s de l&rsquo;Islam tels que le jihad ou le voile, jusqu&rsquo;aux questions de pratique et de dogme pas moins int\u00e9ressantes\u2026;Bien que repr\u00e9sentant une part importante de la population fran\u00e7aise, les musulmans de France restent largement incompris. Le contexte historique, qui a vu des conflits arm\u00e9s entre musulmans et fran\u00e7ais, tant sur le territoire francisa (la bataille de Poitiers en 732) qu&rsquo;\u00e0 l&rsquo;\u00e9tranger (les croisades, la guerre d\u2019Alg\u00e9rie), n&rsquo;aide pas au rapprochement, la symbolique forte de ces conflits reste tr\u00e8s pr\u00e9sente dans la psych\u00e9 fran\u00e7aise, renforc\u00e9e par les r\u00e9cents \u00e9v\u00e9nement du 11 septembre 2001.;Cet ouvrage voudrait \u00eatre une occasion r\u00e9elle de tourner la page des conflits du pass\u00e9 et de voir l&rsquo;autre diff\u00e9remment. Une chance de faire la part des choses entre ce qui est le fait de l&rsquo;Islam et ce qui est le fait de pratiques culturelles. Une chance de d\u00e9couvrir une religion encore trop m\u00e9connue.;Laissez-vous aller \u00e0 la d\u00e9couverte de l&rsquo;Islam, au gr\u00e9 des pages de ce livre important et captivant.<\/p>\n","protected":false},"featured_media":36399,"comment_status":"open","ping_status":"closed","template":"","meta":[],"product_brand":[],"product_cat":[15],"product_tag":[],"class_list":{"0":"post-36398","1":"product","2":"type-product","3":"status-publish","4":"has-post-thumbnail","6":"product_cat-non-classe","8":"first","9":"instock","10":"shipping-taxable","11":"purchasable","12":"product-type-simple"},"_links":{"self":[{"href":"https:\/\/lamaktaba.fr\/index.php\/wp-json\/wp\/v2\/product\/36398","targetHints":{"allow":["GET"]}}],"collection":[{"href":"https:\/\/lamaktaba.fr\/index.php\/wp-json\/wp\/v2\/product"}],"about":[{"href":"https:\/\/lamaktaba.fr\/index.php\/wp-json\/wp\/v2\/types\/product"}],"replies":[{"embeddable":true,"href":"https:\/\/lamaktaba.fr\/index.php\/wp-json\/wp\/v2\/comments?post=36398"}],"wp:featuredmedia":[{"embeddable":true,"href":"https:\/\/lamaktaba.fr\/index.php\/wp-json\/wp\/v2\/media\/36399"}],"wp:attachment":[{"href":"https:\/\/lamaktaba.fr\/index.php\/wp-json\/wp\/v2\/media?parent=36398"}],"wp:term":[{"taxonomy":"product_brand","embeddable":true,"href":"https:\/\/lamaktaba.fr\/index.php\/wp-json\/wp\/v2\/product_brand?post=36398"},{"taxonomy":"product_cat","embeddable":true,"href":"https:\/\/lamaktaba.fr\/index.php\/wp-json\/wp\/v2\/product_cat?post=36398"},{"taxonomy":"product_tag","embeddable":true,"href":"https:\/\/lamaktaba.fr\/index.php\/wp-json\/wp\/v2\/product_tag?post=36398"}],"curies":[{"name":"wp","href":"https:\/\/api.w.org\/{rel}","templated":true}]}}