{"id":36358,"date":"2021-09-03T21:44:00","date_gmt":"2021-09-03T19:44:00","guid":{"rendered":"https:\/\/lamaktaba.fr\/index.php\/produit\/la-citadelle-du-musulman-souple-poche-luxe-couleur-bleue\/"},"modified":"2025-04-01T12:44:11","modified_gmt":"2025-04-01T10:44:11","slug":"la-citadelle-du-musulman-souple-poche-luxe-couleur-bleue","status":"publish","type":"product","link":"https:\/\/lamaktaba.fr\/index.php\/produit\/la-citadelle-du-musulman-souple-poche-luxe-couleur-bleue","title":{"rendered":"La Citadelle du Musulman &#8211; SOUPLE &#8211; Poche luxe (Couleur Bleue)"},"content":{"rendered":"<p>La Citadelle du Musulman &#8211; Poche luxe (Couleur Bleue);Cette oeuvre est un abr\u00e9g\u00e9, extrait du livre du cheikh al qahtani intitul\u00e9, le rappel, l&rsquo;invocation et la gu\u00e9rison par le coran et la sunna, o\u00f9 il r\u00e9sume la partie consacr\u00e9e aux invocations pour qu&rsquo;il soit l\u00e9ger et accessible au cours du voyage.;\u00c0 celui qui veut conna\u00eetre le nom du compagnon, ou pour plus d\u2019informations sur les sources des hadiths,de revenir \u00e0 mon ouvrage original. J\u2019invoque Allah, par Ses plus beaux Noms,et Ses attributs sublimes, de faire de ce travail, une oeuvre enti\u00e8rement d\u00e9di\u00e9e \u00e0 Sa majestueuse Face,de m\u2019en faire b\u00e9n\u00e9fice dans ma vie et apr\u00e8s ma mort, d\u2019en faire b\u00e9n\u00e9ficier ses lecteurs, ses \u00e9diteurs ettoute personne qui aide \u00e0 sa diffusion.;Certes, \u00e0 Allah la Gloire, Il est Garant et Tout-Puissant. Que la b\u00e9n\u00e9diction et le salut soient sur notre proph\u00e8te Mohammad, sa famille,ses compagnons et sur ceux qui les suivent avec bont\u00e9 jusqu\u2019au dernier jour.;Cet ouvrage est r\u00e9partis en plusieurs chapitres, en voici quelques uns;- Avant-propos;- Transcription phon\u00e9tique;- Les bienfaits des invocations;Chapitre 1 &#8211; Au r\u00e9veil;Chapitre 2 &#8211; En s\u2019habillant;Chapitre 3 &#8211; En portant un nouvel habit;Chapitre 4 &#8211; \u00c0 celui qui \u00e0 un nouvel habit;Chapitre 5 &#8211; En se d\u00e9shabillant;Chapitre 6 &#8211; En entrant aux toilettes;Chapitre 7 &#8211; En sortant des toilettes;Chapitre 8 &#8211; Avant de commencer les ablutions;Chapitre 9 &#8211; Apr\u00e8s les ablutions;Chapitre 10 &#8211; En entrant chez soi;Chapitre 11 &#8211; En sortant de chez soi;Chapitre 12 &#8211; En allant \u00e0 la mosqu\u00e9e;Chapitre 13 &#8211; En entrant \u00e0 la mosqu\u00e9e;Chapitre 14 &#8211; En sortant de la mosqu\u00e9e;Chapitre 15 &#8211; \u00c0 l&rsquo;appel de la pri\u00e8re;Chapitre 16 &#8211; \u00c0 l&rsquo;ouverture de la pri\u00e8re;Chapitre 17 &#8211; Au moment de l&rsquo;inclinaison;Chapitre 18 &#8211; En se redressant de l&rsquo;inclinaison;Chapitre 19 &#8211; Au moment de la prosternation;Chapitre 20 &#8211; Entre les deux prosternations;Chapitre 21 &#8211; En se prosternant \u00e0 la r\u00e9citation du Coran;Chapitre 22 &#8211; Le Tachahhoud;Chapitre 23 &#8211; La pri\u00e8re sur le Proph\u00e8te;Chapitre 24- Apr\u00e8s le dernier Tachahhoud et avant le salut;Chapitre 25 &#8211; Apr\u00e8s le salut;Chapitre 26 &#8211; Les invocations de la pri\u00e8re de consultation;Chapitre 27 &#8211; Les invocations du matin et du soir;Chapitre 28 &#8211; Avant de s\u2019endormir;Chapitre 29 &#8211; Lorsqu&rsquo;on se retourne pendant le sommeil;Chapitre 30 &#8211; En cas de r\u00e9veil brutal et d\u2019afflictions;Chapitre 31 &#8211; Quand on fait un beau r\u00eave ou un cauchemar;Chapitre 32 &#8211; L\u2019invocation du Qun\u00fbt lors de la pri\u00e8re du Witr;Chapitre 33 &#8211; Apr\u00e8s le salut de la pri\u00e8re du Witr;Chapitre 34 &#8211; Quand on est soucieux et triste;Chapitre 35 &#8211; En cas d&rsquo;affliction;Chapitre 36 &#8211; \u00c0 la rencontre d\u2019un ennemi ou des autorit\u00e9s;Chapitre 37 &#8211; Lorsque l\u2019on craint l&rsquo;injustice d\u2019un juge;Chapitre 38 &#8211; Contre l&rsquo;ennemi;Chapitre 39 &#8211; Lorsque l\u2019on craint un groupe de gens;Chapitre 40 &#8211; En cas de doute dans sa foi;Chapitre 41 &#8211; Pour s\u2019acquitter de ses dettes;Chapitre 42 &#8211; Quand on est tourment\u00e9 pendant la pri\u00e8re ou au cours de la lecture du Coran;Chapitre 43 &#8211; Lorsque l&rsquo;on rencontre des difficult\u00e9s;Chapitre 44 &#8211; Quand on commet un p\u00e9ch\u00e9;Chapitre 45 &#8211; Pour chasser le diable et ses tentations;Chapitre 46 &#8211; \u00c0 l\u2019annonce d\u2019un \u00e9v\u00e9nement d\u00e9sagr\u00e9able ou lorsque l\u2019on est abattu;Chapitre 47 &#8211; Pour f\u00e9liciter un nouveau-n\u00e9;Chapitre 48 &#8211; Pour pr\u00e9server les enfants;Chapitre 49 &#8211; En rendant visite \u00e0 un malade;Chapitre 50 &#8211; M\u00e9rite de la visite d\u2019un malade;Chapitre 51 &#8211; Quand le malade d\u00e9sesp\u00e8re de sa vie;Chapitre 52 &#8211; Pour assister un mourant;Chapitre 53 &#8211; En cas de malheur;Chapitre 54 &#8211; En fermant les yeux du mort&#8230;\/&#8230;<\/p>\n","protected":false},"excerpt":{"rendered":"<p>La Citadelle du Musulman &#8211; Poche luxe (Couleur Bleue);Cette oeuvre est un abr\u00e9g\u00e9, extrait du livre du cheikh al qahtani intitul\u00e9, le rappel, l&rsquo;invocation et la gu\u00e9rison par le coran et la sunna, o\u00f9 il r\u00e9sume la partie consacr\u00e9e aux invocations pour qu&rsquo;il soit l\u00e9ger et accessible au cours du voyage.;\u00c0 celui qui veut conna\u00eetre le nom du compagnon, ou pour plus d\u2019informations sur les sources des hadiths,de revenir \u00e0 mon ouvrage original. J\u2019invoque Allah, par Ses plus beaux Noms,et Ses attributs sublimes, de faire de ce travail, une oeuvre enti\u00e8rement d\u00e9di\u00e9e \u00e0 Sa majestueuse Face,de m\u2019en faire b\u00e9n\u00e9fice dans ma vie et apr\u00e8s ma mort, d\u2019en faire b\u00e9n\u00e9ficier ses lecteurs, ses \u00e9diteurs ettoute personne qui aide \u00e0 sa diffusion.;Certes, \u00e0 Allah la Gloire, Il est Garant et Tout-Puissant. Que la b\u00e9n\u00e9diction et le salut soient sur notre proph\u00e8te Mohammad, sa famille,ses compagnons et sur ceux qui les suivent avec bont\u00e9 jusqu\u2019au dernier jour.;Cet ouvrage est r\u00e9partis en plusieurs chapitres, en voici quelques uns;- Avant-propos;- Transcription phon\u00e9tique;- Les bienfaits des invocations;Chapitre 1 &#8211; Au r\u00e9veil;Chapitre 2 &#8211; En s\u2019habillant;Chapitre 3 &#8211; En portant un nouvel habit;Chapitre 4 &#8211; \u00c0 celui qui \u00e0 un nouvel habit;Chapitre 5 &#8211; En se d\u00e9shabillant;Chapitre 6 &#8211; En entrant aux toilettes;Chapitre 7 &#8211; En sortant des toilettes;Chapitre 8 &#8211; Avant de commencer les ablutions;Chapitre 9 &#8211; Apr\u00e8s les ablutions;Chapitre 10 &#8211; En entrant chez soi;Chapitre 11 &#8211; En sortant de chez soi;Chapitre 12 &#8211; En allant \u00e0 la mosqu\u00e9e;Chapitre 13 &#8211; En entrant \u00e0 la mosqu\u00e9e;Chapitre 14 &#8211; En sortant de la mosqu\u00e9e;Chapitre 15 &#8211; \u00c0 l&rsquo;appel de la pri\u00e8re;Chapitre 16 &#8211; \u00c0 l&rsquo;ouverture de la pri\u00e8re;Chapitre 17 &#8211; Au moment de l&rsquo;inclinaison;Chapitre 18 &#8211; En se redressant de l&rsquo;inclinaison;Chapitre 19 &#8211; Au moment de la prosternation;Chapitre 20 &#8211; Entre les deux prosternations;Chapitre 21 &#8211; En se prosternant \u00e0 la r\u00e9citation du Coran;Chapitre 22 &#8211; Le Tachahhoud;Chapitre 23 &#8211; La pri\u00e8re sur le Proph\u00e8te;Chapitre 24- Apr\u00e8s le dernier Tachahhoud et avant le salut;Chapitre 25 &#8211; Apr\u00e8s le salut;Chapitre 26 &#8211; Les invocations de la pri\u00e8re de consultation;Chapitre 27 &#8211; Les invocations du matin et du soir;Chapitre 28 &#8211; Avant de s\u2019endormir;Chapitre 29 &#8211; Lorsqu&rsquo;on se retourne pendant le sommeil;Chapitre 30 &#8211; En cas de r\u00e9veil brutal et d\u2019afflictions;Chapitre 31 &#8211; Quand on fait un beau r\u00eave ou un cauchemar;Chapitre 32 &#8211; L\u2019invocation du Qun\u00fbt lors de la pri\u00e8re du Witr;Chapitre 33 &#8211; Apr\u00e8s le salut de la pri\u00e8re du Witr;Chapitre 34 &#8211; Quand on est soucieux et triste;Chapitre 35 &#8211; En cas d&rsquo;affliction;Chapitre 36 &#8211; \u00c0 la rencontre d\u2019un ennemi ou des autorit\u00e9s;Chapitre 37 &#8211; Lorsque l\u2019on craint l&rsquo;injustice d\u2019un juge;Chapitre 38 &#8211; Contre l&rsquo;ennemi;Chapitre 39 &#8211; Lorsque l\u2019on craint un groupe de gens;Chapitre 40 &#8211; En cas de doute dans sa foi;Chapitre 41 &#8211; Pour s\u2019acquitter de ses dettes;Chapitre 42 &#8211; Quand on est tourment\u00e9 pendant la pri\u00e8re ou au cours de la lecture du Coran;Chapitre 43 &#8211; Lorsque l&rsquo;on rencontre des difficult\u00e9s;Chapitre 44 &#8211; Quand on commet un p\u00e9ch\u00e9;Chapitre 45 &#8211; Pour chasser le diable et ses tentations;Chapitre 46 &#8211; \u00c0 l\u2019annonce d\u2019un \u00e9v\u00e9nement d\u00e9sagr\u00e9able ou lorsque l\u2019on est abattu;Chapitre 47 &#8211; Pour f\u00e9liciter un nouveau-n\u00e9;Chapitre 48 &#8211; Pour pr\u00e9server les enfants;Chapitre 49 &#8211; En rendant visite \u00e0 un malade;Chapitre 50 &#8211; M\u00e9rite de la visite d\u2019un malade;Chapitre 51 &#8211; Quand le malade d\u00e9sesp\u00e8re de sa vie;Chapitre 52 &#8211; Pour assister un mourant;Chapitre 53 &#8211; En cas de malheur;Chapitre 54 &#8211; En fermant les yeux du mort&#8230;\/&#8230;<\/p>\n","protected":false},"featured_media":36359,"comment_status":"open","ping_status":"closed","template":"","meta":[],"product_brand":[],"product_cat":[1901],"product_tag":[],"class_list":{"0":"post-36358","1":"product","2":"type-product","3":"status-publish","4":"has-post-thumbnail","6":"product_cat-invocations-douaa","8":"first","9":"instock","10":"shipping-taxable","11":"purchasable","12":"product-type-simple"},"_links":{"self":[{"href":"https:\/\/lamaktaba.fr\/index.php\/wp-json\/wp\/v2\/product\/36358","targetHints":{"allow":["GET"]}}],"collection":[{"href":"https:\/\/lamaktaba.fr\/index.php\/wp-json\/wp\/v2\/product"}],"about":[{"href":"https:\/\/lamaktaba.fr\/index.php\/wp-json\/wp\/v2\/types\/product"}],"replies":[{"embeddable":true,"href":"https:\/\/lamaktaba.fr\/index.php\/wp-json\/wp\/v2\/comments?post=36358"}],"wp:featuredmedia":[{"embeddable":true,"href":"https:\/\/lamaktaba.fr\/index.php\/wp-json\/wp\/v2\/media\/36359"}],"wp:attachment":[{"href":"https:\/\/lamaktaba.fr\/index.php\/wp-json\/wp\/v2\/media?parent=36358"}],"wp:term":[{"taxonomy":"product_brand","embeddable":true,"href":"https:\/\/lamaktaba.fr\/index.php\/wp-json\/wp\/v2\/product_brand?post=36358"},{"taxonomy":"product_cat","embeddable":true,"href":"https:\/\/lamaktaba.fr\/index.php\/wp-json\/wp\/v2\/product_cat?post=36358"},{"taxonomy":"product_tag","embeddable":true,"href":"https:\/\/lamaktaba.fr\/index.php\/wp-json\/wp\/v2\/product_tag?post=36358"}],"curies":[{"name":"wp","href":"https:\/\/api.w.org\/{rel}","templated":true}]}}