{"id":36333,"date":"2021-09-03T21:44:00","date_gmt":"2021-09-03T19:44:00","guid":{"rendered":"https:\/\/lamaktaba.fr\/index.php\/produit\/petits-mots-de-lislam-4-al-hamdoulillah-bismillah-siham-andalouci\/"},"modified":"2025-04-01T12:44:15","modified_gmt":"2025-04-01T10:44:15","slug":"petits-mots-de-lislam-4-al-hamdoulillah-bismillah-siham-andalouci","status":"publish","type":"product","link":"https:\/\/lamaktaba.fr\/index.php\/produit\/petits-mots-de-lislam-4-al-hamdoulillah-bismillah-siham-andalouci","title":{"rendered":"Petits mots de l&rsquo;islam (4): Al-hamdoulill\u00e2h ! (Merci Allah !), Bismill\u00e2h ! (Au nom d&rsquo;Allah !)"},"content":{"rendered":"<p>Petits mots de l&rsquo;islam (4): Al-hamdoulill\u00e2h ! (Merci Allah !), Bismill\u00e2h ! (Au nom d&rsquo;Allah !) !;Quand il apprend ses premi\u00e8res invocations, votre enfant ne les comprend que de mani\u00e8re intuitive. N\u00e9anmoins, leur signification et leur profondeur restent encore \u00e0 acqu\u00e9rir.;L a s\u00e9rie des Petits mots de l\u2019islam contribue \u00e0 faire comprendre certaines invocations quotidiennes qui font partie int\u00e9grante de l\u2019univers commun musulman.;Gr\u00e2ce \u00e0 Amin et Amina, les h\u00e9ros de cette s\u00e9rie, votre enfant apprendra la signification de chaque invocation, son importance religieuse et spirituelle, ainsi que les circonstances dans lesquelles l\u2019utiliser. \u00c0 la fin de chaque ouvrage, des jeux permettront d\u2019aider votre enfant \u00e0 ancrer les connaissances acquises au fil des pages.<\/p>\n","protected":false},"excerpt":{"rendered":"<p>Petits mots de l&rsquo;islam (4): Al-hamdoulill\u00e2h ! (Merci Allah !), Bismill\u00e2h ! (Au nom d&rsquo;Allah !) !;Quand il apprend ses premi\u00e8res invocations, votre enfant ne les comprend que de mani\u00e8re intuitive. N\u00e9anmoins, leur signification et leur profondeur restent encore \u00e0 acqu\u00e9rir.;L a s\u00e9rie des Petits mots de l\u2019islam contribue \u00e0 faire comprendre certaines invocations quotidiennes qui font partie int\u00e9grante de l\u2019univers commun musulman.;Gr\u00e2ce \u00e0 Amin et Amina, les h\u00e9ros de cette s\u00e9rie, votre enfant apprendra la signification de chaque invocation, son importance religieuse et spirituelle, ainsi que les circonstances dans lesquelles l\u2019utiliser. \u00c0 la fin de chaque ouvrage, des jeux permettront d\u2019aider votre enfant \u00e0 ancrer les connaissances acquises au fil des pages.<\/p>\n","protected":false},"featured_media":37899,"comment_status":"open","ping_status":"closed","template":"","meta":[],"product_brand":[],"product_cat":[15],"product_tag":[],"class_list":{"0":"post-36333","1":"product","2":"type-product","3":"status-publish","4":"has-post-thumbnail","6":"product_cat-non-classe","8":"first","9":"instock","10":"shipping-taxable","11":"purchasable","12":"product-type-simple"},"_links":{"self":[{"href":"https:\/\/lamaktaba.fr\/index.php\/wp-json\/wp\/v2\/product\/36333","targetHints":{"allow":["GET"]}}],"collection":[{"href":"https:\/\/lamaktaba.fr\/index.php\/wp-json\/wp\/v2\/product"}],"about":[{"href":"https:\/\/lamaktaba.fr\/index.php\/wp-json\/wp\/v2\/types\/product"}],"replies":[{"embeddable":true,"href":"https:\/\/lamaktaba.fr\/index.php\/wp-json\/wp\/v2\/comments?post=36333"}],"wp:featuredmedia":[{"embeddable":true,"href":"https:\/\/lamaktaba.fr\/index.php\/wp-json\/wp\/v2\/media\/37899"}],"wp:attachment":[{"href":"https:\/\/lamaktaba.fr\/index.php\/wp-json\/wp\/v2\/media?parent=36333"}],"wp:term":[{"taxonomy":"product_brand","embeddable":true,"href":"https:\/\/lamaktaba.fr\/index.php\/wp-json\/wp\/v2\/product_brand?post=36333"},{"taxonomy":"product_cat","embeddable":true,"href":"https:\/\/lamaktaba.fr\/index.php\/wp-json\/wp\/v2\/product_cat?post=36333"},{"taxonomy":"product_tag","embeddable":true,"href":"https:\/\/lamaktaba.fr\/index.php\/wp-json\/wp\/v2\/product_tag?post=36333"}],"curies":[{"name":"wp","href":"https:\/\/api.w.org\/{rel}","templated":true}]}}