{"id":36327,"date":"2021-03-09T21:44:51","date_gmt":"2021-03-09T20:44:51","guid":{"rendered":"https:\/\/lamaktaba.fr\/index.php\/produit\/japprends-mon-hadith-limportance-de-la-proprete-nur-kutlu\/"},"modified":"2025-04-01T12:45:49","modified_gmt":"2025-04-01T10:45:49","slug":"japprends-mon-hadith-limportance-de-la-proprete-nur-kutlu","status":"publish","type":"product","link":"https:\/\/lamaktaba.fr\/index.php\/produit\/japprends-mon-hadith-limportance-de-la-proprete-nur-kutlu","title":{"rendered":"J&rsquo;apprends mon hadith: L&rsquo;importance de la propret\u00e9 &#8211; Nur Kutlu"},"content":{"rendered":"<p>J&rsquo;apprends mon hadith: L&rsquo;importance de la propret\u00e9<br \/>Auteur: Nur Kutlu<br \/>Nombre de pages: 31<br \/>Editeur: Timas Kids &#8211; Kootoobi<br \/>\u00ab\u00a0J&rsquo;apprends mon hadith\u00a0\u00bb explique aux enfants comment ob\u00e9ir aux enseignements du proph\u00e8te Mohamed (saw) dans la vie quotidienne. Les personnages principaux, un fr\u00e8re et une s\u0153ur, nomm\u00e9s Meriem et Youcef, ont une boite \u00e0 Hadith chez eux. Chaque livre de cette s\u00e9rie concerne un Hadith particulier. Les membres de la famille essaient d&rsquo;appliquer ce Hadith dans leur vie tout au long de l&rsquo;histoire. Les enfants s&rsquo;identifieront aux h\u00e9ros de l&rsquo;histoire, ce qui facilitera leur apprentissage et leur pratique de tous les hadiths.<\/p>\n","protected":false},"excerpt":{"rendered":"<p>J&rsquo;apprends mon hadith: L&rsquo;importance de la propret\u00e9<br \/>Auteur: Nur Kutlu<br \/>Nombre de pages: 31<br \/>Editeur: Timas Kids &#8211; Kootoobi<br \/>\u00ab\u00a0J&rsquo;apprends mon hadith\u00a0\u00bb explique aux enfants comment ob\u00e9ir aux enseignements du proph\u00e8te Mohamed (saw) dans la vie quotidienne. Les personnages principaux, un fr\u00e8re et une s\u0153ur, nomm\u00e9s Meriem et Youcef, ont une boite \u00e0 Hadith chez eux. Chaque livre de cette s\u00e9rie concerne un Hadith particulier. Les membres de la famille essaient d&rsquo;appliquer ce Hadith dans leur vie tout au long de l&rsquo;histoire. Les enfants s&rsquo;identifieront aux h\u00e9ros de l&rsquo;histoire, ce qui facilitera leur apprentissage et leur pratique de tous les hadiths.<\/p>\n","protected":false},"featured_media":36328,"comment_status":"open","ping_status":"closed","template":"","meta":[],"product_brand":[],"product_cat":[15],"product_tag":[],"class_list":{"0":"post-36327","1":"product","2":"type-product","3":"status-publish","4":"has-post-thumbnail","6":"product_cat-non-classe","8":"first","9":"outofstock","10":"shipping-taxable","11":"purchasable","12":"product-type-simple"},"_links":{"self":[{"href":"https:\/\/lamaktaba.fr\/index.php\/wp-json\/wp\/v2\/product\/36327","targetHints":{"allow":["GET"]}}],"collection":[{"href":"https:\/\/lamaktaba.fr\/index.php\/wp-json\/wp\/v2\/product"}],"about":[{"href":"https:\/\/lamaktaba.fr\/index.php\/wp-json\/wp\/v2\/types\/product"}],"replies":[{"embeddable":true,"href":"https:\/\/lamaktaba.fr\/index.php\/wp-json\/wp\/v2\/comments?post=36327"}],"wp:featuredmedia":[{"embeddable":true,"href":"https:\/\/lamaktaba.fr\/index.php\/wp-json\/wp\/v2\/media\/36328"}],"wp:attachment":[{"href":"https:\/\/lamaktaba.fr\/index.php\/wp-json\/wp\/v2\/media?parent=36327"}],"wp:term":[{"taxonomy":"product_brand","embeddable":true,"href":"https:\/\/lamaktaba.fr\/index.php\/wp-json\/wp\/v2\/product_brand?post=36327"},{"taxonomy":"product_cat","embeddable":true,"href":"https:\/\/lamaktaba.fr\/index.php\/wp-json\/wp\/v2\/product_cat?post=36327"},{"taxonomy":"product_tag","embeddable":true,"href":"https:\/\/lamaktaba.fr\/index.php\/wp-json\/wp\/v2\/product_tag?post=36327"}],"curies":[{"name":"wp","href":"https:\/\/api.w.org\/{rel}","templated":true}]}}