{"id":36316,"date":"2021-03-09T21:44:50","date_gmt":"2021-03-09T20:44:50","guid":{"rendered":"https:\/\/lamaktaba.fr\/index.php\/produit\/jouis-de-ta-vie\/"},"modified":"2025-04-01T12:44:38","modified_gmt":"2025-04-01T10:44:38","slug":"jouis-de-ta-vie","status":"publish","type":"product","link":"https:\/\/lamaktaba.fr\/index.php\/produit\/jouis-de-ta-vie","title":{"rendered":"Jouis de ta vie"},"content":{"rendered":"<p>Titre: Jouis de ta vie;Auteur: Cheikh Muhammad Al &lsquo;Arifi;Edition: ALHADITH;Support: Livre;Theme: Education et Purification de L&rsquo;\u00e2me;Description: \u00ab\u00a0J\u2019avais seize ans quand j\u2019eus entre les mains un livre intitul\u00e9 \u00abL\u2019art des relations humaines?\u00bb de Dale Carnegie. C\u2019\u00e9tait un livre formidable que je lus plusieurs fois. L\u2019auteur propose de relire le livre chaque mois\u2026 Je suivis sa consigne\u2026 Je commen\u00e7ai \u00e0 mettre en pratique ses principes dans mes rapports avec les gens. Je m\u2019aper\u00e7us que cela donnait de merveilleux r\u00e9sultats. Carnegie y \u00e9nonce un principe qu\u2019il fait suivre par des exemples v\u00e9cus par les gens de m\u00e9rite de sa soci\u00e9t\u00e9: Roosevelt, Lincoln, Joseph, Mike\u2026 Je r\u00e9fl\u00e9chis et compris que l\u2019auteur \u00e9crivait et conseillait dans la perspective du bonheur mondain. Qu\u2019en serait-il s\u2019il connaissait l\u2019islam et ses bons traits de caract\u00e8re? Il aurait s\u00fbrement acquis le bonheur dans les deux demeures ! Qu\u2019en serait-il s\u2019il se servait de ses comp\u00e9tences relationnelles pour se rapprocher de son Seigneur? Puis je d\u00e9couvris que Carnegie s\u2019\u00e9tait suicid\u00e9. J\u2019eus la conviction que, malgr\u00e9 son m\u00e9rite et sa distinction, son livre ne lui avait \u00e9t\u00e9 d\u2019aucune utilit\u00e9. Alors, je fis une recherche dans notre propre histoire et d\u00e9couvris que la biographie du Messager d\u2019Allah r et de ses compagnons, ainsi que les \u00e9v\u00e9nements dans la vie d\u2019hommes exceptionnels de notre communaut\u00e9, nous suffisent amplement. D\u00e8s cet instant, je me lan\u00e7ai dans la composition de ce livre sur l\u2019art des relations humaines. L\u2019ouvrage que tu as en main n\u2019est pas n\u00e9 en un mois ou une ann\u00e9e\u2026 Il est bien le fruit d\u2019\u00e9tudes que j\u2019ai men\u00e9es pendant vingt ans\u2026 Certes, Allah le Tr\u00e8s Haut m\u2019a permis d\u2019\u00e9crire, jusqu\u2019ici, une vingtaine de livres, dont certains ont connu un tirage de plus de deux millions d\u2019exemplaires. N\u00e9anmoins, celui que je pr\u00e9f\u00e8re, qui est le plus cher \u00e0 mon c\u0153ur et le plus b\u00e9n\u00e9fique est \u2013 \u00e0 mon avis \u2013 ce livre que j\u2019ai \u00e9crit avec une encre m\u00e9lang\u00e9e \u00e0 mon sang\u2026<\/p>\n","protected":false},"excerpt":{"rendered":"<p>Titre: Jouis de ta vie;Auteur: Cheikh Muhammad Al &lsquo;Arifi;Edition: ALHADITH;Support: Livre;Theme: Education et Purification de L&rsquo;\u00e2me;Description: \u00ab\u00a0J\u2019avais seize ans quand j\u2019eus entre les mains un livre intitul\u00e9 \u00abL\u2019art des relations humaines?\u00bb de Dale Carnegie. C\u2019\u00e9tait un livre formidable que je lus plusieurs fois. L\u2019auteur propose de relire le livre chaque mois\u2026 Je suivis sa consigne\u2026 Je commen\u00e7ai \u00e0 mettre en pratique ses principes dans mes rapports avec les gens. Je m\u2019aper\u00e7us que cela donnait de merveilleux r\u00e9sultats. Carnegie y \u00e9nonce un principe qu\u2019il fait suivre par des exemples v\u00e9cus par les gens de m\u00e9rite de sa soci\u00e9t\u00e9: Roosevelt, Lincoln, Joseph, Mike\u2026 Je r\u00e9fl\u00e9chis et compris que l\u2019auteur \u00e9crivait et conseillait dans la perspective du bonheur mondain. Qu\u2019en serait-il s\u2019il connaissait l\u2019islam et ses bons traits de caract\u00e8re? Il aurait s\u00fbrement acquis le bonheur dans les deux demeures ! Qu\u2019en serait-il s\u2019il se servait de ses comp\u00e9tences relationnelles pour se rapprocher de son Seigneur? Puis je d\u00e9couvris que Carnegie s\u2019\u00e9tait suicid\u00e9. J\u2019eus la conviction que, malgr\u00e9 son m\u00e9rite et sa distinction, son livre ne lui avait \u00e9t\u00e9 d\u2019aucune utilit\u00e9. Alors, je fis une recherche dans notre propre histoire et d\u00e9couvris que la biographie du Messager d\u2019Allah r et de ses compagnons, ainsi que les \u00e9v\u00e9nements dans la vie d\u2019hommes exceptionnels de notre communaut\u00e9, nous suffisent amplement. D\u00e8s cet instant, je me lan\u00e7ai dans la composition de ce livre sur l\u2019art des relations humaines. L\u2019ouvrage que tu as en main n\u2019est pas n\u00e9 en un mois ou une ann\u00e9e\u2026 Il est bien le fruit d\u2019\u00e9tudes que j\u2019ai men\u00e9es pendant vingt ans\u2026 Certes, Allah le Tr\u00e8s Haut m\u2019a permis d\u2019\u00e9crire, jusqu\u2019ici, une vingtaine de livres, dont certains ont connu un tirage de plus de deux millions d\u2019exemplaires. N\u00e9anmoins, celui que je pr\u00e9f\u00e8re, qui est le plus cher \u00e0 mon c\u0153ur et le plus b\u00e9n\u00e9fique est \u2013 \u00e0 mon avis \u2013 ce livre que j\u2019ai \u00e9crit avec une encre m\u00e9lang\u00e9e \u00e0 mon sang\u2026<\/p>\n","protected":false},"featured_media":36317,"comment_status":"open","ping_status":"closed","template":"","meta":[],"product_brand":[],"product_cat":[1921,1906,1894,1939,1916],"product_tag":[],"class_list":{"0":"post-36316","1":"product","2":"type-product","3":"status-publish","4":"has-post-thumbnail","6":"product_cat-exhortation","7":"product_cat-femmes-livres","8":"product_cat-histoires","9":"product_cat-revues-et-guides","10":"product_cat-spiritualite","12":"first","13":"outofstock","14":"shipping-taxable","15":"purchasable","16":"product-type-simple"},"_links":{"self":[{"href":"https:\/\/lamaktaba.fr\/index.php\/wp-json\/wp\/v2\/product\/36316","targetHints":{"allow":["GET"]}}],"collection":[{"href":"https:\/\/lamaktaba.fr\/index.php\/wp-json\/wp\/v2\/product"}],"about":[{"href":"https:\/\/lamaktaba.fr\/index.php\/wp-json\/wp\/v2\/types\/product"}],"replies":[{"embeddable":true,"href":"https:\/\/lamaktaba.fr\/index.php\/wp-json\/wp\/v2\/comments?post=36316"}],"wp:featuredmedia":[{"embeddable":true,"href":"https:\/\/lamaktaba.fr\/index.php\/wp-json\/wp\/v2\/media\/36317"}],"wp:attachment":[{"href":"https:\/\/lamaktaba.fr\/index.php\/wp-json\/wp\/v2\/media?parent=36316"}],"wp:term":[{"taxonomy":"product_brand","embeddable":true,"href":"https:\/\/lamaktaba.fr\/index.php\/wp-json\/wp\/v2\/product_brand?post=36316"},{"taxonomy":"product_cat","embeddable":true,"href":"https:\/\/lamaktaba.fr\/index.php\/wp-json\/wp\/v2\/product_cat?post=36316"},{"taxonomy":"product_tag","embeddable":true,"href":"https:\/\/lamaktaba.fr\/index.php\/wp-json\/wp\/v2\/product_tag?post=36316"}],"curies":[{"name":"wp","href":"https:\/\/api.w.org\/{rel}","templated":true}]}}