{"id":36308,"date":"2021-09-03T21:44:00","date_gmt":"2021-09-03T19:44:00","guid":{"rendered":"https:\/\/lamaktaba.fr\/index.php\/produit\/bismillah-la-protection-du-petit-musulman-pixelgraf-dvd-video\/"},"modified":"2025-04-01T12:47:23","modified_gmt":"2025-04-01T10:47:23","slug":"bismillah-la-protection-du-petit-musulman-pixelgraf-dvd-video","status":"publish","type":"product","link":"https:\/\/lamaktaba.fr\/index.php\/produit\/bismillah-la-protection-du-petit-musulman-pixelgraf-dvd-video","title":{"rendered":"Bismillah, la protection du petit musulman, la bande dessin\u00e9e anim\u00e9e avec bonus le clip en Fran\u00e7ais Arabe et -Anglais"},"content":{"rendered":"<p>PIXELGRAF pr\u00e9sente le premier DVD audio de la bande dessin\u00e9e BISMILLAH -Adam &#038; Meryem!;Comment Meryem n&rsquo;oubliera plus jamais de dir \u00ab\u00a0Bismillah\u00a0\u00bb et de r\u00e9citer ses invocations?!! Viens le d\u00e9couvrir dans cette histoire contre Shaytane le maudit! Une incroyable aventure pleine d&rsquo;action et de rencontres&#8230;<\/p>\n","protected":false},"excerpt":{"rendered":"<p>PIXELGRAF pr\u00e9sente le premier DVD audio de la bande dessin\u00e9e BISMILLAH -Adam &#038; Meryem!;Comment Meryem n&rsquo;oubliera plus jamais de dir \u00ab\u00a0Bismillah\u00a0\u00bb et de r\u00e9citer ses invocations?!! Viens le d\u00e9couvrir dans cette histoire contre Shaytane le maudit! Une incroyable aventure pleine d&rsquo;action et de rencontres&#8230;<\/p>\n","protected":false},"featured_media":37914,"comment_status":"open","ping_status":"closed","template":"","meta":[],"product_brand":[],"product_cat":[15],"product_tag":[],"class_list":{"0":"post-36308","1":"product","2":"type-product","3":"status-publish","4":"has-post-thumbnail","6":"product_cat-non-classe","8":"first","9":"outofstock","10":"shipping-taxable","11":"purchasable","12":"product-type-simple"},"_links":{"self":[{"href":"https:\/\/lamaktaba.fr\/index.php\/wp-json\/wp\/v2\/product\/36308","targetHints":{"allow":["GET"]}}],"collection":[{"href":"https:\/\/lamaktaba.fr\/index.php\/wp-json\/wp\/v2\/product"}],"about":[{"href":"https:\/\/lamaktaba.fr\/index.php\/wp-json\/wp\/v2\/types\/product"}],"replies":[{"embeddable":true,"href":"https:\/\/lamaktaba.fr\/index.php\/wp-json\/wp\/v2\/comments?post=36308"}],"wp:featuredmedia":[{"embeddable":true,"href":"https:\/\/lamaktaba.fr\/index.php\/wp-json\/wp\/v2\/media\/37914"}],"wp:attachment":[{"href":"https:\/\/lamaktaba.fr\/index.php\/wp-json\/wp\/v2\/media?parent=36308"}],"wp:term":[{"taxonomy":"product_brand","embeddable":true,"href":"https:\/\/lamaktaba.fr\/index.php\/wp-json\/wp\/v2\/product_brand?post=36308"},{"taxonomy":"product_cat","embeddable":true,"href":"https:\/\/lamaktaba.fr\/index.php\/wp-json\/wp\/v2\/product_cat?post=36308"},{"taxonomy":"product_tag","embeddable":true,"href":"https:\/\/lamaktaba.fr\/index.php\/wp-json\/wp\/v2\/product_tag?post=36308"}],"curies":[{"name":"wp","href":"https:\/\/api.w.org\/{rel}","templated":true}]}}