{"id":36286,"date":"2021-03-09T21:44:48","date_gmt":"2021-03-09T20:44:48","guid":{"rendered":"https:\/\/lamaktaba.fr\/index.php\/produit\/voici-venu-le-mois-de-ramadan-cheikh-abd-al-razzaq-al-badr\/"},"modified":"2025-04-01T12:44:37","modified_gmt":"2025-04-01T10:44:37","slug":"voici-venu-le-mois-de-ramadan-cheikh-abd-al-razzaq-al-badr","status":"publish","type":"product","link":"https:\/\/lamaktaba.fr\/index.php\/produit\/voici-venu-le-mois-de-ramadan-cheikh-abd-al-razzaq-al-badr","title":{"rendered":"Voici venu le mois de Ramadan &#8211; Cheikh Abd Al-Razzaq Al-Badr"},"content":{"rendered":"<p>Le mois de Ramadan arrive et son arriv\u00e9e a une grande importance pour les Musulmans et il a un grand effet sur leurs \u00e2mes, parce qu\u2019ils anticipent sa venue, d\u00e9sirent son arriv\u00e9e et s\u2019annoncent la bonne nouvelle de son approche. Lors de son arriv\u00e9e, ils se r\u00e9jouissent grandement, du fait du grand bien qu\u2019ils savent y avoir durant cette grande saison b\u00e9nie et les nobles sp\u00e9cificit\u00e9s qui distinguent ce mois d\u2019entre les autres.<br \/>Celui qu\u2019Allah, \u00e9lev\u00e9 soit-Il, a honor\u00e9 et permis de l\u2019atteindre, qu\u2019Il a combl\u00e9 de Ses bienfaits en lui permettant de vivre jusqu\u2019\u00e0 l\u2019arriv\u00e9e de ce noble mois, il s\u2019agira-l\u00e0 d\u2019un \u00e9norme bienfait pour le serviteur que de partager avec les gens de l\u2019Islam le fait de ramasser les fruits de cette grande et b\u00e9nie saison d\u2019ob\u00e9issance et de foi, ainsi que de se rapprocher du Tout Mis\u00e9ricordieux, exalt\u00e9 soit-il.<\/p>\n","protected":false},"excerpt":{"rendered":"<p>Le mois de Ramadan arrive et son arriv\u00e9e a une grande importance pour les Musulmans et il a un grand effet sur leurs \u00e2mes, parce qu\u2019ils anticipent sa venue, d\u00e9sirent son arriv\u00e9e et s\u2019annoncent la bonne nouvelle de son approche. Lors de son arriv\u00e9e, ils se r\u00e9jouissent grandement, du fait du grand bien qu\u2019ils savent y avoir durant cette grande saison b\u00e9nie et les nobles sp\u00e9cificit\u00e9s qui distinguent ce mois d\u2019entre les autres.<br \/>Celui qu\u2019Allah, \u00e9lev\u00e9 soit-Il, a honor\u00e9 et permis de l\u2019atteindre, qu\u2019Il a combl\u00e9 de Ses bienfaits en lui permettant de vivre jusqu\u2019\u00e0 l\u2019arriv\u00e9e de ce noble mois, il s\u2019agira-l\u00e0 d\u2019un \u00e9norme bienfait pour le serviteur que de partager avec les gens de l\u2019Islam le fait de ramasser les fruits de cette grande et b\u00e9nie saison d\u2019ob\u00e9issance et de foi, ainsi que de se rapprocher du Tout Mis\u00e9ricordieux, exalt\u00e9 soit-il.<\/p>\n","protected":false},"featured_media":36287,"comment_status":"open","ping_status":"closed","template":"","meta":[],"product_brand":[],"product_cat":[1910,1909],"product_tag":[],"class_list":{"0":"post-36286","1":"product","2":"type-product","3":"status-publish","4":"has-post-thumbnail","6":"product_cat-education","7":"product_cat-enfants","9":"first","10":"outofstock","11":"shipping-taxable","12":"purchasable","13":"product-type-simple"},"_links":{"self":[{"href":"https:\/\/lamaktaba.fr\/index.php\/wp-json\/wp\/v2\/product\/36286","targetHints":{"allow":["GET"]}}],"collection":[{"href":"https:\/\/lamaktaba.fr\/index.php\/wp-json\/wp\/v2\/product"}],"about":[{"href":"https:\/\/lamaktaba.fr\/index.php\/wp-json\/wp\/v2\/types\/product"}],"replies":[{"embeddable":true,"href":"https:\/\/lamaktaba.fr\/index.php\/wp-json\/wp\/v2\/comments?post=36286"}],"wp:featuredmedia":[{"embeddable":true,"href":"https:\/\/lamaktaba.fr\/index.php\/wp-json\/wp\/v2\/media\/36287"}],"wp:attachment":[{"href":"https:\/\/lamaktaba.fr\/index.php\/wp-json\/wp\/v2\/media?parent=36286"}],"wp:term":[{"taxonomy":"product_brand","embeddable":true,"href":"https:\/\/lamaktaba.fr\/index.php\/wp-json\/wp\/v2\/product_brand?post=36286"},{"taxonomy":"product_cat","embeddable":true,"href":"https:\/\/lamaktaba.fr\/index.php\/wp-json\/wp\/v2\/product_cat?post=36286"},{"taxonomy":"product_tag","embeddable":true,"href":"https:\/\/lamaktaba.fr\/index.php\/wp-json\/wp\/v2\/product_tag?post=36286"}],"curies":[{"name":"wp","href":"https:\/\/api.w.org\/{rel}","templated":true}]}}