{"id":36271,"date":"2021-03-09T21:44:47","date_gmt":"2021-03-09T20:44:47","guid":{"rendered":"https:\/\/lamaktaba.fr\/index.php\/produit\/larabe-entre-tes-mains-pour-eleve-etudiant-nouvelle-edition-niveau-1-partie-2-unite-de-9-a-16-%d8%a7%d9%84%d8%b9%d8%b1%d8%a8%d9%8a%d8%a9-%d8%a8%d9%8a%d9%86-%d9%8a%d8%af%d9%8a%d9%83-%d9%83\/"},"modified":"2025-04-01T12:44:00","modified_gmt":"2025-04-01T10:44:00","slug":"larabe-entre-tes-mains-pour-eleve-etudiant-nouvelle-edition-niveau-1-partie-2-unite-de-9-a-16-d8a7d984d8b9d8b1d8a8d98ad8a9-d8a8d98ad986-d98ad8afd98ad983-d983","status":"publish","type":"product","link":"https:\/\/lamaktaba.fr\/index.php\/produit\/larabe-entre-tes-mains-pour-eleve-etudiant-nouvelle-edition-niveau-1-partie-2-unite-de-9-a-16-d8a7d984d8b9d8b1d8a8d98ad8a9-d8a8d98ad986-d98ad8afd98ad983-d983","title":{"rendered":"Arabic for all (Niveau-1\/Partie -2) arabe +QRCode -(\u0627\u0644\u0639\u0631\u0628\u064a\u0629 \u0628\u064a\u0646 \u064a\u062f\u064a\u0643 (\u0627\u0644\u0645\u0633\u062a\u0648\u06491\/\u0627\u0644\u062c\u0632\u06212"},"content":{"rendered":"<p>Pr\u00e9sentation du livre et de ses le\u00e7ons;Le premier livre de l&rsquo;\u00e9tudiant comporte 16 unit\u00e9s, chaque unit\u00e9 se compose de 6 le\u00e7ons, soit 96 cours pour l&rsquo;ensemble du livre. Chaque unit\u00e9 est con\u00e7ue comme suit;Premi\u00e8re le\u00e7on: la pr\u00e9sentation, longue de 3 pages, elle comporte 3 dialogues, sauf la premi\u00e8re unit\u00e9 qui comporte 6 dialogues.;Deuxi\u00e8me le\u00e7on: le vocabulaire, sur 3 pages, elle comporte un vocabulaire essentiel et un vocabulaire compl\u00e9mentaire.;Troisi\u00e8me le\u00e7on: les structures syntaxiques sur 4 pages. Elle comporte: des tests et un r\u00e9sum\u00e9 des structures.;Quatri\u00e8me le\u00e7on: les phon\u00e8mes et la compr\u00e9hension orale sur 3 pages. Au sein des phon\u00e8mes: des mots, de expressions simples et des versets coraniques. Quant \u00e0 la compr\u00e9hension orale: le niveau du mot, la phrase et l&rsquo;expression, le dialogue, puis le paragraphe.;Cinqui\u00e8me le\u00e7on: le langage sur 3 pages, elle comporte: des tests sous forme de questions-r\u00e9ponses, des sc\u00e8nes de dialogue, de exercices en pointill\u00e9s \u00e0 compl\u00e9ter, la description des iconographies, et des tests de communication.;Sixi\u00e8me le\u00e7on: la lecture et l&rsquo;\u00e9criture sur 4 pages. La lecture: le niveau du mot, de la phrase et de la l&rsquo;expression, puis du paragraphe. Divers tests y ont \u00e9t\u00e9 utilis\u00e9s. L&rsquo;\u00e9criture: graphie des lettres isol\u00e9es, leur transcription dans des mots, leur mise en relation avec leurs diff\u00e9rentes formes et positions (\u00e9criture automatique).;Le livre de l&rsquo;\u00e9tudiant comporte deux types d&rsquo;\u00e9valuations;\u00a7 Une auto-\u00e9valuation en deux pages qu&rsquo;on retrouve apr\u00e8s chaque deux unit\u00e9s, l&rsquo;ensemble comptant 8 examens.;\u00a7 Deux examens approfondis;o Un examen partiel sur 4 pages, au milieu du livre apr\u00e8s la huiti\u00e8me unit\u00e9.;o Un examen final sur 6 pages, apr\u00e8s la seizi\u00e8me unit\u00e9.;Le livre de l&rsquo;\u00e9tudiant comporte aussi, \u00e0 la fin, un vocabulaire d&rsquo;appui avec des illustrations iconographiques, de m\u00eame qu&rsquo;un lexique de chaque unit\u00e9, et un autre de l&rsquo;ensemble du livre organis\u00e9 alphab\u00e9tiquement;&#8212;&#8212;&#8212;&#8212;&#8212;&#8212;&#8212;&#8212;&#8212;&#8212;&#8212;&#8212;&#8212;&#8212;&#8212;&#8212;&#8212;&#8212;&#8212;&#8212;&#8212;&#8212;&#8212;&#8212;&#8212;&#8212;&#8212;&#8212;&#8212;&#8211;;\u0645\u0633\u062a\u0648\u0649 \u0627\u0644\u0637\u0627\u0644\u0628\u0650 \u0627\u0644\u0623\u0648\u0644;\u0648\u064e\u062d\u064e\u062f\u0627\u062a\u064f \u0627\u0644\u0645\u0633\u062a\u0648\u0649 \u0648\u0643\u062a\u0628\u0647 \u0648\u062f\u064f\u0631\u0648\u0633\u064f\u0647\u064f;\u064a\u062a\u0643\u0648\u0646 \u0645\u0633\u062a\u0648\u0649 \u0627\u0644\u0637\u0627\u0644\u0628 \u0627\u0644\u0623\u0648\u0644 \u0645\u0646 \u062c\u0632\u0623\u064a\u0646 (\u0643\u062a\u0627\u0628\u064a\u0646) \u064a\u064e\u0636\u064f\u0645\u0651\u0627\u0646 (16) \u0648\u064e\u062d\u0652\u062f\u064e\u0629\u064b (8 \u0648\u062d\u062f\u0627\u062a \u0644\u0643\u0644 \u062c\u0632\u0621), \u062a\u062a\u0623\u0644\u0651\u0641\u064f \u0643\u064f\u0644\u0651\u064f \u0648\u064e\u062d\u062f\u0629\u064d \u0645\u0646 (9) \u062f\u064f\u0631\u0648\u0633\u064d, \u0648\u0628\u0650\u0647\u0630\u0627 \u064a\u062d\u062a\u0648\u064a \u0647\u0630\u0627 \u0627\u0644\u0645\u0633\u062a\u0648\u0649 \u0639\u0644\u0649 (144) \u062f\u0631\u0633\u0627\u064b \u0623\u0633\u0627\u0633\u0650\u064a\u0651\u0627. \u0648\u0642\u062f \u062c\u0627\u0621 \u062a\u0648\u0632\u064a\u0639 \u062f\u0631\u0648\u0633 \u0643\u064f\u0644\u0651\u0650 \u0648\u064e\u062d\u0652\u062f\u064e\u0629\u064d \u0643\u0645\u0627 \u064a\u0644\u064a;\u0627\u0644\u062f\u0651\u064e\u0631\u0652\u0633\u064f \u0627\u0644\u0623\u0648\u0651\u064e\u0644\u064f: \u0627\u0644\u062d\u0648\u0627\u0631 \u0627\u0644\u0623\u0648\u0644, \u0648\u0645\u0641\u0631\u062f\u0627\u062a\u0647 \u0648\u062a\u062f\u0631\u064a\u0628\u0627\u062a\u0640\u0647\u0627. (2 \u0635\u0641\u062d\u062a\u0627\u0646);\u0627\u0644\u062f\u0651\u064e\u0631\u0652\u0633\u064f \u0627\u0644\u062b\u0651\u0627\u0646\u0650\u064a: \u0627\u0644\u062d\u0648\u0627\u0631 \u0627\u0644\u062b\u0627\u0646\u064a, \u0648\u0645\u0641\u0631\u062f\u0627\u062a\u0647 \u0648\u062a\u062f\u0631\u064a\u0628\u0627\u062a\u0640\u0647\u0627. (2 \u0635\u0641\u062d\u062a\u0627\u0646);\u0627\u0644\u062f\u0651\u064e\u0631\u0652\u0633\u064f \u0627\u0644\u062b\u0651\u0627\u0644\u062b: \u0627\u0644\u062d\u0648\u0627\u0631 \u0627\u0644\u062b\u0627\u0644\u062b, \u0648\u0645\u0641\u0631\u062f\u0627\u062a\u0647 \u0648\u062a\u062f\u0631\u064a\u0628\u0627\u062a\u0640\u0647\u0627. (2 \u0635\u0641\u062d\u062a\u0627\u0646);\u0627\u0644\u062f\u0651\u064e\u0631\u0652\u0633\u064f \u0627\u0644\u0631\u0651\u0627\u0628\u0639: \u062a\u062f\u0631\u064a\u0628\u0627\u062a \u0627\u0644\u0645\u0641\u0631\u062f\u0627\u062a \u0645\u062c\u062a\u0645\u0639\u0629, \u0648\u0627\u0644\u0645\u0641\u0631\u062f\u0627\u062a \u0627\u0644\u0625\u0636\u0627\u0641\u064a\u0629. (2 \u0635\u0641\u062d\u062a\u0627\u0646);\u0627\u0644\u062f\u0651\u064e\u0631\u0652\u0633\u064f \u0627\u0644\u062e\u0627\u0645\u0633: \u0627\u0644\u062a\u0631\u0627\u0643\u064a\u0628 \u0627\u0644\u0646\u062d\u0648\u064a\u0629 \u0648\u062a\u062f\u0631\u064a\u0628\u0627\u062a\u0640\u0647\u0627. (4 \u0635\u064e\u0641\u064e\u062d\u0627\u062a\u064d);\u0627\u0644\u062f\u0651\u064e\u0631\u0652\u0633\u064f \u0627\u0644\u0633\u0651\u0627\u062f\u0633: \u0627\u0644\u0623\u0635\u0648\u0627\u062a \u0648\u0641\u0647\u0645 \u0627\u0644\u0645\u0633\u0645\u0648\u0639. (3 \u0635\u064e\u0641\u064e\u062d\u0627\u062a\u064d);\u0627\u0644\u062f\u0651\u064e\u0631\u0652\u0633\u064f \u0627\u0644\u0633\u0651\u0627\u0628\u0639: \u0627\u0644\u0643\u0644\u0627\u0645 \u0648\u062a\u062f\u0631\u064a\u0628\u0627\u062a\u0647. (3 \u0635\u064e\u0641\u064e\u062d\u0627\u062a\u064d);\u0627\u0644\u062f\u0651\u064e\u0631\u0652\u0633\u064f \u0627\u0644\u062b\u0651\u0627\u0645\u0646: \u0627\u0644\u0642\u0631\u0627\u0621\u0629 \u0648\u062a\u062f\u0631\u064a\u0628\u0627\u062a\u0640\u0647\u0627. (3 \u0635\u064e\u0641\u064e\u062d\u0627\u062a\u064d);\u0627\u0644\u062f\u0651\u064e\u0631\u0652\u0633\u064f \u0627\u0644\u062a\u0651\u0627\u0633\u0639: \u0627\u0644\u0643\u062a\u0627\u0628\u0629 \u0648\u062a\u062f\u0631\u064a\u0628\u0627\u062a\u0640\u0647\u0627. (4 \u0635\u064e\u0641\u064e\u062d\u0627\u062a\u064d);\u0628\u0645\u062c\u0645\u0648\u0639 25 \u0635\u0641\u062d\u0629 \u0644\u0643\u0644 \u0648\u062d\u062f\u0629;\u0627\u0644\u0627\u062e\u062a\u0650\u0628\u0627\u0631\u0627\u062a\u064f \u0648\u0627\u0644\u062a\u0642\u0648\u064a\u0645\u064f;\u064a\u062a\u0636\u064e\u0645\u0651\u0646\u064f \u0645\u0633\u062a\u0648\u0649 \u0627\u0644\u0637\u0627\u0644\u0628\u0650 \u0627\u0644\u0623\u0648\u0644 \u0628\u062c\u0632\u0623\u064a\u0647 \u0646\u0648\u0639\u064a\u0646 \u0645\u0646 \u0627\u0644\u0627\u062e\u062a\u0628\u0627\u0631\u0627\u062a;1. \u0627\u062e\u062a\u0628\u0627\u0631\u0627\u062a \u0642\u0635\u064a\u0631\u0629: \u0648\u0639\u062f\u062f\u0647\u0627 (8) \u0627\u062e\u062a\u0628\u0627\u0631\u0627\u062a\u064d \u0642\u0635\u064a\u0631\u0629\u064d (\u0628\u0639\u062f \u0643\u0644 \u0648\u062d\u062f\u062a\u064a\u0646).;2. \u0627\u062e\u062a\u0628\u0627\u0631\u0627\u0646 \u0645\u0648\u0633\u0639\u0627\u0646 \u061b \u0644\u062a\u0642\u064a\u064a\u0645 \u0627\u0644\u0645\u0633\u062a\u0648\u0649;1) \u0627\u062e\u062a\u0628\u0627\u0631 \u0646\u0650\u0635\u0652\u0641\u064a\u0651 \u0645\u0648\u0633\u0639 \u0639\u0646\u062f\u064e \u0645\u064f\u0646\u062a\u0635\u064e\u0641\u0650 \u0627\u0644\u0645\u0633\u062a\u0648\u0649 (\u0628\u0646\u0647\u0627\u064a\u0629 \u0627\u0644\u0643\u062a\u0627\u0628 \u0627\u0644\u0623\u0648\u0644 \u0645\u0646 \u0627\u0644\u0645\u0633\u062a\u0648\u0649).;2) \u0648\u0627\u062e\u062a\u0628\u0627\u0631 \u0646\u0650\u0647\u0627\u0626\u064a \u0634\u0627\u0645\u0650\u0644 \u0641\u064a \u0622\u062e\u0631\u0650 \u0627\u0644\u0645\u0633\u062a\u0648\u0649 (\u0628\u0646\u0647\u0627\u064a\u0629 \u0627\u0644\u0643\u062a\u0627\u0628 \u0627\u0644\u062b\u0627\u0646\u064a \u0645\u0646 \u0627\u0644\u0645\u0633\u062a\u0648\u0649).;\u0648\u064a\u0636\u0645 \u0645\u0633\u062a\u0648\u0649 \u0627\u0644\u0637\u0627\u0644\u0628 \u0627\u0644\u0623\u0648\u0644 \u0641\u064a \u0622\u062e\u0631\u0647 \u0645\u062c\u0645\u0648\u0639\u0629 \u0645\u0646 \u0627\u0644\u0645\u0641\u0631\u062f\u0627\u062a \u0627\u0644\u0645\u0633\u0627\u0646\u062f\u0629 \u0627\u0644\u0645\u0635\u0648\u0651\u0631\u0629\u060c \u0648\u0642\u0627\u0626\u0645\u0629 \u0628\u0645\u0641\u0631\u062f\u0627\u062a \u0643\u0644\u0651 \u0648\u062d\u062f\u0629\u060c \u0648\u0623\u062e\u0631\u0649 \u0628\u0645\u0641\u0631\u062f\u0627\u062a \u0647\u0630\u0627 \u0627\u0644\u0645\u0633\u062a\u0648\u0649 \u0645\u0631\u062a\u0651\u0628\u0629 \u0647\u062c\u0627\u0626\u064a\u0627\u060c \u0648\u064a\u0636\u0645 \u0646\u0635\u0648\u0635 \u0641\u0647\u0645 \u0627\u0644\u0645\u0633\u0645\u0648\u0639, \u0643\u0645\u0627 \u064a\u062a\u0628\u0639\u0647 \u0645\u0644\u062d\u0642 \u0635\u0648\u062a\u064a \u0639\u0644\u0649 \u0642\u0631\u0635 \u0645\u062f\u0645\u062c \u064a\u0642\u0627\u0631\u0628 \u062b\u0645\u0627\u0646 \u0633\u0627\u0639\u0627\u062a \u0644\u062c\u0645\u064a\u0639 \u0646\u0635\u0648\u0635 \u0647\u0630\u0627 \u0627\u0644\u0645\u0633\u062a\u0648\u0649 \u0648\u0628\u0639\u0636 \u062a\u062f\u0631\u064a\u0628\u0627\u062a\u0647. \u0648\u0642\u062f \u0633\u0628\u0642 \u0628\u0643\u062a\u064a\u0628 \u062a\u0645\u0647\u064a\u062f\u064a \u0645\u0646\u0641\u0635\u0644 \u064a\u0639\u062f \u0645\u062f\u062e\u0644\u0627 \u0644\u0644\u062a\u0639\u0644\u064a\u0645 \u0627\u0644\u062d\u0631\u0648\u0641 \u0627\u0644\u0639\u0631\u0628\u064a\u0629.;\u0631\u0627\u0628\u0637 \u0627\u0644\u0645\u0648\u0636\u0648\u0639: http:\/\/www.arabicforall.net\/ar\/products\/\u0633\u0644\u0633\u0644\u0629-\u0627\u0644\u0639\u0631\u0628\u064a\u0629-\u0628\u064a\u0646-\u064a\u062f\u064a\u0643-\u0643\u062a\u0627\u0628-\u0627\u0644\u0637\u0627\u0644\u0628-\u0627\u0644\u0623\u0648\u0644.html;&#8212;&#8212;&#8212;&#8212;&#8212;&#8212;&#8212;&#8212;&#8212;;\u0631\u0627\u0628\u0637 \u0627\u0644\u0645\u0648\u0636\u0648\u0639: http:\/\/www.arabicforall.net\/fr\/products\/first-book.html;Marque ARABICFORALL.NET Editions R\u00e9f\u00e9rence 9786030140817;Fiche technique AUTEUR: &#8211; Abdel Rahmane Ibn Ibrahim FawzaneMoukhtar Al Tahir HusseineMuhammad Abdel Khalek Muhammad Fadl LANGUE: &#8211; Arabe &#8211; \u0627\u0644\u0639\u0631\u0628\u0640\u0640\u0640\u0640\u0640\u0640\u0640\u0640\u064a\u0629 SUPPORT: &#8211; Livre THEME: &#8211; La Langue Arabe \u00c9DITIONS: &#8211; L&rsquo;ARABE POUR TOUS FABRICATION: &#8211; L&rsquo;ARABE POUR TOUS Condition: &#8211; Neuf EAN13: &#8211; 9786030140817 RELIURE: &#8211; Souple Dur\u00e9e (mn): &#8211; 756 Gr;R\u00e9f\u00e9rences sp\u00e9cifiques;Donnez votre avis;Aucun commentaire pour le moment<\/p>\n","protected":false},"excerpt":{"rendered":"<p>Pr\u00e9sentation du livre et de ses le\u00e7ons;Le premier livre de l&rsquo;\u00e9tudiant comporte 16 unit\u00e9s, chaque unit\u00e9 se compose de 6 le\u00e7ons, soit 96 cours pour l&rsquo;ensemble du livre. Chaque unit\u00e9 est con\u00e7ue comme suit;Premi\u00e8re le\u00e7on: la pr\u00e9sentation, longue de 3 pages, elle comporte 3 dialogues, sauf la premi\u00e8re unit\u00e9 qui comporte 6 dialogues.;Deuxi\u00e8me le\u00e7on: le vocabulaire, sur 3 pages, elle comporte un vocabulaire essentiel et un vocabulaire compl\u00e9mentaire.;Troisi\u00e8me le\u00e7on: les structures syntaxiques sur 4 pages. Elle comporte: des tests et un r\u00e9sum\u00e9 des structures.;Quatri\u00e8me le\u00e7on: les phon\u00e8mes et la compr\u00e9hension orale sur 3 pages. Au sein des phon\u00e8mes: des mots, de expressions simples et des versets coraniques. Quant \u00e0 la compr\u00e9hension orale: le niveau du mot, la phrase et l&rsquo;expression, le dialogue, puis le paragraphe.;Cinqui\u00e8me le\u00e7on: le langage sur 3 pages, elle comporte: des tests sous forme de questions-r\u00e9ponses, des sc\u00e8nes de dialogue, de exercices en pointill\u00e9s \u00e0 compl\u00e9ter, la description des iconographies, et des tests de communication.;Sixi\u00e8me le\u00e7on: la lecture et l&rsquo;\u00e9criture sur 4 pages. La lecture: le niveau du mot, de la phrase et de la l&rsquo;expression, puis du paragraphe. Divers tests y ont \u00e9t\u00e9 utilis\u00e9s. L&rsquo;\u00e9criture: graphie des lettres isol\u00e9es, leur transcription dans des mots, leur mise en relation avec leurs diff\u00e9rentes formes et positions (\u00e9criture automatique).;Le livre de l&rsquo;\u00e9tudiant comporte deux types d&rsquo;\u00e9valuations;\u00a7 Une auto-\u00e9valuation en deux pages qu&rsquo;on retrouve apr\u00e8s chaque deux unit\u00e9s, l&rsquo;ensemble comptant 8 examens.;\u00a7 Deux examens approfondis;o Un examen partiel sur 4 pages, au milieu du livre apr\u00e8s la huiti\u00e8me unit\u00e9.;o Un examen final sur 6 pages, apr\u00e8s la seizi\u00e8me unit\u00e9.;Le livre de l&rsquo;\u00e9tudiant comporte aussi, \u00e0 la fin, un vocabulaire d&rsquo;appui avec des illustrations iconographiques, de m\u00eame qu&rsquo;un lexique de chaque unit\u00e9, et un autre de l&rsquo;ensemble du livre organis\u00e9 alphab\u00e9tiquement;&#8212;&#8212;&#8212;&#8212;&#8212;&#8212;&#8212;&#8212;&#8212;&#8212;&#8212;&#8212;&#8212;&#8212;&#8212;&#8212;&#8212;&#8212;&#8212;&#8212;&#8212;&#8212;&#8212;&#8212;&#8212;&#8212;&#8212;&#8212;&#8212;&#8211;;\u0645\u0633\u062a\u0648\u0649 \u0627\u0644\u0637\u0627\u0644\u0628\u0650 \u0627\u0644\u0623\u0648\u0644;\u0648\u064e\u062d\u064e\u062f\u0627\u062a\u064f \u0627\u0644\u0645\u0633\u062a\u0648\u0649 \u0648\u0643\u062a\u0628\u0647 \u0648\u062f\u064f\u0631\u0648\u0633\u064f\u0647\u064f;\u064a\u062a\u0643\u0648\u0646 \u0645\u0633\u062a\u0648\u0649 \u0627\u0644\u0637\u0627\u0644\u0628 \u0627\u0644\u0623\u0648\u0644 \u0645\u0646 \u062c\u0632\u0623\u064a\u0646 (\u0643\u062a\u0627\u0628\u064a\u0646) \u064a\u064e\u0636\u064f\u0645\u0651\u0627\u0646 (16) \u0648\u064e\u062d\u0652\u062f\u064e\u0629\u064b (8 \u0648\u062d\u062f\u0627\u062a \u0644\u0643\u0644 \u062c\u0632\u0621), \u062a\u062a\u0623\u0644\u0651\u0641\u064f \u0643\u064f\u0644\u0651\u064f \u0648\u064e\u062d\u062f\u0629\u064d \u0645\u0646 (9) \u062f\u064f\u0631\u0648\u0633\u064d, \u0648\u0628\u0650\u0647\u0630\u0627 \u064a\u062d\u062a\u0648\u064a \u0647\u0630\u0627 \u0627\u0644\u0645\u0633\u062a\u0648\u0649 \u0639\u0644\u0649 (144) \u062f\u0631\u0633\u0627\u064b \u0623\u0633\u0627\u0633\u0650\u064a\u0651\u0627. \u0648\u0642\u062f \u062c\u0627\u0621 \u062a\u0648\u0632\u064a\u0639 \u062f\u0631\u0648\u0633 \u0643\u064f\u0644\u0651\u0650 \u0648\u064e\u062d\u0652\u062f\u064e\u0629\u064d \u0643\u0645\u0627 \u064a\u0644\u064a;\u0627\u0644\u062f\u0651\u064e\u0631\u0652\u0633\u064f \u0627\u0644\u0623\u0648\u0651\u064e\u0644\u064f: \u0627\u0644\u062d\u0648\u0627\u0631 \u0627\u0644\u0623\u0648\u0644, \u0648\u0645\u0641\u0631\u062f\u0627\u062a\u0647 \u0648\u062a\u062f\u0631\u064a\u0628\u0627\u062a\u0640\u0647\u0627. (2 \u0635\u0641\u062d\u062a\u0627\u0646);\u0627\u0644\u062f\u0651\u064e\u0631\u0652\u0633\u064f \u0627\u0644\u062b\u0651\u0627\u0646\u0650\u064a: \u0627\u0644\u062d\u0648\u0627\u0631 \u0627\u0644\u062b\u0627\u0646\u064a, \u0648\u0645\u0641\u0631\u062f\u0627\u062a\u0647 \u0648\u062a\u062f\u0631\u064a\u0628\u0627\u062a\u0640\u0647\u0627. (2 \u0635\u0641\u062d\u062a\u0627\u0646);\u0627\u0644\u062f\u0651\u064e\u0631\u0652\u0633\u064f \u0627\u0644\u062b\u0651\u0627\u0644\u062b: \u0627\u0644\u062d\u0648\u0627\u0631 \u0627\u0644\u062b\u0627\u0644\u062b, \u0648\u0645\u0641\u0631\u062f\u0627\u062a\u0647 \u0648\u062a\u062f\u0631\u064a\u0628\u0627\u062a\u0640\u0647\u0627. (2 \u0635\u0641\u062d\u062a\u0627\u0646);\u0627\u0644\u062f\u0651\u064e\u0631\u0652\u0633\u064f \u0627\u0644\u0631\u0651\u0627\u0628\u0639: \u062a\u062f\u0631\u064a\u0628\u0627\u062a \u0627\u0644\u0645\u0641\u0631\u062f\u0627\u062a \u0645\u062c\u062a\u0645\u0639\u0629, \u0648\u0627\u0644\u0645\u0641\u0631\u062f\u0627\u062a \u0627\u0644\u0625\u0636\u0627\u0641\u064a\u0629. (2 \u0635\u0641\u062d\u062a\u0627\u0646);\u0627\u0644\u062f\u0651\u064e\u0631\u0652\u0633\u064f \u0627\u0644\u062e\u0627\u0645\u0633: \u0627\u0644\u062a\u0631\u0627\u0643\u064a\u0628 \u0627\u0644\u0646\u062d\u0648\u064a\u0629 \u0648\u062a\u062f\u0631\u064a\u0628\u0627\u062a\u0640\u0647\u0627. (4 \u0635\u064e\u0641\u064e\u062d\u0627\u062a\u064d);\u0627\u0644\u062f\u0651\u064e\u0631\u0652\u0633\u064f \u0627\u0644\u0633\u0651\u0627\u062f\u0633: \u0627\u0644\u0623\u0635\u0648\u0627\u062a \u0648\u0641\u0647\u0645 \u0627\u0644\u0645\u0633\u0645\u0648\u0639. (3 \u0635\u064e\u0641\u064e\u062d\u0627\u062a\u064d);\u0627\u0644\u062f\u0651\u064e\u0631\u0652\u0633\u064f \u0627\u0644\u0633\u0651\u0627\u0628\u0639: \u0627\u0644\u0643\u0644\u0627\u0645 \u0648\u062a\u062f\u0631\u064a\u0628\u0627\u062a\u0647. (3 \u0635\u064e\u0641\u064e\u062d\u0627\u062a\u064d);\u0627\u0644\u062f\u0651\u064e\u0631\u0652\u0633\u064f \u0627\u0644\u062b\u0651\u0627\u0645\u0646: \u0627\u0644\u0642\u0631\u0627\u0621\u0629 \u0648\u062a\u062f\u0631\u064a\u0628\u0627\u062a\u0640\u0647\u0627. (3 \u0635\u064e\u0641\u064e\u062d\u0627\u062a\u064d);\u0627\u0644\u062f\u0651\u064e\u0631\u0652\u0633\u064f \u0627\u0644\u062a\u0651\u0627\u0633\u0639: \u0627\u0644\u0643\u062a\u0627\u0628\u0629 \u0648\u062a\u062f\u0631\u064a\u0628\u0627\u062a\u0640\u0647\u0627. (4 \u0635\u064e\u0641\u064e\u062d\u0627\u062a\u064d);\u0628\u0645\u062c\u0645\u0648\u0639 25 \u0635\u0641\u062d\u0629 \u0644\u0643\u0644 \u0648\u062d\u062f\u0629;\u0627\u0644\u0627\u062e\u062a\u0650\u0628\u0627\u0631\u0627\u062a\u064f \u0648\u0627\u0644\u062a\u0642\u0648\u064a\u0645\u064f;\u064a\u062a\u0636\u064e\u0645\u0651\u0646\u064f \u0645\u0633\u062a\u0648\u0649 \u0627\u0644\u0637\u0627\u0644\u0628\u0650 \u0627\u0644\u0623\u0648\u0644 \u0628\u062c\u0632\u0623\u064a\u0647 \u0646\u0648\u0639\u064a\u0646 \u0645\u0646 \u0627\u0644\u0627\u062e\u062a\u0628\u0627\u0631\u0627\u062a;1. \u0627\u062e\u062a\u0628\u0627\u0631\u0627\u062a \u0642\u0635\u064a\u0631\u0629: \u0648\u0639\u062f\u062f\u0647\u0627 (8) \u0627\u062e\u062a\u0628\u0627\u0631\u0627\u062a\u064d \u0642\u0635\u064a\u0631\u0629\u064d (\u0628\u0639\u062f \u0643\u0644 \u0648\u062d\u062f\u062a\u064a\u0646).;2. \u0627\u062e\u062a\u0628\u0627\u0631\u0627\u0646 \u0645\u0648\u0633\u0639\u0627\u0646 \u061b \u0644\u062a\u0642\u064a\u064a\u0645 \u0627\u0644\u0645\u0633\u062a\u0648\u0649;1) \u0627\u062e\u062a\u0628\u0627\u0631 \u0646\u0650\u0635\u0652\u0641\u064a\u0651 \u0645\u0648\u0633\u0639 \u0639\u0646\u062f\u064e \u0645\u064f\u0646\u062a\u0635\u064e\u0641\u0650 \u0627\u0644\u0645\u0633\u062a\u0648\u0649 (\u0628\u0646\u0647\u0627\u064a\u0629 \u0627\u0644\u0643\u062a\u0627\u0628 \u0627\u0644\u0623\u0648\u0644 \u0645\u0646 \u0627\u0644\u0645\u0633\u062a\u0648\u0649).;2) \u0648\u0627\u062e\u062a\u0628\u0627\u0631 \u0646\u0650\u0647\u0627\u0626\u064a \u0634\u0627\u0645\u0650\u0644 \u0641\u064a \u0622\u062e\u0631\u0650 \u0627\u0644\u0645\u0633\u062a\u0648\u0649 (\u0628\u0646\u0647\u0627\u064a\u0629 \u0627\u0644\u0643\u062a\u0627\u0628 \u0627\u0644\u062b\u0627\u0646\u064a \u0645\u0646 \u0627\u0644\u0645\u0633\u062a\u0648\u0649).;\u0648\u064a\u0636\u0645 \u0645\u0633\u062a\u0648\u0649 \u0627\u0644\u0637\u0627\u0644\u0628 \u0627\u0644\u0623\u0648\u0644 \u0641\u064a \u0622\u062e\u0631\u0647 \u0645\u062c\u0645\u0648\u0639\u0629 \u0645\u0646 \u0627\u0644\u0645\u0641\u0631\u062f\u0627\u062a \u0627\u0644\u0645\u0633\u0627\u0646\u062f\u0629 \u0627\u0644\u0645\u0635\u0648\u0651\u0631\u0629\u060c \u0648\u0642\u0627\u0626\u0645\u0629 \u0628\u0645\u0641\u0631\u062f\u0627\u062a \u0643\u0644\u0651 \u0648\u062d\u062f\u0629\u060c \u0648\u0623\u062e\u0631\u0649 \u0628\u0645\u0641\u0631\u062f\u0627\u062a \u0647\u0630\u0627 \u0627\u0644\u0645\u0633\u062a\u0648\u0649 \u0645\u0631\u062a\u0651\u0628\u0629 \u0647\u062c\u0627\u0626\u064a\u0627\u060c \u0648\u064a\u0636\u0645 \u0646\u0635\u0648\u0635 \u0641\u0647\u0645 \u0627\u0644\u0645\u0633\u0645\u0648\u0639, \u0643\u0645\u0627 \u064a\u062a\u0628\u0639\u0647 \u0645\u0644\u062d\u0642 \u0635\u0648\u062a\u064a \u0639\u0644\u0649 \u0642\u0631\u0635 \u0645\u062f\u0645\u062c \u064a\u0642\u0627\u0631\u0628 \u062b\u0645\u0627\u0646 \u0633\u0627\u0639\u0627\u062a \u0644\u062c\u0645\u064a\u0639 \u0646\u0635\u0648\u0635 \u0647\u0630\u0627 \u0627\u0644\u0645\u0633\u062a\u0648\u0649 \u0648\u0628\u0639\u0636 \u062a\u062f\u0631\u064a\u0628\u0627\u062a\u0647. \u0648\u0642\u062f \u0633\u0628\u0642 \u0628\u0643\u062a\u064a\u0628 \u062a\u0645\u0647\u064a\u062f\u064a \u0645\u0646\u0641\u0635\u0644 \u064a\u0639\u062f \u0645\u062f\u062e\u0644\u0627 \u0644\u0644\u062a\u0639\u0644\u064a\u0645 \u0627\u0644\u062d\u0631\u0648\u0641 \u0627\u0644\u0639\u0631\u0628\u064a\u0629.;\u0631\u0627\u0628\u0637 \u0627\u0644\u0645\u0648\u0636\u0648\u0639: http:\/\/www.arabicforall.net\/ar\/products\/\u0633\u0644\u0633\u0644\u0629-\u0627\u0644\u0639\u0631\u0628\u064a\u0629-\u0628\u064a\u0646-\u064a\u062f\u064a\u0643-\u0643\u062a\u0627\u0628-\u0627\u0644\u0637\u0627\u0644\u0628-\u0627\u0644\u0623\u0648\u0644.html;&#8212;&#8212;&#8212;&#8212;&#8212;&#8212;&#8212;&#8212;&#8212;;\u0631\u0627\u0628\u0637 \u0627\u0644\u0645\u0648\u0636\u0648\u0639: http:\/\/www.arabicforall.net\/fr\/products\/first-book.html;Marque ARABICFORALL.NET Editions R\u00e9f\u00e9rence 9786030140817;Fiche technique AUTEUR: &#8211; Abdel Rahmane Ibn Ibrahim FawzaneMoukhtar Al Tahir HusseineMuhammad Abdel Khalek Muhammad Fadl LANGUE: &#8211; Arabe &#8211; \u0627\u0644\u0639\u0631\u0628\u0640\u0640\u0640\u0640\u0640\u0640\u0640\u0640\u064a\u0629 SUPPORT: &#8211; Livre THEME: &#8211; La Langue Arabe \u00c9DITIONS: &#8211; L&rsquo;ARABE POUR TOUS FABRICATION: &#8211; L&rsquo;ARABE POUR TOUS Condition: &#8211; Neuf EAN13: &#8211; 9786030140817 RELIURE: &#8211; Souple Dur\u00e9e (mn): &#8211; 756 Gr;R\u00e9f\u00e9rences sp\u00e9cifiques;Donnez votre avis;Aucun commentaire pour le moment<\/p>\n","protected":false},"featured_media":37921,"comment_status":"open","ping_status":"closed","template":"","meta":[],"product_brand":[],"product_cat":[1914],"product_tag":[],"class_list":{"0":"post-36271","1":"product","2":"type-product","3":"status-publish","4":"has-post-thumbnail","6":"product_cat-apprentissage-arabe","8":"first","9":"outofstock","10":"shipping-taxable","11":"purchasable","12":"product-type-simple"},"_links":{"self":[{"href":"https:\/\/lamaktaba.fr\/index.php\/wp-json\/wp\/v2\/product\/36271","targetHints":{"allow":["GET"]}}],"collection":[{"href":"https:\/\/lamaktaba.fr\/index.php\/wp-json\/wp\/v2\/product"}],"about":[{"href":"https:\/\/lamaktaba.fr\/index.php\/wp-json\/wp\/v2\/types\/product"}],"replies":[{"embeddable":true,"href":"https:\/\/lamaktaba.fr\/index.php\/wp-json\/wp\/v2\/comments?post=36271"}],"wp:featuredmedia":[{"embeddable":true,"href":"https:\/\/lamaktaba.fr\/index.php\/wp-json\/wp\/v2\/media\/37921"}],"wp:attachment":[{"href":"https:\/\/lamaktaba.fr\/index.php\/wp-json\/wp\/v2\/media?parent=36271"}],"wp:term":[{"taxonomy":"product_brand","embeddable":true,"href":"https:\/\/lamaktaba.fr\/index.php\/wp-json\/wp\/v2\/product_brand?post=36271"},{"taxonomy":"product_cat","embeddable":true,"href":"https:\/\/lamaktaba.fr\/index.php\/wp-json\/wp\/v2\/product_cat?post=36271"},{"taxonomy":"product_tag","embeddable":true,"href":"https:\/\/lamaktaba.fr\/index.php\/wp-json\/wp\/v2\/product_tag?post=36271"}],"curies":[{"name":"wp","href":"https:\/\/api.w.org\/{rel}","templated":true}]}}