{"id":36239,"date":"2021-03-09T21:44:44","date_gmt":"2021-03-09T20:44:44","guid":{"rendered":"https:\/\/lamaktaba.fr\/index.php\/produit\/quelques-lecons-de-la-sourate-el-fatiha-%d8%a8%d8%b9%d8%b6-%d9%81%d9%88%d8%a7%d8%a6%d8%af-%d8%b3%d9%88%d8%b1%d8%a9-%d8%a7%d9%84%d9%81%d8%a7%d8%aa%d8%ad%d8%a9-sheikh-muhammad-ibn-abd-el-wahab-avec\/"},"modified":"2025-04-01T12:46:39","modified_gmt":"2025-04-01T10:46:39","slug":"quelques-lecons-de-la-sourate-el-fatiha-d8a8d8b9d8b6-d981d988d8a7d8a6d8af-d8b3d988d8b1d8a9-d8a7d984d981d8a7d8aad8add8a9-sheikh-muhammad-ibn-abd-el-wahab-avec","status":"publish","type":"product","link":"https:\/\/lamaktaba.fr\/index.php\/produit\/quelques-lecons-de-la-sourate-el-fatiha-d8a8d8b9d8b6-d981d988d8a7d8a6d8af-d8b3d988d8b1d8a9-d8a7d984d981d8a7d8aad8add8a9-sheikh-muhammad-ibn-abd-el-wahab-avec","title":{"rendered":"Quelques le\u00e7ons de la sourate El-F\u00e2tiha &#8211; \u0628\u0639\u0636 \u0641\u0648\u0627\u0626\u062f \u0633\u0648\u0631\u0629 \u0627\u0644\u0641\u0627\u062a\u062d\u0629 &#8211; Sheikh Muhammad ibn &lsquo;Abd El Wahab avec les commentaires de Cheikh S\u00e2lih El Fawz\u00e2n &#8211; Livre"},"content":{"rendered":"<p>Cette \u00e9p\u00eetre est consacr\u00e9e \u00e0 quelques le\u00e7ons extraites de la sourate El-F\u00e2tiha. Cette sourate est d&rsquo;une importance majeure. La preuve, c&rsquo;est qu&rsquo;Allah a fait de sa r\u00e9citation, un pilier de la pri\u00e8re qu&rsquo;il incombe de r\u00e9p\u00e9ter \u00e0 chaque rak&rsquo;a.;C&rsquo;est un signe qui r\u00e9v\u00e8le son importance. Celle-ci renferme des enseignements illustres, dont notamment les trois formes d&rsquo;unicit\u00e9 (Tawh\u00eed).<\/p>\n","protected":false},"excerpt":{"rendered":"<p>Cette \u00e9p\u00eetre est consacr\u00e9e \u00e0 quelques le\u00e7ons extraites de la sourate El-F\u00e2tiha. Cette sourate est d&rsquo;une importance majeure. La preuve, c&rsquo;est qu&rsquo;Allah a fait de sa r\u00e9citation, un pilier de la pri\u00e8re qu&rsquo;il incombe de r\u00e9p\u00e9ter \u00e0 chaque rak&rsquo;a.;C&rsquo;est un signe qui r\u00e9v\u00e8le son importance. Celle-ci renferme des enseignements illustres, dont notamment les trois formes d&rsquo;unicit\u00e9 (Tawh\u00eed).<\/p>\n","protected":false},"featured_media":36240,"comment_status":"open","ping_status":"closed","template":"","meta":[],"product_brand":[],"product_cat":[15],"product_tag":[],"class_list":{"0":"post-36239","1":"product","2":"type-product","3":"status-publish","4":"has-post-thumbnail","6":"product_cat-non-classe","8":"first","9":"instock","10":"shipping-taxable","11":"purchasable","12":"product-type-simple"},"_links":{"self":[{"href":"https:\/\/lamaktaba.fr\/index.php\/wp-json\/wp\/v2\/product\/36239","targetHints":{"allow":["GET"]}}],"collection":[{"href":"https:\/\/lamaktaba.fr\/index.php\/wp-json\/wp\/v2\/product"}],"about":[{"href":"https:\/\/lamaktaba.fr\/index.php\/wp-json\/wp\/v2\/types\/product"}],"replies":[{"embeddable":true,"href":"https:\/\/lamaktaba.fr\/index.php\/wp-json\/wp\/v2\/comments?post=36239"}],"wp:featuredmedia":[{"embeddable":true,"href":"https:\/\/lamaktaba.fr\/index.php\/wp-json\/wp\/v2\/media\/36240"}],"wp:attachment":[{"href":"https:\/\/lamaktaba.fr\/index.php\/wp-json\/wp\/v2\/media?parent=36239"}],"wp:term":[{"taxonomy":"product_brand","embeddable":true,"href":"https:\/\/lamaktaba.fr\/index.php\/wp-json\/wp\/v2\/product_brand?post=36239"},{"taxonomy":"product_cat","embeddable":true,"href":"https:\/\/lamaktaba.fr\/index.php\/wp-json\/wp\/v2\/product_cat?post=36239"},{"taxonomy":"product_tag","embeddable":true,"href":"https:\/\/lamaktaba.fr\/index.php\/wp-json\/wp\/v2\/product_tag?post=36239"}],"curies":[{"name":"wp","href":"https:\/\/api.w.org\/{rel}","templated":true}]}}