{"id":36228,"date":"2021-03-09T21:44:43","date_gmt":"2021-03-09T20:44:43","guid":{"rendered":"https:\/\/lamaktaba.fr\/index.php\/produit\/dictionnaire-des-eleves-bilingue-arabe-francais-francais-arabe-%d9%85%d8%b9%d8%ac%d9%85-%d8%a7%d9%84%d8%b7%d9%84%d8%a7%d8%a8-%d8%a7%d9%84%d9%85%d8%b2%d8%af%d9%88%d8%ac-%d9%84%d9%8a%d9%84\/"},"modified":"2025-04-01T12:44:56","modified_gmt":"2025-04-01T10:44:56","slug":"dictionnaire-des-eleves-bilingue-arabe-francais-francais-arabe-d985d8b9d8acd985-d8a7d984d8b7d984d8a7d8a8-d8a7d984d985d8b2d8afd988d8ac-d984d98ad984","status":"publish","type":"product","link":"https:\/\/lamaktaba.fr\/index.php\/produit\/dictionnaire-des-eleves-bilingue-arabe-francais-francais-arabe-d985d8b9d8acd985-d8a7d984d8b7d984d8a7d8a8-d8a7d984d985d8b2d8afd988d8ac-d984d98ad984","title":{"rendered":"Dictionnaire des \u00e9l\u00e8ves bilingue (arabe &#8211; fran\u00e7ais \/ fran\u00e7ais &#8211; arabe) &#8211; \u0645\u0639\u062c\u0645 \u0627\u0644\u0637\u0644\u0627\u0628 \u0627\u0644\u0645\u0632\u062f\u0648\u062c &#8211; \u0644\u064a\u0644\u064a \u0645\u0644\u064a\u062d\u0629 \u0641\u064a\u0627\u0636 &#8211; Livre"},"content":{"rendered":"<p>Version augment\u00e9e et illustr\u00e9e.;\u064a\u062c\u0645\u0639 \u0647\u0630\u0627 \u0627\u0644\u0645\u0639\u062c\u0645 \u0627\u0643\u062b\u0631 \u0645\u0646 15000 \u0645\u062f\u062e\u0644 \u0628\u062d\u0633\u0628 \u0627\u0644\u062d\u0627\u062c\u0629 \u0628\u0637\u0631\u064a\u0642\u0629 \u0627\u0644\u062a\u0628\u0648\u064a\u0628 \u0627\u0644\u0627\u0639\u0628\u0631\u064a\u060c \u0648\u0642\u062f \u0635\u0646\u0641\u062a \u0627\u0644\u0645\u0624\u0644\u0641\u0629 \u0627\u0644\u0643\u0644\u0645\u0627\u062a \u0627\u0644\u0623\u0645 \u0628\u062d\u0633\u0628 \u0646\u0637\u0642\u0647\u0627 \u0648\u062a\u062c\u0646\u0628\u062a \u0627\u0644\u0627\u0644\u0641\u0627\u0638 \u0648\u0627\u0644\u0645\u0639\u0627\u0646\u064a \u0627\u0644\u0646\u0627\u062f\u0631\u0629\u060c \u0648\u0628\u0627\u0644\u0645\u0642\u0627\u0628\u0644 \u062a\u0648\u0633\u0639\u062a \u0641\u064a \u0627\u0644\u0627\u0644\u0641\u0627\u0638 \u0648\u0627\u0644\u0645\u0639\u0627\u0646\u064a \u0627\u0644\u0643\u062b\u064a\u0631\u0629 \u0627\u0644\u0627\u0633\u062a\u0639\u0645\u0627\u0644 \u0648\u062a\u062c\u0646\u0628\u062a \u0646\u062d\u062a \u0627\u0644\u0627\u0644\u0641\u0627\u0638 \u0627\u0644\u062c\u062f\u064a\u062f\u0629. \u0648\u0630\u0643\u0631\u062a \u0627\u0646\u0647\u0627 \u0622\u062b\u0631\u062a \u0627\u0644\u062f\u0642\u0629 \u0648\u0627\u0644\u0637\u0631\u064a\u0642\u0629 \u0627\u0644\u0639\u0645\u0644\u064a\u0629 \u0648\u0627\u0628\u062a\u0639\u062f\u062a \u0639\u0646 \u0627\u0644\u0645\u062a\u0631\u0627\u062f\u0641\u0627\u062a \u0627\u0644\u062a\u0642\u0631\u064a\u0628\u064a\u0629. \u0648\u0627\u0644\u0627\u062e\u062a\u0635\u0627\u0631 \u0648\u0627\u0644\u0627\u064a\u062c\u0627\u0632 \u0638\u0627\u0647\u0631 \u0641\u064a \u0647\u0630\u0627 \u0627\u0644\u0645\u0639\u062c\u0645 \u0641\u0643\u062b\u064a\u0631\u0627 \u0645\u0627 \u062a\u0642\u062a\u0635\u0631 \u0639\u0644\u0649 \u0627\u0644\u0643\u0644\u0645\u0629 \u0648\u0627\u0644\u0643\u0644\u0645\u062a\u064a\u0646. \u0648\u0641\u064a\u0647 \u0645\u062e\u062a\u0635\u0631 \u0641\u064a \u0642\u0648\u0627\u0639\u062f \u0627\u0644\u0641\u0631\u0646\u0633\u064a\u0629<\/p>\n","protected":false},"excerpt":{"rendered":"<p>Version augment\u00e9e et illustr\u00e9e.;\u064a\u062c\u0645\u0639 \u0647\u0630\u0627 \u0627\u0644\u0645\u0639\u062c\u0645 \u0627\u0643\u062b\u0631 \u0645\u0646 15000 \u0645\u062f\u062e\u0644 \u0628\u062d\u0633\u0628 \u0627\u0644\u062d\u0627\u062c\u0629 \u0628\u0637\u0631\u064a\u0642\u0629 \u0627\u0644\u062a\u0628\u0648\u064a\u0628 \u0627\u0644\u0627\u0639\u0628\u0631\u064a\u060c \u0648\u0642\u062f \u0635\u0646\u0641\u062a \u0627\u0644\u0645\u0624\u0644\u0641\u0629 \u0627\u0644\u0643\u0644\u0645\u0627\u062a \u0627\u0644\u0623\u0645 \u0628\u062d\u0633\u0628 \u0646\u0637\u0642\u0647\u0627 \u0648\u062a\u062c\u0646\u0628\u062a \u0627\u0644\u0627\u0644\u0641\u0627\u0638 \u0648\u0627\u0644\u0645\u0639\u0627\u0646\u064a \u0627\u0644\u0646\u0627\u062f\u0631\u0629\u060c \u0648\u0628\u0627\u0644\u0645\u0642\u0627\u0628\u0644 \u062a\u0648\u0633\u0639\u062a \u0641\u064a \u0627\u0644\u0627\u0644\u0641\u0627\u0638 \u0648\u0627\u0644\u0645\u0639\u0627\u0646\u064a \u0627\u0644\u0643\u062b\u064a\u0631\u0629 \u0627\u0644\u0627\u0633\u062a\u0639\u0645\u0627\u0644 \u0648\u062a\u062c\u0646\u0628\u062a \u0646\u062d\u062a \u0627\u0644\u0627\u0644\u0641\u0627\u0638 \u0627\u0644\u062c\u062f\u064a\u062f\u0629. \u0648\u0630\u0643\u0631\u062a \u0627\u0646\u0647\u0627 \u0622\u062b\u0631\u062a \u0627\u0644\u062f\u0642\u0629 \u0648\u0627\u0644\u0637\u0631\u064a\u0642\u0629 \u0627\u0644\u0639\u0645\u0644\u064a\u0629 \u0648\u0627\u0628\u062a\u0639\u062f\u062a \u0639\u0646 \u0627\u0644\u0645\u062a\u0631\u0627\u062f\u0641\u0627\u062a \u0627\u0644\u062a\u0642\u0631\u064a\u0628\u064a\u0629. \u0648\u0627\u0644\u0627\u062e\u062a\u0635\u0627\u0631 \u0648\u0627\u0644\u0627\u064a\u062c\u0627\u0632 \u0638\u0627\u0647\u0631 \u0641\u064a \u0647\u0630\u0627 \u0627\u0644\u0645\u0639\u062c\u0645 \u0641\u0643\u062b\u064a\u0631\u0627 \u0645\u0627 \u062a\u0642\u062a\u0635\u0631 \u0639\u0644\u0649 \u0627\u0644\u0643\u0644\u0645\u0629 \u0648\u0627\u0644\u0643\u0644\u0645\u062a\u064a\u0646. \u0648\u0641\u064a\u0647 \u0645\u062e\u062a\u0635\u0631 \u0641\u064a \u0642\u0648\u0627\u0639\u062f \u0627\u0644\u0641\u0631\u0646\u0633\u064a\u0629<\/p>\n","protected":false},"featured_media":36229,"comment_status":"open","ping_status":"closed","template":"","meta":[],"product_brand":[],"product_cat":[15],"product_tag":[],"class_list":{"0":"post-36228","1":"product","2":"type-product","3":"status-publish","4":"has-post-thumbnail","6":"product_cat-non-classe","8":"first","9":"outofstock","10":"shipping-taxable","11":"purchasable","12":"product-type-simple"},"_links":{"self":[{"href":"https:\/\/lamaktaba.fr\/index.php\/wp-json\/wp\/v2\/product\/36228","targetHints":{"allow":["GET"]}}],"collection":[{"href":"https:\/\/lamaktaba.fr\/index.php\/wp-json\/wp\/v2\/product"}],"about":[{"href":"https:\/\/lamaktaba.fr\/index.php\/wp-json\/wp\/v2\/types\/product"}],"replies":[{"embeddable":true,"href":"https:\/\/lamaktaba.fr\/index.php\/wp-json\/wp\/v2\/comments?post=36228"}],"wp:featuredmedia":[{"embeddable":true,"href":"https:\/\/lamaktaba.fr\/index.php\/wp-json\/wp\/v2\/media\/36229"}],"wp:attachment":[{"href":"https:\/\/lamaktaba.fr\/index.php\/wp-json\/wp\/v2\/media?parent=36228"}],"wp:term":[{"taxonomy":"product_brand","embeddable":true,"href":"https:\/\/lamaktaba.fr\/index.php\/wp-json\/wp\/v2\/product_brand?post=36228"},{"taxonomy":"product_cat","embeddable":true,"href":"https:\/\/lamaktaba.fr\/index.php\/wp-json\/wp\/v2\/product_cat?post=36228"},{"taxonomy":"product_tag","embeddable":true,"href":"https:\/\/lamaktaba.fr\/index.php\/wp-json\/wp\/v2\/product_tag?post=36228"}],"curies":[{"name":"wp","href":"https:\/\/api.w.org\/{rel}","templated":true}]}}