{"id":36222,"date":"2021-03-09T21:44:43","date_gmt":"2021-03-09T20:44:43","guid":{"rendered":"https:\/\/lamaktaba.fr\/index.php\/produit\/lislam-a-lusage-des-enfants-%d8%a7%d9%84%d8%a5%d8%b3%d9%84%d8%a7%d9%85-%d9%85%d9%8a%d8%b3%d8%b1%d8%a7-ali-hasan-ali-abdu-lhamid-traduction-marwan-jardaly\/"},"modified":"2025-04-01T12:45:35","modified_gmt":"2025-04-01T10:45:35","slug":"lislam-a-lusage-des-enfants-d8a7d984d8a5d8b3d984d8a7d985-d985d98ad8b3d8b1d8a7-ali-hasan-ali-abdu-lhamid-traduction-marwan-jardaly","status":"publish","type":"product","link":"https:\/\/lamaktaba.fr\/index.php\/produit\/lislam-a-lusage-des-enfants-d8a7d984d8a5d8b3d984d8a7d985-d985d98ad8b3d8b1d8a7-ali-hasan-ali-abdu-lhamid-traduction-marwan-jardaly","title":{"rendered":"L&rsquo;islam \u00e0 l&rsquo;usage des enfants par &lsquo;Al\u00ee Hasan &lsquo;Al\u00ee Abdu-Lham\u00eed, \u00c9dition Ibn Hazm"},"content":{"rendered":"<p>L&rsquo;islam \u00e0 l&rsquo;usage des enfants de Ali Hasan Ali Abdu-Lhamid (2 volumes en un seul ouvrage), \u00c9dition Ibn Hazm;Cher Musulman, ceci est une s\u00e9rie p\u00e9dagogique et scientifique (de deux volumes) dans laquelle tu apprendras \u00e0 mieux conna\u00eetre la religion dans laquelle tu grandis et les principes dans lesquels tu es \u00e9duqu\u00e9: L&rsquo;islam. La valeur de cette id\u00e9e r\u00e9side dans le fait qu&rsquo;elle allie la qualit\u00e9 du savoir \u00e0 la simplicit\u00e9 du style, ce qui te permettra de comprendre convenablement, sans demander l&rsquo;aide de quiconque;Allah, le messager d&rsquo;Allah, l&rsquo;islam, l&rsquo;adoration, les anges, le saint coran, les messagers et les proph\u00e8tes, le jour dernier, le paradis, l&rsquo;enfer, les ablutions, la pri\u00e8re, le savoir, le je\u00fbne de Ramadan, l\u2019imp\u00f4t l\u00e9gal, le p\u00e8lerinage, la bont\u00e9 filiale, les compagnons, l&rsquo;\u00e9thique, la mosqu\u00e9e, l&rsquo;invocation, l&rsquo;habillement, la mort<\/p>\n","protected":false},"excerpt":{"rendered":"<p>L&rsquo;islam \u00e0 l&rsquo;usage des enfants de Ali Hasan Ali Abdu-Lhamid (2 volumes en un seul ouvrage), \u00c9dition Ibn Hazm;Cher Musulman, ceci est une s\u00e9rie p\u00e9dagogique et scientifique (de deux volumes) dans laquelle tu apprendras \u00e0 mieux conna\u00eetre la religion dans laquelle tu grandis et les principes dans lesquels tu es \u00e9duqu\u00e9: L&rsquo;islam. La valeur de cette id\u00e9e r\u00e9side dans le fait qu&rsquo;elle allie la qualit\u00e9 du savoir \u00e0 la simplicit\u00e9 du style, ce qui te permettra de comprendre convenablement, sans demander l&rsquo;aide de quiconque;Allah, le messager d&rsquo;Allah, l&rsquo;islam, l&rsquo;adoration, les anges, le saint coran, les messagers et les proph\u00e8tes, le jour dernier, le paradis, l&rsquo;enfer, les ablutions, la pri\u00e8re, le savoir, le je\u00fbne de Ramadan, l\u2019imp\u00f4t l\u00e9gal, le p\u00e8lerinage, la bont\u00e9 filiale, les compagnons, l&rsquo;\u00e9thique, la mosqu\u00e9e, l&rsquo;invocation, l&rsquo;habillement, la mort<\/p>\n","protected":false},"featured_media":37932,"comment_status":"open","ping_status":"closed","template":"","meta":[],"product_brand":[],"product_cat":[1516],"product_tag":[],"class_list":{"0":"post-36222","1":"product","2":"type-product","3":"status-publish","4":"has-post-thumbnail","6":"product_cat-special-ramadan","8":"first","9":"outofstock","10":"shipping-taxable","11":"purchasable","12":"product-type-simple"},"_links":{"self":[{"href":"https:\/\/lamaktaba.fr\/index.php\/wp-json\/wp\/v2\/product\/36222","targetHints":{"allow":["GET"]}}],"collection":[{"href":"https:\/\/lamaktaba.fr\/index.php\/wp-json\/wp\/v2\/product"}],"about":[{"href":"https:\/\/lamaktaba.fr\/index.php\/wp-json\/wp\/v2\/types\/product"}],"replies":[{"embeddable":true,"href":"https:\/\/lamaktaba.fr\/index.php\/wp-json\/wp\/v2\/comments?post=36222"}],"wp:featuredmedia":[{"embeddable":true,"href":"https:\/\/lamaktaba.fr\/index.php\/wp-json\/wp\/v2\/media\/37932"}],"wp:attachment":[{"href":"https:\/\/lamaktaba.fr\/index.php\/wp-json\/wp\/v2\/media?parent=36222"}],"wp:term":[{"taxonomy":"product_brand","embeddable":true,"href":"https:\/\/lamaktaba.fr\/index.php\/wp-json\/wp\/v2\/product_brand?post=36222"},{"taxonomy":"product_cat","embeddable":true,"href":"https:\/\/lamaktaba.fr\/index.php\/wp-json\/wp\/v2\/product_cat?post=36222"},{"taxonomy":"product_tag","embeddable":true,"href":"https:\/\/lamaktaba.fr\/index.php\/wp-json\/wp\/v2\/product_tag?post=36222"}],"curies":[{"name":"wp","href":"https:\/\/api.w.org\/{rel}","templated":true}]}}